{"id":947,"date":"2025-02-06T13:13:20","date_gmt":"2025-02-06T13:13:20","guid":{"rendered":"https:\/\/casinocrashgames.com\/strategies\/martingale\/"},"modified":"2025-06-12T20:38:25","modified_gmt":"2025-06-12T20:38:25","slug":"martingale","status":"publish","type":"page","link":"https:\/\/casinocrashgames.com\/fr\/strategies\/martingale\/","title":{"rendered":"Martingale"},"content":{"rendered":"<div class=\"wpb-content-wrapper\"><p>[vc_row full_width=\u00a0\u00bbstretch_row\u00a0\u00bb content_placement=\u00a0\u00bbmiddle\u00a0\u00bb css=\u00a0\u00bb.vc_custom_1744576997054{margin-bottom: 50px !important;padding-top: 10% !important;padding-bottom: 5% !important;background: #1D0D4E url(https:\/\/casinocrashgames.com\/wp-content\/uploads\/2025\/04\/Background-Img.webp?id=219) !important;}\u00a0\u00bb][vc_column width=\u00a0\u00bb1\/2&Prime;][vc_single_image image=\u00a0\u00bb751&Prime; img_size=\u00a0\u00bb400&Prime; alignment=\u00a0\u00bbcenter\u00a0\u00bb css=\u00a0\u00bb\u00a0\u00bb][\/vc_column][vc_column width=\u00a0\u00bb1\/2&Prime;][vc_column_text css=\u00a0\u00bb\u00a0\u00bb]<\/p>\n<h1><span style=\"color: #fcc500;\">Strat\u00e9gie Martingale<\/span><\/h1>\n<p><span style=\"color: #ffffff;\">La Strat\u00e9gie Martingale est un syst\u00e8me de paris classique qui consiste \u00e0 doubler votre mise apr\u00e8s chaque perte, visant \u00e0 r\u00e9cup\u00e9rer toutes les pertes pr\u00e9c\u00e9dentes et \u00e0 garantir un profit \u00e9gal \u00e0 votre mise initiale une fois que vous gagnez.<\/span>[\/vc_column_text][\/vc_column][\/vc_row][vc_row][vc_column][vc_column_text css=\u00a0\u00bb\u00a0\u00bb]<\/p>\n<h2><span style=\"font-weight: 400;\">Guide de la strat\u00e9gie Martingale pour Casino Crash Games<\/span><\/h2>\n<p><span style=\"font-weight: 400;\">La strat\u00e9gie Martingale est l&rsquo;un des syst\u00e8mes de paris les plus anciens et les plus connus, souvent utilis\u00e9 dans les jeux de casino comme la roulette &#8211; et elle est \u00e9galement populaire parmi les joueurs de jeux de crash. Voici un guide complet sur son fonctionnement, son utilisation dans les jeux de crash, et les points de vigilance. <\/span><\/p>\n<h2><span style=\"font-weight: 400;\">Fonctionnement de la strat\u00e9gie Martingale<\/span><\/h2>\n<ul>\n<li style=\"font-weight: 400;\" aria-level=\"1\"><span style=\"font-weight: 400;\">Commencez par une Mise de Base : Choisissez une mise de d\u00e9part modeste et g\u00e9rable (par exemple, 1\u20ac).<\/span><\/li>\n<li style=\"font-weight: 400;\" aria-level=\"1\"><span style=\"font-weight: 400;\">Doublez Apr\u00e8s Chaque Perte : \u00c0 chaque fois que vous perdez une manche, doublez votre mise pr\u00e9c\u00e9dente.<\/span><\/li>\n<li style=\"font-weight: 400;\" aria-level=\"1\"><span style=\"font-weight: 400;\">R\u00e9initialisez Apr\u00e8s un Gain : Lorsque vous gagnez, revenez \u00e0 votre mise de base initiale.<\/span><\/li>\n<li style=\"font-weight: 400;\" aria-level=\"1\"><span style=\"font-weight: 400;\">Objectif : Le premier gain apr\u00e8s une s\u00e9rie de pertes r\u00e9cup\u00e9rera toutes les pertes pr\u00e9c\u00e9dentes et fournira un profit \u00e9gal \u00e0 votre mise de base.<\/span><\/li>\n<\/ul>\n<h2><span style=\"font-weight: 400;\">Exemple de s\u00e9quence<\/span><\/h2>\n<table>\n<tbody>\n<tr>\n<td><b>Manche<\/b><\/td>\n<td><b>Mise (\u20ac)<\/b><\/td>\n<td><b>R\u00e9sultat<\/b><\/td>\n<td><b>Perte\/Gain total (\u20ac)<\/b><\/td>\n<\/tr>\n<tr>\n<td><span style=\"font-weight: 400;\">1<\/span><\/td>\n<td><span style=\"font-weight: 400;\">1<\/span><\/td>\n<td><span style=\"font-weight: 400;\">Perte<\/span><\/td>\n<td><span style=\"font-weight: 400;\">-1<\/span><\/td>\n<\/tr>\n<tr>\n<td><span style=\"font-weight: 400;\">2<\/span><\/td>\n<td><span style=\"font-weight: 400;\">2<\/span><\/td>\n<td><span style=\"font-weight: 400;\">Perte<\/span><\/td>\n<td><span style=\"font-weight: 400;\">-3<\/span><\/td>\n<\/tr>\n<tr>\n<td><span style=\"font-weight: 400;\">3<\/span><\/td>\n<td><span style=\"font-weight: 400;\">4<\/span><\/td>\n<td><span style=\"font-weight: 400;\">Perte<\/span><\/td>\n<td><span style=\"font-weight: 400;\">-7<\/span><\/td>\n<\/tr>\n<tr>\n<td><span style=\"font-weight: 400;\">4<\/span><\/td>\n<td><span style=\"font-weight: 400;\">8<\/span><\/td>\n<td><span style=\"font-weight: 400;\">Gain<\/span><\/td>\n<td><span style=\"font-weight: 400;\">+1<\/span><\/td>\n<\/tr>\n<tr>\n<td><span style=\"font-weight: 400;\">5<\/span><\/td>\n<td><span style=\"font-weight: 400;\">1<\/span><\/td>\n<td><span style=\"font-weight: 400;\">&#8230;<\/span><\/td>\n<td><span style=\"font-weight: 400;\">&#8230;<\/span><\/td>\n<\/tr>\n<\/tbody>\n<\/table>\n<p><span style=\"font-weight: 400;\">Apr\u00e8s trois pertes, vous avez perdu 7\u20ac. Un gain au quatri\u00e8me tour \u00e0 8\u20ac r\u00e9cup\u00e8re toutes les pertes et vous donne un profit de 1\u20ac. <\/span><\/p>\n<h2><span style=\"font-weight: 400;\">Comment appliquer la Martingale dans les jeux de crash<\/span><\/h2>\n<ol>\n<li style=\"font-weight: 400;\" aria-level=\"1\"><span style=\"font-weight: 400;\">Choisissez Votre Mise de D\u00e9part : Assurez-vous qu&rsquo;elle soit petite par rapport \u00e0 votre bankroll total, car les mises peuvent augmenter rapidement<\/span><span style=\"font-weight: 400;\">.<\/span><\/li>\n<li style=\"font-weight: 400;\" aria-level=\"1\"><span style=\"font-weight: 400;\">\u00c9tablissez un Multiplicateur Auto Cashout : De nombreux joueurs utilisent un multiplicateur bas et \u00ab s\u00fbr \u00bb comme 1,5x ou 2x pour maximiser la probabilit\u00e9 de gain<\/span><span style=\"font-weight: 400;\">.<\/span><\/li>\n<li style=\"font-weight: 400;\" aria-level=\"1\"><span style=\"font-weight: 400;\">Doublez Votre Mise Apr\u00e8s Chaque Perte : Si vous perdez, doublez votre prochaine mise. Si vous gagnez, revenez \u00e0 votre mise de d\u00e9part. <\/span><\/li>\n<li style=\"font-weight: 400;\" aria-level=\"1\"><span style=\"font-weight: 400;\">R\u00e9p\u00e9tez : Continuez ce sch\u00e9ma pour chaque manche.<\/span><\/li>\n<\/ol>\n<h2><span style=\"font-weight: 400;\">Avantages et inconv\u00e9nients de la strat\u00e9gie Martingale<\/span><\/h2>\n<table>\n<tbody>\n<tr>\n<td><b>Avantages<\/b><\/td>\n<td><b>Inconv\u00e9nients<\/b><\/td>\n<\/tr>\n<tr>\n<td><span style=\"font-weight: 400;\">Simple \u00e0 comprendre et \u00e0 mettre en \u0153uvre<\/span><\/td>\n<td><span style=\"font-weight: 400;\">N\u00e9cessite une importante bankroll pour survivre aux s\u00e9ries de pertes<\/span><\/td>\n<\/tr>\n<tr>\n<td><span style=\"font-weight: 400;\">Peut r\u00e9cup\u00e9rer toutes les pertes avec un seul gain<\/span><\/td>\n<td><span style=\"font-weight: 400;\">Les limites de table\/mise peuvent emp\u00eacher la r\u00e9cup\u00e9ration apr\u00e8s de nombreuses pertes<\/span><\/td>\n<\/tr>\n<tr>\n<td><span style=\"font-weight: 400;\">Fonctionne mieux avec des gains fr\u00e9quents et petits<\/span><\/td>\n<td><span style=\"font-weight: 400;\">Les longues s\u00e9ries de pertes peuvent conduire \u00e0 des pertes catastrophiques<\/span><\/td>\n<\/tr>\n<\/tbody>\n<\/table>\n<h2><span style=\"font-weight: 400;\">Conseils cl\u00e9s pour utiliser la Martingale dans les jeux de crash<\/span><\/h2>\n<ul>\n<li style=\"font-weight: 400;\" aria-level=\"1\"><span style=\"font-weight: 400;\">Gestion de la Bankroll : N&rsquo;utilisez qu&rsquo;une petite fraction de votre bankroll pour la mise de base. Le risque de rencontrer une longue s\u00e9rie de pertes est r\u00e9el. <\/span><\/li>\n<li style=\"font-weight: 400;\" aria-level=\"1\"><span style=\"font-weight: 400;\">Fixez des Limites : D\u00e9cidez \u00e0 l&rsquo;avance de la mise maximale ou du nombre de manches que vous jouerez pour \u00e9viter des pertes incontr\u00f4l\u00e9es.<\/span><\/li>\n<li style=\"font-weight: 400;\" aria-level=\"1\"><span style=\"font-weight: 400;\">Encaissement \u00e0 Faible Multiplicateur : L&rsquo;utilisation d&rsquo;un encaissement automatique bas (par exemple, 1,5x-2x) augmente votre probabilit\u00e9 de gain par manche, mais n&rsquo;\u00e9limine pas le risque.<\/span><\/li>\n<li style=\"font-weight: 400;\" aria-level=\"1\"><span style=\"font-weight: 400;\">Soyez R\u00e9aliste : La strat\u00e9gie Martingale ne modifie pas l&rsquo;avantage de la maison ni l&rsquo;al\u00e9atoire des jeux de crash. Elle peut fournir des gains \u00e0 court terme, mais sur le long terme, le risque de pertes importantes est significatif. <\/span><\/li>\n<\/ul>\n<h2><span style=\"font-weight: 400;\">R\u00e9sultats r\u00e9els &amp; avertissements<\/span><\/h2>\n<ul>\n<li style=\"font-weight: 400;\" aria-level=\"1\"><span style=\"font-weight: 400;\">Court Terme : Les joueurs observent souvent une s\u00e9rie de petits gains et peuvent r\u00e9cup\u00e9rer rapidement leurs pertes.<\/span><\/li>\n<li style=\"font-weight: 400;\" aria-level=\"1\"><span style=\"font-weight: 400;\">Long Terme : \u00c9ventuellement, une longue s\u00e9rie de pertes n\u00e9cessitera une mise tr\u00e8s importante, potentiellement d\u00e9passant votre bankroll ou la limite de mise maximale du jeu, conduisant \u00e0 des pertes significatives.<\/span><\/li>\n<li style=\"font-weight: 400;\" aria-level=\"1\"><span style=\"font-weight: 400;\">Pas un Profit Garanti : M\u00eame avec un jeu prudent, le syst\u00e8me Martingale ne peut pas surmonter l&rsquo;avantage de la maison ou l&rsquo;al\u00e9atoire inh\u00e9rent aux jeux de crash.<\/span><\/li>\n<\/ul>\n<h2><span style=\"font-weight: 400;\">Conclusion<\/span><\/h2>\n<p><span style=\"font-weight: 400;\">La strat\u00e9gie Martingale dans les jeux de crash est facile \u00e0 utiliser et peut \u00eatre excitante, mais elle comporte des risques substantiels. Elle est mieux adapt\u00e9e aux sessions courtes avec des limites strictes et une mise de base conservative. Il est imp\u00e9ratif de jouer de mani\u00e8re responsable et de ne jamais risquer plus que ce que l&rsquo;on peut se permettre de perdre.  <\/span>[\/vc_column_text][\/vc_column][\/vc_row]<\/p>\n<\/div>","protected":false},"excerpt":{"rendered":"<p>[vc_row full_width=\u00a0\u00bbstretch_row\u00a0\u00bb content_placement=\u00a0\u00bbmiddle\u00a0\u00bb css=\u00a0\u00bb.vc_custom_1744576997054{margin-bottom: 50px !important;padding-top: 10% !important;padding-bottom: 5% !important;background: #1D0D4E url(https:\/\/casinocrashgames.com\/wp-content\/uploads\/2025\/04\/Background-Img.webp?id=219) !important;}\u00a0\u00bb][vc_column width=\u00a0\u00bb1\/2&Prime;][vc_single_image image=\u00a0\u00bb751&Prime; img_size=\u00a0\u00bb400&Prime; alignment=\u00a0\u00bbcenter\u00a0\u00bb css=\u00a0\u00bb\u00a0\u00bb][\/vc_column][vc_column width=\u00a0\u00bb1\/2&Prime;][vc_column_text css=\u00a0\u00bb\u00a0\u00bb] [&hellip;]<\/p>\n","protected":false},"author":1,"featured_media":751,"parent":910,"menu_order":0,"comment_status":"closed","ping_status":"closed","template":"","meta":{"site-sidebar-layout":"no-sidebar","site-content-layout":"plain-container","ast-site-content-layout":"default","site-content-style":"default","site-sidebar-style":"default","ast-global-header-display":"","ast-banner-title-visibility":"","ast-main-header-display":"","ast-hfb-above-header-display":"","ast-hfb-below-header-display":"","ast-hfb-mobile-header-display":"","site-post-title":"disabled","ast-breadcrumbs-content":"","ast-featured-img":"disabled","footer-sml-layout":"","theme-transparent-header-meta":"default","adv-header-id-meta":"","stick-header-meta":"default","header-above-stick-meta":"","header-main-stick-meta":"","header-below-stick-meta":"","astra-migrate-meta-layouts":"default","ast-page-background-enabled":"default","ast-page-background-meta":{"desktop":{"background-color":"var(--ast-global-color-5)","background-image":"","background-repeat":"repeat","background-position":"center center","background-size":"auto","background-attachment":"scroll","background-type":"","background-media":"","overlay-type":"","overlay-color":"","overlay-opacity":"","overlay-gradient":""},"tablet":{"background-color":"","background-image":"","background-repeat":"repeat","background-position":"center center","background-size":"auto","background-attachment":"scroll","background-type":"","background-media":"","overlay-type":"","overlay-color":"","overlay-opacity":"","overlay-gradient":""},"mobile":{"background-color":"","background-image":"","background-repeat":"repeat","background-position":"center center","background-size":"auto","background-attachment":"scroll","background-type":"","background-media":"","overlay-type":"","overlay-color":"","overlay-opacity":"","overlay-gradient":""}},"ast-content-background-meta":{"desktop":{"background-color":"var(--ast-global-color-4)","background-image":"","background-repeat":"repeat","background-position":"center center","background-size":"auto","background-attachment":"scroll","background-type":"","background-media":"","overlay-type":"","overlay-color":"","overlay-opacity":"","overlay-gradient":""},"tablet":{"background-color":"var(--ast-global-color-4)","background-image":"","background-repeat":"repeat","background-position":"center center","background-size":"auto","background-attachment":"scroll","background-type":"","background-media":"","overlay-type":"","overlay-color":"","overlay-opacity":"","overlay-gradient":""},"mobile":{"background-color":"var(--ast-global-color-4)","background-image":"","background-repeat":"repeat","background-position":"center center","background-size":"auto","background-attachment":"scroll","background-type":"","background-media":"","overlay-type":"","overlay-color":"","overlay-opacity":"","overlay-gradient":""}},"footnotes":""},"class_list":["post-947","page","type-page","status-publish","has-post-thumbnail","hentry"],"yoast_head":"<!-- This site is optimized with the Yoast SEO plugin v25.2 - https:\/\/yoast.com\/wordpress\/plugins\/seo\/ -->\n<title>Martingale - Casino Crash Games<\/title>\n<meta name=\"robots\" content=\"index, follow, max-snippet:-1, max-image-preview:large, max-video-preview:-1\" \/>\n<link rel=\"canonical\" href=\"https:\/\/casinocrashgames.com\/fr\/strategies\/martingale\/\" \/>\n<meta property=\"og:locale\" content=\"fr_FR\" \/>\n<meta property=\"og:type\" content=\"article\" \/>\n<meta property=\"og:title\" content=\"Martingale - Casino Crash Games\" \/>\n<meta property=\"og:description\" content=\"[vc_row full_width=\u00a0\u00bbstretch_row\u00a0\u00bb content_placement=\u00a0\u00bbmiddle\u00a0\u00bb css=\u00a0\u00bb.vc_custom_1744576997054{margin-bottom: 50px !important;padding-top: 10% !important;padding-bottom: 5% !important;background: #1D0D4E url(https:\/\/casinocrashgames.com\/wp-content\/uploads\/2025\/04\/Background-Img.webp?id=219) !important;}\u00a0\u00bb][vc_column width=\u00a0\u00bb1\/2&Prime;][vc_single_image image=\u00a0\u00bb751&Prime; img_size=\u00a0\u00bb400&Prime; alignment=\u00a0\u00bbcenter\u00a0\u00bb css=\u00a0\u00bb\u00a0\u00bb][\/vc_column][vc_column width=\u00a0\u00bb1\/2&Prime;][vc_column_text css=\u00a0\u00bb\u00a0\u00bb] [&hellip;]\" \/>\n<meta property=\"og:url\" content=\"https:\/\/casinocrashgames.com\/fr\/strategies\/martingale\/\" \/>\n<meta property=\"og:site_name\" content=\"Casino Crash Games\" \/>\n<meta property=\"article:modified_time\" content=\"2025-06-12T20:38:25+00:00\" \/>\n<meta property=\"og:image\" content=\"https:\/\/casinocrashgames.com\/wp-content\/uploads\/2025\/05\/Martingale-Strategy.webp\" \/>\n\t<meta property=\"og:image:width\" content=\"400\" \/>\n\t<meta property=\"og:image:height\" content=\"400\" \/>\n\t<meta property=\"og:image:type\" content=\"image\/webp\" \/>\n<meta name=\"twitter:card\" content=\"summary_large_image\" \/>\n<meta name=\"twitter:label1\" content=\"Dur\u00e9e de lecture estim\u00e9e\" \/>\n\t<meta name=\"twitter:data1\" content=\"4 minutes\" \/>\n<script type=\"application\/ld+json\" class=\"yoast-schema-graph\">{\"@context\":\"https:\/\/schema.org\",\"@graph\":[{\"@type\":\"WebPage\",\"@id\":\"https:\/\/casinocrashgames.com\/fr\/strategies\/martingale\/\",\"url\":\"https:\/\/casinocrashgames.com\/fr\/strategies\/martingale\/\",\"name\":\"Martingale - Casino Crash Games\",\"isPartOf\":{\"@id\":\"https:\/\/casinocrashgames.com\/fr\/#website\"},\"primaryImageOfPage\":{\"@id\":\"https:\/\/casinocrashgames.com\/fr\/strategies\/martingale\/#primaryimage\"},\"image\":{\"@id\":\"https:\/\/casinocrashgames.com\/fr\/strategies\/martingale\/#primaryimage\"},\"thumbnailUrl\":\"https:\/\/casinocrashgames.com\/wp-content\/uploads\/2025\/05\/Martingale-Strategy.webp\",\"datePublished\":\"2025-02-06T13:13:20+00:00\",\"dateModified\":\"2025-06-12T20:38:25+00:00\",\"breadcrumb\":{\"@id\":\"https:\/\/casinocrashgames.com\/fr\/strategies\/martingale\/#breadcrumb\"},\"inLanguage\":\"fr-FR\",\"potentialAction\":[{\"@type\":\"ReadAction\",\"target\":[\"https:\/\/casinocrashgames.com\/fr\/strategies\/martingale\/\"]}]},{\"@type\":\"ImageObject\",\"inLanguage\":\"fr-FR\",\"@id\":\"https:\/\/casinocrashgames.com\/fr\/strategies\/martingale\/#primaryimage\",\"url\":\"https:\/\/casinocrashgames.com\/wp-content\/uploads\/2025\/05\/Martingale-Strategy.webp\",\"contentUrl\":\"https:\/\/casinocrashgames.com\/wp-content\/uploads\/2025\/05\/Martingale-Strategy.webp\",\"width\":400,\"height\":400,\"caption\":\"Martingale Strategy\"},{\"@type\":\"BreadcrumbList\",\"@id\":\"https:\/\/casinocrashgames.com\/fr\/strategies\/martingale\/#breadcrumb\",\"itemListElement\":[{\"@type\":\"ListItem\",\"position\":1,\"name\":\"Home\",\"item\":\"https:\/\/casinocrashgames.com\/fr\/casino-crash-games\/\"},{\"@type\":\"ListItem\",\"position\":2,\"name\":\"Strat\u00e9gies\",\"item\":\"https:\/\/casinocrashgames.com\/fr\/strategies\/\"},{\"@type\":\"ListItem\",\"position\":3,\"name\":\"Martingale\"}]},{\"@type\":\"WebSite\",\"@id\":\"https:\/\/casinocrashgames.com\/fr\/#website\",\"url\":\"https:\/\/casinocrashgames.com\/fr\/\",\"name\":\"Casino Crash Games\",\"description\":\"CASH BEFORE YOU CRASH\",\"publisher\":{\"@id\":\"https:\/\/casinocrashgames.com\/fr\/#organization\"},\"potentialAction\":[{\"@type\":\"SearchAction\",\"target\":{\"@type\":\"EntryPoint\",\"urlTemplate\":\"https:\/\/casinocrashgames.com\/fr\/?s={search_term_string}\"},\"query-input\":{\"@type\":\"PropertyValueSpecification\",\"valueRequired\":true,\"valueName\":\"search_term_string\"}}],\"inLanguage\":\"fr-FR\"},{\"@type\":\"Organization\",\"@id\":\"https:\/\/casinocrashgames.com\/fr\/#organization\",\"name\":\"Casino Crash Games\",\"url\":\"https:\/\/casinocrashgames.com\/fr\/\",\"logo\":{\"@type\":\"ImageObject\",\"inLanguage\":\"fr-FR\",\"@id\":\"https:\/\/casinocrashgames.com\/fr\/#\/schema\/logo\/image\/\",\"url\":\"https:\/\/casinocrashgames.com\/wp-content\/uploads\/2025\/03\/cropped-Casino-Crash-Games-Logo-.webp\",\"contentUrl\":\"https:\/\/casinocrashgames.com\/wp-content\/uploads\/2025\/03\/cropped-Casino-Crash-Games-Logo-.webp\",\"width\":1045,\"height\":606,\"caption\":\"Casino Crash Games\"},\"image\":{\"@id\":\"https:\/\/casinocrashgames.com\/fr\/#\/schema\/logo\/image\/\"}}]}<\/script>\n<!-- \/ Yoast SEO plugin. -->","yoast_head_json":{"title":"Martingale - Casino Crash Games","robots":{"index":"index","follow":"follow","max-snippet":"max-snippet:-1","max-image-preview":"max-image-preview:large","max-video-preview":"max-video-preview:-1"},"canonical":"https:\/\/casinocrashgames.com\/fr\/strategies\/martingale\/","og_locale":"fr_FR","og_type":"article","og_title":"Martingale - Casino Crash Games","og_description":"[vc_row full_width=\u00a0\u00bbstretch_row\u00a0\u00bb content_placement=\u00a0\u00bbmiddle\u00a0\u00bb css=\u00a0\u00bb.vc_custom_1744576997054{margin-bottom: 50px !important;padding-top: 10% !important;padding-bottom: 5% !important;background: #1D0D4E url(https:\/\/casinocrashgames.com\/wp-content\/uploads\/2025\/04\/Background-Img.webp?id=219) !important;}\u00a0\u00bb][vc_column width=\u00a0\u00bb1\/2&Prime;][vc_single_image image=\u00a0\u00bb751&Prime; img_size=\u00a0\u00bb400&Prime; alignment=\u00a0\u00bbcenter\u00a0\u00bb css=\u00a0\u00bb\u00a0\u00bb][\/vc_column][vc_column width=\u00a0\u00bb1\/2&Prime;][vc_column_text css=\u00a0\u00bb\u00a0\u00bb] [&hellip;]","og_url":"https:\/\/casinocrashgames.com\/fr\/strategies\/martingale\/","og_site_name":"Casino Crash Games","article_modified_time":"2025-06-12T20:38:25+00:00","og_image":[{"width":400,"height":400,"url":"https:\/\/casinocrashgames.com\/wp-content\/uploads\/2025\/05\/Martingale-Strategy.webp","type":"image\/webp"}],"twitter_card":"summary_large_image","twitter_misc":{"Dur\u00e9e de lecture estim\u00e9e":"4 minutes"},"schema":{"@context":"https:\/\/schema.org","@graph":[{"@type":"WebPage","@id":"https:\/\/casinocrashgames.com\/fr\/strategies\/martingale\/","url":"https:\/\/casinocrashgames.com\/fr\/strategies\/martingale\/","name":"Martingale - Casino Crash Games","isPartOf":{"@id":"https:\/\/casinocrashgames.com\/fr\/#website"},"primaryImageOfPage":{"@id":"https:\/\/casinocrashgames.com\/fr\/strategies\/martingale\/#primaryimage"},"image":{"@id":"https:\/\/casinocrashgames.com\/fr\/strategies\/martingale\/#primaryimage"},"thumbnailUrl":"https:\/\/casinocrashgames.com\/wp-content\/uploads\/2025\/05\/Martingale-Strategy.webp","datePublished":"2025-02-06T13:13:20+00:00","dateModified":"2025-06-12T20:38:25+00:00","breadcrumb":{"@id":"https:\/\/casinocrashgames.com\/fr\/strategies\/martingale\/#breadcrumb"},"inLanguage":"fr-FR","potentialAction":[{"@type":"ReadAction","target":["https:\/\/casinocrashgames.com\/fr\/strategies\/martingale\/"]}]},{"@type":"ImageObject","inLanguage":"fr-FR","@id":"https:\/\/casinocrashgames.com\/fr\/strategies\/martingale\/#primaryimage","url":"https:\/\/casinocrashgames.com\/wp-content\/uploads\/2025\/05\/Martingale-Strategy.webp","contentUrl":"https:\/\/casinocrashgames.com\/wp-content\/uploads\/2025\/05\/Martingale-Strategy.webp","width":400,"height":400,"caption":"Martingale Strategy"},{"@type":"BreadcrumbList","@id":"https:\/\/casinocrashgames.com\/fr\/strategies\/martingale\/#breadcrumb","itemListElement":[{"@type":"ListItem","position":1,"name":"Home","item":"https:\/\/casinocrashgames.com\/fr\/casino-crash-games\/"},{"@type":"ListItem","position":2,"name":"Strat\u00e9gies","item":"https:\/\/casinocrashgames.com\/fr\/strategies\/"},{"@type":"ListItem","position":3,"name":"Martingale"}]},{"@type":"WebSite","@id":"https:\/\/casinocrashgames.com\/fr\/#website","url":"https:\/\/casinocrashgames.com\/fr\/","name":"Casino Crash Games","description":"CASH BEFORE YOU CRASH","publisher":{"@id":"https:\/\/casinocrashgames.com\/fr\/#organization"},"potentialAction":[{"@type":"SearchAction","target":{"@type":"EntryPoint","urlTemplate":"https:\/\/casinocrashgames.com\/fr\/?s={search_term_string}"},"query-input":{"@type":"PropertyValueSpecification","valueRequired":true,"valueName":"search_term_string"}}],"inLanguage":"fr-FR"},{"@type":"Organization","@id":"https:\/\/casinocrashgames.com\/fr\/#organization","name":"Casino Crash Games","url":"https:\/\/casinocrashgames.com\/fr\/","logo":{"@type":"ImageObject","inLanguage":"fr-FR","@id":"https:\/\/casinocrashgames.com\/fr\/#\/schema\/logo\/image\/","url":"https:\/\/casinocrashgames.com\/wp-content\/uploads\/2025\/03\/cropped-Casino-Crash-Games-Logo-.webp","contentUrl":"https:\/\/casinocrashgames.com\/wp-content\/uploads\/2025\/03\/cropped-Casino-Crash-Games-Logo-.webp","width":1045,"height":606,"caption":"Casino Crash Games"},"image":{"@id":"https:\/\/casinocrashgames.com\/fr\/#\/schema\/logo\/image\/"}}]}},"_links":{"self":[{"href":"https:\/\/casinocrashgames.com\/fr\/wp-json\/wp\/v2\/pages\/947","targetHints":{"allow":["GET"]}}],"collection":[{"href":"https:\/\/casinocrashgames.com\/fr\/wp-json\/wp\/v2\/pages"}],"about":[{"href":"https:\/\/casinocrashgames.com\/fr\/wp-json\/wp\/v2\/types\/page"}],"author":[{"embeddable":true,"href":"https:\/\/casinocrashgames.com\/fr\/wp-json\/wp\/v2\/users\/1"}],"replies":[{"embeddable":true,"href":"https:\/\/casinocrashgames.com\/fr\/wp-json\/wp\/v2\/comments?post=947"}],"version-history":[{"count":2,"href":"https:\/\/casinocrashgames.com\/fr\/wp-json\/wp\/v2\/pages\/947\/revisions"}],"predecessor-version":[{"id":956,"href":"https:\/\/casinocrashgames.com\/fr\/wp-json\/wp\/v2\/pages\/947\/revisions\/956"}],"up":[{"embeddable":true,"href":"https:\/\/casinocrashgames.com\/fr\/wp-json\/wp\/v2\/pages\/910"}],"wp:featuredmedia":[{"embeddable":true,"href":"https:\/\/casinocrashgames.com\/fr\/wp-json\/wp\/v2\/media\/751"}],"wp:attachment":[{"href":"https:\/\/casinocrashgames.com\/fr\/wp-json\/wp\/v2\/media?parent=947"}],"curies":[{"name":"wp","href":"https:\/\/api.w.org\/{rel}","templated":true}]}}