{"id":944,"date":"2025-02-06T13:13:29","date_gmt":"2025-02-06T13:13:29","guid":{"rendered":"https:\/\/casinocrashgames.com\/strategies\/fibonacci\/"},"modified":"2025-06-12T20:38:25","modified_gmt":"2025-06-12T20:38:25","slug":"fibonacci","status":"publish","type":"page","link":"https:\/\/casinocrashgames.com\/fr\/strategies\/fibonacci\/","title":{"rendered":"Fibonacci"},"content":{"rendered":"<div class=\"wpb-content-wrapper\"><p>[vc_row full_width=\u00a0\u00bbstretch_row\u00a0\u00bb content_placement=\u00a0\u00bbmiddle\u00a0\u00bb css=\u00a0\u00bb.vc_custom_1744576997054{margin-bottom: 50px !important;padding-top: 10% !important;padding-bottom: 5% !important;background: #1D0D4E url(https:\/\/casinocrashgames.com\/wp-content\/uploads\/2025\/04\/Background-Img.webp?id=219) !important;}\u00a0\u00bb][vc_column width=\u00a0\u00bb1\/2&Prime;][vc_single_image image=\u00a0\u00bb746&Prime; img_size=\u00a0\u00bb400&Prime; alignment=\u00a0\u00bbcenter\u00a0\u00bb css=\u00a0\u00bb\u00a0\u00bb][\/vc_column][vc_column width=\u00a0\u00bb1\/2&Prime;][vc_column_text css=\u00a0\u00bb\u00a0\u00bb]<\/p>\n<h1><span style=\"color: #fcc500;\">Strat\u00e9gie Fibonacci<\/span><\/h1>\n<p><span style=\"color: #ffffff;\">La strat\u00e9gie de Fibonacci est un syst\u00e8me de paris populaire bas\u00e9 sur la c\u00e9l\u00e8bre suite math\u00e9matique, o\u00f9 chaque nombre est la somme des deux pr\u00e9c\u00e9dents. Dans les jeux de crash, cette strat\u00e9gie offre une approche structur\u00e9e et moins agressive pour g\u00e9rer les paris. <\/span>[\/vc_column_text][\/vc_column][\/vc_row][vc_row][vc_column][vc_column_text css=\u00a0\u00bb\u00a0\u00bb]<\/p>\n<h2>Guide de la strat\u00e9gie Fibonacci pour Casino Crash Games<\/h2>\n<p><span style=\"font-weight: 400;\">La strat\u00e9gie de Fibonacci est un syst\u00e8me de paris populaire pour les jeux de crash, offrant une mani\u00e8re structur\u00e9e de g\u00e9rer vos paris et de r\u00e9cup\u00e9rer les pertes au fil du temps. Elle est moins agressive que le syst\u00e8me Martingale et est appr\u00e9ci\u00e9e pour sa logique math\u00e9matique et son contr\u00f4le des risques. <\/span>[\/vc_column_text][vc_column_text css=\u00a0\u00bb\u00a0\u00bb]<\/p>\n<h2>Qu&rsquo;est-ce que la suite de Fibonacci ?<\/h2>\n<p>La suite de Fibonacci est une s\u00e9rie de nombres o\u00f9 chaque nombre est la somme des deux nombres pr\u00e9c\u00e9dents. Pour les paris, elle commence g\u00e9n\u00e9ralement ainsi : <\/p>\n<p>1, 1, 2, 3, 5, 8, 13, 21, 34, 55, 89, 144, \u2026[\/vc_column_text][vc_column_text css=\u00a0\u00bb\u00a0\u00bb]<\/p>\n<h2>Comment fonctionne la strat\u00e9gie de Fibonacci dans les jeux de crash<\/h2>\n<ul>\n<li aria-level=\"1\">D\u00e9finissez votre unit\u00e9 de base : D\u00e9cidez d&rsquo;une unit\u00e9 de pari de base (par exemple, 1 \u20ac). Tous les paris seront des multiples de cette unit\u00e9. <\/li>\n<li aria-level=\"1\">Commencez \u00e0 parier : D\u00e9butez avec le premier nombre de la s\u00e9quence (1 unit\u00e9).<\/li>\n<li aria-level=\"1\">Apr\u00e8s une perte : Avancez d&rsquo;une \u00e9tape dans la s\u00e9quence et pariez ce montant. Par exemple, apr\u00e8s avoir perdu votre premier pari de 1 \u20ac, pariez \u00e0 nouveau 1 \u20ac ; si vous perdez, pariez 2 \u20ac, puis 3 \u20ac, puis 5 \u20ac, et ainsi de suite. <\/li>\n<li aria-level=\"1\">Apr\u00e8s un gain : Reculez de deux \u00e9tapes dans la s\u00e9quence et pariez ce montant. Si vous gagnez \u00e0 5 \u20ac, votre prochain pari est de 2 \u20ac. Si vous \u00eates au d\u00e9but de la s\u00e9quence, restez au pari minimum.  <\/li>\n<li aria-level=\"1\">R\u00e9p\u00e9tez : Continuez ce processus pour chaque tour.<\/li>\n<\/ul>\n<p>[\/vc_column_text][vc_column_text css=\u00a0\u00bb\u00a0\u00bb]<\/p>\n<h3 id=\"how-to-use-the-fibonacci-strategy-in-aviator\" class=\"mb-2 mt-6 text-lg font-[500] first:mt-0 dark:font-[475] [hr+&amp;]:mt-4\">Comment utiliser la strat\u00e9gie de Fibonacci dans Aviator<\/h3>\n<ul class=\"marker:text-textOff list-disc\">\n<li>\n<p class=\"my-0\">Commencez par choisir votre montant de pari de base (par exemple, 1 \u20ac).<\/p>\n<\/li>\n<li>\n<p class=\"my-0\">Placez votre pari avant que l&rsquo;avion rouge ne d\u00e9colle et d\u00e9finissez votre multiplicateur d&rsquo;encaissement automatique (commun\u00e9ment 2x ou 3x pour la coh\u00e9rence).<\/p>\n<\/li>\n<li>\n<p class=\"my-0\"><strong>Si vous perdez un tour<\/strong>, passez au nombre suivant dans la suite de Fibonacci pour votre prochain pari (1, 1, 2, 3, 5, 8, &#8230;).<\/p>\n<\/li>\n<li>\n<p class=\"my-0\"><strong>Si vous gagnez<\/strong>, reculez de deux \u00e9tapes dans la s\u00e9quence pour votre prochain pari.<\/p>\n<\/li>\n<li>\n<p class=\"my-0\">Continuez ce processus pour chaque tour, en suivant toujours la s\u00e9quence apr\u00e8s une perte et en reculant apr\u00e8s un gain.<\/p>\n<\/li>\n<li>\n<p class=\"my-0\">Cette m\u00e9thode vous aide \u00e0 r\u00e9cup\u00e9rer progressivement les pertes et \u00e0 maintenir vos paris structur\u00e9s tout en jouant \u00e0 <a href=\"https:\/\/casinocrashgames.com\/fr\/aviator\/\">Aviator<\/a>.<\/p>\n<\/li>\n<\/ul>\n<p>[\/vc_column_text][vc_column_text css=\u00a0\u00bb\u00a0\u00bb]<\/p>\n<h3 id=\"how-to-use-the-fibonacci-strategy-in-jetx\" class=\"mb-2 mt-6 text-lg font-[500] first:mt-0 dark:font-[475] [hr+&amp;]:mt-4\">Comment utiliser la strat\u00e9gie de Fibonacci dans JetX<\/h3>\n<ul class=\"marker:text-textOff list-disc\">\n<li>\n<p class=\"my-0\">Choisissez votre pari initial (par exemple, 2 \u20ac) et d\u00e9finissez votre multiplicateur d&rsquo;encaissement pr\u00e9f\u00e9r\u00e9.<\/p>\n<\/li>\n<li>\n<p class=\"my-0\"><strong>Si vous perdez un tour<\/strong>, augmentez votre prochain pari au nombre suivant dans la suite de Fibonacci (2, 2, 4, 6, 10, &#8230;).<\/p>\n<\/li>\n<li>\n<p class=\"my-0\"><strong>Si vous gagnez<\/strong>, diminuez votre pari en reculant de deux \u00e9tapes dans la s\u00e9quence.<\/p>\n<\/li>\n<li>\n<p class=\"my-0\">Utilisez toujours le m\u00eame multiplicateur d&rsquo;encaissement pour un suivi et une coh\u00e9rence plus faciles.<\/p>\n<\/li>\n<li>\n<p class=\"my-0\">R\u00e9p\u00e9tez ce cycle pendant que vous jouez, en laissant la suite de Fibonacci guider le dimensionnement de vos paris dans les tours de crash de <a href=\"https:\/\/casinocrashgames.com\/fr\/jetx\/\">JetX<\/a>.<\/p>\n<\/li>\n<\/ul>\n<p>[\/vc_column_text][vc_column_text css=\u00a0\u00bb\u00a0\u00bb]<\/p>\n<h3 id=\"how-to-use-the-fibonacci-strategy-in-crash-x\" class=\"mb-2 mt-6 text-lg font-[500] first:mt-0 dark:font-[475] [hr+&amp;]:mt-4\">Comment utiliser la strat\u00e9gie de Fibonacci dans Crash X<\/h3>\n<ul class=\"marker:text-textOff list-disc\">\n<li>\n<p class=\"my-0\">Choisissez une unit\u00e9 de pari de base (comme 5 \u20ac).<\/p>\n<\/li>\n<li>\n<p class=\"my-0\">Placez votre premier pari et d\u00e9finissez votre point d&rsquo;encaissement automatique (comme 2x).<\/p>\n<\/li>\n<li>\n<p class=\"my-0\"><strong>Apr\u00e8s une perte<\/strong>, avancez dans la suite de Fibonacci pour votre prochain pari (5, 5, 10, 15, 25, &#8230;).<\/p>\n<\/li>\n<li>\n<p class=\"my-0\"><strong>Apr\u00e8s chaque gain<\/strong>, reculez de deux \u00e9tapes dans la s\u00e9quence pour votre prochain pari.<\/p>\n<\/li>\n<li>\n<p class=\"my-0\">R\u00e9p\u00e9tez ce mod\u00e8le pour chaque tour, en laissant la s\u00e9quence g\u00e9rer votre risque et vous aider \u00e0 r\u00e9cup\u00e9rer les pertes au fil du temps.<\/p>\n<\/li>\n<li>\n<p class=\"my-0\">La strat\u00e9gie de Fibonacci est une mani\u00e8re disciplin\u00e9e de g\u00e9rer votre bankroll tout en jouant \u00e0 <a href=\"https:\/\/casinocrashgames.com\/fr\/crash-x\/\">Crash X<\/a>, en particulier pendant les s\u00e9ries perdantes.<\/p>\n<\/li>\n<\/ul>\n<p>[\/vc_column_text][vc_column_text css=\u00a0\u00bb\u00a0\u00bb]<\/p>\n<h4><em>Points cl\u00e9s et conseils<\/em><\/h4>\n<ul>\n<li aria-level=\"1\">Auto Cashout : De nombreux joueurs d\u00e9finissent un multiplicateur d&rsquo;encaissement automatique fixe (par exemple, 2x) pour la coh\u00e9rence.<\/li>\n<li aria-level=\"1\">Gestion du bankroll : La strat\u00e9gie de Fibonacci est moins agressive que Martingale, mais de longues s\u00e9ries perdantes peuvent encore mener \u00e0 de gros paris. Fixez des limites pour \u00e9viter de courir apr\u00e8s les pertes. <\/li>\n<li aria-level=\"1\">Progression plus s\u00fbre : Comme les paris augmentent plus lentement que dans Martingale, vous \u00eates moins susceptible d&rsquo;atteindre rapidement les limites de table ou de bankroll.<\/li>\n<li aria-level=\"1\">Aucun impact sur House Edge : Comme tous les syst\u00e8mes de paris, la strat\u00e9gie de Fibonacci ne change pas les probabilit\u00e9s sous-jacentes ou l&rsquo;avantage de la maison dans les jeux de crash.<\/li>\n<\/ul>\n<p>[\/vc_column_text][vc_column_text css=\u00a0\u00bb\u00a0\u00bb]<\/p>\n<h2>Avantages et inconv\u00e9nients<\/h2>\n<p><strong>Avantages :<\/strong><\/p>\n<ul>\n<li aria-level=\"1\">Progression des paris plus lente que la <a href=\"https:\/\/casinocrashgames.com\/fr\/strategies\/martingale\/\">strat\u00e9gie Martingale<\/a><\/li>\n<li aria-level=\"1\">Gestion plus facile du bankroll<\/li>\n<li aria-level=\"1\">Peut r\u00e9cup\u00e9rer les pertes avec moins de gains.<\/li>\n<\/ul>\n<p><strong>Inconv\u00e9nients :<\/strong><\/p>\n<ul>\n<li aria-level=\"1\">Ne garantit pas de profit \u00e0 long terme<\/li>\n<li aria-level=\"1\">Les longues s\u00e9ries de pertes peuvent n\u00e9anmoins s&rsquo;av\u00e9rer co\u00fbteuses<\/li>\n<li aria-level=\"1\">N\u00e9cessite de la discipline pour suivre rigoureusement la s\u00e9quence<\/li>\n<\/ul>\n<p>[\/vc_column_text][vc_column_text css=\u00a0\u00bb\u00a0\u00bb]<\/p>\n<h2>Conclusion<\/h2>\n<p>La strat\u00e9gie de Fibonacci offre une approche structur\u00e9e et moins risqu\u00e9e pour parier dans les jeux de crash. Elle aide \u00e0 g\u00e9rer les pertes et \u00e0 maintenir la discipline, mais elle ne surmonte pas l&rsquo;avantage de la maison ni ne garantit un profit \u00e0 long terme. Utilisez-la comme un outil pour g\u00e9rer votre jeu, toujours dans le cadre de votre budget et de vos limites.[\/vc_column_text][\/vc_column][\/vc_row]<\/p>\n<\/div>","protected":false},"excerpt":{"rendered":"<p>[vc_row full_width=\u00a0\u00bbstretch_row\u00a0\u00bb content_placement=\u00a0\u00bbmiddle\u00a0\u00bb css=\u00a0\u00bb.vc_custom_1744576997054{margin-bottom: 50px !important;padding-top: 10% !important;padding-bottom: 5% !important;background: #1D0D4E url(https:\/\/casinocrashgames.com\/wp-content\/uploads\/2025\/04\/Background-Img.webp?id=219) !important;}\u00a0\u00bb][vc_column width=\u00a0\u00bb1\/2&Prime;][vc_single_image image=\u00a0\u00bb746&Prime; img_size=\u00a0\u00bb400&Prime; alignment=\u00a0\u00bbcenter\u00a0\u00bb css=\u00a0\u00bb\u00a0\u00bb][\/vc_column][vc_column width=\u00a0\u00bb1\/2&Prime;][vc_column_text css=\u00a0\u00bb\u00a0\u00bb] [&hellip;]<\/p>\n","protected":false},"author":1,"featured_media":746,"parent":910,"menu_order":0,"comment_status":"closed","ping_status":"closed","template":"","meta":{"site-sidebar-layout":"no-sidebar","site-content-layout":"plain-container","ast-site-content-layout":"default","site-content-style":"default","site-sidebar-style":"default","ast-global-header-display":"","ast-banner-title-visibility":"","ast-main-header-display":"","ast-hfb-above-header-display":"","ast-hfb-below-header-display":"","ast-hfb-mobile-header-display":"","site-post-title":"disabled","ast-breadcrumbs-content":"","ast-featured-img":"disabled","footer-sml-layout":"","theme-transparent-header-meta":"default","adv-header-id-meta":"","stick-header-meta":"default","header-above-stick-meta":"","header-main-stick-meta":"","header-below-stick-meta":"","astra-migrate-meta-layouts":"default","ast-page-background-enabled":"default","ast-page-background-meta":{"desktop":{"background-color":"var(--ast-global-color-5)","background-image":"","background-repeat":"repeat","background-position":"center center","background-size":"auto","background-attachment":"scroll","background-type":"","background-media":"","overlay-type":"","overlay-color":"","overlay-opacity":"","overlay-gradient":""},"tablet":{"background-color":"","background-image":"","background-repeat":"repeat","background-position":"center center","background-size":"auto","background-attachment":"scroll","background-type":"","background-media":"","overlay-type":"","overlay-color":"","overlay-opacity":"","overlay-gradient":""},"mobile":{"background-color":"","background-image":"","background-repeat":"repeat","background-position":"center center","background-size":"auto","background-attachment":"scroll","background-type":"","background-media":"","overlay-type":"","overlay-color":"","overlay-opacity":"","overlay-gradient":""}},"ast-content-background-meta":{"desktop":{"background-color":"var(--ast-global-color-4)","background-image":"","background-repeat":"repeat","background-position":"center center","background-size":"auto","background-attachment":"scroll","background-type":"","background-media":"","overlay-type":"","overlay-color":"","overlay-opacity":"","overlay-gradient":""},"tablet":{"background-color":"var(--ast-global-color-4)","background-image":"","background-repeat":"repeat","background-position":"center center","background-size":"auto","background-attachment":"scroll","background-type":"","background-media":"","overlay-type":"","overlay-color":"","overlay-opacity":"","overlay-gradient":""},"mobile":{"background-color":"var(--ast-global-color-4)","background-image":"","background-repeat":"repeat","background-position":"center center","background-size":"auto","background-attachment":"scroll","background-type":"","background-media":"","overlay-type":"","overlay-color":"","overlay-opacity":"","overlay-gradient":""}},"footnotes":""},"class_list":["post-944","page","type-page","status-publish","has-post-thumbnail","hentry"],"yoast_head":"<!-- This site is optimized with the Yoast SEO plugin v25.2 - https:\/\/yoast.com\/wordpress\/plugins\/seo\/ -->\n<title>Fibonacci - Casino Crash Games<\/title>\n<meta name=\"description\" content=\"D\u00e9couvrez la strat\u00e9gie de Fibonacci pour les jeux de crash. Apprenez \u00e0 utiliser ce syst\u00e8me de paris dans Aviator, JetX et Crash X. Pariez de mani\u00e8re plus avis\u00e9e !\" \/>\n<meta name=\"robots\" content=\"index, follow, max-snippet:-1, max-image-preview:large, max-video-preview:-1\" \/>\n<link rel=\"canonical\" href=\"https:\/\/casinocrashgames.com\/fr\/strategies\/fibonacci\/\" \/>\n<meta property=\"og:locale\" content=\"fr_FR\" \/>\n<meta property=\"og:type\" content=\"article\" \/>\n<meta property=\"og:title\" content=\"Fibonacci - Casino Crash Games\" \/>\n<meta property=\"og:description\" content=\"D\u00e9couvrez la strat\u00e9gie de Fibonacci pour les jeux de crash. Apprenez \u00e0 utiliser ce syst\u00e8me de paris dans Aviator, JetX et Crash X. Pariez de mani\u00e8re plus avis\u00e9e !\" \/>\n<meta property=\"og:url\" content=\"https:\/\/casinocrashgames.com\/fr\/strategies\/fibonacci\/\" \/>\n<meta property=\"og:site_name\" content=\"Casino Crash Games\" \/>\n<meta property=\"article:modified_time\" content=\"2025-06-12T20:38:25+00:00\" \/>\n<meta property=\"og:image\" content=\"https:\/\/casinocrashgames.com\/wp-content\/uploads\/2025\/05\/Fibonacci-Strategy.webp\" \/>\n\t<meta property=\"og:image:width\" content=\"400\" \/>\n\t<meta property=\"og:image:height\" content=\"400\" \/>\n\t<meta property=\"og:image:type\" content=\"image\/webp\" \/>\n<meta name=\"twitter:card\" content=\"summary_large_image\" \/>\n<meta name=\"twitter:label1\" content=\"Dur\u00e9e de lecture estim\u00e9e\" \/>\n\t<meta name=\"twitter:data1\" content=\"5 minutes\" \/>\n<script type=\"application\/ld+json\" class=\"yoast-schema-graph\">{\"@context\":\"https:\/\/schema.org\",\"@graph\":[{\"@type\":\"WebPage\",\"@id\":\"https:\/\/casinocrashgames.com\/fr\/strategies\/fibonacci\/\",\"url\":\"https:\/\/casinocrashgames.com\/fr\/strategies\/fibonacci\/\",\"name\":\"Fibonacci - Casino Crash Games\",\"isPartOf\":{\"@id\":\"https:\/\/casinocrashgames.com\/fr\/#website\"},\"primaryImageOfPage\":{\"@id\":\"https:\/\/casinocrashgames.com\/fr\/strategies\/fibonacci\/#primaryimage\"},\"image\":{\"@id\":\"https:\/\/casinocrashgames.com\/fr\/strategies\/fibonacci\/#primaryimage\"},\"thumbnailUrl\":\"https:\/\/casinocrashgames.com\/wp-content\/uploads\/2025\/05\/Fibonacci-Strategy.webp\",\"datePublished\":\"2025-02-06T13:13:29+00:00\",\"dateModified\":\"2025-06-12T20:38:25+00:00\",\"description\":\"D\u00e9couvrez la strat\u00e9gie de Fibonacci pour les jeux de crash. Apprenez \u00e0 utiliser ce syst\u00e8me de paris dans Aviator, JetX et Crash X. Pariez de mani\u00e8re plus avis\u00e9e !\",\"breadcrumb\":{\"@id\":\"https:\/\/casinocrashgames.com\/fr\/strategies\/fibonacci\/#breadcrumb\"},\"inLanguage\":\"fr-FR\",\"potentialAction\":[{\"@type\":\"ReadAction\",\"target\":[\"https:\/\/casinocrashgames.com\/fr\/strategies\/fibonacci\/\"]}]},{\"@type\":\"ImageObject\",\"inLanguage\":\"fr-FR\",\"@id\":\"https:\/\/casinocrashgames.com\/fr\/strategies\/fibonacci\/#primaryimage\",\"url\":\"https:\/\/casinocrashgames.com\/wp-content\/uploads\/2025\/05\/Fibonacci-Strategy.webp\",\"contentUrl\":\"https:\/\/casinocrashgames.com\/wp-content\/uploads\/2025\/05\/Fibonacci-Strategy.webp\",\"width\":400,\"height\":400,\"caption\":\"Fibonacci Strategy\"},{\"@type\":\"BreadcrumbList\",\"@id\":\"https:\/\/casinocrashgames.com\/fr\/strategies\/fibonacci\/#breadcrumb\",\"itemListElement\":[{\"@type\":\"ListItem\",\"position\":1,\"name\":\"Home\",\"item\":\"https:\/\/casinocrashgames.com\/fr\/casino-crash-games\/\"},{\"@type\":\"ListItem\",\"position\":2,\"name\":\"Strat\u00e9gies\",\"item\":\"https:\/\/casinocrashgames.com\/fr\/strategies\/\"},{\"@type\":\"ListItem\",\"position\":3,\"name\":\"Fibonacci\"}]},{\"@type\":\"WebSite\",\"@id\":\"https:\/\/casinocrashgames.com\/fr\/#website\",\"url\":\"https:\/\/casinocrashgames.com\/fr\/\",\"name\":\"Casino Crash Games\",\"description\":\"CASH BEFORE YOU CRASH\",\"publisher\":{\"@id\":\"https:\/\/casinocrashgames.com\/fr\/#organization\"},\"potentialAction\":[{\"@type\":\"SearchAction\",\"target\":{\"@type\":\"EntryPoint\",\"urlTemplate\":\"https:\/\/casinocrashgames.com\/fr\/?s={search_term_string}\"},\"query-input\":{\"@type\":\"PropertyValueSpecification\",\"valueRequired\":true,\"valueName\":\"search_term_string\"}}],\"inLanguage\":\"fr-FR\"},{\"@type\":\"Organization\",\"@id\":\"https:\/\/casinocrashgames.com\/fr\/#organization\",\"name\":\"Casino Crash Games\",\"url\":\"https:\/\/casinocrashgames.com\/fr\/\",\"logo\":{\"@type\":\"ImageObject\",\"inLanguage\":\"fr-FR\",\"@id\":\"https:\/\/casinocrashgames.com\/fr\/#\/schema\/logo\/image\/\",\"url\":\"https:\/\/casinocrashgames.com\/wp-content\/uploads\/2025\/03\/cropped-Casino-Crash-Games-Logo-.webp\",\"contentUrl\":\"https:\/\/casinocrashgames.com\/wp-content\/uploads\/2025\/03\/cropped-Casino-Crash-Games-Logo-.webp\",\"width\":1045,\"height\":606,\"caption\":\"Casino Crash Games\"},\"image\":{\"@id\":\"https:\/\/casinocrashgames.com\/fr\/#\/schema\/logo\/image\/\"}}]}<\/script>\n<!-- \/ Yoast SEO plugin. -->","yoast_head_json":{"title":"Fibonacci - Casino Crash Games","description":"D\u00e9couvrez la strat\u00e9gie de Fibonacci pour les jeux de crash. Apprenez \u00e0 utiliser ce syst\u00e8me de paris dans Aviator, JetX et Crash X. Pariez de mani\u00e8re plus avis\u00e9e !","robots":{"index":"index","follow":"follow","max-snippet":"max-snippet:-1","max-image-preview":"max-image-preview:large","max-video-preview":"max-video-preview:-1"},"canonical":"https:\/\/casinocrashgames.com\/fr\/strategies\/fibonacci\/","og_locale":"fr_FR","og_type":"article","og_title":"Fibonacci - Casino Crash Games","og_description":"D\u00e9couvrez la strat\u00e9gie de Fibonacci pour les jeux de crash. Apprenez \u00e0 utiliser ce syst\u00e8me de paris dans Aviator, JetX et Crash X. Pariez de mani\u00e8re plus avis\u00e9e !","og_url":"https:\/\/casinocrashgames.com\/fr\/strategies\/fibonacci\/","og_site_name":"Casino Crash Games","article_modified_time":"2025-06-12T20:38:25+00:00","og_image":[{"width":400,"height":400,"url":"https:\/\/casinocrashgames.com\/wp-content\/uploads\/2025\/05\/Fibonacci-Strategy.webp","type":"image\/webp"}],"twitter_card":"summary_large_image","twitter_misc":{"Dur\u00e9e de lecture estim\u00e9e":"5 minutes"},"schema":{"@context":"https:\/\/schema.org","@graph":[{"@type":"WebPage","@id":"https:\/\/casinocrashgames.com\/fr\/strategies\/fibonacci\/","url":"https:\/\/casinocrashgames.com\/fr\/strategies\/fibonacci\/","name":"Fibonacci - Casino Crash Games","isPartOf":{"@id":"https:\/\/casinocrashgames.com\/fr\/#website"},"primaryImageOfPage":{"@id":"https:\/\/casinocrashgames.com\/fr\/strategies\/fibonacci\/#primaryimage"},"image":{"@id":"https:\/\/casinocrashgames.com\/fr\/strategies\/fibonacci\/#primaryimage"},"thumbnailUrl":"https:\/\/casinocrashgames.com\/wp-content\/uploads\/2025\/05\/Fibonacci-Strategy.webp","datePublished":"2025-02-06T13:13:29+00:00","dateModified":"2025-06-12T20:38:25+00:00","description":"D\u00e9couvrez la strat\u00e9gie de Fibonacci pour les jeux de crash. Apprenez \u00e0 utiliser ce syst\u00e8me de paris dans Aviator, JetX et Crash X. Pariez de mani\u00e8re plus avis\u00e9e !","breadcrumb":{"@id":"https:\/\/casinocrashgames.com\/fr\/strategies\/fibonacci\/#breadcrumb"},"inLanguage":"fr-FR","potentialAction":[{"@type":"ReadAction","target":["https:\/\/casinocrashgames.com\/fr\/strategies\/fibonacci\/"]}]},{"@type":"ImageObject","inLanguage":"fr-FR","@id":"https:\/\/casinocrashgames.com\/fr\/strategies\/fibonacci\/#primaryimage","url":"https:\/\/casinocrashgames.com\/wp-content\/uploads\/2025\/05\/Fibonacci-Strategy.webp","contentUrl":"https:\/\/casinocrashgames.com\/wp-content\/uploads\/2025\/05\/Fibonacci-Strategy.webp","width":400,"height":400,"caption":"Fibonacci Strategy"},{"@type":"BreadcrumbList","@id":"https:\/\/casinocrashgames.com\/fr\/strategies\/fibonacci\/#breadcrumb","itemListElement":[{"@type":"ListItem","position":1,"name":"Home","item":"https:\/\/casinocrashgames.com\/fr\/casino-crash-games\/"},{"@type":"ListItem","position":2,"name":"Strat\u00e9gies","item":"https:\/\/casinocrashgames.com\/fr\/strategies\/"},{"@type":"ListItem","position":3,"name":"Fibonacci"}]},{"@type":"WebSite","@id":"https:\/\/casinocrashgames.com\/fr\/#website","url":"https:\/\/casinocrashgames.com\/fr\/","name":"Casino Crash Games","description":"CASH BEFORE YOU CRASH","publisher":{"@id":"https:\/\/casinocrashgames.com\/fr\/#organization"},"potentialAction":[{"@type":"SearchAction","target":{"@type":"EntryPoint","urlTemplate":"https:\/\/casinocrashgames.com\/fr\/?s={search_term_string}"},"query-input":{"@type":"PropertyValueSpecification","valueRequired":true,"valueName":"search_term_string"}}],"inLanguage":"fr-FR"},{"@type":"Organization","@id":"https:\/\/casinocrashgames.com\/fr\/#organization","name":"Casino Crash Games","url":"https:\/\/casinocrashgames.com\/fr\/","logo":{"@type":"ImageObject","inLanguage":"fr-FR","@id":"https:\/\/casinocrashgames.com\/fr\/#\/schema\/logo\/image\/","url":"https:\/\/casinocrashgames.com\/wp-content\/uploads\/2025\/03\/cropped-Casino-Crash-Games-Logo-.webp","contentUrl":"https:\/\/casinocrashgames.com\/wp-content\/uploads\/2025\/03\/cropped-Casino-Crash-Games-Logo-.webp","width":1045,"height":606,"caption":"Casino Crash Games"},"image":{"@id":"https:\/\/casinocrashgames.com\/fr\/#\/schema\/logo\/image\/"}}]}},"_links":{"self":[{"href":"https:\/\/casinocrashgames.com\/fr\/wp-json\/wp\/v2\/pages\/944","targetHints":{"allow":["GET"]}}],"collection":[{"href":"https:\/\/casinocrashgames.com\/fr\/wp-json\/wp\/v2\/pages"}],"about":[{"href":"https:\/\/casinocrashgames.com\/fr\/wp-json\/wp\/v2\/types\/page"}],"author":[{"embeddable":true,"href":"https:\/\/casinocrashgames.com\/fr\/wp-json\/wp\/v2\/users\/1"}],"replies":[{"embeddable":true,"href":"https:\/\/casinocrashgames.com\/fr\/wp-json\/wp\/v2\/comments?post=944"}],"version-history":[{"count":7,"href":"https:\/\/casinocrashgames.com\/fr\/wp-json\/wp\/v2\/pages\/944\/revisions"}],"predecessor-version":[{"id":955,"href":"https:\/\/casinocrashgames.com\/fr\/wp-json\/wp\/v2\/pages\/944\/revisions\/955"}],"up":[{"embeddable":true,"href":"https:\/\/casinocrashgames.com\/fr\/wp-json\/wp\/v2\/pages\/910"}],"wp:featuredmedia":[{"embeddable":true,"href":"https:\/\/casinocrashgames.com\/fr\/wp-json\/wp\/v2\/media\/746"}],"wp:attachment":[{"href":"https:\/\/casinocrashgames.com\/fr\/wp-json\/wp\/v2\/media?parent=944"}],"curies":[{"name":"wp","href":"https:\/\/api.w.org\/{rel}","templated":true}]}}