{"id":918,"date":"2025-02-06T13:11:59","date_gmt":"2025-02-06T13:11:59","guid":{"rendered":"https:\/\/casinocrashgames.com\/jeu-gratuit\/"},"modified":"2025-06-23T19:14:27","modified_gmt":"2025-06-23T19:14:27","slug":"jeu-gratuit","status":"publish","type":"page","link":"https:\/\/casinocrashgames.com\/fr\/jeu-gratuit\/","title":{"rendered":"Jeu gratuit"},"content":{"rendered":"<div class=\"wpb-content-wrapper\"><p>[vc_row full_width=\u00a0\u00bbstretch_row\u00a0\u00bb content_placement=\u00a0\u00bbmiddle\u00a0\u00bb css=\u00a0\u00bb.vc_custom_1744576913502{margin-bottom: 50px !important;padding-top: 10% !important;padding-bottom: 5% !important;background: #1D0D4E url(https:\/\/casinocrashgames.com\/wp-content\/uploads\/2025\/04\/Background-Img.webp?id=219) !important;}\u00a0\u00bb][vc_column width=\u00a0\u00bb1\/2&Prime;][vc_single_image image=\u00a0\u00bb581&Prime; img_size=\u00a0\u00bb400&Prime; alignment=\u00a0\u00bbcenter\u00a0\u00bb css=\u00a0\u00bb\u00a0\u00bb][\/vc_column][vc_column width=\u00a0\u00bb1\/2&Prime;][vc_column_text css=\u00a0\u00bb\u00a0\u00bb]<\/p>\n<h1><span style=\"color: #fcc500;\">Jouez aux jeux Crash gratuitement<\/span><\/h1>\n<p><span style=\"color: #ffffff;\">Vous souhaitez ma\u00eetriser les jeux crash sans risquer votre argent ? Vous \u00eates au bon endroit ! Le jeu gratuit, \u00e9galement connu sous le nom de mode d\u00e9mo, vous permet de vivre toute l&rsquo;excitation des jeux crash en utilisant des cr\u00e9dits virtuels. C&rsquo;est la mani\u00e8re id\u00e9ale d&rsquo;apprendre les ficelles, de tester des strat\u00e9gies et de d\u00e9couvrir quels jeux vous plaisent avant de parier de l&rsquo;argent r\u00e9el.   <\/span>[\/vc_column_text][\/vc_column][\/vc_row][vc_section][vc_row][vc_column][vc_column_text css=\u00a0\u00bb\u00a0\u00bb]<\/p>\n<h2 data-sourcepos=\"9:1-9:43\"><strong>Pourquoi jouer aux jeux crash en mode gratuit ?<\/strong><\/h2>\n<h3 data-sourcepos=\"11:3-11:313\">Apprenez les bases sans risque<\/h3>\n<p data-sourcepos=\"11:3-11:313\">Si vous d\u00e9butez dans les jeux crash, le jeu gratuit est le point de d\u00e9part id\u00e9al. Vous pouvez vous familiariser avec les m\u00e9canismes fondamentaux \u2013 comment fonctionne le multiplicateur, comment placer des paris et comment encaisser \u2013 sans aucune pression financi\u00e8re. Faites des erreurs et tirez-en des le\u00e7ons sans perdre un centime.  <\/p>\n<h3 data-sourcepos=\"13:3-13:266\">Ma\u00eetrisez l&rsquo;interface du jeu<\/h3>\n<p data-sourcepos=\"13:3-13:266\">Chaque jeu crash peut avoir une disposition et une configuration de boutons l\u00e9g\u00e8rement diff\u00e9rentes. Le jeu gratuit vous permet de naviguer dans l&rsquo;interface, de comprendre o\u00f9 se trouve chaque \u00e9l\u00e9ment et de vous familiariser avec les commandes avant de commencer \u00e0 jouer r\u00e9ellement. <\/p>\n<h3 data-sourcepos=\"15:3-15:268\">Testez diff\u00e9rentes strat\u00e9gies<\/h3>\n<p data-sourcepos=\"15:3-15:268\">Vous avez une <a href=\"https:\/\/casinocrashgames.com\/fr\/strategies\/\">strat\u00e9gie<\/a> en t\u00eate ? Le jeu gratuit est votre terrain d&rsquo;essai. Exp\u00e9rimentez diff\u00e9rents mod\u00e8les de paris, explorez l&rsquo;efficacit\u00e9 de l&rsquo;encaissement automatique \u00e0 divers multiplicateurs et d\u00e9couvrez ce qui fonctionne le mieux pour vous sans aucun risque pour votre bankroll.  <\/p>\n<h3 data-sourcepos=\"17:3-17:237\">Explorez les fonctionnalit\u00e9s du jeu<\/h3>\n<p data-sourcepos=\"17:3-17:237\">Comme vous l&rsquo;avez appris sur la page des \u00ab <a href=\"https:\/\/casinocrashgames.com\/fr\/fonctionnalites\/\">Fonctionnalit\u00e9s<\/a> \u00bb, les jeux crash peuvent avoir des \u00e9l\u00e9ments uniques. Le jeu gratuit vous permet d&rsquo;essayer ces fonctionnalit\u00e9s \u2013 comme le chat de Aviator ou le \u00ab Hold \u00bb de Spaceman \u2013 et de comprendre comment elles influencent le gameplay.<\/p>\n<h3 data-sourcepos=\"19:3-19:233\">D\u00e9couvrez vos jeux pr\u00e9f\u00e9r\u00e9s<\/h3>\n<p data-sourcepos=\"19:3-19:233\">Il existe une vari\u00e9t\u00e9 de jeux crash, chacun avec son propre th\u00e8me et son ambiance. Le jeu gratuit vous permet d&rsquo;essayer diff\u00e9rents titres et de trouver ceux que vous appr\u00e9ciez le plus avant d&rsquo;engager votre argent r\u00e9el. <\/p>\n<h3 data-sourcepos=\"21:3-21:199\">Aucun engagement financier<\/h3>\n<p data-sourcepos=\"21:3-21:199\">Le plus grand avantage du jeu gratuit est qu&rsquo;il est totalement gratuit ! Vous pouvez jouer aussi longtemps que vous le souhaitez sans vous soucier de perdre de l&rsquo;argent. C&rsquo;est un divertissement pur et sans risque.  <\/p>\n<p>[\/vc_column_text][\/vc_column][\/vc_row][vc_row][vc_column][vc_column_text css=\u00a0\u00bb\u00a0\u00bb]<\/p>\n<h2 data-sourcepos=\"23:1-23:32\">\u00c0 quoi s&rsquo;attendre en mode jeu gratuit :<\/h2>\n<h3>Cr\u00e9dits virtuels<\/h3>\n<p>Vous recevrez un solde de cr\u00e9dits virtuels pour jouer. Ce solde n&rsquo;est pas de l&rsquo;argent r\u00e9el et ne peut pas \u00eatre retir\u00e9. <\/p>\n<h3>Fonctionnalit\u00e9 compl\u00e8te du jeu<\/h3>\n<p>Dans la plupart des cas, la version gratuite d&rsquo;un jeu crash aura les m\u00eames fonctionnalit\u00e9s et le m\u00eame gameplay que la version avec de l&rsquo;argent r\u00e9el.<\/p>\n<h3>Pas de gains r\u00e9els<\/h3>\n<p>Tous les \u00ab gains \u00bb que vous accumulez en jeu gratuit sont \u00e9galement virtuels et ne peuvent pas \u00eatre encaiss\u00e9s.[\/vc_column_text][\/vc_column][\/vc_row][vc_row][vc_column][vc_column_text css=\u00a0\u00bb\u00a0\u00bb]<\/p>\n<h2 data-sourcepos=\"29:1-29:27\"><strong>Pr\u00eat \u00e0 jouer gratuitement ?<\/strong><\/h2>\n<p data-sourcepos=\"26:1-26:43\">Maintenant que vous comprenez les avantages du jeu gratuit, pourquoi ne pas l&rsquo;essayer ? Explorez les liens ci-dessous pour commencer \u00e0 jouer aux versions de d\u00e9monstration des meilleurs jeux crash et mettez vos nouvelles connaissances \u00e0 l&rsquo;\u00e9preuve. <\/p>\n<p>[\/vc_column_text][\/vc_column][\/vc_row][\/vc_section][vc_row][vc_column][vc_row_inner gap=\u00a0\u00bb35&Prime;][vc_column_inner width=\u00a0\u00bb1\/3&Prime; css=\u00a0\u00bb.vc_custom_1746357805947{padding-top: 20px !important;padding-right: 20px !important;padding-bottom: 20px !important;padding-left: 20px !important;background-color: #FF6903 !important;border-radius: 5px !important;}\u00a0\u00bb][vc_single_image image=\u00a0\u00bb646&Prime; img_size=\u00a0\u00bblarge\u00a0\u00bb alignment=\u00a0\u00bbcenter\u00a0\u00bb style=\u00a0\u00bbvc_box_rounded\u00a0\u00bb css=\u00a0\u00bb\u00a0\u00bb][vc_column_text css=\u00a0\u00bb.vc_custom_1745784057488{padding-top: 15px !important;padding-right: 15px !important;padding-bottom: 15px !important;padding-left: 15px !important;}\u00a0\u00bb]<\/p>\n<h4 style=\"text-align: center;\"><strong>Aviator<\/strong><\/h4>\n<p style=\"text-align: center;\"><span style=\"color: #ffffff;\">Vivez le frisson de Aviator ! Regardez l&rsquo;avion s&rsquo;\u00e9lever et encaissez avant qu&rsquo;il ne s&rsquo;envole. D\u00e9couvrez des d\u00e9tails approfondis, des strat\u00e9gies et des conseils  <\/span><\/p>\n<p>[\/vc_column_text][vc_btn title=\u00a0\u00bbQu&apos;est-ce que Aviator ?\u00a0\u00bb color=\u00a0\u00bbwhite\u00a0\u00bb align=\u00a0\u00bbcenter\u00a0\u00bb css=\u00a0\u00bb\u00a0\u00bb link=\u00a0\u00bburl:https%3A%2F%2Fcasinocrashgames.com%2Ffr%2Faviator%2F|title:Aviator|\u00a0\u00bb][vc_btn title=\u00a0\u00bbJouez gratuitement\u00a0\u00bb style=\u00a0\u00bboutline\u00a0\u00bb color=\u00a0\u00bbwhite\u00a0\u00bb align=\u00a0\u00bbcenter\u00a0\u00bb css=\u00a0\u00bb\u00a0\u00bb link=\u00a0\u00bburl:https%3A%2F%2Fcasinocrashgames.com%2Ffr%2Faviator%2Fjeu-gratuit-aviator%2F|title:a|\u00a0\u00bb][\/vc_column_inner][vc_column_inner width=\u00a0\u00bb1\/3&Prime; css=\u00a0\u00bb.vc_custom_1746357811722{padding-top: 20px !important;padding-right: 20px !important;padding-bottom: 20px !important;padding-left: 20px !important;background-color: #FF6903 !important;border-radius: 5px !important;}\u00a0\u00bb][vc_single_image image=\u00a0\u00bb656&Prime; img_size=\u00a0\u00bblarge\u00a0\u00bb alignment=\u00a0\u00bbcenter\u00a0\u00bb style=\u00a0\u00bbvc_box_rounded\u00a0\u00bb css=\u00a0\u00bb\u00a0\u00bb][vc_column_text css=\u00a0\u00bb.vc_custom_1745784155672{padding-top: 15px !important;padding-right: 15px !important;padding-bottom: 15px !important;padding-left: 15px !important;}\u00a0\u00bb]<\/p>\n<h4 style=\"text-align: center;\">JetX<\/h4>\n<p style=\"text-align: center;\"><span style=\"color: #ffffff;\">D\u00e9collez avec JetX ! Ce jeu de crash passionnant offre des fonctionnalit\u00e9s uniques et une action \u00e0 haut risque. Apprenez \u00e0 naviguer et \u00e0 maximiser vos gains  <\/span><\/p>\n<p>[\/vc_column_text][vc_btn title=\u00a0\u00bbQu&apos;est-ce que JetX ?\u00a0\u00bb color=\u00a0\u00bbwhite\u00a0\u00bb align=\u00a0\u00bbcenter\u00a0\u00bb css=\u00a0\u00bb\u00a0\u00bb link=\u00a0\u00bburl:https%3A%2F%2Fcasinocrashgames.com%2Ffr%2Fjetx%2F|title:JetX|\u00a0\u00bb][vc_btn title=\u00a0\u00bbJouez gratuitement\u00a0\u00bb style=\u00a0\u00bboutline\u00a0\u00bb color=\u00a0\u00bbwhite\u00a0\u00bb align=\u00a0\u00bbcenter\u00a0\u00bb css=\u00a0\u00bb\u00a0\u00bb link=\u00a0\u00bburl:https%3A%2F%2Fcasinocrashgames.com%2Ffr%2Fjetx%2Fjeu-gratuit-jetx%2F|title:Jeu%20gratuit%20JetX|\u00a0\u00bb][\/vc_column_inner][vc_column_inner width=\u00a0\u00bb1\/3&Prime; css=\u00a0\u00bb.vc_custom_1746357817431{padding-top: 20px !important;padding-right: 20px !important;padding-bottom: 20px !important;padding-left: 20px !important;background-color: #FF6903 !important;border-radius: 5px !important;}\u00a0\u00bb][vc_single_image image=\u00a0\u00bb651&Prime; img_size=\u00a0\u00bblarge\u00a0\u00bb alignment=\u00a0\u00bbcenter\u00a0\u00bb style=\u00a0\u00bbvc_box_rounded\u00a0\u00bb css=\u00a0\u00bb\u00a0\u00bb][vc_column_text css=\u00a0\u00bb.vc_custom_1742156234695{padding-top: 15px !important;padding-right: 15px !important;padding-bottom: 15px !important;padding-left: 15px !important;}\u00a0\u00bb]<\/p>\n<h4 style=\"text-align: center;\">Crash X<\/h4>\n<p style=\"text-align: center;\"><span style=\"color: #ffffff;\">Plongez dans l&rsquo;action rapide de Crash X. Avec son gameplay unique, Crash X offre une exp\u00e9rience de jeu de crash diff\u00e9rente. Apprenez \u00e0 jouer et \u00e0 gagner gros. <\/span><\/p>\n<p>[\/vc_column_text][vc_btn title=\u00a0\u00bbQu&apos;est-ce que Crash X ?\u00a0\u00bb color=\u00a0\u00bbwhite\u00a0\u00bb align=\u00a0\u00bbcenter\u00a0\u00bb css=\u00a0\u00bb\u00a0\u00bb link=\u00a0\u00bburl:https%3A%2F%2Fcasinocrashgames.com%2Ffr%2Fcrash-x%2F|title:Crash%20X|\u00a0\u00bb][vc_btn title=\u00a0\u00bbJouez gratuitement\u00a0\u00bb style=\u00a0\u00bboutline\u00a0\u00bb color=\u00a0\u00bbwhite\u00a0\u00bb align=\u00a0\u00bbcenter\u00a0\u00bb css=\u00a0\u00bb\u00a0\u00bb link=\u00a0\u00bburl:https%3A%2F%2Fcasinocrashgames.com%2Ffr%2Fcrash-x%2Fjeu-gratuit-crash-x%2F|title:Jeu%20gratuit%20Crash%20X|\u00a0\u00bb][\/vc_column_inner][\/vc_row_inner][\/vc_column][\/vc_row]<\/p>\n<\/div>","protected":false},"excerpt":{"rendered":"<p>[vc_row full_width=\u00a0\u00bbstretch_row\u00a0\u00bb content_placement=\u00a0\u00bbmiddle\u00a0\u00bb css=\u00a0\u00bb.vc_custom_1744576913502{margin-bottom: 50px !important;padding-top: 10% !important;padding-bottom: 5% !important;background: #1D0D4E url(https:\/\/casinocrashgames.com\/wp-content\/uploads\/2025\/04\/Background-Img.webp?id=219) !important;}\u00a0\u00bb][vc_column width=\u00a0\u00bb1\/2&Prime;][vc_single_image image=\u00a0\u00bb581&Prime; img_size=\u00a0\u00bb400&Prime; alignment=\u00a0\u00bbcenter\u00a0\u00bb css=\u00a0\u00bb\u00a0\u00bb][\/vc_column][vc_column width=\u00a0\u00bb1\/2&Prime;][vc_column_text css=\u00a0\u00bb\u00a0\u00bb] [&hellip;]<\/p>\n","protected":false},"author":1,"featured_media":581,"parent":0,"menu_order":0,"comment_status":"closed","ping_status":"closed","template":"","meta":{"site-sidebar-layout":"default","site-content-layout":"plain-container","ast-site-content-layout":"default","site-content-style":"default","site-sidebar-style":"default","ast-global-header-display":"","ast-banner-title-visibility":"","ast-main-header-display":"","ast-hfb-above-header-display":"","ast-hfb-below-header-display":"","ast-hfb-mobile-header-display":"","site-post-title":"disabled","ast-breadcrumbs-content":"","ast-featured-img":"disabled","footer-sml-layout":"","theme-transparent-header-meta":"default","adv-header-id-meta":"","stick-header-meta":"default","header-above-stick-meta":"","header-main-stick-meta":"","header-below-stick-meta":"","astra-migrate-meta-layouts":"default","ast-page-background-enabled":"default","ast-page-background-meta":{"desktop":{"background-color":"var(--ast-global-color-5)","background-image":"","background-repeat":"repeat","background-position":"center center","background-size":"auto","background-attachment":"scroll","background-type":"","background-media":"","overlay-type":"","overlay-color":"","overlay-opacity":"","overlay-gradient":""},"tablet":{"background-color":"","background-image":"","background-repeat":"repeat","background-position":"center center","background-size":"auto","background-attachment":"scroll","background-type":"","background-media":"","overlay-type":"","overlay-color":"","overlay-opacity":"","overlay-gradient":""},"mobile":{"background-color":"","background-image":"","background-repeat":"repeat","background-position":"center center","background-size":"auto","background-attachment":"scroll","background-type":"","background-media":"","overlay-type":"","overlay-color":"","overlay-opacity":"","overlay-gradient":""}},"ast-content-background-meta":{"desktop":{"background-color":"var(--ast-global-color-4)","background-image":"","background-repeat":"repeat","background-position":"center center","background-size":"auto","background-attachment":"scroll","background-type":"","background-media":"","overlay-type":"","overlay-color":"","overlay-opacity":"","overlay-gradient":""},"tablet":{"background-color":"var(--ast-global-color-4)","background-image":"","background-repeat":"repeat","background-position":"center center","background-size":"auto","background-attachment":"scroll","background-type":"","background-media":"","overlay-type":"","overlay-color":"","overlay-opacity":"","overlay-gradient":""},"mobile":{"background-color":"var(--ast-global-color-4)","background-image":"","background-repeat":"repeat","background-position":"center center","background-size":"auto","background-attachment":"scroll","background-type":"","background-media":"","overlay-type":"","overlay-color":"","overlay-opacity":"","overlay-gradient":""}},"footnotes":""},"class_list":["post-918","page","type-page","status-publish","has-post-thumbnail","hentry"],"yoast_head":"<!-- This site is optimized with the Yoast SEO plugin v25.2 - https:\/\/yoast.com\/wordpress\/plugins\/seo\/ -->\n<title>Jeux crash gratuits | d\u00e9mo Aviator, JetX &amp; CrashX<\/title>\n<meta name=\"description\" content=\"Profitez des versions gratuites des meilleurs jeux crash tels que Aviator, JetX &amp; CrashX. Utilisez nos d\u00e9mos gratuites sur Casino Crash Games pour pratiquer vos strat\u00e9gies sans risque.\" \/>\n<meta name=\"robots\" content=\"index, follow, max-snippet:-1, max-image-preview:large, max-video-preview:-1\" \/>\n<link rel=\"canonical\" href=\"https:\/\/casinocrashgames.com\/fr\/jeu-gratuit\/\" \/>\n<meta property=\"og:locale\" content=\"fr_FR\" \/>\n<meta property=\"og:type\" content=\"article\" \/>\n<meta property=\"og:title\" content=\"Jeux crash gratuits | d\u00e9mo Aviator, JetX &amp; CrashX\" \/>\n<meta property=\"og:description\" content=\"Profitez des versions gratuites des meilleurs jeux crash tels que Aviator, JetX &amp; CrashX. Utilisez nos d\u00e9mos gratuites sur Casino Crash Games pour pratiquer vos strat\u00e9gies sans risque.\" \/>\n<meta property=\"og:url\" content=\"https:\/\/casinocrashgames.com\/fr\/jeu-gratuit\/\" \/>\n<meta property=\"og:site_name\" content=\"Casino Crash Games\" \/>\n<meta property=\"article:modified_time\" content=\"2025-06-23T19:14:27+00:00\" \/>\n<meta property=\"og:image\" content=\"https:\/\/casinocrashgames.com\/wp-content\/uploads\/2025\/04\/Casino-Crash-Games-Free-Play.webp\" \/>\n\t<meta property=\"og:image:width\" content=\"400\" \/>\n\t<meta property=\"og:image:height\" content=\"400\" \/>\n\t<meta property=\"og:image:type\" content=\"image\/webp\" \/>\n<meta name=\"twitter:card\" content=\"summary_large_image\" \/>\n<meta name=\"twitter:label1\" content=\"Dur\u00e9e de lecture estim\u00e9e\" \/>\n\t<meta name=\"twitter:data1\" content=\"5 minutes\" \/>\n<script type=\"application\/ld+json\" class=\"yoast-schema-graph\">{\"@context\":\"https:\/\/schema.org\",\"@graph\":[{\"@type\":\"WebPage\",\"@id\":\"https:\/\/casinocrashgames.com\/fr\/jeu-gratuit\/\",\"url\":\"https:\/\/casinocrashgames.com\/fr\/jeu-gratuit\/\",\"name\":\"Jeux crash gratuits | d\u00e9mo Aviator, JetX & CrashX\",\"isPartOf\":{\"@id\":\"https:\/\/casinocrashgames.com\/fr\/#website\"},\"primaryImageOfPage\":{\"@id\":\"https:\/\/casinocrashgames.com\/fr\/jeu-gratuit\/#primaryimage\"},\"image\":{\"@id\":\"https:\/\/casinocrashgames.com\/fr\/jeu-gratuit\/#primaryimage\"},\"thumbnailUrl\":\"https:\/\/casinocrashgames.com\/wp-content\/uploads\/2025\/04\/Casino-Crash-Games-Free-Play.webp\",\"datePublished\":\"2025-02-06T13:11:59+00:00\",\"dateModified\":\"2025-06-23T19:14:27+00:00\",\"description\":\"Profitez des versions gratuites des meilleurs jeux crash tels que Aviator, JetX & CrashX. Utilisez nos d\u00e9mos gratuites sur Casino Crash Games pour pratiquer vos strat\u00e9gies sans risque.\",\"breadcrumb\":{\"@id\":\"https:\/\/casinocrashgames.com\/fr\/jeu-gratuit\/#breadcrumb\"},\"inLanguage\":\"fr-FR\",\"potentialAction\":[{\"@type\":\"ReadAction\",\"target\":[\"https:\/\/casinocrashgames.com\/fr\/jeu-gratuit\/\"]}]},{\"@type\":\"ImageObject\",\"inLanguage\":\"fr-FR\",\"@id\":\"https:\/\/casinocrashgames.com\/fr\/jeu-gratuit\/#primaryimage\",\"url\":\"https:\/\/casinocrashgames.com\/wp-content\/uploads\/2025\/04\/Casino-Crash-Games-Free-Play.webp\",\"contentUrl\":\"https:\/\/casinocrashgames.com\/wp-content\/uploads\/2025\/04\/Casino-Crash-Games-Free-Play.webp\",\"width\":400,\"height\":400,\"caption\":\"Casino Crash Games - Free Play\"},{\"@type\":\"BreadcrumbList\",\"@id\":\"https:\/\/casinocrashgames.com\/fr\/jeu-gratuit\/#breadcrumb\",\"itemListElement\":[{\"@type\":\"ListItem\",\"position\":1,\"name\":\"Home\",\"item\":\"https:\/\/casinocrashgames.com\/fr\/casino-crash-games\/\"},{\"@type\":\"ListItem\",\"position\":2,\"name\":\"Jeu gratuit\"}]},{\"@type\":\"WebSite\",\"@id\":\"https:\/\/casinocrashgames.com\/fr\/#website\",\"url\":\"https:\/\/casinocrashgames.com\/fr\/\",\"name\":\"Casino Crash Games\",\"description\":\"CASH BEFORE YOU CRASH\",\"publisher\":{\"@id\":\"https:\/\/casinocrashgames.com\/fr\/#organization\"},\"potentialAction\":[{\"@type\":\"SearchAction\",\"target\":{\"@type\":\"EntryPoint\",\"urlTemplate\":\"https:\/\/casinocrashgames.com\/fr\/?s={search_term_string}\"},\"query-input\":{\"@type\":\"PropertyValueSpecification\",\"valueRequired\":true,\"valueName\":\"search_term_string\"}}],\"inLanguage\":\"fr-FR\"},{\"@type\":\"Organization\",\"@id\":\"https:\/\/casinocrashgames.com\/fr\/#organization\",\"name\":\"Casino Crash Games\",\"url\":\"https:\/\/casinocrashgames.com\/fr\/\",\"logo\":{\"@type\":\"ImageObject\",\"inLanguage\":\"fr-FR\",\"@id\":\"https:\/\/casinocrashgames.com\/fr\/#\/schema\/logo\/image\/\",\"url\":\"https:\/\/casinocrashgames.com\/wp-content\/uploads\/2025\/03\/cropped-Casino-Crash-Games-Logo-.webp\",\"contentUrl\":\"https:\/\/casinocrashgames.com\/wp-content\/uploads\/2025\/03\/cropped-Casino-Crash-Games-Logo-.webp\",\"width\":1045,\"height\":606,\"caption\":\"Casino Crash Games\"},\"image\":{\"@id\":\"https:\/\/casinocrashgames.com\/fr\/#\/schema\/logo\/image\/\"}}]}<\/script>\n<!-- \/ Yoast SEO plugin. -->","yoast_head_json":{"title":"Jeux crash gratuits | d\u00e9mo Aviator, JetX & CrashX","description":"Profitez des versions gratuites des meilleurs jeux crash tels que Aviator, JetX & CrashX. Utilisez nos d\u00e9mos gratuites sur Casino Crash Games pour pratiquer vos strat\u00e9gies sans risque.","robots":{"index":"index","follow":"follow","max-snippet":"max-snippet:-1","max-image-preview":"max-image-preview:large","max-video-preview":"max-video-preview:-1"},"canonical":"https:\/\/casinocrashgames.com\/fr\/jeu-gratuit\/","og_locale":"fr_FR","og_type":"article","og_title":"Jeux crash gratuits | d\u00e9mo Aviator, JetX & CrashX","og_description":"Profitez des versions gratuites des meilleurs jeux crash tels que Aviator, JetX & CrashX. Utilisez nos d\u00e9mos gratuites sur Casino Crash Games pour pratiquer vos strat\u00e9gies sans risque.","og_url":"https:\/\/casinocrashgames.com\/fr\/jeu-gratuit\/","og_site_name":"Casino Crash Games","article_modified_time":"2025-06-23T19:14:27+00:00","og_image":[{"width":400,"height":400,"url":"https:\/\/casinocrashgames.com\/wp-content\/uploads\/2025\/04\/Casino-Crash-Games-Free-Play.webp","type":"image\/webp"}],"twitter_card":"summary_large_image","twitter_misc":{"Dur\u00e9e de lecture estim\u00e9e":"5 minutes"},"schema":{"@context":"https:\/\/schema.org","@graph":[{"@type":"WebPage","@id":"https:\/\/casinocrashgames.com\/fr\/jeu-gratuit\/","url":"https:\/\/casinocrashgames.com\/fr\/jeu-gratuit\/","name":"Jeux crash gratuits | d\u00e9mo Aviator, JetX & CrashX","isPartOf":{"@id":"https:\/\/casinocrashgames.com\/fr\/#website"},"primaryImageOfPage":{"@id":"https:\/\/casinocrashgames.com\/fr\/jeu-gratuit\/#primaryimage"},"image":{"@id":"https:\/\/casinocrashgames.com\/fr\/jeu-gratuit\/#primaryimage"},"thumbnailUrl":"https:\/\/casinocrashgames.com\/wp-content\/uploads\/2025\/04\/Casino-Crash-Games-Free-Play.webp","datePublished":"2025-02-06T13:11:59+00:00","dateModified":"2025-06-23T19:14:27+00:00","description":"Profitez des versions gratuites des meilleurs jeux crash tels que Aviator, JetX & CrashX. Utilisez nos d\u00e9mos gratuites sur Casino Crash Games pour pratiquer vos strat\u00e9gies sans risque.","breadcrumb":{"@id":"https:\/\/casinocrashgames.com\/fr\/jeu-gratuit\/#breadcrumb"},"inLanguage":"fr-FR","potentialAction":[{"@type":"ReadAction","target":["https:\/\/casinocrashgames.com\/fr\/jeu-gratuit\/"]}]},{"@type":"ImageObject","inLanguage":"fr-FR","@id":"https:\/\/casinocrashgames.com\/fr\/jeu-gratuit\/#primaryimage","url":"https:\/\/casinocrashgames.com\/wp-content\/uploads\/2025\/04\/Casino-Crash-Games-Free-Play.webp","contentUrl":"https:\/\/casinocrashgames.com\/wp-content\/uploads\/2025\/04\/Casino-Crash-Games-Free-Play.webp","width":400,"height":400,"caption":"Casino Crash Games - Free Play"},{"@type":"BreadcrumbList","@id":"https:\/\/casinocrashgames.com\/fr\/jeu-gratuit\/#breadcrumb","itemListElement":[{"@type":"ListItem","position":1,"name":"Home","item":"https:\/\/casinocrashgames.com\/fr\/casino-crash-games\/"},{"@type":"ListItem","position":2,"name":"Jeu gratuit"}]},{"@type":"WebSite","@id":"https:\/\/casinocrashgames.com\/fr\/#website","url":"https:\/\/casinocrashgames.com\/fr\/","name":"Casino Crash Games","description":"CASH BEFORE YOU CRASH","publisher":{"@id":"https:\/\/casinocrashgames.com\/fr\/#organization"},"potentialAction":[{"@type":"SearchAction","target":{"@type":"EntryPoint","urlTemplate":"https:\/\/casinocrashgames.com\/fr\/?s={search_term_string}"},"query-input":{"@type":"PropertyValueSpecification","valueRequired":true,"valueName":"search_term_string"}}],"inLanguage":"fr-FR"},{"@type":"Organization","@id":"https:\/\/casinocrashgames.com\/fr\/#organization","name":"Casino Crash Games","url":"https:\/\/casinocrashgames.com\/fr\/","logo":{"@type":"ImageObject","inLanguage":"fr-FR","@id":"https:\/\/casinocrashgames.com\/fr\/#\/schema\/logo\/image\/","url":"https:\/\/casinocrashgames.com\/wp-content\/uploads\/2025\/03\/cropped-Casino-Crash-Games-Logo-.webp","contentUrl":"https:\/\/casinocrashgames.com\/wp-content\/uploads\/2025\/03\/cropped-Casino-Crash-Games-Logo-.webp","width":1045,"height":606,"caption":"Casino Crash Games"},"image":{"@id":"https:\/\/casinocrashgames.com\/fr\/#\/schema\/logo\/image\/"}}]}},"_links":{"self":[{"href":"https:\/\/casinocrashgames.com\/fr\/wp-json\/wp\/v2\/pages\/918","targetHints":{"allow":["GET"]}}],"collection":[{"href":"https:\/\/casinocrashgames.com\/fr\/wp-json\/wp\/v2\/pages"}],"about":[{"href":"https:\/\/casinocrashgames.com\/fr\/wp-json\/wp\/v2\/types\/page"}],"author":[{"embeddable":true,"href":"https:\/\/casinocrashgames.com\/fr\/wp-json\/wp\/v2\/users\/1"}],"replies":[{"embeddable":true,"href":"https:\/\/casinocrashgames.com\/fr\/wp-json\/wp\/v2\/comments?post=918"}],"version-history":[{"count":11,"href":"https:\/\/casinocrashgames.com\/fr\/wp-json\/wp\/v2\/pages\/918\/revisions"}],"predecessor-version":[{"id":1250,"href":"https:\/\/casinocrashgames.com\/fr\/wp-json\/wp\/v2\/pages\/918\/revisions\/1250"}],"wp:featuredmedia":[{"embeddable":true,"href":"https:\/\/casinocrashgames.com\/fr\/wp-json\/wp\/v2\/media\/581"}],"wp:attachment":[{"href":"https:\/\/casinocrashgames.com\/fr\/wp-json\/wp\/v2\/media?parent=918"}],"curies":[{"name":"wp","href":"https:\/\/api.w.org\/{rel}","templated":true}]}}