{"id":910,"date":"2025-02-06T13:12:46","date_gmt":"2025-02-06T13:12:46","guid":{"rendered":"https:\/\/casinocrashgames.com\/strategies\/"},"modified":"2025-06-23T19:06:33","modified_gmt":"2025-06-23T19:06:33","slug":"strategies","status":"publish","type":"page","link":"https:\/\/casinocrashgames.com\/fr\/strategies\/","title":{"rendered":"Strat\u00e9gies"},"content":{"rendered":"<div class=\"wpb-content-wrapper\"><p>[vc_row full_width=\u00a0\u00bbstretch_row\u00a0\u00bb content_placement=\u00a0\u00bbmiddle\u00a0\u00bb css=\u00a0\u00bb.vc_custom_1744576997054{margin-bottom: 50px !important;padding-top: 10% !important;padding-bottom: 5% !important;background: #1D0D4E url(https:\/\/casinocrashgames.com\/wp-content\/uploads\/2025\/04\/Background-Img.webp?id=219) !important;}\u00a0\u00bb][vc_column width=\u00a0\u00bb1\/2&Prime;][vc_single_image image=\u00a0\u00bb571&Prime; img_size=\u00a0\u00bb400&Prime; alignment=\u00a0\u00bbcenter\u00a0\u00bb css=\u00a0\u00bb\u00a0\u00bb][\/vc_column][vc_column width=\u00a0\u00bb1\/2&Prime;][vc_column_text css=\u00a0\u00bb\u00a0\u00bb]<\/p>\n<h1><span style=\"color: #fcc500;\">Ma\u00eetrisez les strat\u00e9gies du jeu Crash<\/span><\/h1>\n<p><span style=\"color: #ffffff;\">Bien que la chance joue un r\u00f4le dans les jeux de crash, des strat\u00e9gies judicieuses offrent un contr\u00f4le. Apprenez \u00e0 g\u00e9rer votre bankroll, \u00e0 minimiser les risques et \u00e0 potentiellement prolonger votre temps de jeu. Explorez des techniques populaires pour prendre des d\u00e9cisions de paris \u00e9clair\u00e9es.  <\/span>[\/vc_column_text][\/vc_column][\/vc_row][vc_section][vc_row][vc_column][vc_column_text css=\u00a0\u00bb\u00a0\u00bb]<\/p>\n<h2 data-sourcepos=\"9:1-9:40\"><strong>Comprendre les strat\u00e9gies du jeu Crash:<\/strong><\/h2>\n<p data-sourcepos=\"11:1-11:301\">Les strat\u00e9gies des jeux de crash ne visent pas \u00e0 garantir des gains, mais plut\u00f4t \u00e0 g\u00e9rer vos paris, \u00e0 comprendre les probabilit\u00e9s et \u00e0 prendre des d\u00e9cisions calcul\u00e9es. L&rsquo;objectif est de maximiser votre temps de jeu et potentiellement d&rsquo;augmenter votre profit global tout en minimisant les pertes. <\/p>\n<p>[\/vc_column_text][\/vc_column][\/vc_row][vc_row][vc_column][vc_column_text css=\u00a0\u00bb\u00a0\u00bb]<\/p>\n<h2 data-sourcepos=\"9:1-9:34\"><strong>Strat\u00e9gies populaires du jeu Crash<\/strong><\/h2>\n<p>[\/vc_column_text][\/vc_column][\/vc_row][vc_row css=\u00a0\u00bb.vc_custom_1743991589675{margin-bottom: 25px !important;}\u00a0\u00bb][vc_column][vc_column_text css=\u00a0\u00bb.vc_custom_1743991754523{margin-bottom: 15px !important;}\u00a0\u00bb]<\/p>\n<h3>Strat\u00e9gie Martingale<\/h3>\n<p>Approche \u00e0 haut risque et \u00e0 haute r\u00e9compense, la strat\u00e9gie Martingale implique de doubler votre mise apr\u00e8s chaque perte, visant \u00e0 r\u00e9cup\u00e9rer toutes les pertes pr\u00e9c\u00e9dentes et \u00e0 s\u00e9curiser un profit \u00e9gal \u00e0 votre mise initiale en cas de gain. Bien que potentiellement lucrative, elle exige un bankroll substantiel et une forte r\u00e9sistance pour supporter d&rsquo;\u00e9ventuelles s\u00e9ries de pertes. Explorez les subtilit\u00e9s du syst\u00e8me Martingale et comprenez ses risques et r\u00e9compenses.  <\/p>\n<p><strong>En savoir plus sur la strat\u00e9gie Martingale et son gameplay \u00e0 enjeux \u00e9lev\u00e9s.<\/strong>[\/vc_column_text][vc_btn title=\u00a0\u00bbStrat\u00e9gie Martingale\u00a0\u00bb color=\u00a0\u00bbwarning\u00a0\u00bb css=\u00a0\u00bb.vc_custom_1745481964442{padding-top: 5px !important;}\u00a0\u00bb link=\u00a0\u00bburl:https%3A%2F%2Fcasinocrashgames.com%2Ffr%2Fstrategies%2Fmartingale%2F|title:Strat%C3%A9gie%20Martingale|\u00a0\u00bb][\/vc_column][\/vc_row][vc_row css=\u00a0\u00bb.vc_custom_1743991589675{margin-bottom: 25px !important;}\u00a0\u00bb][vc_column][vc_column_text css=\u00a0\u00bb.vc_custom_1743991748029{margin-bottom: 15px !important;}\u00a0\u00bb]<\/p>\n<h3>Strat\u00e9gie Fibonacci<\/h3>\n<p>Offrant une progression de paris moins agressive que Martingale, la strat\u00e9gie Fibonacci utilise la suite de Fibonacci pour augmenter progressivement les paris apr\u00e8s les pertes et les diminuer apr\u00e8s les gains. Cette m\u00e9thode vise une approche plus contr\u00f4l\u00e9e de la gestion du bankroll, \u00e9quilibrant risque et r\u00e9compense potentielle. D\u00e9couvrez les secrets de la suite de Fibonacci et comment elle peut \u00eatre appliqu\u00e9e aux jeux de crash.  <\/p>\n<p><strong>En savoir plus sur la strat\u00e9gie Fibonacci et son approche \u00e9quilibr\u00e9e.<\/strong>[\/vc_column_text][vc_btn title=\u00a0\u00bbStrat\u00e9gie Fibonacci\u00a0\u00bb color=\u00a0\u00bbwarning\u00a0\u00bb css=\u00a0\u00bb.vc_custom_1745481945615{padding-top: 5px !important;}\u00a0\u00bb link=\u00a0\u00bburl:https%3A%2F%2Fcasinocrashgames.com%2Ffr%2Fstrategies%2Ffibonacci%2F|title:Strat%C3%A9gie%20Fibonacci|\u00a0\u00bb][\/vc_column][\/vc_row][vc_row css=\u00a0\u00bb.vc_custom_1743991589675{margin-bottom: 25px !important;}\u00a0\u00bb][vc_column][vc_column_text css=\u00a0\u00bb.vc_custom_1749039496713{margin-bottom: 15px !important;}\u00a0\u00bb]<\/p>\n<h3>Strat\u00e9gie \u00e0 faible multiplicateur<\/h3>\n<p>Cette strat\u00e9gie conservatrice se concentre sur des gains fr\u00e9quents et modestes en encaissant syst\u00e9matiquement \u00e0 de faibles multiplicateurs, visant \u00e0 accumuler des profits r\u00e9guli\u00e8rement au fil du temps. Bien qu&rsquo;elle offre une probabilit\u00e9 plus \u00e9lev\u00e9e de gagner \u00e0 chaque tour, elle peut \u00eatre vuln\u00e9rable aux s\u00e9ries de pertes qui \u00e9rodent les gains accumul\u00e9s. Apprenez \u00e0 affiner votre approche \u00e0 faible multiplicateur et \u00e0 att\u00e9nuer les risques potentiels.[\/vc_column_text][\/vc_column][\/vc_row][vc_row css=\u00a0\u00bb.vc_custom_1743991589675{margin-bottom: 25px !important;}\u00a0\u00bb][vc_column][vc_column_text css=\u00a0\u00bb.vc_custom_1749039501081{margin-bottom: 15px !important;}\u00a0\u00bb]<\/p>\n<h3>Strat\u00e9gie \u00e0 haut multiplicateur<\/h3>\n<p>Pour les joueurs ayant un go\u00fbt pour l&rsquo;action \u00e0 haut risque, cette strat\u00e9gie consiste \u00e0 attendre des multiplicateurs significativement plus \u00e9lev\u00e9s avant d&rsquo;encaisser, acceptant des pertes plus fr\u00e9quentes pour le potentiel de gains substantiels lors de tours gagnants uniques. Cette approche exige de la patience et une tol\u00e9rance \u00e9lev\u00e9e au risque. Explorez le frisson des hauts multiplicateurs et comprenez les risques impliqu\u00e9s.[\/vc_column_text][\/vc_column][\/vc_row][vc_row css=\u00a0\u00bb.vc_custom_1743991589675{margin-bottom: 25px !important;}\u00a0\u00bb][vc_column][vc_column_text css=\u00a0\u00bb.vc_custom_1749039506033{margin-bottom: 15px !important;}\u00a0\u00bb]<\/p>\n<h3>Strat\u00e9gie \u00e9quilibr\u00e9e<\/h3>\n<p>Cette strat\u00e9gie combine des \u00e9l\u00e9ments des approches \u00e0 faible et \u00e0 haut multiplicateur, fixant un encaissement automatique de base \u00e0 un niveau mod\u00e9r\u00e9 tout en prenant occasionnellement des risques sur des multiplicateurs plus \u00e9lev\u00e9s. Elle vise \u00e0 \u00e9quilibrer des gains constants avec le potentiel de paiements plus importants, offrant une approche polyvalente aux paris dans les jeux de crash. Apprenez \u00e0 cr\u00e9er une strat\u00e9gie \u00e9quilibr\u00e9e qui convient \u00e0 votre style de jeu.[\/vc_column_text][\/vc_column][\/vc_row][\/vc_section]<\/p>\n<\/div>","protected":false},"excerpt":{"rendered":"<p>[vc_row full_width=\u00a0\u00bbstretch_row\u00a0\u00bb content_placement=\u00a0\u00bbmiddle\u00a0\u00bb css=\u00a0\u00bb.vc_custom_1744576997054{margin-bottom: 50px !important;padding-top: 10% !important;padding-bottom: 5% !important;background: #1D0D4E url(https:\/\/casinocrashgames.com\/wp-content\/uploads\/2025\/04\/Background-Img.webp?id=219) !important;}\u00a0\u00bb][vc_column width=\u00a0\u00bb1\/2&Prime;][vc_single_image image=\u00a0\u00bb571&Prime; img_size=\u00a0\u00bb400&Prime; alignment=\u00a0\u00bbcenter\u00a0\u00bb css=\u00a0\u00bb\u00a0\u00bb][\/vc_column][vc_column width=\u00a0\u00bb1\/2&Prime;][vc_column_text css=\u00a0\u00bb\u00a0\u00bb] [&hellip;]<\/p>\n","protected":false},"author":1,"featured_media":571,"parent":0,"menu_order":0,"comment_status":"closed","ping_status":"closed","template":"","meta":{"site-sidebar-layout":"default","site-content-layout":"plain-container","ast-site-content-layout":"default","site-content-style":"default","site-sidebar-style":"default","ast-global-header-display":"","ast-banner-title-visibility":"","ast-main-header-display":"","ast-hfb-above-header-display":"","ast-hfb-below-header-display":"","ast-hfb-mobile-header-display":"","site-post-title":"disabled","ast-breadcrumbs-content":"","ast-featured-img":"disabled","footer-sml-layout":"","theme-transparent-header-meta":"default","adv-header-id-meta":"","stick-header-meta":"default","header-above-stick-meta":"","header-main-stick-meta":"","header-below-stick-meta":"","astra-migrate-meta-layouts":"default","ast-page-background-enabled":"default","ast-page-background-meta":{"desktop":{"background-color":"var(--ast-global-color-5)","background-image":"","background-repeat":"repeat","background-position":"center center","background-size":"auto","background-attachment":"scroll","background-type":"","background-media":"","overlay-type":"","overlay-color":"","overlay-opacity":"","overlay-gradient":""},"tablet":{"background-color":"","background-image":"","background-repeat":"repeat","background-position":"center center","background-size":"auto","background-attachment":"scroll","background-type":"","background-media":"","overlay-type":"","overlay-color":"","overlay-opacity":"","overlay-gradient":""},"mobile":{"background-color":"","background-image":"","background-repeat":"repeat","background-position":"center center","background-size":"auto","background-attachment":"scroll","background-type":"","background-media":"","overlay-type":"","overlay-color":"","overlay-opacity":"","overlay-gradient":""}},"ast-content-background-meta":{"desktop":{"background-color":"var(--ast-global-color-4)","background-image":"","background-repeat":"repeat","background-position":"center center","background-size":"auto","background-attachment":"scroll","background-type":"","background-media":"","overlay-type":"","overlay-color":"","overlay-opacity":"","overlay-gradient":""},"tablet":{"background-color":"var(--ast-global-color-4)","background-image":"","background-repeat":"repeat","background-position":"center center","background-size":"auto","background-attachment":"scroll","background-type":"","background-media":"","overlay-type":"","overlay-color":"","overlay-opacity":"","overlay-gradient":""},"mobile":{"background-color":"var(--ast-global-color-4)","background-image":"","background-repeat":"repeat","background-position":"center center","background-size":"auto","background-attachment":"scroll","background-type":"","background-media":"","overlay-type":"","overlay-color":"","overlay-opacity":"","overlay-gradient":""}},"footnotes":""},"class_list":["post-910","page","type-page","status-publish","has-post-thumbnail","hentry"],"yoast_head":"<!-- This site is optimized with the Yoast SEO plugin v25.2 - https:\/\/yoast.com\/wordpress\/plugins\/seo\/ -->\n<title>Strat\u00e9gies Crash Game | Astuces pour gagner plus<\/title>\n<meta name=\"description\" content=\"D\u00e9couvrez des strat\u00e9gies efficaces pour Crash Game afin d&#039;am\u00e9liorer votre jeu. Explorez des tactiques telles que Martingale, Fibonacci et la gestion de bankroll avec notre guide des strat\u00e9gies.\" \/>\n<meta name=\"robots\" content=\"index, follow, max-snippet:-1, max-image-preview:large, max-video-preview:-1\" \/>\n<link rel=\"canonical\" href=\"https:\/\/casinocrashgames.com\/fr\/strategies\/\" \/>\n<meta property=\"og:locale\" content=\"fr_FR\" \/>\n<meta property=\"og:type\" content=\"article\" \/>\n<meta property=\"og:title\" content=\"Strat\u00e9gies Crash Game | Astuces pour gagner plus\" \/>\n<meta property=\"og:description\" content=\"D\u00e9couvrez des strat\u00e9gies efficaces pour Crash Game afin d&#039;am\u00e9liorer votre jeu. Explorez des tactiques telles que Martingale, Fibonacci et la gestion de bankroll avec notre guide des strat\u00e9gies.\" \/>\n<meta property=\"og:url\" content=\"https:\/\/casinocrashgames.com\/fr\/strategies\/\" \/>\n<meta property=\"og:site_name\" content=\"Casino Crash Games\" \/>\n<meta property=\"article:modified_time\" content=\"2025-06-23T19:06:33+00:00\" \/>\n<meta property=\"og:image\" content=\"https:\/\/casinocrashgames.com\/wp-content\/uploads\/2025\/04\/Casino-Crash-Games-Strategies.webp\" \/>\n\t<meta property=\"og:image:width\" content=\"400\" \/>\n\t<meta property=\"og:image:height\" content=\"400\" \/>\n\t<meta property=\"og:image:type\" content=\"image\/webp\" \/>\n<meta name=\"twitter:card\" content=\"summary_large_image\" \/>\n<meta name=\"twitter:label1\" content=\"Dur\u00e9e de lecture estim\u00e9e\" \/>\n\t<meta name=\"twitter:data1\" content=\"4 minutes\" \/>\n<script type=\"application\/ld+json\" class=\"yoast-schema-graph\">{\"@context\":\"https:\/\/schema.org\",\"@graph\":[{\"@type\":\"WebPage\",\"@id\":\"https:\/\/casinocrashgames.com\/fr\/strategies\/\",\"url\":\"https:\/\/casinocrashgames.com\/fr\/strategies\/\",\"name\":\"Strat\u00e9gies Crash Game | Astuces pour gagner plus\",\"isPartOf\":{\"@id\":\"https:\/\/casinocrashgames.com\/fr\/#website\"},\"primaryImageOfPage\":{\"@id\":\"https:\/\/casinocrashgames.com\/fr\/strategies\/#primaryimage\"},\"image\":{\"@id\":\"https:\/\/casinocrashgames.com\/fr\/strategies\/#primaryimage\"},\"thumbnailUrl\":\"https:\/\/casinocrashgames.com\/wp-content\/uploads\/2025\/04\/Casino-Crash-Games-Strategies.webp\",\"datePublished\":\"2025-02-06T13:12:46+00:00\",\"dateModified\":\"2025-06-23T19:06:33+00:00\",\"description\":\"D\u00e9couvrez des strat\u00e9gies efficaces pour Crash Game afin d'am\u00e9liorer votre jeu. Explorez des tactiques telles que Martingale, Fibonacci et la gestion de bankroll avec notre guide des strat\u00e9gies.\",\"breadcrumb\":{\"@id\":\"https:\/\/casinocrashgames.com\/fr\/strategies\/#breadcrumb\"},\"inLanguage\":\"fr-FR\",\"potentialAction\":[{\"@type\":\"ReadAction\",\"target\":[\"https:\/\/casinocrashgames.com\/fr\/strategies\/\"]}]},{\"@type\":\"ImageObject\",\"inLanguage\":\"fr-FR\",\"@id\":\"https:\/\/casinocrashgames.com\/fr\/strategies\/#primaryimage\",\"url\":\"https:\/\/casinocrashgames.com\/wp-content\/uploads\/2025\/04\/Casino-Crash-Games-Strategies.webp\",\"contentUrl\":\"https:\/\/casinocrashgames.com\/wp-content\/uploads\/2025\/04\/Casino-Crash-Games-Strategies.webp\",\"width\":400,\"height\":400,\"caption\":\"Casino Crash Games - Strategies\"},{\"@type\":\"BreadcrumbList\",\"@id\":\"https:\/\/casinocrashgames.com\/fr\/strategies\/#breadcrumb\",\"itemListElement\":[{\"@type\":\"ListItem\",\"position\":1,\"name\":\"Home\",\"item\":\"https:\/\/casinocrashgames.com\/fr\/casino-crash-games\/\"},{\"@type\":\"ListItem\",\"position\":2,\"name\":\"Strat\u00e9gies\"}]},{\"@type\":\"WebSite\",\"@id\":\"https:\/\/casinocrashgames.com\/fr\/#website\",\"url\":\"https:\/\/casinocrashgames.com\/fr\/\",\"name\":\"Casino Crash Games\",\"description\":\"CASH BEFORE YOU CRASH\",\"publisher\":{\"@id\":\"https:\/\/casinocrashgames.com\/fr\/#organization\"},\"potentialAction\":[{\"@type\":\"SearchAction\",\"target\":{\"@type\":\"EntryPoint\",\"urlTemplate\":\"https:\/\/casinocrashgames.com\/fr\/?s={search_term_string}\"},\"query-input\":{\"@type\":\"PropertyValueSpecification\",\"valueRequired\":true,\"valueName\":\"search_term_string\"}}],\"inLanguage\":\"fr-FR\"},{\"@type\":\"Organization\",\"@id\":\"https:\/\/casinocrashgames.com\/fr\/#organization\",\"name\":\"Casino Crash Games\",\"url\":\"https:\/\/casinocrashgames.com\/fr\/\",\"logo\":{\"@type\":\"ImageObject\",\"inLanguage\":\"fr-FR\",\"@id\":\"https:\/\/casinocrashgames.com\/fr\/#\/schema\/logo\/image\/\",\"url\":\"https:\/\/casinocrashgames.com\/wp-content\/uploads\/2025\/03\/cropped-Casino-Crash-Games-Logo-.webp\",\"contentUrl\":\"https:\/\/casinocrashgames.com\/wp-content\/uploads\/2025\/03\/cropped-Casino-Crash-Games-Logo-.webp\",\"width\":1045,\"height\":606,\"caption\":\"Casino Crash Games\"},\"image\":{\"@id\":\"https:\/\/casinocrashgames.com\/fr\/#\/schema\/logo\/image\/\"}}]}<\/script>\n<!-- \/ Yoast SEO plugin. -->","yoast_head_json":{"title":"Strat\u00e9gies Crash Game | Astuces pour gagner plus","description":"D\u00e9couvrez des strat\u00e9gies efficaces pour Crash Game afin d'am\u00e9liorer votre jeu. Explorez des tactiques telles que Martingale, Fibonacci et la gestion de bankroll avec notre guide des strat\u00e9gies.","robots":{"index":"index","follow":"follow","max-snippet":"max-snippet:-1","max-image-preview":"max-image-preview:large","max-video-preview":"max-video-preview:-1"},"canonical":"https:\/\/casinocrashgames.com\/fr\/strategies\/","og_locale":"fr_FR","og_type":"article","og_title":"Strat\u00e9gies Crash Game | Astuces pour gagner plus","og_description":"D\u00e9couvrez des strat\u00e9gies efficaces pour Crash Game afin d'am\u00e9liorer votre jeu. Explorez des tactiques telles que Martingale, Fibonacci et la gestion de bankroll avec notre guide des strat\u00e9gies.","og_url":"https:\/\/casinocrashgames.com\/fr\/strategies\/","og_site_name":"Casino Crash Games","article_modified_time":"2025-06-23T19:06:33+00:00","og_image":[{"width":400,"height":400,"url":"https:\/\/casinocrashgames.com\/wp-content\/uploads\/2025\/04\/Casino-Crash-Games-Strategies.webp","type":"image\/webp"}],"twitter_card":"summary_large_image","twitter_misc":{"Dur\u00e9e de lecture estim\u00e9e":"4 minutes"},"schema":{"@context":"https:\/\/schema.org","@graph":[{"@type":"WebPage","@id":"https:\/\/casinocrashgames.com\/fr\/strategies\/","url":"https:\/\/casinocrashgames.com\/fr\/strategies\/","name":"Strat\u00e9gies Crash Game | Astuces pour gagner plus","isPartOf":{"@id":"https:\/\/casinocrashgames.com\/fr\/#website"},"primaryImageOfPage":{"@id":"https:\/\/casinocrashgames.com\/fr\/strategies\/#primaryimage"},"image":{"@id":"https:\/\/casinocrashgames.com\/fr\/strategies\/#primaryimage"},"thumbnailUrl":"https:\/\/casinocrashgames.com\/wp-content\/uploads\/2025\/04\/Casino-Crash-Games-Strategies.webp","datePublished":"2025-02-06T13:12:46+00:00","dateModified":"2025-06-23T19:06:33+00:00","description":"D\u00e9couvrez des strat\u00e9gies efficaces pour Crash Game afin d'am\u00e9liorer votre jeu. Explorez des tactiques telles que Martingale, Fibonacci et la gestion de bankroll avec notre guide des strat\u00e9gies.","breadcrumb":{"@id":"https:\/\/casinocrashgames.com\/fr\/strategies\/#breadcrumb"},"inLanguage":"fr-FR","potentialAction":[{"@type":"ReadAction","target":["https:\/\/casinocrashgames.com\/fr\/strategies\/"]}]},{"@type":"ImageObject","inLanguage":"fr-FR","@id":"https:\/\/casinocrashgames.com\/fr\/strategies\/#primaryimage","url":"https:\/\/casinocrashgames.com\/wp-content\/uploads\/2025\/04\/Casino-Crash-Games-Strategies.webp","contentUrl":"https:\/\/casinocrashgames.com\/wp-content\/uploads\/2025\/04\/Casino-Crash-Games-Strategies.webp","width":400,"height":400,"caption":"Casino Crash Games - Strategies"},{"@type":"BreadcrumbList","@id":"https:\/\/casinocrashgames.com\/fr\/strategies\/#breadcrumb","itemListElement":[{"@type":"ListItem","position":1,"name":"Home","item":"https:\/\/casinocrashgames.com\/fr\/casino-crash-games\/"},{"@type":"ListItem","position":2,"name":"Strat\u00e9gies"}]},{"@type":"WebSite","@id":"https:\/\/casinocrashgames.com\/fr\/#website","url":"https:\/\/casinocrashgames.com\/fr\/","name":"Casino Crash Games","description":"CASH BEFORE YOU CRASH","publisher":{"@id":"https:\/\/casinocrashgames.com\/fr\/#organization"},"potentialAction":[{"@type":"SearchAction","target":{"@type":"EntryPoint","urlTemplate":"https:\/\/casinocrashgames.com\/fr\/?s={search_term_string}"},"query-input":{"@type":"PropertyValueSpecification","valueRequired":true,"valueName":"search_term_string"}}],"inLanguage":"fr-FR"},{"@type":"Organization","@id":"https:\/\/casinocrashgames.com\/fr\/#organization","name":"Casino Crash Games","url":"https:\/\/casinocrashgames.com\/fr\/","logo":{"@type":"ImageObject","inLanguage":"fr-FR","@id":"https:\/\/casinocrashgames.com\/fr\/#\/schema\/logo\/image\/","url":"https:\/\/casinocrashgames.com\/wp-content\/uploads\/2025\/03\/cropped-Casino-Crash-Games-Logo-.webp","contentUrl":"https:\/\/casinocrashgames.com\/wp-content\/uploads\/2025\/03\/cropped-Casino-Crash-Games-Logo-.webp","width":1045,"height":606,"caption":"Casino Crash Games"},"image":{"@id":"https:\/\/casinocrashgames.com\/fr\/#\/schema\/logo\/image\/"}}]}},"_links":{"self":[{"href":"https:\/\/casinocrashgames.com\/fr\/wp-json\/wp\/v2\/pages\/910","targetHints":{"allow":["GET"]}}],"collection":[{"href":"https:\/\/casinocrashgames.com\/fr\/wp-json\/wp\/v2\/pages"}],"about":[{"href":"https:\/\/casinocrashgames.com\/fr\/wp-json\/wp\/v2\/types\/page"}],"author":[{"embeddable":true,"href":"https:\/\/casinocrashgames.com\/fr\/wp-json\/wp\/v2\/users\/1"}],"replies":[{"embeddable":true,"href":"https:\/\/casinocrashgames.com\/fr\/wp-json\/wp\/v2\/comments?post=910"}],"version-history":[{"count":10,"href":"https:\/\/casinocrashgames.com\/fr\/wp-json\/wp\/v2\/pages\/910\/revisions"}],"predecessor-version":[{"id":1246,"href":"https:\/\/casinocrashgames.com\/fr\/wp-json\/wp\/v2\/pages\/910\/revisions\/1246"}],"wp:featuredmedia":[{"embeddable":true,"href":"https:\/\/casinocrashgames.com\/fr\/wp-json\/wp\/v2\/media\/571"}],"wp:attachment":[{"href":"https:\/\/casinocrashgames.com\/fr\/wp-json\/wp\/v2\/media?parent=910"}],"curies":[{"name":"wp","href":"https:\/\/api.w.org\/{rel}","templated":true}]}}