{"id":904,"date":"2025-02-06T13:13:10","date_gmt":"2025-02-06T13:13:10","guid":{"rendered":"https:\/\/casinocrashgames.com\/auto-cash-out\/"},"modified":"2025-06-12T20:45:19","modified_gmt":"2025-06-12T20:45:19","slug":"auto-cash-out","status":"publish","type":"page","link":"https:\/\/casinocrashgames.com\/fr\/fonctionnalites\/auto-cash-out\/","title":{"rendered":"Auto Cash Out"},"content":{"rendered":"<div class=\"wpb-content-wrapper\"><p>[vc_row full_width=\u00a0\u00bbstretch_row\u00a0\u00bb content_placement=\u00a0\u00bbmiddle\u00a0\u00bb css=\u00a0\u00bb.vc_custom_1744576997054{margin-bottom: 50px !important;padding-top: 10% !important;padding-bottom: 5% !important;background: #1D0D4E url(https:\/\/casinocrashgames.com\/wp-content\/uploads\/2025\/04\/Background-Img.webp?id=219) !important;}\u00a0\u00bb][vc_column width=\u00a0\u00bb1\/2&Prime;][vc_single_image image=\u00a0\u00bb741&Prime; img_size=\u00a0\u00bb400&Prime; alignment=\u00a0\u00bbcenter\u00a0\u00bb css=\u00a0\u00bb\u00a0\u00bb][\/vc_column][vc_column width=\u00a0\u00bb1\/2&Prime;][vc_column_text css=\u00a0\u00bb\u00a0\u00bb]<\/p>\n<h1><span style=\"color: #fcc500;\">Fonctionnalit\u00e9 Auto Cash Out<\/span><\/h1>\n<p><span style=\"color: #ffffff;\">Bien que la chance joue un r\u00f4le dans les jeux de crash, des strat\u00e9gies judicieuses offrent un contr\u00f4le. Apprenez \u00e0 g\u00e9rer votre bankroll, \u00e0 minimiser les risques et \u00e0 potentiellement prolonger votre temps de jeu. Explorez des techniques populaires pour prendre des d\u00e9cisions de paris \u00e9clair\u00e9es.  <\/span>[\/vc_column_text][\/vc_column][\/vc_row][vc_section][vc_row][vc_column][vc_column_text css=\u00a0\u00bb\u00a0\u00bb]<\/p>\n<h2><b>Fonctionnalit\u00e9 de retrait automatique<\/b><\/h2>\n<p>La fonctionnalit\u00e9 de retrait automatique \u00e9limine l&rsquo;\u00e9l\u00e9ment humain du jeu et garantit que vous encaissiez \u00e0 un point pr\u00e9d\u00e9termin\u00e9. Cela ne signifie pas que vous gagnerez toujours, car le jeu peut &lsquo;crasher&rsquo; avant votre limite d\u00e9finie. Cependant, cela vous emp\u00eache de prendre un risque suppl\u00e9mentaire lorsque le jeu d\u00e9passe ce point. C&rsquo;est un outil essentiel pour mettre en \u0153uvre des strat\u00e9gies de pari de mani\u00e8re coh\u00e9rente dans divers jeux de crash.[\/vc_column_text][\/vc_column][\/vc_row][vc_row][vc_column][vc_column_text css=\u00a0\u00bb\u00a0\u00bb]<\/p>\n<h2 data-sourcepos=\"7:1-7:40\">Comment se pr\u00e9sente Auto Cash Out dans les jeux de crash<\/h2>\n<p data-sourcepos=\"9:1-9:165\">La configuration de Auto Cash Out est g\u00e9n\u00e9ralement simple, bien que l&rsquo;interface puisse varier l\u00e9g\u00e8rement entre les jeux. Voici comment elle appara\u00eet g\u00e9n\u00e9ralement dans les titres de crash populaires : <\/p>\n<p>[\/vc_column_text][\/vc_column][\/vc_row][vc_row content_placement=\u00a0\u00bbmiddle\u00a0\u00bb][vc_column width=\u00a0\u00bb1\/2&Prime;][vc_single_image image=\u00a0\u00bb791&Prime; img_size=\u00a0\u00bblarge\u00a0\u00bb onclick=\u00a0\u00bbcustom_link\u00a0\u00bb css=\u00a0\u00bb\u00a0\u00bb link=\u00a0\u00bbhttps:\/\/casinocrashgames.com\/fr\/aviator\/jeu-gratuit-aviator\/\u00a0\u00bb][\/vc_column][vc_column width=\u00a0\u00bb1\/2&Prime;][vc_column_text css=\u00a0\u00bb\u00a0\u00bb]<\/p>\n<h3 class=\"mb-xs mt-5 text-base font-[525] first:mt-0\">Auto Cash Out dans Aviator<\/h3>\n<p data-sourcepos=\"7:1-7:40\">Dans Aviator, vous trouverez l&rsquo;option Auto Cash Out directement dans le panneau de pari situ\u00e9 sous l&rsquo;\u00e9cran de jeu principal o\u00f9 l&rsquo;avion vole. <strong>Cliquez d&rsquo;abord sur \u00ab Auto \u00bb \u00e0 c\u00f4t\u00e9 de \u00ab Bet \u00bb, il y a un champ de saisie d\u00e9di\u00e9 clairement \u00e9tiquet\u00e9 \u00ab Auto Cash Out \u00bb<\/strong>. Saisissez simplement la valeur exacte du multiplicateur (par exemple, 1,8x, 2,5x) \u00e0 laquelle vous souhaitez que le jeu s\u00e9curise automatiquement vos gains. Une fois d\u00e9fini et votre pari plac\u00e9 pour le prochain tour, vous pouvez regarder le vol en sachant que votre point de sortie est pr\u00e9d\u00e9termin\u00e9 si l&rsquo;avion atteint cette altitude. Apprenez-en davantage sur le jeu <a href=\"https:\/\/casinocrashgames.com\/fr\/aviator\/\">Aviator Crash Game.<\/a>   <\/p>\n<p>[\/vc_column_text][\/vc_column][\/vc_row][vc_row content_placement=\u00a0\u00bbmiddle\u00a0\u00bb][vc_column width=\u00a0\u00bb1\/2&Prime;][vc_single_image image=\u00a0\u00bb786&Prime; img_size=\u00a0\u00bblarge\u00a0\u00bb onclick=\u00a0\u00bbcustom_link\u00a0\u00bb css=\u00a0\u00bb\u00a0\u00bb link=\u00a0\u00bbhttps:\/\/casinocrashgames.com\/fr\/jetx\/jeu-gratuit-jetx\/\u00a0\u00bb][\/vc_column][vc_column width=\u00a0\u00bb1\/2&Prime;][vc_column_text css=\u00a0\u00bb\u00a0\u00bb]<\/p>\n<h3 class=\"mb-xs mt-5 text-base font-[525] first:mt-0\">Auto Cash Out dans JetX<\/h3>\n<p>JetX propose un param\u00e8tre Auto Cash Out dans ses contr\u00f4les de pari sous l&rsquo;animation principale du jet. <strong>Sous \u00ab Autobet \u00bb, vous trouverez l&rsquo;option \u00ab Autocollect \u00bb qui est la fonctionnalit\u00e9 Auto Cash Out.<\/strong> Ici, vous sp\u00e9cifiez votre valeur de multiplicateur cible (par exemple, 3,00). Placez votre pari pour le tour, et si le jet atteint avec succ\u00e8s ce multiplicateur pendant son vol, vos gains (pari * multiplicateur) seront automatiquement collect\u00e9s pour vous. Explorez <a href=\"https:\/\/casinocrashgames.com\/fr\/jetx\/\">JetX<\/a> plus en d\u00e9tail sur notre page d\u00e9di\u00e9e.[\/vc_column_text][\/vc_column][\/vc_row][vc_row content_placement=\u00a0\u00bbmiddle\u00a0\u00bb][vc_column width=\u00a0\u00bb1\/2&Prime;][vc_single_image image=\u00a0\u00bb781&Prime; img_size=\u00a0\u00bblarge\u00a0\u00bb onclick=\u00a0\u00bbcustom_link\u00a0\u00bb css=\u00a0\u00bb\u00a0\u00bb link=\u00a0\u00bbhttps:\/\/casinocrashgames.com\/fr\/crash-x\/jeu-gratuit-crash-x\/\u00a0\u00bb][\/vc_column][vc_column width=\u00a0\u00bb1\/2&Prime;][vc_column_text css=\u00a0\u00bb\u00a0\u00bb]<\/p>\n<h3 class=\"mb-xs mt-5 text-base font-[525] first:mt-0\">Auto Cash Out dans Crash X<\/h3>\n<p>Prenez le contr\u00f4le de vos gains dans Crash X avec la fonctionnalit\u00e9 \u00ab Auto Cash Out \u00bb. Avant le d\u00e9but d&rsquo;un tour, <strong>utilisez le curseur situ\u00e9 sous le \u00ab Montant du pari \u00bb pour d\u00e9finir votre multiplicateur cible.<\/strong> Vous pouvez l&rsquo;ajuster de \u00ab D\u00e9sactiv\u00e9 \u00bb jusqu&rsquo;\u00e0 la valeur maximale possible. Une fois que vous avez plac\u00e9 votre pari, le jeu commencera. Si le tour atteint votre multiplicateur sp\u00e9cifi\u00e9, vos gains seront automatiquement collect\u00e9s. Pour un jeu continu sans avoir \u00e0 placer manuellement un pari \u00e0 chaque fois, vous pouvez activer la fonction \u00ab Jeu automatique \u00bb, situ\u00e9e en haut \u00e0 droite du bouton \u00ab Placer un pari \u00bb. D\u00e9couvrez les m\u00e9canismes uniques de <a href=\"https:\/\/casinocrashgames.com\/fr\/crash-x\/\">Crash X<\/a>.[\/vc_column_text][\/vc_column][\/vc_row][vc_row][vc_column][vc_column_text css=\u00a0\u00bb\u00a0\u00bb]<\/p>\n<h2 data-sourcepos=\"20:1-20:51\">Comprendre le multiplicateur avec Auto Cash Out<\/h2>\n<p data-sourcepos=\"22:1-22:899\">Lorsque vous configurez Auto Cash Out, vous choisissez une valeur de multiplicateur cible sp\u00e9cifique. Comme vous le savez, le multiplicateur commence \u00e0 1,0x au d\u00e9but de chaque tour et augmente progressivement \u00e0 mesure que l&rsquo;avion, le jet ou le vaisseau spatial s&rsquo;\u00e9l\u00e8ve. Votre gain potentiel est toujours votre mise initiale multipli\u00e9e par la valeur du multiplicateur au moment exact o\u00f9 vous encaissez. Par cons\u00e9quent, d\u00e9finir une cible Auto Cash Out pr\u00e9s\u00e9lectionne simplement la valeur pr\u00e9cise du multiplicateur qui d\u00e9clenchera ce calcul de gain et s\u00e9curisera automatiquement le paiement pour vous, en supposant que le tour de jeu progresse jusque-l\u00e0 sans crash. Avoir une bonne compr\u00e9hension du comportement du <a href=\"https:\/\/casinocrashgames.com\/features\/multiplier\/\">Multiplicateur<\/a> et de son importance est essentiel pour d\u00e9finir des points Auto Cash Out efficaces et strat\u00e9giques.    <\/p>\n<p>[\/vc_column_text][\/vc_column][\/vc_row][\/vc_section]<\/p>\n<\/div>","protected":false},"excerpt":{"rendered":"<p>[vc_row full_width=\u00a0\u00bbstretch_row\u00a0\u00bb content_placement=\u00a0\u00bbmiddle\u00a0\u00bb css=\u00a0\u00bb.vc_custom_1744576997054{margin-bottom: 50px !important;padding-top: 10% !important;padding-bottom: 5% !important;background: #1D0D4E url(https:\/\/casinocrashgames.com\/wp-content\/uploads\/2025\/04\/Background-Img.webp?id=219) !important;}\u00a0\u00bb][vc_column width=\u00a0\u00bb1\/2&Prime;][vc_single_image image=\u00a0\u00bb741&Prime; img_size=\u00a0\u00bb400&Prime; alignment=\u00a0\u00bbcenter\u00a0\u00bb css=\u00a0\u00bb\u00a0\u00bb][\/vc_column][vc_column width=\u00a0\u00bb1\/2&Prime;][vc_column_text css=\u00a0\u00bb\u00a0\u00bb] [&hellip;]<\/p>\n","protected":false},"author":1,"featured_media":741,"parent":1065,"menu_order":0,"comment_status":"closed","ping_status":"closed","template":"","meta":{"site-sidebar-layout":"default","site-content-layout":"plain-container","ast-site-content-layout":"default","site-content-style":"default","site-sidebar-style":"default","ast-global-header-display":"","ast-banner-title-visibility":"","ast-main-header-display":"","ast-hfb-above-header-display":"","ast-hfb-below-header-display":"","ast-hfb-mobile-header-display":"","site-post-title":"disabled","ast-breadcrumbs-content":"","ast-featured-img":"disabled","footer-sml-layout":"","theme-transparent-header-meta":"default","adv-header-id-meta":"","stick-header-meta":"default","header-above-stick-meta":"","header-main-stick-meta":"","header-below-stick-meta":"","astra-migrate-meta-layouts":"default","ast-page-background-enabled":"default","ast-page-background-meta":{"desktop":{"background-color":"var(--ast-global-color-5)","background-image":"","background-repeat":"repeat","background-position":"center center","background-size":"auto","background-attachment":"scroll","background-type":"","background-media":"","overlay-type":"","overlay-color":"","overlay-opacity":"","overlay-gradient":""},"tablet":{"background-color":"","background-image":"","background-repeat":"repeat","background-position":"center center","background-size":"auto","background-attachment":"scroll","background-type":"","background-media":"","overlay-type":"","overlay-color":"","overlay-opacity":"","overlay-gradient":""},"mobile":{"background-color":"","background-image":"","background-repeat":"repeat","background-position":"center center","background-size":"auto","background-attachment":"scroll","background-type":"","background-media":"","overlay-type":"","overlay-color":"","overlay-opacity":"","overlay-gradient":""}},"ast-content-background-meta":{"desktop":{"background-color":"var(--ast-global-color-4)","background-image":"","background-repeat":"repeat","background-position":"center center","background-size":"auto","background-attachment":"scroll","background-type":"","background-media":"","overlay-type":"","overlay-color":"","overlay-opacity":"","overlay-gradient":""},"tablet":{"background-color":"var(--ast-global-color-4)","background-image":"","background-repeat":"repeat","background-position":"center center","background-size":"auto","background-attachment":"scroll","background-type":"","background-media":"","overlay-type":"","overlay-color":"","overlay-opacity":"","overlay-gradient":""},"mobile":{"background-color":"var(--ast-global-color-4)","background-image":"","background-repeat":"repeat","background-position":"center center","background-size":"auto","background-attachment":"scroll","background-type":"","background-media":"","overlay-type":"","overlay-color":"","overlay-opacity":"","overlay-gradient":""}},"footnotes":""},"class_list":["post-904","page","type-page","status-publish","has-post-thumbnail","hentry"],"yoast_head":"<!-- This site is optimized with the Yoast SEO plugin v25.2 - https:\/\/yoast.com\/wordpress\/plugins\/seo\/ -->\n<title>Auto Cash Out dans les jeux de crash - strat\u00e9gie, contr\u00f4le et conseils pour gagner<\/title>\n<meta name=\"description\" content=\"Ma\u00eetrisez la fonctionnalit\u00e9 Auto Cash Out dans les jeux de crash tels que Aviator, JetX et Crash X. Apprenez \u00e0 d\u00e9finir des multiplicateurs intelligents, \u00e0 r\u00e9duire les risques et \u00e0 appliquer des strat\u00e9gies de pari coh\u00e9rentes pour augmenter vos chances.\" \/>\n<meta name=\"robots\" content=\"index, follow, max-snippet:-1, max-image-preview:large, max-video-preview:-1\" \/>\n<link rel=\"canonical\" href=\"https:\/\/casinocrashgames.com\/fr\/fonctionnalites\/auto-cash-out\/\" \/>\n<meta property=\"og:locale\" content=\"fr_FR\" \/>\n<meta property=\"og:type\" content=\"article\" \/>\n<meta property=\"og:title\" content=\"Auto Cash Out dans les jeux de crash - strat\u00e9gie, contr\u00f4le et conseils pour gagner\" \/>\n<meta property=\"og:description\" content=\"Ma\u00eetrisez la fonctionnalit\u00e9 Auto Cash Out dans les jeux de crash tels que Aviator, JetX et Crash X. Apprenez \u00e0 d\u00e9finir des multiplicateurs intelligents, \u00e0 r\u00e9duire les risques et \u00e0 appliquer des strat\u00e9gies de pari coh\u00e9rentes pour augmenter vos chances.\" \/>\n<meta property=\"og:url\" content=\"https:\/\/casinocrashgames.com\/fr\/fonctionnalites\/auto-cash-out\/\" \/>\n<meta property=\"og:site_name\" content=\"Casino Crash Games\" \/>\n<meta property=\"article:modified_time\" content=\"2025-06-12T20:45:19+00:00\" \/>\n<meta property=\"og:image\" content=\"https:\/\/casinocrashgames.com\/wp-content\/uploads\/2025\/05\/Auto-Cash-Out.webp\" \/>\n\t<meta property=\"og:image:width\" content=\"400\" \/>\n\t<meta property=\"og:image:height\" content=\"400\" \/>\n\t<meta property=\"og:image:type\" content=\"image\/webp\" \/>\n<meta name=\"twitter:card\" content=\"summary_large_image\" \/>\n<meta name=\"twitter:label1\" content=\"Dur\u00e9e de lecture estim\u00e9e\" \/>\n\t<meta name=\"twitter:data1\" content=\"4 minutes\" \/>\n<script type=\"application\/ld+json\" class=\"yoast-schema-graph\">{\"@context\":\"https:\/\/schema.org\",\"@graph\":[{\"@type\":\"WebPage\",\"@id\":\"https:\/\/casinocrashgames.com\/fr\/fonctionnalites\/auto-cash-out\/\",\"url\":\"https:\/\/casinocrashgames.com\/fr\/fonctionnalites\/auto-cash-out\/\",\"name\":\"Auto Cash Out dans les jeux de crash - strat\u00e9gie, contr\u00f4le et conseils pour gagner\",\"isPartOf\":{\"@id\":\"https:\/\/casinocrashgames.com\/fr\/#website\"},\"primaryImageOfPage\":{\"@id\":\"https:\/\/casinocrashgames.com\/fr\/fonctionnalites\/auto-cash-out\/#primaryimage\"},\"image\":{\"@id\":\"https:\/\/casinocrashgames.com\/fr\/fonctionnalites\/auto-cash-out\/#primaryimage\"},\"thumbnailUrl\":\"https:\/\/casinocrashgames.com\/wp-content\/uploads\/2025\/05\/Auto-Cash-Out.webp\",\"datePublished\":\"2025-02-06T13:13:10+00:00\",\"dateModified\":\"2025-06-12T20:45:19+00:00\",\"description\":\"Ma\u00eetrisez la fonctionnalit\u00e9 Auto Cash Out dans les jeux de crash tels que Aviator, JetX et Crash X. Apprenez \u00e0 d\u00e9finir des multiplicateurs intelligents, \u00e0 r\u00e9duire les risques et \u00e0 appliquer des strat\u00e9gies de pari coh\u00e9rentes pour augmenter vos chances.\",\"breadcrumb\":{\"@id\":\"https:\/\/casinocrashgames.com\/fr\/fonctionnalites\/auto-cash-out\/#breadcrumb\"},\"inLanguage\":\"fr-FR\",\"potentialAction\":[{\"@type\":\"ReadAction\",\"target\":[\"https:\/\/casinocrashgames.com\/fr\/fonctionnalites\/auto-cash-out\/\"]}]},{\"@type\":\"ImageObject\",\"inLanguage\":\"fr-FR\",\"@id\":\"https:\/\/casinocrashgames.com\/fr\/fonctionnalites\/auto-cash-out\/#primaryimage\",\"url\":\"https:\/\/casinocrashgames.com\/wp-content\/uploads\/2025\/05\/Auto-Cash-Out.webp\",\"contentUrl\":\"https:\/\/casinocrashgames.com\/wp-content\/uploads\/2025\/05\/Auto-Cash-Out.webp\",\"width\":400,\"height\":400,\"caption\":\"Auto Cash Out\"},{\"@type\":\"BreadcrumbList\",\"@id\":\"https:\/\/casinocrashgames.com\/fr\/fonctionnalites\/auto-cash-out\/#breadcrumb\",\"itemListElement\":[{\"@type\":\"ListItem\",\"position\":1,\"name\":\"Home\",\"item\":\"https:\/\/casinocrashgames.com\/fr\/casino-crash-games\/\"},{\"@type\":\"ListItem\",\"position\":2,\"name\":\"Fonctionnalit\u00e9s\",\"item\":\"https:\/\/casinocrashgames.com\/fr\/fonctionnalites\/\"},{\"@type\":\"ListItem\",\"position\":3,\"name\":\"Auto Cash Out\"}]},{\"@type\":\"WebSite\",\"@id\":\"https:\/\/casinocrashgames.com\/fr\/#website\",\"url\":\"https:\/\/casinocrashgames.com\/fr\/\",\"name\":\"Casino Crash Games\",\"description\":\"CASH BEFORE YOU CRASH\",\"publisher\":{\"@id\":\"https:\/\/casinocrashgames.com\/fr\/#organization\"},\"potentialAction\":[{\"@type\":\"SearchAction\",\"target\":{\"@type\":\"EntryPoint\",\"urlTemplate\":\"https:\/\/casinocrashgames.com\/fr\/?s={search_term_string}\"},\"query-input\":{\"@type\":\"PropertyValueSpecification\",\"valueRequired\":true,\"valueName\":\"search_term_string\"}}],\"inLanguage\":\"fr-FR\"},{\"@type\":\"Organization\",\"@id\":\"https:\/\/casinocrashgames.com\/fr\/#organization\",\"name\":\"Casino Crash Games\",\"url\":\"https:\/\/casinocrashgames.com\/fr\/\",\"logo\":{\"@type\":\"ImageObject\",\"inLanguage\":\"fr-FR\",\"@id\":\"https:\/\/casinocrashgames.com\/fr\/#\/schema\/logo\/image\/\",\"url\":\"https:\/\/casinocrashgames.com\/wp-content\/uploads\/2025\/03\/cropped-Casino-Crash-Games-Logo-.webp\",\"contentUrl\":\"https:\/\/casinocrashgames.com\/wp-content\/uploads\/2025\/03\/cropped-Casino-Crash-Games-Logo-.webp\",\"width\":1045,\"height\":606,\"caption\":\"Casino Crash Games\"},\"image\":{\"@id\":\"https:\/\/casinocrashgames.com\/fr\/#\/schema\/logo\/image\/\"}}]}<\/script>\n<!-- \/ Yoast SEO plugin. -->","yoast_head_json":{"title":"Auto Cash Out dans les jeux de crash - strat\u00e9gie, contr\u00f4le et conseils pour gagner","description":"Ma\u00eetrisez la fonctionnalit\u00e9 Auto Cash Out dans les jeux de crash tels que Aviator, JetX et Crash X. Apprenez \u00e0 d\u00e9finir des multiplicateurs intelligents, \u00e0 r\u00e9duire les risques et \u00e0 appliquer des strat\u00e9gies de pari coh\u00e9rentes pour augmenter vos chances.","robots":{"index":"index","follow":"follow","max-snippet":"max-snippet:-1","max-image-preview":"max-image-preview:large","max-video-preview":"max-video-preview:-1"},"canonical":"https:\/\/casinocrashgames.com\/fr\/fonctionnalites\/auto-cash-out\/","og_locale":"fr_FR","og_type":"article","og_title":"Auto Cash Out dans les jeux de crash - strat\u00e9gie, contr\u00f4le et conseils pour gagner","og_description":"Ma\u00eetrisez la fonctionnalit\u00e9 Auto Cash Out dans les jeux de crash tels que Aviator, JetX et Crash X. Apprenez \u00e0 d\u00e9finir des multiplicateurs intelligents, \u00e0 r\u00e9duire les risques et \u00e0 appliquer des strat\u00e9gies de pari coh\u00e9rentes pour augmenter vos chances.","og_url":"https:\/\/casinocrashgames.com\/fr\/fonctionnalites\/auto-cash-out\/","og_site_name":"Casino Crash Games","article_modified_time":"2025-06-12T20:45:19+00:00","og_image":[{"width":400,"height":400,"url":"https:\/\/casinocrashgames.com\/wp-content\/uploads\/2025\/05\/Auto-Cash-Out.webp","type":"image\/webp"}],"twitter_card":"summary_large_image","twitter_misc":{"Dur\u00e9e de lecture estim\u00e9e":"4 minutes"},"schema":{"@context":"https:\/\/schema.org","@graph":[{"@type":"WebPage","@id":"https:\/\/casinocrashgames.com\/fr\/fonctionnalites\/auto-cash-out\/","url":"https:\/\/casinocrashgames.com\/fr\/fonctionnalites\/auto-cash-out\/","name":"Auto Cash Out dans les jeux de crash - strat\u00e9gie, contr\u00f4le et conseils pour gagner","isPartOf":{"@id":"https:\/\/casinocrashgames.com\/fr\/#website"},"primaryImageOfPage":{"@id":"https:\/\/casinocrashgames.com\/fr\/fonctionnalites\/auto-cash-out\/#primaryimage"},"image":{"@id":"https:\/\/casinocrashgames.com\/fr\/fonctionnalites\/auto-cash-out\/#primaryimage"},"thumbnailUrl":"https:\/\/casinocrashgames.com\/wp-content\/uploads\/2025\/05\/Auto-Cash-Out.webp","datePublished":"2025-02-06T13:13:10+00:00","dateModified":"2025-06-12T20:45:19+00:00","description":"Ma\u00eetrisez la fonctionnalit\u00e9 Auto Cash Out dans les jeux de crash tels que Aviator, JetX et Crash X. Apprenez \u00e0 d\u00e9finir des multiplicateurs intelligents, \u00e0 r\u00e9duire les risques et \u00e0 appliquer des strat\u00e9gies de pari coh\u00e9rentes pour augmenter vos chances.","breadcrumb":{"@id":"https:\/\/casinocrashgames.com\/fr\/fonctionnalites\/auto-cash-out\/#breadcrumb"},"inLanguage":"fr-FR","potentialAction":[{"@type":"ReadAction","target":["https:\/\/casinocrashgames.com\/fr\/fonctionnalites\/auto-cash-out\/"]}]},{"@type":"ImageObject","inLanguage":"fr-FR","@id":"https:\/\/casinocrashgames.com\/fr\/fonctionnalites\/auto-cash-out\/#primaryimage","url":"https:\/\/casinocrashgames.com\/wp-content\/uploads\/2025\/05\/Auto-Cash-Out.webp","contentUrl":"https:\/\/casinocrashgames.com\/wp-content\/uploads\/2025\/05\/Auto-Cash-Out.webp","width":400,"height":400,"caption":"Auto Cash Out"},{"@type":"BreadcrumbList","@id":"https:\/\/casinocrashgames.com\/fr\/fonctionnalites\/auto-cash-out\/#breadcrumb","itemListElement":[{"@type":"ListItem","position":1,"name":"Home","item":"https:\/\/casinocrashgames.com\/fr\/casino-crash-games\/"},{"@type":"ListItem","position":2,"name":"Fonctionnalit\u00e9s","item":"https:\/\/casinocrashgames.com\/fr\/fonctionnalites\/"},{"@type":"ListItem","position":3,"name":"Auto Cash Out"}]},{"@type":"WebSite","@id":"https:\/\/casinocrashgames.com\/fr\/#website","url":"https:\/\/casinocrashgames.com\/fr\/","name":"Casino Crash Games","description":"CASH BEFORE YOU CRASH","publisher":{"@id":"https:\/\/casinocrashgames.com\/fr\/#organization"},"potentialAction":[{"@type":"SearchAction","target":{"@type":"EntryPoint","urlTemplate":"https:\/\/casinocrashgames.com\/fr\/?s={search_term_string}"},"query-input":{"@type":"PropertyValueSpecification","valueRequired":true,"valueName":"search_term_string"}}],"inLanguage":"fr-FR"},{"@type":"Organization","@id":"https:\/\/casinocrashgames.com\/fr\/#organization","name":"Casino Crash Games","url":"https:\/\/casinocrashgames.com\/fr\/","logo":{"@type":"ImageObject","inLanguage":"fr-FR","@id":"https:\/\/casinocrashgames.com\/fr\/#\/schema\/logo\/image\/","url":"https:\/\/casinocrashgames.com\/wp-content\/uploads\/2025\/03\/cropped-Casino-Crash-Games-Logo-.webp","contentUrl":"https:\/\/casinocrashgames.com\/wp-content\/uploads\/2025\/03\/cropped-Casino-Crash-Games-Logo-.webp","width":1045,"height":606,"caption":"Casino Crash Games"},"image":{"@id":"https:\/\/casinocrashgames.com\/fr\/#\/schema\/logo\/image\/"}}]}},"_links":{"self":[{"href":"https:\/\/casinocrashgames.com\/fr\/wp-json\/wp\/v2\/pages\/904","targetHints":{"allow":["GET"]}}],"collection":[{"href":"https:\/\/casinocrashgames.com\/fr\/wp-json\/wp\/v2\/pages"}],"about":[{"href":"https:\/\/casinocrashgames.com\/fr\/wp-json\/wp\/v2\/types\/page"}],"author":[{"embeddable":true,"href":"https:\/\/casinocrashgames.com\/fr\/wp-json\/wp\/v2\/users\/1"}],"replies":[{"embeddable":true,"href":"https:\/\/casinocrashgames.com\/fr\/wp-json\/wp\/v2\/comments?post=904"}],"version-history":[{"count":15,"href":"https:\/\/casinocrashgames.com\/fr\/wp-json\/wp\/v2\/pages\/904\/revisions"}],"predecessor-version":[{"id":1078,"href":"https:\/\/casinocrashgames.com\/fr\/wp-json\/wp\/v2\/pages\/904\/revisions\/1078"}],"up":[{"embeddable":true,"href":"https:\/\/casinocrashgames.com\/fr\/wp-json\/wp\/v2\/pages\/1065"}],"wp:featuredmedia":[{"embeddable":true,"href":"https:\/\/casinocrashgames.com\/fr\/wp-json\/wp\/v2\/media\/741"}],"wp:attachment":[{"href":"https:\/\/casinocrashgames.com\/fr\/wp-json\/wp\/v2\/media?parent=904"}],"curies":[{"name":"wp","href":"https:\/\/api.w.org\/{rel}","templated":true}]}}