{"id":852,"date":"2025-02-06T13:09:45","date_gmt":"2025-02-06T13:09:45","guid":{"rendered":"https:\/\/casinocrashgames.com\/jetx\/"},"modified":"2025-06-12T20:45:19","modified_gmt":"2025-06-12T20:45:19","slug":"jetx","status":"publish","type":"page","link":"https:\/\/casinocrashgames.com\/fr\/jetx\/","title":{"rendered":"JetX"},"content":{"rendered":"<div class=\"wpb-content-wrapper\"><p>[vc_row full_width=\u00a0\u00bbstretch_row\u00a0\u00bb content_placement=\u00a0\u00bbmiddle\u00a0\u00bb css=\u00a0\u00bb.vc_custom_1744576968878{margin-bottom: 50px !important;padding-top: 10% !important;padding-bottom: 5% !important;background: #1D0D4E url(https:\/\/casinocrashgames.com\/wp-content\/uploads\/2025\/04\/Background-Img.webp?id=219) !important;}\u00a0\u00bb][vc_column width=\u00a0\u00bb1\/2&Prime;][vc_single_image image=\u00a0\u00bb586&Prime; img_size=\u00a0\u00bb500&#215;280&Prime; alignment=\u00a0\u00bbcenter\u00a0\u00bb css=\u00a0\u00bb\u00a0\u00bb][\/vc_column][vc_column width=\u00a0\u00bb1\/2&Prime;][vc_column_text css=\u00a0\u00bb\u00a0\u00bb]<\/p>\n<h1><span style=\"color: #fcc500;\">Guide Crash Game de JetX<\/span><\/h1>\n<p><span style=\"color: #ffffff;\">D\u00e9couvrez le jeu de crash JetX dans ce guide complet. Comprenez ce qu&rsquo;est JetX, apprenez \u00e0 jouer en encaissant avant que l&rsquo;avion ne s&rsquo;\u00e9crase, explorez ses fonctionnalit\u00e9s passionnantes et trouvez des strat\u00e9gies pour am\u00e9liorer votre jeu. <\/span>[\/vc_column_text][\/vc_column][\/vc_row][vc_section][vc_row][vc_column][vc_column_text css=\u00a0\u00bb\u00a0\u00bb]<\/p>\n<h2>Qu&rsquo;est-ce que JetX Crash Game ?<\/h2>\n<p><span style=\"font-weight: 400;\">JetX est un jeu de crash multijoueur rapide d\u00e9velopp\u00e9 par <a href=\"https:\/\/casinocrashgames.com\/fr\/fournisseurs\/smartsoft-gaming\/\">SmartSoft Gaming<\/a>. Dans cette exp\u00e9rience palpitante, les joueurs parient sur la dur\u00e9e pendant laquelle un avion virtuel restera en l&rsquo;air tandis qu&rsquo;un multiplicateur augmente. L&rsquo;objectif est de \u00ab encaisser \u00bb avant que l&rsquo;avion n&rsquo;explose. Plus vous attendez, plus vos gains potentiels sont \u00e9lev\u00e9s, mais si l&rsquo;avion s&rsquo;\u00e9crase avant que vous n&rsquo;encaissiez, vous perdez votre mise.    <\/span><span style=\"font-weight: 400;\">Le multiplicateur commence \u00e0 1x et augmente de mani\u00e8re impr\u00e9visible, avec des gains potentiels allant jusqu&rsquo;\u00e0 25 000x<\/span><\/p>\n<p><span style=\"font-weight: 400;\">C&rsquo;est un jeu \u00e0 haut risque bas\u00e9 sur le timing, le risque et l&rsquo;intuition, avec des r\u00e9compenses qui peuvent monter en fl\u00e8che tout comme l&rsquo;avion.<\/span>[\/vc_column_text][\/vc_column][\/vc_row][vc_row][vc_column][vc_column_text css=\u00a0\u00bb\u00a0\u00bb]<\/p>\n<h2>Comment jouer \u00e0 JetX ?<\/h2>\n<p><span style=\"font-weight: 400;\">JetX est con\u00e7u pour \u00eatre intuitif et passionnant, m\u00eame pour les d\u00e9butants.<\/span><\/p>\n<ol>\n<li style=\"font-weight: 400;\" aria-level=\"1\"><b>Placez votre(vos) mise(s) :<\/b><span style=\"font-weight: 400;\"> Avant le d\u00e9but de chaque manche, placez votre mise <\/span><span style=\"font-weight: 400;\">(min 0,10 $, max 600 $)<\/span><span style=\"font-weight: 400;\">. Vous pouvez souvent placer deux mises simultan\u00e9ment, permettant une flexibilit\u00e9 strat\u00e9gique.<\/span><\/li>\n<li style=\"font-weight: 400;\" aria-level=\"1\"><b>Observez le d\u00e9collage de l&rsquo;avion :<\/b><span style=\"font-weight: 400;\"> Une fois la manche commenc\u00e9e, l&rsquo;avion d\u00e9colle et le <a href=\"https:\/\/casinocrashgames.com\/fr\/fonctionnalites\/multiplicateur\/\">multiplicateur<\/a> d\u00e9marre \u00e0 1,0x, augmentant rapidement.<\/span><\/li>\n<li style=\"font-weight: 400;\" aria-level=\"1\"><b>Cash Out :<\/b><span style=\"font-weight: 400;\"> Cliquez sur le bouton \u00ab Cash Out \u00bb \u00e0 tout moment pour s\u00e9curiser vos gains.<\/span><\/li>\n<li style=\"font-weight: 400;\" aria-level=\"1\"><b>Collectez vos gains :<\/b><span style=\"font-weight: 400;\"> Si vous encaissez avant que l&rsquo;avion ne s&rsquo;\u00e9crase, votre mise est multipli\u00e9e par le multiplicateur affich\u00e9.<\/span><\/li>\n<li style=\"font-weight: 400;\" aria-level=\"1\"><b>Le crash met fin \u00e0 la manche :<\/b><span style=\"font-weight: 400;\"> Si l&rsquo;avion s&rsquo;\u00e9crase avant que vous n&rsquo;encaissiez, votre mise est perdue.<\/span><\/li>\n<\/ol>\n<p><span style=\"font-weight: 400;\">Chaque manche ne dure que quelques secondes, ajoutant \u00e0 l&rsquo;exp\u00e9rience remplie d&rsquo;adr\u00e9naline.<\/span>[\/vc_column_text][\/vc_column][\/vc_row][vc_row][vc_column][vc_column_text css=\u00a0\u00bb\u00a0\u00bb]<\/p>\n<h2>Gameplay de JetX<\/h2>\n<p><span style=\"font-weight: 400;\">Pour donner aux joueurs une meilleure id\u00e9e de l&rsquo;exp\u00e9rience JetX, cette section peut inclure des captures d&rsquo;\u00e9cran ou des animations du d\u00e9collage de l&rsquo;avion, de la croissance du multiplicateur en temps r\u00e9el et de l&rsquo;interface de pari.<\/span>[\/vc_column_text][vc_masonry_media_grid element_width=\u00a0\u00bb3&Prime; gap=\u00a0\u00bb15&Prime; item=\u00a0\u00bbmasonryMedia_SlideWithTitleAndCaption\u00a0\u00bb css=\u00a0\u00bb\u00a0\u00bb grid_id=\u00a0\u00bbvc_gid:1749727931185-81e8ffe8-73ef-7&Prime; include=\u00a0\u00bb656,731,721,726,716&Prime;][\/vc_column][\/vc_row][vc_row][vc_column][vc_column_text css=\u00a0\u00bb\u00a0\u00bb]<\/p>\n<h2><b>Caract\u00e9ristiques et points forts<\/b><\/h2>\n<p><span style=\"font-weight: 400;\">JetX offre plus que de l&rsquo;action &#8211; il inclut des fonctionnalit\u00e9s puissantes pour un gameplay strat\u00e9gique et immersif :<\/span><\/p>\n<ul>\n<li><b>Salon de discussion en direct et activit\u00e9 des joueurs :<\/b><span style=\"font-weight: 400;\"> Interagissez avec d&rsquo;autres joueurs et voyez les paris et les encaissements en temps r\u00e9el, cr\u00e9ant une atmosph\u00e8re sociale et communautaire.<\/span><\/li>\n<li><b>Multiplicateurs \u00e9lev\u00e9s :<\/b><span style=\"font-weight: 400;\"> Avec des multiplicateurs potentiels allant jusqu&rsquo;\u00e0 <\/span><b>25 000x<\/b><span style=\"font-weight: 400;\">, de gros gains sont toujours possibles.<\/span><\/li>\n<li><b>Auto Bet et collecte automatique :<\/b><span style=\"font-weight: 400;\"> Configurez votre pari pour jouer automatiquement \u00e0 chaque manche et sp\u00e9cifiez un multiplicateur pour <a href=\"https:\/\/casinocrashgames.com\/fr\/fonctionnalites\/auto-cash-out\/\">encaisser automatiquement<\/a> &#8211; id\u00e9al pour des strat\u00e9gies coh\u00e9rentes.<\/span><\/li>\n<li><b>Conception adapt\u00e9e aux mobiles :<\/b><span style=\"font-weight: 400;\"> JetX fonctionne parfaitement sur les ordinateurs de bureau et les appareils mobiles, avec des graphiques et des effets sonores r\u00e9actifs.<\/span><\/li>\n<li><b>Paris multiples :<\/b><span style=\"font-weight: 400;\"> Utilisez deux panneaux de paris dans la m\u00eame manche pour r\u00e9partir les strat\u00e9gies entre des multiplicateurs s\u00fbrs et risqu\u00e9s.<\/span><\/li>\n<li><b>Donn\u00e9es historiques :<\/b><span style=\"font-weight: 400;\"> Parcourez les r\u00e9sultats des manches pr\u00e9c\u00e9dentes pour aider \u00e0 analyser les tendances potentielles (bien que chaque manche soit al\u00e9atoire).<\/span><\/li>\n<li><span style=\"font-weight: 400;\"><b style=\"font-style: inherit;\">RTP (Taux de Retour au Joueur) :<\/b><span style=\"font-weight: 400;\"> JetX affiche un g\u00e9n\u00e9reux RTP th\u00e9orique de <\/span><b style=\"font-style: inherit;\">96,7 % \u00e0 98,8 %<\/b><span style=\"font-weight: 400;\">, selon la plateforme.<\/span><\/span><\/li>\n<\/ul>\n<p>[\/vc_column_text][\/vc_column][\/vc_row][vc_row][vc_column][vc_column_text css=\u00a0\u00bb\u00a0\u00bb]<\/p>\n<h2><b>Strat\u00e9gies gagnantes pour JetX<\/b><\/h2>\n<p><span style=\"font-weight: 400;\">Bien que les r\u00e9sultats soient al\u00e9atoires, des strat\u00e9gies intelligentes peuvent vous aider \u00e0 jouer plus judicieusement :<\/span><\/p>\n<ul>\n<li><b>Pari \u00e0 plat :<\/b><span style=\"font-weight: 400;\"> Pariez un pourcentage constant (par exemple, 3-5 %) de votre solde \u00e0 chaque manche pour g\u00e9rer le risque.<\/span><span style=\"font-weight: 400;\"><br \/>\n<\/span><\/li>\n<li data-sourcepos=\"8:1-8:328\"><strong><a href=\"https:\/\/casinocrashgames.com\/fr\/strategies\/martingale\/\">Strat\u00e9gie Martingale<\/a> :<\/strong> Avec cette strat\u00e9gie, vous doublez le montant de votre mise apr\u00e8s une perte. L&rsquo;intention est qu&rsquo;un seul gain puisse alors r\u00e9cup\u00e9rer les mises pr\u00e9c\u00e9dentes. Cette approche est pr\u00e9f\u00e9rable avec un bankroll important et une discipline constante. Il est important d&rsquo;\u00eatre conscient de la fa\u00e7on dont les tailles des mises peuvent augmenter pendant son utilisation.   <\/li>\n<li data-sourcepos=\"9:1-9:451\"><strong><a href=\"https:\/\/casinocrashgames.com\/fr\/strategies\/fibonacci\/\">Strat\u00e9gie de Fibonacci<\/a> :<\/strong> Cette strat\u00e9gie consiste \u00e0 augmenter votre mise apr\u00e8s une perte selon la suite de Fibonacci (par exemple, 1, 1, 2, 3, 5, 8&#8230;). Apr\u00e8s un gain, vous reculez g\u00e9n\u00e9ralement de deux nombres dans la s\u00e9quence ou revenez \u00e0 votre mise initiale. La strat\u00e9gie de Fibonacci est con\u00e7ue pour r\u00e9cup\u00e9rer les pertes ant\u00e9rieures avec un gain ult\u00e9rieur. Il est b\u00e9n\u00e9fique d&rsquo;\u00eatre conscient de l&rsquo;augmentation potentielle des mises lors de l&rsquo;utilisation de cette strat\u00e9gie, parall\u00e8lement \u00e0 une gestion prudente de votre bankroll.   <span style=\"font-weight: 400;\"> <\/span><\/li>\n<li><b>Encaissements \u00e0 faible risque :<\/b><span style=\"font-weight: 400;\"> Visez des multiplicateurs faibles (1,1x\u20131,5x) pour des gains fr\u00e9quents \u00e0 faible risque.<\/span><span style=\"font-weight: 400;\"><br \/>\n<\/span><\/li>\n<li><b>Strat\u00e9gie de double mise :<\/b><span style=\"font-weight: 400;\"> Misez un montant pour encaisser t\u00f4t et s\u00e9curiser un gain, tout en laissant une seconde mise viser un multiplicateur \u00e9lev\u00e9.<\/span><span style=\"font-weight: 400;\"><br \/>\n<\/span><\/li>\n<li><b>Respectez un budget :<\/b><span style=\"font-weight: 400;\">  D\u00e9cidez \u00e0 l&rsquo;avance combien vous \u00eates pr\u00eat \u00e0 d\u00e9penser ou \u00e0 gagner. Respectez ces limites pour maintenir le jeu agr\u00e9able. <\/span><span style=\"font-weight: 400;\"><br \/>\n<b style=\"font-style: inherit;\"><\/b><\/span><\/li>\n<li><span style=\"font-weight: 400;\"><b style=\"font-style: inherit;\">Analysez l&rsquo;historique des parties :<\/b><span style=\"font-weight: 400;\">  Utilisez le graphique d&rsquo;historique des parties pour observer les tendances. Bien qu&rsquo;il ne pr\u00e9dise pas les r\u00e9sultats futurs, il peut aider \u00e0 guider le timing et la strat\u00e9gie. <\/span><\/span><\/li>\n<\/ul>\n<p>[\/vc_column_text][\/vc_column][\/vc_row][vc_row][vc_column][vc_column_text css=\u00a0\u00bb\u00a0\u00bb]<\/p>\n<h2><b>Foire aux questions (FAQ)<\/b><\/h2>\n<p><b>JetX est-il \u00e9quitable ?<\/b><b><br \/>\n<\/b> <span style=\"font-weight: 400;\">JetX offre un RTP fiable et des statistiques de jeu en direct, mais contrairement \u00e0 certains jeux, il <\/span><b>n&rsquo;int\u00e8gre pas la technologie Provably Fair<\/b><span style=\"font-weight: 400;\">.<\/span><\/p>\n<p><b>Quel est le RTP de JetX ?<\/b><b><br \/>\n<\/b> <span style=\"font-weight: 400;\">Le RTP th\u00e9orique varie de <\/span><b>96,7 % \u00e0 98,8 %<\/b><span style=\"font-weight: 400;\">, selon la plateforme.<\/span><\/p>\n<p><b>Puis-je jouer \u00e0 JetX gratuitement ?<\/b><b><br \/>\n<\/b><span style=\"font-weight: 400;\">  Oui, la plupart des casinos proposent un <a href=\"https:\/\/casinocrashgames.com\/fr\/jetx\/jeu-gratuit-jetx\/\">mode d\u00e9mo pour JetX<\/a> pour s&rsquo;entra\u00eener sans utiliser d&rsquo;argent r\u00e9el.<\/span><\/p>\n<p><b>Puis-je placer plusieurs mises dans une m\u00eame partie ?<\/b><b><br \/>\n<\/b><span style=\"font-weight: 400;\">  Oui, JetX prend en charge le jeu \u00e0 double mise pour une strat\u00e9gie accrue.<\/span><\/p>\n<p><b>Quel est le multiplicateur maximal dans JetX ?<\/b><b><br \/>\n<\/b> <span style=\"font-weight: 400;\">Le multiplicateur peut atteindre jusqu&rsquo;\u00e0 <\/span><b>25 000x<\/b><span style=\"font-weight: 400;\">, bien que de telles valeurs \u00e9lev\u00e9es soient rares.<\/span><\/p>\n<p><b>Qu&rsquo;est-ce que l&rsquo;encaissement automatique ?<\/b><b><br \/>\n<\/b><span style=\"font-weight: 400;\">  L&rsquo;encaissement automatique vous permet de d\u00e9finir un multiplicateur auquel votre mise sera automatiquement encaiss\u00e9e si atteint \u2014 utile pour s&rsquo;en tenir \u00e0 une strat\u00e9gie.<\/span><\/p>\n<p><b>Existe-t-il des strat\u00e9gies gagnantes ?<\/b><b><br \/>\n<\/b><span style=\"font-weight: 400;\">  Bien que les r\u00e9sultats soient al\u00e9atoires, g\u00e9rer votre bankroll, utiliser l&rsquo;encaissement automatique et encaisser t\u00f4t sont des strat\u00e9gies populaires pour un jeu constant.<\/span><\/p>\n<p><b>JetX est-il compatible avec les appareils mobiles ?<\/b><b><br \/>\n<\/b><span style=\"font-weight: 400;\">  Oui, JetX est optimis\u00e9 pour les smartphones et les tablettes, offrant les m\u00eames fonctionnalit\u00e9s et performances que la version sur ordinateur.<\/span>[\/vc_column_text][\/vc_column][\/vc_row][vc_row][vc_column][vc_column_text css=\u00a0\u00bb\u00a0\u00bb]<\/p>\n<h2><b>Pr\u00eat pour le d\u00e9collage ?<\/b><\/h2>\n<p><span style=\"font-weight: 400;\">JetX combine un gameplay intuitif avec des multiplicateurs palpitants et une profondeur <a href=\"https:\/\/casinocrashgames.com\/fr\/strategies\/\">strat\u00e9gique<\/a>. Que vous recherchiez des gains rapides \u00e0 faible risque ou visiez des gains astronomiques, JetX offre une exp\u00e9rience de casino unique. Essayez-le d\u00e8s aujourd&rsquo;hui dans un casino en ligne de confiance proposant des titres SmartSoft Gaming, et voyez si vous pouvez encaisser avant que l&rsquo;avion ne s&rsquo;\u00e9crase !  <\/span>[\/vc_column_text][\/vc_column][\/vc_row][\/vc_section]<\/p>\n<\/div>","protected":false},"excerpt":{"rendered":"<p>[vc_row full_width=\u00a0\u00bbstretch_row\u00a0\u00bb content_placement=\u00a0\u00bbmiddle\u00a0\u00bb css=\u00a0\u00bb.vc_custom_1744576968878{margin-bottom: 50px !important;padding-top: 10% !important;padding-bottom: 5% !important;background: #1D0D4E url(https:\/\/casinocrashgames.com\/wp-content\/uploads\/2025\/04\/Background-Img.webp?id=219) !important;}\u00a0\u00bb][vc_column width=\u00a0\u00bb1\/2&Prime;][vc_single_image image=\u00a0\u00bb586&Prime; img_size=\u00a0\u00bb500&#215;280&Prime; alignment=\u00a0\u00bbcenter\u00a0\u00bb css=\u00a0\u00bb\u00a0\u00bb][\/vc_column][vc_column width=\u00a0\u00bb1\/2&Prime;][vc_column_text css=\u00a0\u00bb\u00a0\u00bb] [&hellip;]<\/p>\n","protected":false},"author":1,"featured_media":656,"parent":0,"menu_order":0,"comment_status":"closed","ping_status":"closed","template":"","meta":{"site-sidebar-layout":"default","site-content-layout":"plain-container","ast-site-content-layout":"default","site-content-style":"default","site-sidebar-style":"default","ast-global-header-display":"","ast-banner-title-visibility":"","ast-main-header-display":"","ast-hfb-above-header-display":"","ast-hfb-below-header-display":"","ast-hfb-mobile-header-display":"","site-post-title":"disabled","ast-breadcrumbs-content":"","ast-featured-img":"disabled","footer-sml-layout":"","theme-transparent-header-meta":"default","adv-header-id-meta":"","stick-header-meta":"default","header-above-stick-meta":"","header-main-stick-meta":"","header-below-stick-meta":"","astra-migrate-meta-layouts":"default","ast-page-background-enabled":"default","ast-page-background-meta":{"desktop":{"background-color":"var(--ast-global-color-5)","background-image":"","background-repeat":"repeat","background-position":"center center","background-size":"auto","background-attachment":"scroll","background-type":"","background-media":"","overlay-type":"","overlay-color":"","overlay-opacity":"","overlay-gradient":""},"tablet":{"background-color":"","background-image":"","background-repeat":"repeat","background-position":"center center","background-size":"auto","background-attachment":"scroll","background-type":"","background-media":"","overlay-type":"","overlay-color":"","overlay-opacity":"","overlay-gradient":""},"mobile":{"background-color":"","background-image":"","background-repeat":"repeat","background-position":"center center","background-size":"auto","background-attachment":"scroll","background-type":"","background-media":"","overlay-type":"","overlay-color":"","overlay-opacity":"","overlay-gradient":""}},"ast-content-background-meta":{"desktop":{"background-color":"var(--ast-global-color-4)","background-image":"","background-repeat":"repeat","background-position":"center center","background-size":"auto","background-attachment":"scroll","background-type":"","background-media":"","overlay-type":"","overlay-color":"","overlay-opacity":"","overlay-gradient":""},"tablet":{"background-color":"var(--ast-global-color-4)","background-image":"","background-repeat":"repeat","background-position":"center center","background-size":"auto","background-attachment":"scroll","background-type":"","background-media":"","overlay-type":"","overlay-color":"","overlay-opacity":"","overlay-gradient":""},"mobile":{"background-color":"var(--ast-global-color-4)","background-image":"","background-repeat":"repeat","background-position":"center center","background-size":"auto","background-attachment":"scroll","background-type":"","background-media":"","overlay-type":"","overlay-color":"","overlay-opacity":"","overlay-gradient":""}},"footnotes":""},"class_list":["post-852","page","type-page","status-publish","has-post-thumbnail","hentry"],"yoast_head":"<!-- This site is optimized with the Yoast SEO plugin v25.2 - https:\/\/yoast.com\/wordpress\/plugins\/seo\/ -->\n<title>Guide du jeu JetX | r\u00e8gles, strat\u00e9gie et mode d&#039;emploi<\/title>\n<meta name=\"description\" content=\"D\u00e9couvrez JetX de Smartsoft Gaming : gameplay, r\u00e8gles et strat\u00e9gies pour ce jeu de crash palpitant.\" \/>\n<meta name=\"robots\" content=\"index, follow, max-snippet:-1, max-image-preview:large, max-video-preview:-1\" \/>\n<link rel=\"canonical\" href=\"https:\/\/casinocrashgames.com\/fr\/jetx\/\" \/>\n<meta property=\"og:locale\" content=\"fr_FR\" \/>\n<meta property=\"og:type\" content=\"article\" \/>\n<meta property=\"og:title\" content=\"Guide du jeu JetX | r\u00e8gles, strat\u00e9gie et mode d&#039;emploi\" \/>\n<meta property=\"og:description\" content=\"D\u00e9couvrez JetX de Smartsoft Gaming : gameplay, r\u00e8gles et strat\u00e9gies pour ce jeu de crash palpitant.\" \/>\n<meta property=\"og:url\" content=\"https:\/\/casinocrashgames.com\/fr\/jetx\/\" \/>\n<meta property=\"og:site_name\" content=\"Casino Crash Games\" \/>\n<meta property=\"article:modified_time\" content=\"2025-06-12T20:45:19+00:00\" \/>\n<meta property=\"og:image\" content=\"https:\/\/casinocrashgames.com\/wp-content\/uploads\/2025\/05\/JetX-logo.webp\" \/>\n\t<meta property=\"og:image:width\" content=\"1280\" \/>\n\t<meta property=\"og:image:height\" content=\"720\" \/>\n\t<meta property=\"og:image:type\" content=\"image\/webp\" \/>\n<meta name=\"twitter:card\" content=\"summary_large_image\" \/>\n<meta name=\"twitter:label1\" content=\"Dur\u00e9e de lecture estim\u00e9e\" \/>\n\t<meta name=\"twitter:data1\" content=\"7 minutes\" \/>\n<script type=\"application\/ld+json\" class=\"yoast-schema-graph\">{\"@context\":\"https:\/\/schema.org\",\"@graph\":[{\"@type\":\"WebPage\",\"@id\":\"https:\/\/casinocrashgames.com\/fr\/jetx\/\",\"url\":\"https:\/\/casinocrashgames.com\/fr\/jetx\/\",\"name\":\"Guide du jeu JetX | r\u00e8gles, strat\u00e9gie et mode d'emploi\",\"isPartOf\":{\"@id\":\"https:\/\/casinocrashgames.com\/fr\/#website\"},\"primaryImageOfPage\":{\"@id\":\"https:\/\/casinocrashgames.com\/fr\/jetx\/#primaryimage\"},\"image\":{\"@id\":\"https:\/\/casinocrashgames.com\/fr\/jetx\/#primaryimage\"},\"thumbnailUrl\":\"https:\/\/casinocrashgames.com\/wp-content\/uploads\/2025\/05\/JetX-logo.webp\",\"datePublished\":\"2025-02-06T13:09:45+00:00\",\"dateModified\":\"2025-06-12T20:45:19+00:00\",\"description\":\"D\u00e9couvrez JetX de Smartsoft Gaming : gameplay, r\u00e8gles et strat\u00e9gies pour ce jeu de crash palpitant.\",\"breadcrumb\":{\"@id\":\"https:\/\/casinocrashgames.com\/fr\/jetx\/#breadcrumb\"},\"inLanguage\":\"fr-FR\",\"potentialAction\":[{\"@type\":\"ReadAction\",\"target\":[\"https:\/\/casinocrashgames.com\/fr\/jetx\/\"]}]},{\"@type\":\"ImageObject\",\"inLanguage\":\"fr-FR\",\"@id\":\"https:\/\/casinocrashgames.com\/fr\/jetx\/#primaryimage\",\"url\":\"https:\/\/casinocrashgames.com\/wp-content\/uploads\/2025\/05\/JetX-logo.webp\",\"contentUrl\":\"https:\/\/casinocrashgames.com\/wp-content\/uploads\/2025\/05\/JetX-logo.webp\",\"width\":1280,\"height\":720,\"caption\":\"JetX\"},{\"@type\":\"BreadcrumbList\",\"@id\":\"https:\/\/casinocrashgames.com\/fr\/jetx\/#breadcrumb\",\"itemListElement\":[{\"@type\":\"ListItem\",\"position\":1,\"name\":\"Home\",\"item\":\"https:\/\/casinocrashgames.com\/fr\/casino-crash-games\/\"},{\"@type\":\"ListItem\",\"position\":2,\"name\":\"JetX\"}]},{\"@type\":\"WebSite\",\"@id\":\"https:\/\/casinocrashgames.com\/fr\/#website\",\"url\":\"https:\/\/casinocrashgames.com\/fr\/\",\"name\":\"Casino Crash Games\",\"description\":\"CASH BEFORE YOU CRASH\",\"publisher\":{\"@id\":\"https:\/\/casinocrashgames.com\/fr\/#organization\"},\"potentialAction\":[{\"@type\":\"SearchAction\",\"target\":{\"@type\":\"EntryPoint\",\"urlTemplate\":\"https:\/\/casinocrashgames.com\/fr\/?s={search_term_string}\"},\"query-input\":{\"@type\":\"PropertyValueSpecification\",\"valueRequired\":true,\"valueName\":\"search_term_string\"}}],\"inLanguage\":\"fr-FR\"},{\"@type\":\"Organization\",\"@id\":\"https:\/\/casinocrashgames.com\/fr\/#organization\",\"name\":\"Casino Crash Games\",\"url\":\"https:\/\/casinocrashgames.com\/fr\/\",\"logo\":{\"@type\":\"ImageObject\",\"inLanguage\":\"fr-FR\",\"@id\":\"https:\/\/casinocrashgames.com\/fr\/#\/schema\/logo\/image\/\",\"url\":\"https:\/\/casinocrashgames.com\/wp-content\/uploads\/2025\/03\/cropped-Casino-Crash-Games-Logo-.webp\",\"contentUrl\":\"https:\/\/casinocrashgames.com\/wp-content\/uploads\/2025\/03\/cropped-Casino-Crash-Games-Logo-.webp\",\"width\":1045,\"height\":606,\"caption\":\"Casino Crash Games\"},\"image\":{\"@id\":\"https:\/\/casinocrashgames.com\/fr\/#\/schema\/logo\/image\/\"}}]}<\/script>\n<!-- \/ Yoast SEO plugin. -->","yoast_head_json":{"title":"Guide du jeu JetX | r\u00e8gles, strat\u00e9gie et mode d'emploi","description":"D\u00e9couvrez JetX de Smartsoft Gaming : gameplay, r\u00e8gles et strat\u00e9gies pour ce jeu de crash palpitant.","robots":{"index":"index","follow":"follow","max-snippet":"max-snippet:-1","max-image-preview":"max-image-preview:large","max-video-preview":"max-video-preview:-1"},"canonical":"https:\/\/casinocrashgames.com\/fr\/jetx\/","og_locale":"fr_FR","og_type":"article","og_title":"Guide du jeu JetX | r\u00e8gles, strat\u00e9gie et mode d'emploi","og_description":"D\u00e9couvrez JetX de Smartsoft Gaming : gameplay, r\u00e8gles et strat\u00e9gies pour ce jeu de crash palpitant.","og_url":"https:\/\/casinocrashgames.com\/fr\/jetx\/","og_site_name":"Casino Crash Games","article_modified_time":"2025-06-12T20:45:19+00:00","og_image":[{"width":1280,"height":720,"url":"https:\/\/casinocrashgames.com\/wp-content\/uploads\/2025\/05\/JetX-logo.webp","type":"image\/webp"}],"twitter_card":"summary_large_image","twitter_misc":{"Dur\u00e9e de lecture estim\u00e9e":"7 minutes"},"schema":{"@context":"https:\/\/schema.org","@graph":[{"@type":"WebPage","@id":"https:\/\/casinocrashgames.com\/fr\/jetx\/","url":"https:\/\/casinocrashgames.com\/fr\/jetx\/","name":"Guide du jeu JetX | r\u00e8gles, strat\u00e9gie et mode d'emploi","isPartOf":{"@id":"https:\/\/casinocrashgames.com\/fr\/#website"},"primaryImageOfPage":{"@id":"https:\/\/casinocrashgames.com\/fr\/jetx\/#primaryimage"},"image":{"@id":"https:\/\/casinocrashgames.com\/fr\/jetx\/#primaryimage"},"thumbnailUrl":"https:\/\/casinocrashgames.com\/wp-content\/uploads\/2025\/05\/JetX-logo.webp","datePublished":"2025-02-06T13:09:45+00:00","dateModified":"2025-06-12T20:45:19+00:00","description":"D\u00e9couvrez JetX de Smartsoft Gaming : gameplay, r\u00e8gles et strat\u00e9gies pour ce jeu de crash palpitant.","breadcrumb":{"@id":"https:\/\/casinocrashgames.com\/fr\/jetx\/#breadcrumb"},"inLanguage":"fr-FR","potentialAction":[{"@type":"ReadAction","target":["https:\/\/casinocrashgames.com\/fr\/jetx\/"]}]},{"@type":"ImageObject","inLanguage":"fr-FR","@id":"https:\/\/casinocrashgames.com\/fr\/jetx\/#primaryimage","url":"https:\/\/casinocrashgames.com\/wp-content\/uploads\/2025\/05\/JetX-logo.webp","contentUrl":"https:\/\/casinocrashgames.com\/wp-content\/uploads\/2025\/05\/JetX-logo.webp","width":1280,"height":720,"caption":"JetX"},{"@type":"BreadcrumbList","@id":"https:\/\/casinocrashgames.com\/fr\/jetx\/#breadcrumb","itemListElement":[{"@type":"ListItem","position":1,"name":"Home","item":"https:\/\/casinocrashgames.com\/fr\/casino-crash-games\/"},{"@type":"ListItem","position":2,"name":"JetX"}]},{"@type":"WebSite","@id":"https:\/\/casinocrashgames.com\/fr\/#website","url":"https:\/\/casinocrashgames.com\/fr\/","name":"Casino Crash Games","description":"CASH BEFORE YOU CRASH","publisher":{"@id":"https:\/\/casinocrashgames.com\/fr\/#organization"},"potentialAction":[{"@type":"SearchAction","target":{"@type":"EntryPoint","urlTemplate":"https:\/\/casinocrashgames.com\/fr\/?s={search_term_string}"},"query-input":{"@type":"PropertyValueSpecification","valueRequired":true,"valueName":"search_term_string"}}],"inLanguage":"fr-FR"},{"@type":"Organization","@id":"https:\/\/casinocrashgames.com\/fr\/#organization","name":"Casino Crash Games","url":"https:\/\/casinocrashgames.com\/fr\/","logo":{"@type":"ImageObject","inLanguage":"fr-FR","@id":"https:\/\/casinocrashgames.com\/fr\/#\/schema\/logo\/image\/","url":"https:\/\/casinocrashgames.com\/wp-content\/uploads\/2025\/03\/cropped-Casino-Crash-Games-Logo-.webp","contentUrl":"https:\/\/casinocrashgames.com\/wp-content\/uploads\/2025\/03\/cropped-Casino-Crash-Games-Logo-.webp","width":1045,"height":606,"caption":"Casino Crash Games"},"image":{"@id":"https:\/\/casinocrashgames.com\/fr\/#\/schema\/logo\/image\/"}}]}},"_links":{"self":[{"href":"https:\/\/casinocrashgames.com\/fr\/wp-json\/wp\/v2\/pages\/852","targetHints":{"allow":["GET"]}}],"collection":[{"href":"https:\/\/casinocrashgames.com\/fr\/wp-json\/wp\/v2\/pages"}],"about":[{"href":"https:\/\/casinocrashgames.com\/fr\/wp-json\/wp\/v2\/types\/page"}],"author":[{"embeddable":true,"href":"https:\/\/casinocrashgames.com\/fr\/wp-json\/wp\/v2\/users\/1"}],"replies":[{"embeddable":true,"href":"https:\/\/casinocrashgames.com\/fr\/wp-json\/wp\/v2\/comments?post=852"}],"version-history":[{"count":11,"href":"https:\/\/casinocrashgames.com\/fr\/wp-json\/wp\/v2\/pages\/852\/revisions"}],"predecessor-version":[{"id":1081,"href":"https:\/\/casinocrashgames.com\/fr\/wp-json\/wp\/v2\/pages\/852\/revisions\/1081"}],"wp:featuredmedia":[{"embeddable":true,"href":"https:\/\/casinocrashgames.com\/fr\/wp-json\/wp\/v2\/media\/656"}],"wp:attachment":[{"href":"https:\/\/casinocrashgames.com\/fr\/wp-json\/wp\/v2\/media?parent=852"}],"curies":[{"name":"wp","href":"https:\/\/api.w.org\/{rel}","templated":true}]}}