{"id":844,"date":"2025-02-06T13:10:21","date_gmt":"2025-02-06T13:10:21","guid":{"rendered":"https:\/\/casinocrashgames.com\/fournisseurs\/"},"modified":"2025-06-23T07:35:59","modified_gmt":"2025-06-23T07:35:59","slug":"fournisseurs","status":"publish","type":"page","link":"https:\/\/casinocrashgames.com\/fr\/fournisseurs\/","title":{"rendered":"Fournisseurs"},"content":{"rendered":"<div class=\"wpb-content-wrapper\"><p>[vc_row full_width=\u00a0\u00bbstretch_row\u00a0\u00bb content_placement=\u00a0\u00bbmiddle\u00a0\u00bb css=\u00a0\u00bb.vc_custom_1744577018679{margin-bottom: 50px !important;padding-top: 10% !important;padding-bottom: 5% !important;background: #1D0D4E url(https:\/\/casinocrashgames.com\/wp-content\/uploads\/2025\/04\/Background-Img.webp?id=219) !important;}\u00a0\u00bb][vc_column width=\u00a0\u00bb1\/2&Prime;][vc_single_image image=\u00a0\u00bb576&Prime; img_size=\u00a0\u00bb400&Prime; alignment=\u00a0\u00bbcenter\u00a0\u00bb css=\u00a0\u00bb\u00a0\u00bb][\/vc_column][vc_column width=\u00a0\u00bb1\/2&Prime;][vc_column_text css=\u00a0\u00bb\u00a0\u00bb]<\/p>\n<h1><span style=\"color: #fcc500;\">Fournisseurs de Jeux Crash<\/span><\/h1>\n<p><span style=\"color: #ffffff;\">Plusieurs fournisseurs se sont fait conna\u00eetre pour leurs contributions au march\u00e9 des jeux de crash. Spribe, Smartsoft Gaming et Turbo Games figurent parmi les d\u00e9veloppeurs les plus populaires, chacun offrant sa propre interpr\u00e9tation distincte de ce style de jeu. <\/span>[\/vc_column_text][\/vc_column][\/vc_row][vc_row][vc_column][vc_column_text css=\u00a0\u00bb\u00a0\u00bb]<\/p>\n<h2 data-sourcepos=\"9:1-9:40\"><strong>Fournisseurs populaires de jeux de crash<\/strong><\/h2>\n<p data-sourcepos=\"11:1-11:301\">Le genre des jeux de crash est fa\u00e7onn\u00e9 par une poign\u00e9e de fournisseurs innovants qui ont introduit des m\u00e9canismes de jeu uniques et des visuels captivants. Des entreprises comme Spribe, Smartsoft Gaming et Turbo Games ont chacune contribu\u00e9 de mani\u00e8re significative \u00e0 la popularit\u00e9 de ces jeux, \u00e9tablissant des tendances et influen\u00e7ant l&rsquo;orientation du d\u00e9veloppement des jeux de crash. <\/p>\n<p>[\/vc_column_text][\/vc_column][\/vc_row][vc_row css=\u00a0\u00bb.vc_custom_1743991589675{margin-bottom: 25px !important;}\u00a0\u00bb][vc_column width=\u00a0\u00bb1\/4&Prime;][vc_single_image image=\u00a0\u00bb541&Prime; img_size=\u00a0\u00bblarge\u00a0\u00bb css=\u00a0\u00bb\u00a0\u00bb][\/vc_column][vc_column width=\u00a0\u00bb3\/4&Prime;][vc_column_text css=\u00a0\u00bb.vc_custom_1745483494007{margin-bottom: 15px !important;}\u00a0\u00bb]<\/p>\n<h3>Spribe<\/h3>\n<p>Spribe se sp\u00e9cialise dans les jeux rapides et interactifs qui m\u00ealent des \u00e9l\u00e9ments de comp\u00e9tence et de chance, cr\u00e9ant ainsi une exp\u00e9rience palpitante pour les joueurs. Connue pour son titre r\u00e9volutionnaire, <a href=\"https:\/\/casinocrashgames.com\/fr\/aviator\/\"><strong>Aviator<\/strong><\/a>, Spribe se concentre sur des conceptions innovantes et engageantes avec des graphismes modernes et une forte composante sociale.[\/vc_column_text][vc_btn title=\u00a0\u00bbEn savoir plus\u00a0\u00bb color=\u00a0\u00bbwarning\u00a0\u00bb css=\u00a0\u00bb.vc_custom_1745483436022{padding-top: 5px !important;}\u00a0\u00bb link=\u00a0\u00bburl:https%3A%2F%2Fcasinocrashgames.com%2Ffr%2Ffournisseurs%2Fspribe%2F|title:Spribe|\u00a0\u00bb][\/vc_column][\/vc_row][vc_row css=\u00a0\u00bb.vc_custom_1743991589675{margin-bottom: 25px !important;}\u00a0\u00bb][vc_column width=\u00a0\u00bb1\/4&Prime;][vc_single_image image=\u00a0\u00bb536&Prime; img_size=\u00a0\u00bblarge\u00a0\u00bb css=\u00a0\u00bb\u00a0\u00bb][\/vc_column][vc_column width=\u00a0\u00bb3\/4&Prime;][vc_column_text css=\u00a0\u00bb.vc_custom_1745483484989{margin-bottom: 15px !important;}\u00a0\u00bb]<\/p>\n<h3>Smartsoft Gaming<\/h3>\n<p>Smartsoft Gaming est un fournisseur de premier plan de jeux de crash visuellement attrayants avec un gameplay immersif. Leur titre phare, <a href=\"https:\/\/casinocrashgames.com\/fr\/jetx\/\"><strong>JetX<\/strong><\/a>, a \u00e9tabli de nouvelles normes dans le genre avec ses m\u00e9canismes innovants et son exp\u00e9rience multijoueur captivante. Ce fournisseur s&rsquo;engage \u00e0 repousser les limites du jeu en ligne en int\u00e9grant des fonctionnalit\u00e9s uniques et des principes de jeu \u00e9quitable.[\/vc_column_text][vc_btn title=\u00a0\u00bbEn savoir plus\u00a0\u00bb color=\u00a0\u00bbwarning\u00a0\u00bb css=\u00a0\u00bb.vc_custom_1745483451585{padding-top: 5px !important;}\u00a0\u00bb link=\u00a0\u00bburl:https%3A%2F%2Fcasinocrashgames.com%2Ffr%2Ffournisseurs%2Fsmartsoft-gaming%2F|title:Smartsoft%20Gaming|\u00a0\u00bb][\/vc_column][\/vc_row][vc_row css=\u00a0\u00bb.vc_custom_1743991589675{margin-bottom: 25px !important;}\u00a0\u00bb][vc_column width=\u00a0\u00bb1\/4&Prime;][vc_single_image image=\u00a0\u00bb546&Prime; img_size=\u00a0\u00bblarge\u00a0\u00bb css=\u00a0\u00bb\u00a0\u00bb][\/vc_column][vc_column width=\u00a0\u00bb3\/4&Prime;][vc_column_text css=\u00a0\u00bb.vc_custom_1745483474364{margin-bottom: 15px !important;}\u00a0\u00bb]<\/p>\n<h3><strong>Turbo Games<\/strong><\/h3>\n<p>Turbo Games propose des jeux de crash \u00e0 grande vitesse et pleins d&rsquo;adr\u00e9naline qui s&rsquo;adressent aussi bien aux joueurs occasionnels qu&rsquo;aux professionnels. Notamment, ils sont les cr\u00e9ateurs de <strong><a href=\"https:\/\/casinocrashgames.com\/fr\/crash-x\/\">Crash X,<\/a><\/strong> qui met l&rsquo;accent sur la simplicit\u00e9 et l&rsquo;excitation, les rendant accessibles \u00e0 un large \u00e9ventail de publics. Avec un accent fort sur la fiabilit\u00e9 et l&rsquo;\u00e9quit\u00e9, Turbo Games s&rsquo;est b\u00e2ti une r\u00e9putation de fournisseur de confiance sur le march\u00e9 des jeux de crash.[\/vc_column_text][vc_btn title=\u00a0\u00bbEn savoir plus\u00a0\u00bb color=\u00a0\u00bbwarning\u00a0\u00bb css=\u00a0\u00bb.vc_custom_1745483465027{padding-top: 5px !important;}\u00a0\u00bb link=\u00a0\u00bburl:https%3A%2F%2Fcasinocrashgames.com%2Ffr%2Ffournisseurs%2Fturbo-games%2F|title:Turbo%20Games|\u00a0\u00bb][\/vc_column][\/vc_row]<\/p>\n<\/div>","protected":false},"excerpt":{"rendered":"<p>[vc_row full_width=\u00a0\u00bbstretch_row\u00a0\u00bb content_placement=\u00a0\u00bbmiddle\u00a0\u00bb css=\u00a0\u00bb.vc_custom_1744577018679{margin-bottom: 50px !important;padding-top: 10% !important;padding-bottom: 5% !important;background: #1D0D4E url(https:\/\/casinocrashgames.com\/wp-content\/uploads\/2025\/04\/Background-Img.webp?id=219) !important;}\u00a0\u00bb][vc_column width=\u00a0\u00bb1\/2&Prime;][vc_single_image image=\u00a0\u00bb576&Prime; img_size=\u00a0\u00bb400&Prime; alignment=\u00a0\u00bbcenter\u00a0\u00bb css=\u00a0\u00bb\u00a0\u00bb][\/vc_column][vc_column width=\u00a0\u00bb1\/2&Prime;][vc_column_text css=\u00a0\u00bb\u00a0\u00bb] [&hellip;]<\/p>\n","protected":false},"author":1,"featured_media":576,"parent":0,"menu_order":0,"comment_status":"closed","ping_status":"closed","template":"","meta":{"site-sidebar-layout":"default","site-content-layout":"plain-container","ast-site-content-layout":"default","site-content-style":"default","site-sidebar-style":"default","ast-global-header-display":"","ast-banner-title-visibility":"","ast-main-header-display":"","ast-hfb-above-header-display":"","ast-hfb-below-header-display":"","ast-hfb-mobile-header-display":"","site-post-title":"disabled","ast-breadcrumbs-content":"","ast-featured-img":"disabled","footer-sml-layout":"","theme-transparent-header-meta":"default","adv-header-id-meta":"","stick-header-meta":"default","header-above-stick-meta":"","header-main-stick-meta":"","header-below-stick-meta":"","astra-migrate-meta-layouts":"default","ast-page-background-enabled":"default","ast-page-background-meta":{"desktop":{"background-color":"var(--ast-global-color-5)","background-image":"","background-repeat":"repeat","background-position":"center center","background-size":"auto","background-attachment":"scroll","background-type":"","background-media":"","overlay-type":"","overlay-color":"","overlay-opacity":"","overlay-gradient":""},"tablet":{"background-color":"","background-image":"","background-repeat":"repeat","background-position":"center center","background-size":"auto","background-attachment":"scroll","background-type":"","background-media":"","overlay-type":"","overlay-color":"","overlay-opacity":"","overlay-gradient":""},"mobile":{"background-color":"","background-image":"","background-repeat":"repeat","background-position":"center center","background-size":"auto","background-attachment":"scroll","background-type":"","background-media":"","overlay-type":"","overlay-color":"","overlay-opacity":"","overlay-gradient":""}},"ast-content-background-meta":{"desktop":{"background-color":"var(--ast-global-color-4)","background-image":"","background-repeat":"repeat","background-position":"center center","background-size":"auto","background-attachment":"scroll","background-type":"","background-media":"","overlay-type":"","overlay-color":"","overlay-opacity":"","overlay-gradient":""},"tablet":{"background-color":"var(--ast-global-color-4)","background-image":"","background-repeat":"repeat","background-position":"center center","background-size":"auto","background-attachment":"scroll","background-type":"","background-media":"","overlay-type":"","overlay-color":"","overlay-opacity":"","overlay-gradient":""},"mobile":{"background-color":"var(--ast-global-color-4)","background-image":"","background-repeat":"repeat","background-position":"center center","background-size":"auto","background-attachment":"scroll","background-type":"","background-media":"","overlay-type":"","overlay-color":"","overlay-opacity":"","overlay-gradient":""}},"footnotes":""},"class_list":["post-844","page","type-page","status-publish","has-post-thumbnail","hentry"],"yoast_head":"<!-- This site is optimized with the Yoast SEO plugin v25.2 - https:\/\/yoast.com\/wordpress\/plugins\/seo\/ -->\n<title>Fournisseurs de Crash Game | Spribe, Smartsoft et informations sur Turbo Games<\/title>\n<meta name=\"description\" content=\"Explorez les principaux fournisseurs de Crash Game tels que Spribe, Smartsoft Gaming et Turbo Games. Apprenez-en davantage sur les entreprises derri\u00e8re Aviator, JetX et Crash X\" \/>\n<meta name=\"robots\" content=\"index, follow, max-snippet:-1, max-image-preview:large, max-video-preview:-1\" \/>\n<link rel=\"canonical\" href=\"https:\/\/casinocrashgames.com\/fr\/fournisseurs\/\" \/>\n<meta property=\"og:locale\" content=\"fr_FR\" \/>\n<meta property=\"og:type\" content=\"article\" \/>\n<meta property=\"og:title\" content=\"Fournisseurs de Crash Game | Spribe, Smartsoft et informations sur Turbo Games\" \/>\n<meta property=\"og:description\" content=\"Explorez les principaux fournisseurs de Crash Game tels que Spribe, Smartsoft Gaming et Turbo Games. Apprenez-en davantage sur les entreprises derri\u00e8re Aviator, JetX et Crash X\" \/>\n<meta property=\"og:url\" content=\"https:\/\/casinocrashgames.com\/fr\/fournisseurs\/\" \/>\n<meta property=\"og:site_name\" content=\"Casino Crash Games\" \/>\n<meta property=\"article:modified_time\" content=\"2025-06-23T07:35:59+00:00\" \/>\n<meta property=\"og:image\" content=\"https:\/\/casinocrashgames.com\/wp-content\/uploads\/2025\/04\/Casino-Crash-Games-Providers.webp\" \/>\n\t<meta property=\"og:image:width\" content=\"400\" \/>\n\t<meta property=\"og:image:height\" content=\"400\" \/>\n\t<meta property=\"og:image:type\" content=\"image\/webp\" \/>\n<meta name=\"twitter:card\" content=\"summary_large_image\" \/>\n<meta name=\"twitter:label1\" content=\"Dur\u00e9e de lecture estim\u00e9e\" \/>\n\t<meta name=\"twitter:data1\" content=\"3 minutes\" \/>\n<script type=\"application\/ld+json\" class=\"yoast-schema-graph\">{\"@context\":\"https:\/\/schema.org\",\"@graph\":[{\"@type\":\"WebPage\",\"@id\":\"https:\/\/casinocrashgames.com\/fr\/fournisseurs\/\",\"url\":\"https:\/\/casinocrashgames.com\/fr\/fournisseurs\/\",\"name\":\"Fournisseurs de Crash Game | Spribe, Smartsoft et informations sur Turbo Games\",\"isPartOf\":{\"@id\":\"https:\/\/casinocrashgames.com\/fr\/#website\"},\"primaryImageOfPage\":{\"@id\":\"https:\/\/casinocrashgames.com\/fr\/fournisseurs\/#primaryimage\"},\"image\":{\"@id\":\"https:\/\/casinocrashgames.com\/fr\/fournisseurs\/#primaryimage\"},\"thumbnailUrl\":\"https:\/\/casinocrashgames.com\/wp-content\/uploads\/2025\/04\/Casino-Crash-Games-Providers.webp\",\"datePublished\":\"2025-02-06T13:10:21+00:00\",\"dateModified\":\"2025-06-23T07:35:59+00:00\",\"description\":\"Explorez les principaux fournisseurs de Crash Game tels que Spribe, Smartsoft Gaming et Turbo Games. Apprenez-en davantage sur les entreprises derri\u00e8re Aviator, JetX et Crash X\",\"breadcrumb\":{\"@id\":\"https:\/\/casinocrashgames.com\/fr\/fournisseurs\/#breadcrumb\"},\"inLanguage\":\"fr-FR\",\"potentialAction\":[{\"@type\":\"ReadAction\",\"target\":[\"https:\/\/casinocrashgames.com\/fr\/fournisseurs\/\"]}]},{\"@type\":\"ImageObject\",\"inLanguage\":\"fr-FR\",\"@id\":\"https:\/\/casinocrashgames.com\/fr\/fournisseurs\/#primaryimage\",\"url\":\"https:\/\/casinocrashgames.com\/wp-content\/uploads\/2025\/04\/Casino-Crash-Games-Providers.webp\",\"contentUrl\":\"https:\/\/casinocrashgames.com\/wp-content\/uploads\/2025\/04\/Casino-Crash-Games-Providers.webp\",\"width\":400,\"height\":400,\"caption\":\"Casino Crash Games - Providers\"},{\"@type\":\"BreadcrumbList\",\"@id\":\"https:\/\/casinocrashgames.com\/fr\/fournisseurs\/#breadcrumb\",\"itemListElement\":[{\"@type\":\"ListItem\",\"position\":1,\"name\":\"Home\",\"item\":\"https:\/\/casinocrashgames.com\/fr\/casino-crash-games\/\"},{\"@type\":\"ListItem\",\"position\":2,\"name\":\"Fournisseurs\"}]},{\"@type\":\"WebSite\",\"@id\":\"https:\/\/casinocrashgames.com\/fr\/#website\",\"url\":\"https:\/\/casinocrashgames.com\/fr\/\",\"name\":\"Casino Crash Games\",\"description\":\"CASH BEFORE YOU CRASH\",\"publisher\":{\"@id\":\"https:\/\/casinocrashgames.com\/fr\/#organization\"},\"potentialAction\":[{\"@type\":\"SearchAction\",\"target\":{\"@type\":\"EntryPoint\",\"urlTemplate\":\"https:\/\/casinocrashgames.com\/fr\/?s={search_term_string}\"},\"query-input\":{\"@type\":\"PropertyValueSpecification\",\"valueRequired\":true,\"valueName\":\"search_term_string\"}}],\"inLanguage\":\"fr-FR\"},{\"@type\":\"Organization\",\"@id\":\"https:\/\/casinocrashgames.com\/fr\/#organization\",\"name\":\"Casino Crash Games\",\"url\":\"https:\/\/casinocrashgames.com\/fr\/\",\"logo\":{\"@type\":\"ImageObject\",\"inLanguage\":\"fr-FR\",\"@id\":\"https:\/\/casinocrashgames.com\/fr\/#\/schema\/logo\/image\/\",\"url\":\"https:\/\/casinocrashgames.com\/wp-content\/uploads\/2025\/03\/cropped-Casino-Crash-Games-Logo-.webp\",\"contentUrl\":\"https:\/\/casinocrashgames.com\/wp-content\/uploads\/2025\/03\/cropped-Casino-Crash-Games-Logo-.webp\",\"width\":1045,\"height\":606,\"caption\":\"Casino Crash Games\"},\"image\":{\"@id\":\"https:\/\/casinocrashgames.com\/fr\/#\/schema\/logo\/image\/\"}}]}<\/script>\n<!-- \/ Yoast SEO plugin. -->","yoast_head_json":{"title":"Fournisseurs de Crash Game | Spribe, Smartsoft et informations sur Turbo Games","description":"Explorez les principaux fournisseurs de Crash Game tels que Spribe, Smartsoft Gaming et Turbo Games. Apprenez-en davantage sur les entreprises derri\u00e8re Aviator, JetX et Crash X","robots":{"index":"index","follow":"follow","max-snippet":"max-snippet:-1","max-image-preview":"max-image-preview:large","max-video-preview":"max-video-preview:-1"},"canonical":"https:\/\/casinocrashgames.com\/fr\/fournisseurs\/","og_locale":"fr_FR","og_type":"article","og_title":"Fournisseurs de Crash Game | Spribe, Smartsoft et informations sur Turbo Games","og_description":"Explorez les principaux fournisseurs de Crash Game tels que Spribe, Smartsoft Gaming et Turbo Games. Apprenez-en davantage sur les entreprises derri\u00e8re Aviator, JetX et Crash X","og_url":"https:\/\/casinocrashgames.com\/fr\/fournisseurs\/","og_site_name":"Casino Crash Games","article_modified_time":"2025-06-23T07:35:59+00:00","og_image":[{"width":400,"height":400,"url":"https:\/\/casinocrashgames.com\/wp-content\/uploads\/2025\/04\/Casino-Crash-Games-Providers.webp","type":"image\/webp"}],"twitter_card":"summary_large_image","twitter_misc":{"Dur\u00e9e de lecture estim\u00e9e":"3 minutes"},"schema":{"@context":"https:\/\/schema.org","@graph":[{"@type":"WebPage","@id":"https:\/\/casinocrashgames.com\/fr\/fournisseurs\/","url":"https:\/\/casinocrashgames.com\/fr\/fournisseurs\/","name":"Fournisseurs de Crash Game | Spribe, Smartsoft et informations sur Turbo Games","isPartOf":{"@id":"https:\/\/casinocrashgames.com\/fr\/#website"},"primaryImageOfPage":{"@id":"https:\/\/casinocrashgames.com\/fr\/fournisseurs\/#primaryimage"},"image":{"@id":"https:\/\/casinocrashgames.com\/fr\/fournisseurs\/#primaryimage"},"thumbnailUrl":"https:\/\/casinocrashgames.com\/wp-content\/uploads\/2025\/04\/Casino-Crash-Games-Providers.webp","datePublished":"2025-02-06T13:10:21+00:00","dateModified":"2025-06-23T07:35:59+00:00","description":"Explorez les principaux fournisseurs de Crash Game tels que Spribe, Smartsoft Gaming et Turbo Games. Apprenez-en davantage sur les entreprises derri\u00e8re Aviator, JetX et Crash X","breadcrumb":{"@id":"https:\/\/casinocrashgames.com\/fr\/fournisseurs\/#breadcrumb"},"inLanguage":"fr-FR","potentialAction":[{"@type":"ReadAction","target":["https:\/\/casinocrashgames.com\/fr\/fournisseurs\/"]}]},{"@type":"ImageObject","inLanguage":"fr-FR","@id":"https:\/\/casinocrashgames.com\/fr\/fournisseurs\/#primaryimage","url":"https:\/\/casinocrashgames.com\/wp-content\/uploads\/2025\/04\/Casino-Crash-Games-Providers.webp","contentUrl":"https:\/\/casinocrashgames.com\/wp-content\/uploads\/2025\/04\/Casino-Crash-Games-Providers.webp","width":400,"height":400,"caption":"Casino Crash Games - Providers"},{"@type":"BreadcrumbList","@id":"https:\/\/casinocrashgames.com\/fr\/fournisseurs\/#breadcrumb","itemListElement":[{"@type":"ListItem","position":1,"name":"Home","item":"https:\/\/casinocrashgames.com\/fr\/casino-crash-games\/"},{"@type":"ListItem","position":2,"name":"Fournisseurs"}]},{"@type":"WebSite","@id":"https:\/\/casinocrashgames.com\/fr\/#website","url":"https:\/\/casinocrashgames.com\/fr\/","name":"Casino Crash Games","description":"CASH BEFORE YOU CRASH","publisher":{"@id":"https:\/\/casinocrashgames.com\/fr\/#organization"},"potentialAction":[{"@type":"SearchAction","target":{"@type":"EntryPoint","urlTemplate":"https:\/\/casinocrashgames.com\/fr\/?s={search_term_string}"},"query-input":{"@type":"PropertyValueSpecification","valueRequired":true,"valueName":"search_term_string"}}],"inLanguage":"fr-FR"},{"@type":"Organization","@id":"https:\/\/casinocrashgames.com\/fr\/#organization","name":"Casino Crash Games","url":"https:\/\/casinocrashgames.com\/fr\/","logo":{"@type":"ImageObject","inLanguage":"fr-FR","@id":"https:\/\/casinocrashgames.com\/fr\/#\/schema\/logo\/image\/","url":"https:\/\/casinocrashgames.com\/wp-content\/uploads\/2025\/03\/cropped-Casino-Crash-Games-Logo-.webp","contentUrl":"https:\/\/casinocrashgames.com\/wp-content\/uploads\/2025\/03\/cropped-Casino-Crash-Games-Logo-.webp","width":1045,"height":606,"caption":"Casino Crash Games"},"image":{"@id":"https:\/\/casinocrashgames.com\/fr\/#\/schema\/logo\/image\/"}}]}},"_links":{"self":[{"href":"https:\/\/casinocrashgames.com\/fr\/wp-json\/wp\/v2\/pages\/844","targetHints":{"allow":["GET"]}}],"collection":[{"href":"https:\/\/casinocrashgames.com\/fr\/wp-json\/wp\/v2\/pages"}],"about":[{"href":"https:\/\/casinocrashgames.com\/fr\/wp-json\/wp\/v2\/types\/page"}],"author":[{"embeddable":true,"href":"https:\/\/casinocrashgames.com\/fr\/wp-json\/wp\/v2\/users\/1"}],"replies":[{"embeddable":true,"href":"https:\/\/casinocrashgames.com\/fr\/wp-json\/wp\/v2\/comments?post=844"}],"version-history":[{"count":11,"href":"https:\/\/casinocrashgames.com\/fr\/wp-json\/wp\/v2\/pages\/844\/revisions"}],"predecessor-version":[{"id":1222,"href":"https:\/\/casinocrashgames.com\/fr\/wp-json\/wp\/v2\/pages\/844\/revisions\/1222"}],"wp:featuredmedia":[{"embeddable":true,"href":"https:\/\/casinocrashgames.com\/fr\/wp-json\/wp\/v2\/media\/576"}],"wp:attachment":[{"href":"https:\/\/casinocrashgames.com\/fr\/wp-json\/wp\/v2\/media?parent=844"}],"curies":[{"name":"wp","href":"https:\/\/api.w.org\/{rel}","templated":true}]}}