{"id":1090,"date":"2025-01-23T15:01:03","date_gmt":"2025-01-23T15:01:03","guid":{"rendered":"https:\/\/casinocrashgames.com\/politique-de-confidentialite\/"},"modified":"2025-01-23T15:01:03","modified_gmt":"2025-01-23T15:01:03","slug":"politique-de-confidentialite","status":"publish","type":"page","link":"https:\/\/casinocrashgames.com\/fr\/politique-de-confidentialite\/","title":{"rendered":"Politique de confidentialit\u00e9"},"content":{"rendered":"<h1>Politique de confidentialit\u00e9<\/h1>\n<p>Le site internet <a href=\"https:\/\/casinocrashgames.com\/fr\/\">casinocrashgames.com<\/a> s&rsquo;engage express\u00e9ment \u00e0 prot\u00e9ger la vie priv\u00e9e de ses utilisateurs finaux. Cette d\u00e9claration de confidentialit\u00e9 \u00e9tablit les pratiques de protection des donn\u00e9es du Responsable du traitement, y compris la mani\u00e8re dont il collecte, utilise et prot\u00e8ge vos donn\u00e9es personnelles, ainsi que vos droits associ\u00e9s \u00e0 ces donn\u00e9es personnelles. <\/p>\n<h2>Adresse IP et cookies<\/h2>\n<p>Le site internet casinocrashgames.com enregistre les adresses IP et collecte des cookies sur son site, qu&rsquo;il utilise uniquement \u00e0 des fins d&rsquo;analyse et de mesure du trafic dans Google Analytics. Les cookies sont de petits fichiers qui permettent aux sites web ou aux fournisseurs de services de reconna\u00eetre le navigateur, de capturer et de m\u00e9moriser certaines informations. Cela peut inclure des informations de session, notamment les temps de r\u00e9ponse des pages, la dur\u00e9e des visites sur certaines pages, les informations d&rsquo;interaction avec les pages, les m\u00e9thodes utilis\u00e9es pour naviguer sur le site, des informations sur le navigateur web, l&rsquo;appareil mobile et de bureau et leurs r\u00e9solutions, l&rsquo;\u00e2ge, les int\u00e9r\u00eats ou la localisation du visiteur du site. En utilisant ce site, vous consentez \u00e0 l&rsquo;utilisation de cookies. Cependant, vous pouvez \u00e9galement supprimer les cookies de votre disque en suivant les instructions de votre navigateur. Il est important de noter que les services tiers tels que Google Analytics peuvent avoir leurs propres politiques concernant la collecte et le stockage d&rsquo;informations.     <\/p>\n<h2>Liens tiers<\/h2>\n<p>Le site internet se r\u00e9serve le droit d&rsquo;inclure ou d&rsquo;offrir des jeux ou services tiers sur ce site. Ces jeux, services, liens ou applications tiers ont des politiques de confidentialit\u00e9 distinctes et ind\u00e9pendantes. Le site internet n&rsquo;est pas responsable du contenu et du fonctionnement de ces sites li\u00e9s. Dans son propre int\u00e9r\u00eat, il cherche \u00e0 prot\u00e9ger l&rsquo;int\u00e9grit\u00e9 de ce site et accueille toute suggestion et tout commentaire des utilisateurs.   <\/p>\n<p>Toutes les informations sur ce site sont fournies \u00e0 titre informatif uniquement et sont destin\u00e9es aux utilisateurs <b><strong>\u00e2g\u00e9s de plus de 18 ou 21 ans<\/strong><\/b>. En raison de la variabilit\u00e9 des lois et r\u00e9glementations de l&rsquo;industrie du jeu en ligne \u00e0 travers le monde, il incombe \u00e0 l&rsquo;utilisateur de se familiariser pleinement avec la l\u00e9gislation en vigueur dans sa localit\u00e9.  <b><strong>L&rsquo;utilisateur est enti\u00e8rement responsable du respect de toutes les lois locales applicables.<\/strong><\/b><\/p>\n<h2>Votre consentement<\/h2>\n<p>En utilisant ce site, vous acceptez cette d\u00e9claration de confidentialit\u00e9 et de protection des donn\u00e9es.<\/p>\n<h2>Modifications de la Politique de confidentialit\u00e9<\/h2>\n<p>Si le site internet d\u00e9cide de modifier sa Politique de confidentialit\u00e9, il publiera ces modifications sur cette page.<\/p>\n","protected":false},"excerpt":{"rendered":"<p>Politique de confidentialit\u00e9 Le site internet casinocrashgames.com s&rsquo;engage express\u00e9ment \u00e0 prot\u00e9ger la vie priv\u00e9e de ses utilisateurs finaux. Cette d\u00e9claration [&hellip;]<\/p>\n","protected":false},"author":1,"featured_media":0,"parent":0,"menu_order":0,"comment_status":"closed","ping_status":"closed","template":"","meta":{"site-sidebar-layout":"default","site-content-layout":"","ast-site-content-layout":"default","site-content-style":"default","site-sidebar-style":"default","ast-global-header-display":"","ast-banner-title-visibility":"","ast-main-header-display":"","ast-hfb-above-header-display":"","ast-hfb-below-header-display":"","ast-hfb-mobile-header-display":"","site-post-title":"disabled","ast-breadcrumbs-content":"disabled","ast-featured-img":"","footer-sml-layout":"","theme-transparent-header-meta":"disabled","adv-header-id-meta":"","stick-header-meta":"","header-above-stick-meta":"","header-main-stick-meta":"","header-below-stick-meta":"","astra-migrate-meta-layouts":"default","ast-page-background-enabled":"default","ast-page-background-meta":{"desktop":{"background-color":"var(--ast-global-color-5)","background-image":"","background-repeat":"repeat","background-position":"center center","background-size":"auto","background-attachment":"scroll","background-type":"","background-media":"","overlay-type":"","overlay-color":"","overlay-opacity":"","overlay-gradient":""},"tablet":{"background-color":"","background-image":"","background-repeat":"repeat","background-position":"center center","background-size":"auto","background-attachment":"scroll","background-type":"","background-media":"","overlay-type":"","overlay-color":"","overlay-opacity":"","overlay-gradient":""},"mobile":{"background-color":"","background-image":"","background-repeat":"repeat","background-position":"center center","background-size":"auto","background-attachment":"scroll","background-type":"","background-media":"","overlay-type":"","overlay-color":"","overlay-opacity":"","overlay-gradient":""}},"ast-content-background-meta":{"desktop":{"background-color":"var(--ast-global-color-4)","background-image":"","background-repeat":"repeat","background-position":"center center","background-size":"auto","background-attachment":"scroll","background-type":"","background-media":"","overlay-type":"","overlay-color":"","overlay-opacity":"","overlay-gradient":""},"tablet":{"background-color":"var(--ast-global-color-4)","background-image":"","background-repeat":"repeat","background-position":"center center","background-size":"auto","background-attachment":"scroll","background-type":"","background-media":"","overlay-type":"","overlay-color":"","overlay-opacity":"","overlay-gradient":""},"mobile":{"background-color":"var(--ast-global-color-4)","background-image":"","background-repeat":"repeat","background-position":"center center","background-size":"auto","background-attachment":"scroll","background-type":"","background-media":"","overlay-type":"","overlay-color":"","overlay-opacity":"","overlay-gradient":""}},"footnotes":""},"class_list":["post-1090","page","type-page","status-publish","hentry"],"yoast_head":"<!-- This site is optimized with the Yoast SEO plugin v25.2 - https:\/\/yoast.com\/wordpress\/plugins\/seo\/ -->\n<title>Politique de confidentialit\u00e9 - Casino Crash Games<\/title>\n<meta name=\"robots\" content=\"index, follow, max-snippet:-1, max-image-preview:large, max-video-preview:-1\" \/>\n<link rel=\"canonical\" href=\"https:\/\/casinocrashgames.com\/fr\/politique-de-confidentialite\/\" \/>\n<meta property=\"og:locale\" content=\"fr_FR\" \/>\n<meta property=\"og:type\" content=\"article\" \/>\n<meta property=\"og:title\" content=\"Politique de confidentialit\u00e9 - Casino Crash Games\" \/>\n<meta property=\"og:description\" content=\"Politique de confidentialit\u00e9 Le site internet casinocrashgames.com s&rsquo;engage express\u00e9ment \u00e0 prot\u00e9ger la vie priv\u00e9e de ses utilisateurs finaux. Cette d\u00e9claration [&hellip;]\" \/>\n<meta property=\"og:url\" content=\"https:\/\/casinocrashgames.com\/fr\/politique-de-confidentialite\/\" \/>\n<meta property=\"og:site_name\" content=\"Casino Crash Games\" \/>\n<meta name=\"twitter:card\" content=\"summary_large_image\" \/>\n<meta name=\"twitter:label1\" content=\"Dur\u00e9e de lecture estim\u00e9e\" \/>\n\t<meta name=\"twitter:data1\" content=\"2 minutes\" \/>\n<script type=\"application\/ld+json\" class=\"yoast-schema-graph\">{\"@context\":\"https:\/\/schema.org\",\"@graph\":[{\"@type\":\"WebPage\",\"@id\":\"https:\/\/casinocrashgames.com\/fr\/politique-de-confidentialite\/\",\"url\":\"https:\/\/casinocrashgames.com\/fr\/politique-de-confidentialite\/\",\"name\":\"Politique de confidentialit\u00e9 - Casino Crash Games\",\"isPartOf\":{\"@id\":\"https:\/\/casinocrashgames.com\/fr\/#website\"},\"datePublished\":\"2025-01-23T15:01:03+00:00\",\"breadcrumb\":{\"@id\":\"https:\/\/casinocrashgames.com\/fr\/politique-de-confidentialite\/#breadcrumb\"},\"inLanguage\":\"fr-FR\",\"potentialAction\":[{\"@type\":\"ReadAction\",\"target\":[\"https:\/\/casinocrashgames.com\/fr\/politique-de-confidentialite\/\"]}]},{\"@type\":\"BreadcrumbList\",\"@id\":\"https:\/\/casinocrashgames.com\/fr\/politique-de-confidentialite\/#breadcrumb\",\"itemListElement\":[{\"@type\":\"ListItem\",\"position\":1,\"name\":\"Home\",\"item\":\"https:\/\/casinocrashgames.com\/fr\/casino-crash-games\/\"},{\"@type\":\"ListItem\",\"position\":2,\"name\":\"Politique de confidentialit\u00e9\"}]},{\"@type\":\"WebSite\",\"@id\":\"https:\/\/casinocrashgames.com\/fr\/#website\",\"url\":\"https:\/\/casinocrashgames.com\/fr\/\",\"name\":\"Casino Crash Games\",\"description\":\"CASH BEFORE YOU CRASH\",\"publisher\":{\"@id\":\"https:\/\/casinocrashgames.com\/fr\/#organization\"},\"potentialAction\":[{\"@type\":\"SearchAction\",\"target\":{\"@type\":\"EntryPoint\",\"urlTemplate\":\"https:\/\/casinocrashgames.com\/fr\/?s={search_term_string}\"},\"query-input\":{\"@type\":\"PropertyValueSpecification\",\"valueRequired\":true,\"valueName\":\"search_term_string\"}}],\"inLanguage\":\"fr-FR\"},{\"@type\":\"Organization\",\"@id\":\"https:\/\/casinocrashgames.com\/fr\/#organization\",\"name\":\"Casino Crash Games\",\"url\":\"https:\/\/casinocrashgames.com\/fr\/\",\"logo\":{\"@type\":\"ImageObject\",\"inLanguage\":\"fr-FR\",\"@id\":\"https:\/\/casinocrashgames.com\/fr\/#\/schema\/logo\/image\/\",\"url\":\"https:\/\/casinocrashgames.com\/wp-content\/uploads\/2025\/03\/cropped-Casino-Crash-Games-Logo-.webp\",\"contentUrl\":\"https:\/\/casinocrashgames.com\/wp-content\/uploads\/2025\/03\/cropped-Casino-Crash-Games-Logo-.webp\",\"width\":1045,\"height\":606,\"caption\":\"Casino Crash Games\"},\"image\":{\"@id\":\"https:\/\/casinocrashgames.com\/fr\/#\/schema\/logo\/image\/\"}}]}<\/script>\n<!-- \/ Yoast SEO plugin. -->","yoast_head_json":{"title":"Politique de confidentialit\u00e9 - Casino Crash Games","robots":{"index":"index","follow":"follow","max-snippet":"max-snippet:-1","max-image-preview":"max-image-preview:large","max-video-preview":"max-video-preview:-1"},"canonical":"https:\/\/casinocrashgames.com\/fr\/politique-de-confidentialite\/","og_locale":"fr_FR","og_type":"article","og_title":"Politique de confidentialit\u00e9 - Casino Crash Games","og_description":"Politique de confidentialit\u00e9 Le site internet casinocrashgames.com s&rsquo;engage express\u00e9ment \u00e0 prot\u00e9ger la vie priv\u00e9e de ses utilisateurs finaux. Cette d\u00e9claration [&hellip;]","og_url":"https:\/\/casinocrashgames.com\/fr\/politique-de-confidentialite\/","og_site_name":"Casino Crash Games","twitter_card":"summary_large_image","twitter_misc":{"Dur\u00e9e de lecture estim\u00e9e":"2 minutes"},"schema":{"@context":"https:\/\/schema.org","@graph":[{"@type":"WebPage","@id":"https:\/\/casinocrashgames.com\/fr\/politique-de-confidentialite\/","url":"https:\/\/casinocrashgames.com\/fr\/politique-de-confidentialite\/","name":"Politique de confidentialit\u00e9 - Casino Crash Games","isPartOf":{"@id":"https:\/\/casinocrashgames.com\/fr\/#website"},"datePublished":"2025-01-23T15:01:03+00:00","breadcrumb":{"@id":"https:\/\/casinocrashgames.com\/fr\/politique-de-confidentialite\/#breadcrumb"},"inLanguage":"fr-FR","potentialAction":[{"@type":"ReadAction","target":["https:\/\/casinocrashgames.com\/fr\/politique-de-confidentialite\/"]}]},{"@type":"BreadcrumbList","@id":"https:\/\/casinocrashgames.com\/fr\/politique-de-confidentialite\/#breadcrumb","itemListElement":[{"@type":"ListItem","position":1,"name":"Home","item":"https:\/\/casinocrashgames.com\/fr\/casino-crash-games\/"},{"@type":"ListItem","position":2,"name":"Politique de confidentialit\u00e9"}]},{"@type":"WebSite","@id":"https:\/\/casinocrashgames.com\/fr\/#website","url":"https:\/\/casinocrashgames.com\/fr\/","name":"Casino Crash Games","description":"CASH BEFORE YOU CRASH","publisher":{"@id":"https:\/\/casinocrashgames.com\/fr\/#organization"},"potentialAction":[{"@type":"SearchAction","target":{"@type":"EntryPoint","urlTemplate":"https:\/\/casinocrashgames.com\/fr\/?s={search_term_string}"},"query-input":{"@type":"PropertyValueSpecification","valueRequired":true,"valueName":"search_term_string"}}],"inLanguage":"fr-FR"},{"@type":"Organization","@id":"https:\/\/casinocrashgames.com\/fr\/#organization","name":"Casino Crash Games","url":"https:\/\/casinocrashgames.com\/fr\/","logo":{"@type":"ImageObject","inLanguage":"fr-FR","@id":"https:\/\/casinocrashgames.com\/fr\/#\/schema\/logo\/image\/","url":"https:\/\/casinocrashgames.com\/wp-content\/uploads\/2025\/03\/cropped-Casino-Crash-Games-Logo-.webp","contentUrl":"https:\/\/casinocrashgames.com\/wp-content\/uploads\/2025\/03\/cropped-Casino-Crash-Games-Logo-.webp","width":1045,"height":606,"caption":"Casino Crash Games"},"image":{"@id":"https:\/\/casinocrashgames.com\/fr\/#\/schema\/logo\/image\/"}}]}},"_links":{"self":[{"href":"https:\/\/casinocrashgames.com\/fr\/wp-json\/wp\/v2\/pages\/1090","targetHints":{"allow":["GET"]}}],"collection":[{"href":"https:\/\/casinocrashgames.com\/fr\/wp-json\/wp\/v2\/pages"}],"about":[{"href":"https:\/\/casinocrashgames.com\/fr\/wp-json\/wp\/v2\/types\/page"}],"author":[{"embeddable":true,"href":"https:\/\/casinocrashgames.com\/fr\/wp-json\/wp\/v2\/users\/1"}],"replies":[{"embeddable":true,"href":"https:\/\/casinocrashgames.com\/fr\/wp-json\/wp\/v2\/comments?post=1090"}],"version-history":[{"count":0,"href":"https:\/\/casinocrashgames.com\/fr\/wp-json\/wp\/v2\/pages\/1090\/revisions"}],"wp:attachment":[{"href":"https:\/\/casinocrashgames.com\/fr\/wp-json\/wp\/v2\/media?parent=1090"}],"curies":[{"name":"wp","href":"https:\/\/api.w.org\/{rel}","templated":true}]}}