{"id":1068,"date":"2025-02-06T13:15:55","date_gmt":"2025-02-06T13:15:55","guid":{"rendered":"https:\/\/casinocrashgames.com\/fonctionnalites\/multiplicateur\/"},"modified":"2025-06-12T20:45:19","modified_gmt":"2025-06-12T20:45:19","slug":"multiplicateur","status":"publish","type":"page","link":"https:\/\/casinocrashgames.com\/fr\/fonctionnalites\/multiplicateur\/","title":{"rendered":"Multiplicateur"},"content":{"rendered":"<div class=\"wpb-content-wrapper\"><p>[vc_row full_width=\u00a0\u00bbstretch_row\u00a0\u00bb content_placement=\u00a0\u00bbmiddle\u00a0\u00bb css=\u00a0\u00bb.vc_custom_1744576968878{margin-bottom: 50px !important;padding-top: 10% !important;padding-bottom: 5% !important;background: #1D0D4E url(https:\/\/casinocrashgames.com\/wp-content\/uploads\/2025\/04\/Background-Img.webp?id=219) !important;}\u00a0\u00bb][vc_column width=\u00a0\u00bb1\/2&Prime;][vc_single_image image=\u00a0\u00bb756&Prime; img_size=\u00a0\u00bb400&Prime; alignment=\u00a0\u00bbcenter\u00a0\u00bb css=\u00a0\u00bb\u00a0\u00bb][\/vc_column][vc_column width=\u00a0\u00bb1\/2&Prime;][vc_column_text css=\u00a0\u00bb\u00a0\u00bb]<\/p>\n<h1><span style=\"color: #fcc500;\">Comprendre le multiplicateur<\/span><\/h1>\n<p><span style=\"color: #ffffff;\">Le multiplicateur est au c\u0153ur du jeu. Il commence \u00e0 1,0x et augmente. L&rsquo;astuce consiste \u00e0 encaisser avant qu&rsquo;il ne s&rsquo;\u00e9crase ! Plus il monte, plus vous pouvez gagner, mais le risque augmente \u00e9galement.   <\/span>[\/vc_column_text][\/vc_column][\/vc_row][vc_section][vc_row][vc_column][vc_column_text css=\u00a0\u00bb\u00a0\u00bb]<\/p>\n<h2>Multiplicateurs<\/h2>\n<p><span style=\"font-weight: 400;\">D\u00e9termine combien un joueur peut gagner. Chaque tour commence avec le multiplicateur \u00e0 1,0x, et il augmente au fur et \u00e0 mesure que le jeu progresse. Les gains potentiels des joueurs augmentent parall\u00e8lement au multiplicateur, \u00e0 condition qu&rsquo;ils encaissent avant que le crash ne se produise.  <\/span><\/p>\n<p><span style=\"font-weight: 400;\">Le multiplicateur est le facteur cl\u00e9 qui d\u00e9termine combien un joueur peut gagner dans un jeu de crash.<\/span>[\/vc_column_text][\/vc_column][\/vc_row][vc_row][vc_column][vc_column_text css=\u00a0\u00bb\u00a0\u00bb]<\/p>\n<h2>Comment fonctionne le multiplicateur :<\/h2>\n<ul>\n<li><span style=\"font-weight: 400;\">Chaque tour commence avec le multiplicateur \u00e0 1,0x.<\/span><\/li>\n<li><span style=\"font-weight: 400;\">Au fur et \u00e0 mesure que le jeu progresse, le multiplicateur augmente r\u00e9guli\u00e8rement <\/span><\/li>\n<li><span style=\"font-weight: 400;\">(par exemple, 1,5x, 2,0x, 3,0x, etc.)<\/span><\/li>\n<li><span style=\"font-weight: 400;\">Les joueurs doivent d\u00e9cider quand encaisser, car plus ils attendent, plus les gains potentiels sont \u00e9lev\u00e9s, mais plus le risque de crash est grand.<\/span><\/li>\n<li><span style=\"font-weight: 400;\">Si le jeu s&rsquo;\u00e9crase avant que le joueur n&rsquo;encaisse, il perd enti\u00e8rement sa mise.<\/span><\/li>\n<\/ul>\n<h3>Sc\u00e9narios exemplaires<span style=\"font-weight: 400;\"> :<\/span><\/h3>\n<p><b>Cas gagnant<\/b><span style=\"font-weight: 400;\"> : Un joueur mise 10 \u20ac et encaisse \u00e0 5,0x, gagnant 50 \u20ac.<\/span><\/p>\n<p data-sourcepos=\"9:1-9:43\"><strong>Cas perdant<\/strong><span style=\"font-weight: 400;\"><strong> :<\/strong> Un joueur attend trop longtemps, et le jeu s&rsquo;\u00e9crase \u00e0 3,2x avant qu&rsquo;il n&rsquo;encaisse, perdant ainsi toute sa mise.<\/span><\/p>\n<p>[\/vc_column_text][\/vc_column][\/vc_row][vc_row][vc_column][vc_column_text css=\u00a0\u00bb\u00a0\u00bb]<\/p>\n<h2>Limites du multiplicateur :<\/h2>\n<ul>\n<li><span style=\"font-weight: 400;\">Certains jeux de crash ont des multiplicateurs maximums pr\u00e9d\u00e9finis. <\/span><span style=\"font-weight: 400;\">(par exemple, 10 000x ou 25 000x)<\/span><\/li>\n<li><span style=\"font-weight: 400;\">D&rsquo;autres sont al\u00e9atoires et peuvent s&rsquo;\u00e9craser \u00e0 tout moment, m\u00eame \u00e0 1,01x <\/span><span style=\"font-weight: 400;\">(presque instantan\u00e9ment).<\/span><\/li>\n<li><span style=\"font-weight: 400;\">Comprendre quand encaisser est la cl\u00e9 pour \u00e9quilibrer le risque et la r\u00e9compense dans les jeux de crash.<\/span><\/li>\n<\/ul>\n<p>[\/vc_column_text][\/vc_column][\/vc_row][vc_row][vc_column][vc_column_text css=\u00a0\u00bb\u00a0\u00bb]<\/p>\n<h2 data-sourcepos=\"9:1-9:48\">Comment le multiplicateur est pr\u00e9sent\u00e9 dans les jeux de crash<\/h2>\n<p data-sourcepos=\"11:1-11:190\">La pr\u00e9sentation visuelle du multiplicateur est au c\u0153ur de l&rsquo;exp\u00e9rience du jeu de crash, cr\u00e9ant du suspense et informant les d\u00e9cisions des joueurs. Voici comment cet \u00e9l\u00e9ment crucial appara\u00eet dans les jeux leaders : <\/p>\n<p>[\/vc_column_text][\/vc_column][\/vc_row][vc_row content_placement=\u00a0\u00bbmiddle\u00a0\u00bb][vc_column width=\u00a0\u00bb1\/2&Prime;][vc_single_image image=\u00a0\u00bb766&Prime; img_size=\u00a0\u00bblarge\u00a0\u00bb onclick=\u00a0\u00bbcustom_link\u00a0\u00bb css=\u00a0\u00bb\u00a0\u00bb link=\u00a0\u00bbhttps:\/\/casinocrashgames.com\/fr\/aviator\/jeu-gratuit-aviator\/\u00a0\u00bb][\/vc_column][vc_column width=\u00a0\u00bb1\/2&Prime;][vc_column_text css=\u00a0\u00bb\u00a0\u00bb]<\/p>\n<h3>Aviator<\/h3>\n<p>Le multiplicateur actuel domine le centre de l&rsquo;\u00e9cran, affich\u00e9 en grands chiffres gras qui se superposent souvent \u00e0 la trajectoire de vol anim\u00e9e de l&#8217;embl\u00e9matique avion rouge. Commen\u00e7ant \u00e0 1,00x, ce nombre augmente rapidement et r\u00e9guli\u00e8rement \u00e0 mesure que l&rsquo;avion monte, en faisant le point focal clair pour les joueurs d\u00e9cidant quand appuyer sur le bouton d&rsquo;encaissement. Voyez cela en action et apprenez-en davantage sur le <a href=\"https:\/\/casinocrashgames.com\/fr\/aviator\/\">Aviator.<\/a>[\/vc_column_text][\/vc_column][\/vc_row][vc_row content_placement=\u00a0\u00bbmiddle\u00a0\u00bb][vc_column width=\u00a0\u00bb1\/2&Prime;][vc_single_image image=\u00a0\u00bb771&Prime; img_size=\u00a0\u00bblarge\u00a0\u00bb onclick=\u00a0\u00bbcustom_link\u00a0\u00bb css=\u00a0\u00bb\u00a0\u00bb link=\u00a0\u00bbhttps:\/\/casinocrashgames.com\/fr\/jetx\/jeu-gratuit-jetx\/\u00a0\u00bb][\/vc_column][vc_column width=\u00a0\u00bb1\/2&Prime;][vc_column_text css=\u00a0\u00bb\u00a0\u00bb]<\/p>\n<h3>JetX<\/h3>\n<p>Le JetX de Smartsoft Gaming pr\u00e9sente de mani\u00e8re similaire un affichage num\u00e9rique du multiplicateur pro\u00e9minent. \u00c0 mesure que le jet s&rsquo;\u00e9l\u00e8ve plus haut contre son arri\u00e8re-plan galactique, la valeur du multiplicateur, g\u00e9n\u00e9ralement positionn\u00e9e au centre ou pr\u00e8s du haut, augmente rapidement. Sa visibilit\u00e9 claire est essentielle pour les joueurs qui suivent les gains potentiels et chronom\u00e9trent leur sortie avant que le jet n&rsquo;explose. Explorez l&rsquo;interface sp\u00e9cifique et le gameplay de <a href=\"https:\/\/casinocrashgames.com\/fr\/jetx\/\">JetX<\/a>.[\/vc_column_text][\/vc_column][\/vc_row][vc_row content_placement=\u00a0\u00bbmiddle\u00a0\u00bb][vc_column width=\u00a0\u00bb1\/2&Prime;][vc_single_image image=\u00a0\u00bb776&Prime; img_size=\u00a0\u00bblarge\u00a0\u00bb onclick=\u00a0\u00bbcustom_link\u00a0\u00bb css=\u00a0\u00bb\u00a0\u00bb link=\u00a0\u00bbhttps:\/\/casinocrashgames.com\/fr\/crash-x\/jeu-gratuit-crash-x\/\u00a0\u00bb][\/vc_column][vc_column width=\u00a0\u00bb1\/2&Prime;][vc_column_text css=\u00a0\u00bb\u00a0\u00bb]<\/p>\n<h3>Crash X<\/h3>\n<p>Dans le Crash X de Turbo Games, le multiplicateur est affich\u00e9 dynamiquement, g\u00e9n\u00e9ralement pr\u00e8s du vaisseau spatial ou de la fus\u00e9e ascendante. Il commence \u00e0 1,00x et grimpe rapidement pendant la phase de vol. \u00c9tant donn\u00e9 la fonctionnalit\u00e9 de double pari de Crash X, les joueurs observent attentivement ce multiplicateur unique et croissant pour \u00e9valuer simultan\u00e9ment le paiement potentiel pour leurs deux paris actifs avant l&rsquo;\u00e9v\u00e9nement de crash. Voyez \u00e0 quoi ressemble le multiplicateur dans <a href=\"https:\/\/casinocrashgames.com\/fr\/crash-x\/\">Crash X<\/a>.[\/vc_column_text][\/vc_column][\/vc_row][vc_row][vc_column][vc_column_text css=\u00a0\u00bb\u00a0\u00bb]<\/p>\n<h2 data-sourcepos=\"22:1-22:43\">Utiliser le multiplicateur avec Auto Cash Out<\/h2>\n<p data-sourcepos=\"24:1-24:894\">Bien que l&rsquo;encaissement manuel bas\u00e9 sur le multiplicateur croissant offre une excitation maximale, il exige \u00e9galement un timing parfait et peut \u00eatre influenc\u00e9 par l&rsquo;\u00e9motion. Pour une approche plus strat\u00e9gique, les joueurs peuvent utiliser la fonctionnalit\u00e9 <a href=\"https:\/\/casinocrashgames.com\/fr\/fonctionnalites\/auto-cash-out\/\">Auto Cash Out<\/a>. Cette fonction interagit directement avec le multiplicateur du jeu. En utilisant Auto Cash Out, vous pr\u00e9d\u00e9finissez une <strong>valeur de multiplicateur<\/strong> sp\u00e9cifique (par exemple, 2,0x, 5,5x) <em>avant<\/em> le d\u00e9but du tour. Si le multiplicateur du jeu atteint ou d\u00e9passe cet objectif pendant le tour, le syst\u00e8me encaissera automatiquement votre pari \u00e0 cette valeur de multiplicateur pr\u00e9d\u00e9finie exacte, s\u00e9curisant votre gain sans n\u00e9cessiter d&rsquo;intervention manuelle. Cela vous permet d&rsquo;appliquer de mani\u00e8re coh\u00e9rente des strat\u00e9gies bas\u00e9es sur l&rsquo;atteinte d&rsquo;objectifs de multiplicateur sp\u00e9cifiques.     <\/p>\n<p>[\/vc_column_text][\/vc_column][\/vc_row][\/vc_section]<\/p>\n<\/div>","protected":false},"excerpt":{"rendered":"<p>[vc_row full_width=\u00a0\u00bbstretch_row\u00a0\u00bb content_placement=\u00a0\u00bbmiddle\u00a0\u00bb css=\u00a0\u00bb.vc_custom_1744576968878{margin-bottom: 50px !important;padding-top: 10% !important;padding-bottom: 5% !important;background: #1D0D4E url(https:\/\/casinocrashgames.com\/wp-content\/uploads\/2025\/04\/Background-Img.webp?id=219) !important;}\u00a0\u00bb][vc_column width=\u00a0\u00bb1\/2&Prime;][vc_single_image image=\u00a0\u00bb756&Prime; img_size=\u00a0\u00bb400&Prime; alignment=\u00a0\u00bbcenter\u00a0\u00bb css=\u00a0\u00bb\u00a0\u00bb][\/vc_column][vc_column width=\u00a0\u00bb1\/2&Prime;][vc_column_text css=\u00a0\u00bb\u00a0\u00bb] [&hellip;]<\/p>\n","protected":false},"author":1,"featured_media":756,"parent":1065,"menu_order":0,"comment_status":"closed","ping_status":"closed","template":"","meta":{"site-sidebar-layout":"no-sidebar","site-content-layout":"plain-container","ast-site-content-layout":"default","site-content-style":"default","site-sidebar-style":"default","ast-global-header-display":"","ast-banner-title-visibility":"","ast-main-header-display":"","ast-hfb-above-header-display":"","ast-hfb-below-header-display":"","ast-hfb-mobile-header-display":"","site-post-title":"disabled","ast-breadcrumbs-content":"","ast-featured-img":"disabled","footer-sml-layout":"","theme-transparent-header-meta":"default","adv-header-id-meta":"","stick-header-meta":"default","header-above-stick-meta":"","header-main-stick-meta":"","header-below-stick-meta":"","astra-migrate-meta-layouts":"default","ast-page-background-enabled":"default","ast-page-background-meta":{"desktop":{"background-color":"var(--ast-global-color-5)","background-image":"","background-repeat":"repeat","background-position":"center center","background-size":"auto","background-attachment":"scroll","background-type":"","background-media":"","overlay-type":"","overlay-color":"","overlay-opacity":"","overlay-gradient":""},"tablet":{"background-color":"","background-image":"","background-repeat":"repeat","background-position":"center center","background-size":"auto","background-attachment":"scroll","background-type":"","background-media":"","overlay-type":"","overlay-color":"","overlay-opacity":"","overlay-gradient":""},"mobile":{"background-color":"","background-image":"","background-repeat":"repeat","background-position":"center center","background-size":"auto","background-attachment":"scroll","background-type":"","background-media":"","overlay-type":"","overlay-color":"","overlay-opacity":"","overlay-gradient":""}},"ast-content-background-meta":{"desktop":{"background-color":"var(--ast-global-color-4)","background-image":"","background-repeat":"repeat","background-position":"center center","background-size":"auto","background-attachment":"scroll","background-type":"","background-media":"","overlay-type":"","overlay-color":"","overlay-opacity":"","overlay-gradient":""},"tablet":{"background-color":"var(--ast-global-color-4)","background-image":"","background-repeat":"repeat","background-position":"center center","background-size":"auto","background-attachment":"scroll","background-type":"","background-media":"","overlay-type":"","overlay-color":"","overlay-opacity":"","overlay-gradient":""},"mobile":{"background-color":"var(--ast-global-color-4)","background-image":"","background-repeat":"repeat","background-position":"center center","background-size":"auto","background-attachment":"scroll","background-type":"","background-media":"","overlay-type":"","overlay-color":"","overlay-opacity":"","overlay-gradient":""}},"footnotes":""},"class_list":["post-1068","page","type-page","status-publish","has-post-thumbnail","hentry"],"yoast_head":"<!-- This site is optimized with the Yoast SEO plugin v25.2 - https:\/\/yoast.com\/wordpress\/plugins\/seo\/ -->\n<title>Comprendre le multiplicateur dans les jeux de crash \u2013 maximisez vos gains<\/title>\n<meta name=\"description\" content=\"Apprenez le fonctionnement du multiplicateur dans les jeux de crash tels que Aviator, JetX et Crash X. D\u00e9couvrez des strat\u00e9gies, des exemples et des conseils pour encaisser au bon moment et augmenter vos gains tout en g\u00e9rant les risques.\" \/>\n<meta name=\"robots\" content=\"index, follow, max-snippet:-1, max-image-preview:large, max-video-preview:-1\" \/>\n<link rel=\"canonical\" href=\"https:\/\/casinocrashgames.com\/fr\/fonctionnalites\/multiplicateur\/\" \/>\n<meta property=\"og:locale\" content=\"fr_FR\" \/>\n<meta property=\"og:type\" content=\"article\" \/>\n<meta property=\"og:title\" content=\"Comprendre le multiplicateur dans les jeux de crash \u2013 maximisez vos gains\" \/>\n<meta property=\"og:description\" content=\"Apprenez le fonctionnement du multiplicateur dans les jeux de crash tels que Aviator, JetX et Crash X. D\u00e9couvrez des strat\u00e9gies, des exemples et des conseils pour encaisser au bon moment et augmenter vos gains tout en g\u00e9rant les risques.\" \/>\n<meta property=\"og:url\" content=\"https:\/\/casinocrashgames.com\/fr\/fonctionnalites\/multiplicateur\/\" \/>\n<meta property=\"og:site_name\" content=\"Casino Crash Games\" \/>\n<meta property=\"article:modified_time\" content=\"2025-06-12T20:45:19+00:00\" \/>\n<meta property=\"og:image\" content=\"https:\/\/casinocrashgames.com\/wp-content\/uploads\/2025\/05\/Multiplier.webp\" \/>\n\t<meta property=\"og:image:width\" content=\"400\" \/>\n\t<meta property=\"og:image:height\" content=\"400\" \/>\n\t<meta property=\"og:image:type\" content=\"image\/webp\" \/>\n<meta name=\"twitter:card\" content=\"summary_large_image\" \/>\n<meta name=\"twitter:label1\" content=\"Dur\u00e9e de lecture estim\u00e9e\" \/>\n\t<meta name=\"twitter:data1\" content=\"5 minutes\" \/>\n<script type=\"application\/ld+json\" class=\"yoast-schema-graph\">{\"@context\":\"https:\/\/schema.org\",\"@graph\":[{\"@type\":\"WebPage\",\"@id\":\"https:\/\/casinocrashgames.com\/fr\/fonctionnalites\/multiplicateur\/\",\"url\":\"https:\/\/casinocrashgames.com\/fr\/fonctionnalites\/multiplicateur\/\",\"name\":\"Comprendre le multiplicateur dans les jeux de crash \u2013 maximisez vos gains\",\"isPartOf\":{\"@id\":\"https:\/\/casinocrashgames.com\/fr\/#website\"},\"primaryImageOfPage\":{\"@id\":\"https:\/\/casinocrashgames.com\/fr\/fonctionnalites\/multiplicateur\/#primaryimage\"},\"image\":{\"@id\":\"https:\/\/casinocrashgames.com\/fr\/fonctionnalites\/multiplicateur\/#primaryimage\"},\"thumbnailUrl\":\"https:\/\/casinocrashgames.com\/wp-content\/uploads\/2025\/05\/Multiplier.webp\",\"datePublished\":\"2025-02-06T13:15:55+00:00\",\"dateModified\":\"2025-06-12T20:45:19+00:00\",\"description\":\"Apprenez le fonctionnement du multiplicateur dans les jeux de crash tels que Aviator, JetX et Crash X. D\u00e9couvrez des strat\u00e9gies, des exemples et des conseils pour encaisser au bon moment et augmenter vos gains tout en g\u00e9rant les risques.\",\"breadcrumb\":{\"@id\":\"https:\/\/casinocrashgames.com\/fr\/fonctionnalites\/multiplicateur\/#breadcrumb\"},\"inLanguage\":\"fr-FR\",\"potentialAction\":[{\"@type\":\"ReadAction\",\"target\":[\"https:\/\/casinocrashgames.com\/fr\/fonctionnalites\/multiplicateur\/\"]}]},{\"@type\":\"ImageObject\",\"inLanguage\":\"fr-FR\",\"@id\":\"https:\/\/casinocrashgames.com\/fr\/fonctionnalites\/multiplicateur\/#primaryimage\",\"url\":\"https:\/\/casinocrashgames.com\/wp-content\/uploads\/2025\/05\/Multiplier.webp\",\"contentUrl\":\"https:\/\/casinocrashgames.com\/wp-content\/uploads\/2025\/05\/Multiplier.webp\",\"width\":400,\"height\":400,\"caption\":\"Multiplier\"},{\"@type\":\"BreadcrumbList\",\"@id\":\"https:\/\/casinocrashgames.com\/fr\/fonctionnalites\/multiplicateur\/#breadcrumb\",\"itemListElement\":[{\"@type\":\"ListItem\",\"position\":1,\"name\":\"Home\",\"item\":\"https:\/\/casinocrashgames.com\/fr\/casino-crash-games\/\"},{\"@type\":\"ListItem\",\"position\":2,\"name\":\"Fonctionnalit\u00e9s\",\"item\":\"https:\/\/casinocrashgames.com\/fr\/fonctionnalites\/\"},{\"@type\":\"ListItem\",\"position\":3,\"name\":\"Multiplicateur\"}]},{\"@type\":\"WebSite\",\"@id\":\"https:\/\/casinocrashgames.com\/fr\/#website\",\"url\":\"https:\/\/casinocrashgames.com\/fr\/\",\"name\":\"Casino Crash Games\",\"description\":\"CASH BEFORE YOU CRASH\",\"publisher\":{\"@id\":\"https:\/\/casinocrashgames.com\/fr\/#organization\"},\"potentialAction\":[{\"@type\":\"SearchAction\",\"target\":{\"@type\":\"EntryPoint\",\"urlTemplate\":\"https:\/\/casinocrashgames.com\/fr\/?s={search_term_string}\"},\"query-input\":{\"@type\":\"PropertyValueSpecification\",\"valueRequired\":true,\"valueName\":\"search_term_string\"}}],\"inLanguage\":\"fr-FR\"},{\"@type\":\"Organization\",\"@id\":\"https:\/\/casinocrashgames.com\/fr\/#organization\",\"name\":\"Casino Crash Games\",\"url\":\"https:\/\/casinocrashgames.com\/fr\/\",\"logo\":{\"@type\":\"ImageObject\",\"inLanguage\":\"fr-FR\",\"@id\":\"https:\/\/casinocrashgames.com\/fr\/#\/schema\/logo\/image\/\",\"url\":\"https:\/\/casinocrashgames.com\/wp-content\/uploads\/2025\/03\/cropped-Casino-Crash-Games-Logo-.webp\",\"contentUrl\":\"https:\/\/casinocrashgames.com\/wp-content\/uploads\/2025\/03\/cropped-Casino-Crash-Games-Logo-.webp\",\"width\":1045,\"height\":606,\"caption\":\"Casino Crash Games\"},\"image\":{\"@id\":\"https:\/\/casinocrashgames.com\/fr\/#\/schema\/logo\/image\/\"}}]}<\/script>\n<!-- \/ Yoast SEO plugin. -->","yoast_head_json":{"title":"Comprendre le multiplicateur dans les jeux de crash \u2013 maximisez vos gains","description":"Apprenez le fonctionnement du multiplicateur dans les jeux de crash tels que Aviator, JetX et Crash X. D\u00e9couvrez des strat\u00e9gies, des exemples et des conseils pour encaisser au bon moment et augmenter vos gains tout en g\u00e9rant les risques.","robots":{"index":"index","follow":"follow","max-snippet":"max-snippet:-1","max-image-preview":"max-image-preview:large","max-video-preview":"max-video-preview:-1"},"canonical":"https:\/\/casinocrashgames.com\/fr\/fonctionnalites\/multiplicateur\/","og_locale":"fr_FR","og_type":"article","og_title":"Comprendre le multiplicateur dans les jeux de crash \u2013 maximisez vos gains","og_description":"Apprenez le fonctionnement du multiplicateur dans les jeux de crash tels que Aviator, JetX et Crash X. D\u00e9couvrez des strat\u00e9gies, des exemples et des conseils pour encaisser au bon moment et augmenter vos gains tout en g\u00e9rant les risques.","og_url":"https:\/\/casinocrashgames.com\/fr\/fonctionnalites\/multiplicateur\/","og_site_name":"Casino Crash Games","article_modified_time":"2025-06-12T20:45:19+00:00","og_image":[{"width":400,"height":400,"url":"https:\/\/casinocrashgames.com\/wp-content\/uploads\/2025\/05\/Multiplier.webp","type":"image\/webp"}],"twitter_card":"summary_large_image","twitter_misc":{"Dur\u00e9e de lecture estim\u00e9e":"5 minutes"},"schema":{"@context":"https:\/\/schema.org","@graph":[{"@type":"WebPage","@id":"https:\/\/casinocrashgames.com\/fr\/fonctionnalites\/multiplicateur\/","url":"https:\/\/casinocrashgames.com\/fr\/fonctionnalites\/multiplicateur\/","name":"Comprendre le multiplicateur dans les jeux de crash \u2013 maximisez vos gains","isPartOf":{"@id":"https:\/\/casinocrashgames.com\/fr\/#website"},"primaryImageOfPage":{"@id":"https:\/\/casinocrashgames.com\/fr\/fonctionnalites\/multiplicateur\/#primaryimage"},"image":{"@id":"https:\/\/casinocrashgames.com\/fr\/fonctionnalites\/multiplicateur\/#primaryimage"},"thumbnailUrl":"https:\/\/casinocrashgames.com\/wp-content\/uploads\/2025\/05\/Multiplier.webp","datePublished":"2025-02-06T13:15:55+00:00","dateModified":"2025-06-12T20:45:19+00:00","description":"Apprenez le fonctionnement du multiplicateur dans les jeux de crash tels que Aviator, JetX et Crash X. D\u00e9couvrez des strat\u00e9gies, des exemples et des conseils pour encaisser au bon moment et augmenter vos gains tout en g\u00e9rant les risques.","breadcrumb":{"@id":"https:\/\/casinocrashgames.com\/fr\/fonctionnalites\/multiplicateur\/#breadcrumb"},"inLanguage":"fr-FR","potentialAction":[{"@type":"ReadAction","target":["https:\/\/casinocrashgames.com\/fr\/fonctionnalites\/multiplicateur\/"]}]},{"@type":"ImageObject","inLanguage":"fr-FR","@id":"https:\/\/casinocrashgames.com\/fr\/fonctionnalites\/multiplicateur\/#primaryimage","url":"https:\/\/casinocrashgames.com\/wp-content\/uploads\/2025\/05\/Multiplier.webp","contentUrl":"https:\/\/casinocrashgames.com\/wp-content\/uploads\/2025\/05\/Multiplier.webp","width":400,"height":400,"caption":"Multiplier"},{"@type":"BreadcrumbList","@id":"https:\/\/casinocrashgames.com\/fr\/fonctionnalites\/multiplicateur\/#breadcrumb","itemListElement":[{"@type":"ListItem","position":1,"name":"Home","item":"https:\/\/casinocrashgames.com\/fr\/casino-crash-games\/"},{"@type":"ListItem","position":2,"name":"Fonctionnalit\u00e9s","item":"https:\/\/casinocrashgames.com\/fr\/fonctionnalites\/"},{"@type":"ListItem","position":3,"name":"Multiplicateur"}]},{"@type":"WebSite","@id":"https:\/\/casinocrashgames.com\/fr\/#website","url":"https:\/\/casinocrashgames.com\/fr\/","name":"Casino Crash Games","description":"CASH BEFORE YOU CRASH","publisher":{"@id":"https:\/\/casinocrashgames.com\/fr\/#organization"},"potentialAction":[{"@type":"SearchAction","target":{"@type":"EntryPoint","urlTemplate":"https:\/\/casinocrashgames.com\/fr\/?s={search_term_string}"},"query-input":{"@type":"PropertyValueSpecification","valueRequired":true,"valueName":"search_term_string"}}],"inLanguage":"fr-FR"},{"@type":"Organization","@id":"https:\/\/casinocrashgames.com\/fr\/#organization","name":"Casino Crash Games","url":"https:\/\/casinocrashgames.com\/fr\/","logo":{"@type":"ImageObject","inLanguage":"fr-FR","@id":"https:\/\/casinocrashgames.com\/fr\/#\/schema\/logo\/image\/","url":"https:\/\/casinocrashgames.com\/wp-content\/uploads\/2025\/03\/cropped-Casino-Crash-Games-Logo-.webp","contentUrl":"https:\/\/casinocrashgames.com\/wp-content\/uploads\/2025\/03\/cropped-Casino-Crash-Games-Logo-.webp","width":1045,"height":606,"caption":"Casino Crash Games"},"image":{"@id":"https:\/\/casinocrashgames.com\/fr\/#\/schema\/logo\/image\/"}}]}},"_links":{"self":[{"href":"https:\/\/casinocrashgames.com\/fr\/wp-json\/wp\/v2\/pages\/1068","targetHints":{"allow":["GET"]}}],"collection":[{"href":"https:\/\/casinocrashgames.com\/fr\/wp-json\/wp\/v2\/pages"}],"about":[{"href":"https:\/\/casinocrashgames.com\/fr\/wp-json\/wp\/v2\/types\/page"}],"author":[{"embeddable":true,"href":"https:\/\/casinocrashgames.com\/fr\/wp-json\/wp\/v2\/users\/1"}],"replies":[{"embeddable":true,"href":"https:\/\/casinocrashgames.com\/fr\/wp-json\/wp\/v2\/comments?post=1068"}],"version-history":[{"count":2,"href":"https:\/\/casinocrashgames.com\/fr\/wp-json\/wp\/v2\/pages\/1068\/revisions"}],"predecessor-version":[{"id":1079,"href":"https:\/\/casinocrashgames.com\/fr\/wp-json\/wp\/v2\/pages\/1068\/revisions\/1079"}],"up":[{"embeddable":true,"href":"https:\/\/casinocrashgames.com\/fr\/wp-json\/wp\/v2\/pages\/1065"}],"wp:featuredmedia":[{"embeddable":true,"href":"https:\/\/casinocrashgames.com\/fr\/wp-json\/wp\/v2\/media\/756"}],"wp:attachment":[{"href":"https:\/\/casinocrashgames.com\/fr\/wp-json\/wp\/v2\/media?parent=1068"}],"curies":[{"name":"wp","href":"https:\/\/api.w.org\/{rel}","templated":true}]}}