{"id":1051,"date":"2025-02-06T13:13:54","date_gmt":"2025-02-06T13:13:54","guid":{"rendered":"https:\/\/casinocrashgames.com\/a-propos\/"},"modified":"2025-06-23T19:14:56","modified_gmt":"2025-06-23T19:14:56","slug":"a-propos","status":"publish","type":"page","link":"https:\/\/casinocrashgames.com\/fr\/a-propos\/","title":{"rendered":"\u00c0 propos"},"content":{"rendered":"<div class=\"wpb-content-wrapper\"><p>[vc_row][vc_column][vc_column_text css=\u00a0\u00bb\u00a0\u00bb]<\/p>\n<h1>\u00c0 propos de nous<\/h1>\n<p data-pm-slice=\"1 1 []\">Bienvenue sur <a href=\"https:\/\/casinocrashgames.com\/fr\/\"><strong>Casino Crash Games<\/strong><\/a>, le <strong>centre d&rsquo;information exhaustif<\/strong> sur Casino Crash Games. Que vous soyez novice dans le monde des jeux de crash ou un joueur exp\u00e9riment\u00e9 cherchant \u00e0 affiner vos strat\u00e9gies, nous fournissons des aper\u00e7us d\u00e9taill\u00e9s pour vous aider \u00e0 comprendre et \u00e0 ma\u00eetriser ce type de jeux de casino en vogue. <\/p>\n<p>[\/vc_column_text][\/vc_column][\/vc_row][vc_row][vc_column][vc_column_text css=\u00a0\u00bb\u00a0\u00bb]<\/p>\n<h2 data-pm-slice=\"1 1 []\">Que sont les jeux de crash ?<\/h2>\n<p>Les jeux de crash constituent une cat\u00e9gorie unique et rapide de jeux de casino o\u00f9 les joueurs placent des paris sur un multiplicateur qui augmente continuellement jusqu&rsquo;\u00e0 ce qu&rsquo;il s&rsquo;effondre. L&rsquo;objectif est d&rsquo;encaisser avant que le crash ne se produise (nous disons \u00ab <strong>Cash Before You Crash<\/strong> \u00bb), s\u00e9curisant ainsi des gains bas\u00e9s sur le multiplicateur au moment du retrait. Ces jeux combinent excitation, strat\u00e9gie et probabilit\u00e9 math\u00e9matique, ce qui en fait un choix populaire parmi les amateurs de casinos en ligne.[\/vc_column_text][\/vc_column][\/vc_row][vc_row][vc_column][vc_column_text css=\u00a0\u00bb\u00a0\u00bb]<\/p>\n<h3 data-pm-slice=\"1 3 []\">Caract\u00e9ristiques des jeux de crash<\/h3>\n<ul data-spread=\"false\">\n<li><a href=\"https:\/\/casinocrashgames.com\/fr\/fonctionnalites\/multiplicateur\/\"><strong>M\u00e9canismes de multiplicateur<\/strong><\/a> : Observez la mont\u00e9e du multiplicateur et d\u00e9cidez du moment parfait pour encaisser.<\/li>\n<li><a href=\"https:\/\/casinocrashgames.com\/fr\/fonctionnalites\/auto-cash-out\/\"><strong>Auto Cashout<\/strong><\/a> : D\u00e9finissez un multiplicateur pr\u00e9d\u00e9termin\u00e9 auquel votre pari sera automatiquement encaiss\u00e9.<\/li>\n<li><a href=\"https:\/\/casinocrashgames.com\/fr\/a-propos\/algorithmes\/\"><strong>Algorithmes v\u00e9rifiables<\/strong><\/a> : De nombreux jeux de crash utilisent des algorithmes cryptographiques pour garantir l&rsquo;\u00e9quit\u00e9 et la transparence.<\/li>\n<li><strong>Jeu instantan\u00e9<\/strong> : Des tours de paris rapides rendent les jeux de crash dynamiques et captivants.<\/li>\n<li><strong>Options de paris vari\u00e9es<\/strong> : Les joueurs peuvent placer plusieurs paris par tour et utiliser des <a href=\"https:\/\/casinocrashgames.com\/fr\/strategies\/\">strat\u00e9gies<\/a> automatis\u00e9es.<\/li>\n<\/ul>\n<p>[\/vc_column_text][\/vc_column][\/vc_row][vc_row][vc_column][vc_column_text css=\u00a0\u00bb\u00a0\u00bb]<\/p>\n<h3 data-pm-slice=\"1 3 []\">Strat\u00e9gies gagnantes<\/h3>\n<p>Pour am\u00e9liorer votre jeu, nous couvrons les strat\u00e9gies populaires que les joueurs utilisent pour maximiser leurs chances de gagner :<\/p>\n<ul data-spread=\"false\">\n<li><a href=\"https:\/\/casinocrashgames.com\/fr\/strategies\/fibonacci\/\"><strong>Strat\u00e9gie de Fibonacci<\/strong><\/a> : Un syst\u00e8me de paris progressif bas\u00e9 sur la c\u00e9l\u00e8bre suite de Fibonacci.<\/li>\n<li><a href=\"https:\/\/casinocrashgames.com\/fr\/strategies\/martingale\/\"><strong>Syst\u00e8me Martingale<\/strong><\/a> : Une strat\u00e9gie plus risqu\u00e9e o\u00f9 les joueurs doublent leur mise apr\u00e8s chaque perte pour r\u00e9cup\u00e9rer les pertes pr\u00e9c\u00e9dentes lors d&rsquo;un gain.<\/li>\n<\/ul>\n<p>[\/vc_column_text][\/vc_column][\/vc_row][vc_row][vc_column][vc_column_text css=\u00a0\u00bb\u00a0\u00bb]<\/p>\n<h3 data-pm-slice=\"1 3 []\">Principaux fournisseurs de Crash Game<\/h3>\n<p>Nous analysons et \u00e9valuons les meilleurs fournisseurs de jeux qui d\u00e9veloppent certains des jeux de crash les plus populaires :<\/p>\n<ul data-spread=\"false\">\n<li><a href=\"https:\/\/casinocrashgames.com\/fr\/fournisseurs\/spribe\/\"><strong>Spribe<\/strong><\/a> : Cr\u00e9ateurs du tr\u00e8s populaire jeu \u00ab <a href=\"https:\/\/casinocrashgames.com\/fr\/aviator\/\">Aviator<\/a> \u00bb.<\/li>\n<li><a href=\"https:\/\/casinocrashgames.com\/fr\/fournisseurs\/smartsoft-gaming\/\"><strong>Smartsoft Gaming<\/strong><\/a> : Connu pour ses jeux de crash innovants et visuellement attrayants.<\/li>\n<li><a href=\"https:\/\/casinocrashgames.com\/fr\/fournisseurs\/turbo-games\/\"><strong>Turbo Games<\/strong><\/a> : Sp\u00e9cialis\u00e9 dans les exp\u00e9riences de jeux de crash \u00e0 haute vitesse et \u00e0 fortes sensations.<\/li>\n<\/ul>\n<p>[\/vc_column_text][\/vc_column][\/vc_row][vc_row][vc_column][vc_column_text css=\u00a0\u00bb\u00a0\u00bb]<\/p>\n<h3 data-pm-slice=\"1 3 []\">Comprendre les algorithmes et les m\u00e9canismes<\/h3>\n<p>Les jeux de crash utilisent des <a href=\"https:\/\/casinocrashgames.com\/fr\/a-propos\/algorithmes\/\">algorithmes<\/a> et des <a href=\"https:\/\/casinocrashgames.com\/fr\/a-propos\/mecanique\/\">m\u00e9canismes<\/a> sophistiqu\u00e9s pour garantir un jeu \u00e9quitable. Notre site web explique : <\/p>\n<ul data-spread=\"false\">\n<li><strong>La g\u00e9n\u00e9ration de nombres al\u00e9atoires (RNG) et la v\u00e9rification de l&rsquo;\u00e9quit\u00e9<\/strong><\/li>\n<li><strong>Les m\u00e9canismes de jeu qui influencent les mod\u00e8les de crash<\/strong><\/li>\n<li><strong>Comment la technologie blockchain am\u00e9liore la transparence<\/strong><\/li>\n<\/ul>\n<p>[\/vc_column_text][\/vc_column][\/vc_row][vc_row][vc_column][vc_column_text css=\u00a0\u00bb\u00a0\u00bb]<\/p>\n<h3 data-pm-slice=\"1 3 []\">Devises disponibles<\/h3>\n<p>De nombreux jeux de crash prennent en charge une vari\u00e9t\u00e9 de <a href=\"https:\/\/casinocrashgames.com\/fr\/a-propos\/devises\/\">devises<\/a>, notamment : <\/p>\n<ul data-spread=\"false\">\n<li><strong>Devises fiduciaires<\/strong> : USD, EUR, GBP, et plus encore.<\/li>\n<li><strong>Cryptomonnaies<\/strong> : Bitcoin (BTC), Ethereum (ETH), et autres actifs num\u00e9riques.<\/li>\n<\/ul>\n<p>Le choix de la devise d\u00e9pend de votre localisation et aussi du casino dans lequel vous jouerez aux jeux de crash.[\/vc_column_text][\/vc_column][\/vc_row][vc_row][vc_column][vc_column_text css=\u00a0\u00bb\u00a0\u00bb]<\/p>\n<h3 data-pm-slice=\"1 1 []\">Restez inform\u00e9 des actualit\u00e9s des jeux de crash<\/h3>\n<p>Nous tenons les joueurs inform\u00e9s des <a href=\"https:\/\/casinocrashgames.com\/fr\/actualites\/\"><strong>derni\u00e8res nouvelles<\/strong><\/a> et mises \u00e0 jour sur les jeux de crash, notamment : <\/p>\n<ul data-spread=\"false\">\n<li><strong>Les nouvelles sorties de jeux et leurs fonctionnalit\u00e9s<\/strong><\/li>\n<li><strong>Les tendances dans l&rsquo;industrie du jeu en ligne<\/strong><\/li>\n<li><strong>Des conseils, des guides et des avis d&rsquo;experts<\/strong><\/li>\n<\/ul>\n<p>Chez <a href=\"https:\/\/casinocrashgames.com\/fr\/\"><strong>Casino Crash Games<\/strong><\/a>, notre mission est d&rsquo;\u00e9duquer, d&rsquo;informer et d&rsquo;autonomiser les joueurs en fournissant des informations pr\u00e9cises et actualis\u00e9es sur Casino Crash Games. Que vous recherchiez du divertissement, des m\u00e9canismes de jeu, des strat\u00e9gies ou des nouvelles de l&rsquo;industrie, nous avons ce qu&rsquo;il vous faut ![\/vc_column_text][\/vc_column][\/vc_row]<\/p>\n<\/div>","protected":false},"excerpt":{"rendered":"<p>[vc_row][vc_column][vc_column_text css=\u00a0\u00bb\u00a0\u00bb] \u00c0 propos de nous Bienvenue sur Casino Crash Games, le centre d&rsquo;information exhaustif sur Casino Crash Games. Que [&hellip;]<\/p>\n","protected":false},"author":1,"featured_media":506,"parent":0,"menu_order":0,"comment_status":"closed","ping_status":"closed","template":"","meta":{"site-sidebar-layout":"no-sidebar","site-content-layout":"plain-container","ast-site-content-layout":"default","site-content-style":"default","site-sidebar-style":"default","ast-global-header-display":"","ast-banner-title-visibility":"","ast-main-header-display":"","ast-hfb-above-header-display":"","ast-hfb-below-header-display":"","ast-hfb-mobile-header-display":"","site-post-title":"disabled","ast-breadcrumbs-content":"","ast-featured-img":"disabled","footer-sml-layout":"","theme-transparent-header-meta":"disabled","adv-header-id-meta":"","stick-header-meta":"default","header-above-stick-meta":"","header-main-stick-meta":"","header-below-stick-meta":"","astra-migrate-meta-layouts":"default","ast-page-background-enabled":"default","ast-page-background-meta":{"desktop":{"background-color":"var(--ast-global-color-5)","background-image":"","background-repeat":"repeat","background-position":"center center","background-size":"auto","background-attachment":"scroll","background-type":"","background-media":"","overlay-type":"","overlay-color":"","overlay-opacity":"","overlay-gradient":""},"tablet":{"background-color":"","background-image":"","background-repeat":"repeat","background-position":"center center","background-size":"auto","background-attachment":"scroll","background-type":"","background-media":"","overlay-type":"","overlay-color":"","overlay-opacity":"","overlay-gradient":""},"mobile":{"background-color":"","background-image":"","background-repeat":"repeat","background-position":"center center","background-size":"auto","background-attachment":"scroll","background-type":"","background-media":"","overlay-type":"","overlay-color":"","overlay-opacity":"","overlay-gradient":""}},"ast-content-background-meta":{"desktop":{"background-color":"var(--ast-global-color-4)","background-image":"","background-repeat":"repeat","background-position":"center center","background-size":"auto","background-attachment":"scroll","background-type":"","background-media":"","overlay-type":"","overlay-color":"","overlay-opacity":"","overlay-gradient":""},"tablet":{"background-color":"var(--ast-global-color-4)","background-image":"","background-repeat":"repeat","background-position":"center center","background-size":"auto","background-attachment":"scroll","background-type":"","background-media":"","overlay-type":"","overlay-color":"","overlay-opacity":"","overlay-gradient":""},"mobile":{"background-color":"var(--ast-global-color-4)","background-image":"","background-repeat":"repeat","background-position":"center center","background-size":"auto","background-attachment":"scroll","background-type":"","background-media":"","overlay-type":"","overlay-color":"","overlay-opacity":"","overlay-gradient":""}},"footnotes":""},"class_list":["post-1051","page","type-page","status-publish","has-post-thumbnail","hentry"],"yoast_head":"<!-- This site is optimized with the Yoast SEO plugin v25.2 - https:\/\/yoast.com\/wordpress\/plugins\/seo\/ -->\n<title>\u00c0 propos de Casino Crash Games \u2013 votre guide pour des strat\u00e9gies gagnantes de crash<\/title>\n<meta name=\"description\" content=\"Apprenez tout sur les jeux de crash de casino sur Casino Crash Games. Des m\u00e9canismes de jeu et strat\u00e9gies aux critiques des fournisseurs et options de devises \u2014 nous vous aidons \u00e0 jouer plus intelligemment et \u00e0 gagner davantage.\" \/>\n<meta name=\"robots\" content=\"index, follow, max-snippet:-1, max-image-preview:large, max-video-preview:-1\" \/>\n<link rel=\"canonical\" href=\"https:\/\/casinocrashgames.com\/fr\/a-propos\/\" \/>\n<meta property=\"og:locale\" content=\"fr_FR\" \/>\n<meta property=\"og:type\" content=\"article\" \/>\n<meta property=\"og:title\" content=\"\u00c0 propos de Casino Crash Games \u2013 votre guide pour des strat\u00e9gies gagnantes de crash\" \/>\n<meta property=\"og:description\" content=\"Apprenez tout sur les jeux de crash de casino sur Casino Crash Games. Des m\u00e9canismes de jeu et strat\u00e9gies aux critiques des fournisseurs et options de devises \u2014 nous vous aidons \u00e0 jouer plus intelligemment et \u00e0 gagner davantage.\" \/>\n<meta property=\"og:url\" content=\"https:\/\/casinocrashgames.com\/fr\/a-propos\/\" \/>\n<meta property=\"og:site_name\" content=\"Casino Crash Games\" \/>\n<meta property=\"article:modified_time\" content=\"2025-06-23T19:14:56+00:00\" \/>\n<meta property=\"og:image\" content=\"https:\/\/casinocrashgames.com\/wp-content\/uploads\/2025\/03\/cropped-Casino-Crash-Games-Logo-.webp\" \/>\n\t<meta property=\"og:image:width\" content=\"1045\" \/>\n\t<meta property=\"og:image:height\" content=\"606\" \/>\n\t<meta property=\"og:image:type\" content=\"image\/webp\" \/>\n<meta name=\"twitter:card\" content=\"summary_large_image\" \/>\n<meta name=\"twitter:label1\" content=\"Dur\u00e9e de lecture estim\u00e9e\" \/>\n\t<meta name=\"twitter:data1\" content=\"4 minutes\" \/>\n<script type=\"application\/ld+json\" class=\"yoast-schema-graph\">{\"@context\":\"https:\/\/schema.org\",\"@graph\":[{\"@type\":\"WebPage\",\"@id\":\"https:\/\/casinocrashgames.com\/fr\/a-propos\/\",\"url\":\"https:\/\/casinocrashgames.com\/fr\/a-propos\/\",\"name\":\"\u00c0 propos de Casino Crash Games \u2013 votre guide pour des strat\u00e9gies gagnantes de crash\",\"isPartOf\":{\"@id\":\"https:\/\/casinocrashgames.com\/fr\/#website\"},\"primaryImageOfPage\":{\"@id\":\"https:\/\/casinocrashgames.com\/fr\/a-propos\/#primaryimage\"},\"image\":{\"@id\":\"https:\/\/casinocrashgames.com\/fr\/a-propos\/#primaryimage\"},\"thumbnailUrl\":\"https:\/\/casinocrashgames.com\/wp-content\/uploads\/2025\/03\/cropped-Casino-Crash-Games-Logo-.webp\",\"datePublished\":\"2025-02-06T13:13:54+00:00\",\"dateModified\":\"2025-06-23T19:14:56+00:00\",\"description\":\"Apprenez tout sur les jeux de crash de casino sur Casino Crash Games. Des m\u00e9canismes de jeu et strat\u00e9gies aux critiques des fournisseurs et options de devises \u2014 nous vous aidons \u00e0 jouer plus intelligemment et \u00e0 gagner davantage.\",\"breadcrumb\":{\"@id\":\"https:\/\/casinocrashgames.com\/fr\/a-propos\/#breadcrumb\"},\"inLanguage\":\"fr-FR\",\"potentialAction\":[{\"@type\":\"ReadAction\",\"target\":[\"https:\/\/casinocrashgames.com\/fr\/a-propos\/\"]}]},{\"@type\":\"ImageObject\",\"inLanguage\":\"fr-FR\",\"@id\":\"https:\/\/casinocrashgames.com\/fr\/a-propos\/#primaryimage\",\"url\":\"https:\/\/casinocrashgames.com\/wp-content\/uploads\/2025\/03\/cropped-Casino-Crash-Games-Logo-.webp\",\"contentUrl\":\"https:\/\/casinocrashgames.com\/wp-content\/uploads\/2025\/03\/cropped-Casino-Crash-Games-Logo-.webp\",\"width\":1045,\"height\":606,\"caption\":\"Casino Crash Games Logo\"},{\"@type\":\"BreadcrumbList\",\"@id\":\"https:\/\/casinocrashgames.com\/fr\/a-propos\/#breadcrumb\",\"itemListElement\":[{\"@type\":\"ListItem\",\"position\":1,\"name\":\"Home\",\"item\":\"https:\/\/casinocrashgames.com\/fr\/casino-crash-games\/\"},{\"@type\":\"ListItem\",\"position\":2,\"name\":\"\u00c0 propos\"}]},{\"@type\":\"WebSite\",\"@id\":\"https:\/\/casinocrashgames.com\/fr\/#website\",\"url\":\"https:\/\/casinocrashgames.com\/fr\/\",\"name\":\"Casino Crash Games\",\"description\":\"CASH BEFORE YOU CRASH\",\"publisher\":{\"@id\":\"https:\/\/casinocrashgames.com\/fr\/#organization\"},\"potentialAction\":[{\"@type\":\"SearchAction\",\"target\":{\"@type\":\"EntryPoint\",\"urlTemplate\":\"https:\/\/casinocrashgames.com\/fr\/?s={search_term_string}\"},\"query-input\":{\"@type\":\"PropertyValueSpecification\",\"valueRequired\":true,\"valueName\":\"search_term_string\"}}],\"inLanguage\":\"fr-FR\"},{\"@type\":\"Organization\",\"@id\":\"https:\/\/casinocrashgames.com\/fr\/#organization\",\"name\":\"Casino Crash Games\",\"url\":\"https:\/\/casinocrashgames.com\/fr\/\",\"logo\":{\"@type\":\"ImageObject\",\"inLanguage\":\"fr-FR\",\"@id\":\"https:\/\/casinocrashgames.com\/fr\/#\/schema\/logo\/image\/\",\"url\":\"https:\/\/casinocrashgames.com\/wp-content\/uploads\/2025\/03\/cropped-Casino-Crash-Games-Logo-.webp\",\"contentUrl\":\"https:\/\/casinocrashgames.com\/wp-content\/uploads\/2025\/03\/cropped-Casino-Crash-Games-Logo-.webp\",\"width\":1045,\"height\":606,\"caption\":\"Casino Crash Games\"},\"image\":{\"@id\":\"https:\/\/casinocrashgames.com\/fr\/#\/schema\/logo\/image\/\"}}]}<\/script>\n<!-- \/ Yoast SEO plugin. -->","yoast_head_json":{"title":"\u00c0 propos de Casino Crash Games \u2013 votre guide pour des strat\u00e9gies gagnantes de crash","description":"Apprenez tout sur les jeux de crash de casino sur Casino Crash Games. Des m\u00e9canismes de jeu et strat\u00e9gies aux critiques des fournisseurs et options de devises \u2014 nous vous aidons \u00e0 jouer plus intelligemment et \u00e0 gagner davantage.","robots":{"index":"index","follow":"follow","max-snippet":"max-snippet:-1","max-image-preview":"max-image-preview:large","max-video-preview":"max-video-preview:-1"},"canonical":"https:\/\/casinocrashgames.com\/fr\/a-propos\/","og_locale":"fr_FR","og_type":"article","og_title":"\u00c0 propos de Casino Crash Games \u2013 votre guide pour des strat\u00e9gies gagnantes de crash","og_description":"Apprenez tout sur les jeux de crash de casino sur Casino Crash Games. Des m\u00e9canismes de jeu et strat\u00e9gies aux critiques des fournisseurs et options de devises \u2014 nous vous aidons \u00e0 jouer plus intelligemment et \u00e0 gagner davantage.","og_url":"https:\/\/casinocrashgames.com\/fr\/a-propos\/","og_site_name":"Casino Crash Games","article_modified_time":"2025-06-23T19:14:56+00:00","og_image":[{"width":1045,"height":606,"url":"https:\/\/casinocrashgames.com\/wp-content\/uploads\/2025\/03\/cropped-Casino-Crash-Games-Logo-.webp","type":"image\/webp"}],"twitter_card":"summary_large_image","twitter_misc":{"Dur\u00e9e de lecture estim\u00e9e":"4 minutes"},"schema":{"@context":"https:\/\/schema.org","@graph":[{"@type":"WebPage","@id":"https:\/\/casinocrashgames.com\/fr\/a-propos\/","url":"https:\/\/casinocrashgames.com\/fr\/a-propos\/","name":"\u00c0 propos de Casino Crash Games \u2013 votre guide pour des strat\u00e9gies gagnantes de crash","isPartOf":{"@id":"https:\/\/casinocrashgames.com\/fr\/#website"},"primaryImageOfPage":{"@id":"https:\/\/casinocrashgames.com\/fr\/a-propos\/#primaryimage"},"image":{"@id":"https:\/\/casinocrashgames.com\/fr\/a-propos\/#primaryimage"},"thumbnailUrl":"https:\/\/casinocrashgames.com\/wp-content\/uploads\/2025\/03\/cropped-Casino-Crash-Games-Logo-.webp","datePublished":"2025-02-06T13:13:54+00:00","dateModified":"2025-06-23T19:14:56+00:00","description":"Apprenez tout sur les jeux de crash de casino sur Casino Crash Games. Des m\u00e9canismes de jeu et strat\u00e9gies aux critiques des fournisseurs et options de devises \u2014 nous vous aidons \u00e0 jouer plus intelligemment et \u00e0 gagner davantage.","breadcrumb":{"@id":"https:\/\/casinocrashgames.com\/fr\/a-propos\/#breadcrumb"},"inLanguage":"fr-FR","potentialAction":[{"@type":"ReadAction","target":["https:\/\/casinocrashgames.com\/fr\/a-propos\/"]}]},{"@type":"ImageObject","inLanguage":"fr-FR","@id":"https:\/\/casinocrashgames.com\/fr\/a-propos\/#primaryimage","url":"https:\/\/casinocrashgames.com\/wp-content\/uploads\/2025\/03\/cropped-Casino-Crash-Games-Logo-.webp","contentUrl":"https:\/\/casinocrashgames.com\/wp-content\/uploads\/2025\/03\/cropped-Casino-Crash-Games-Logo-.webp","width":1045,"height":606,"caption":"Casino Crash Games Logo"},{"@type":"BreadcrumbList","@id":"https:\/\/casinocrashgames.com\/fr\/a-propos\/#breadcrumb","itemListElement":[{"@type":"ListItem","position":1,"name":"Home","item":"https:\/\/casinocrashgames.com\/fr\/casino-crash-games\/"},{"@type":"ListItem","position":2,"name":"\u00c0 propos"}]},{"@type":"WebSite","@id":"https:\/\/casinocrashgames.com\/fr\/#website","url":"https:\/\/casinocrashgames.com\/fr\/","name":"Casino Crash Games","description":"CASH BEFORE YOU CRASH","publisher":{"@id":"https:\/\/casinocrashgames.com\/fr\/#organization"},"potentialAction":[{"@type":"SearchAction","target":{"@type":"EntryPoint","urlTemplate":"https:\/\/casinocrashgames.com\/fr\/?s={search_term_string}"},"query-input":{"@type":"PropertyValueSpecification","valueRequired":true,"valueName":"search_term_string"}}],"inLanguage":"fr-FR"},{"@type":"Organization","@id":"https:\/\/casinocrashgames.com\/fr\/#organization","name":"Casino Crash Games","url":"https:\/\/casinocrashgames.com\/fr\/","logo":{"@type":"ImageObject","inLanguage":"fr-FR","@id":"https:\/\/casinocrashgames.com\/fr\/#\/schema\/logo\/image\/","url":"https:\/\/casinocrashgames.com\/wp-content\/uploads\/2025\/03\/cropped-Casino-Crash-Games-Logo-.webp","contentUrl":"https:\/\/casinocrashgames.com\/wp-content\/uploads\/2025\/03\/cropped-Casino-Crash-Games-Logo-.webp","width":1045,"height":606,"caption":"Casino Crash Games"},"image":{"@id":"https:\/\/casinocrashgames.com\/fr\/#\/schema\/logo\/image\/"}}]}},"_links":{"self":[{"href":"https:\/\/casinocrashgames.com\/fr\/wp-json\/wp\/v2\/pages\/1051","targetHints":{"allow":["GET"]}}],"collection":[{"href":"https:\/\/casinocrashgames.com\/fr\/wp-json\/wp\/v2\/pages"}],"about":[{"href":"https:\/\/casinocrashgames.com\/fr\/wp-json\/wp\/v2\/types\/page"}],"author":[{"embeddable":true,"href":"https:\/\/casinocrashgames.com\/fr\/wp-json\/wp\/v2\/users\/1"}],"replies":[{"embeddable":true,"href":"https:\/\/casinocrashgames.com\/fr\/wp-json\/wp\/v2\/comments?post=1051"}],"version-history":[{"count":4,"href":"https:\/\/casinocrashgames.com\/fr\/wp-json\/wp\/v2\/pages\/1051\/revisions"}],"predecessor-version":[{"id":1253,"href":"https:\/\/casinocrashgames.com\/fr\/wp-json\/wp\/v2\/pages\/1051\/revisions\/1253"}],"wp:featuredmedia":[{"embeddable":true,"href":"https:\/\/casinocrashgames.com\/fr\/wp-json\/wp\/v2\/media\/506"}],"wp:attachment":[{"href":"https:\/\/casinocrashgames.com\/fr\/wp-json\/wp\/v2\/media?parent=1051"}],"curies":[{"name":"wp","href":"https:\/\/api.w.org\/{rel}","templated":true}]}}