{"id":1037,"date":"2025-02-06T13:14:18","date_gmt":"2025-02-06T13:14:18","guid":{"rendered":"https:\/\/casinocrashgames.com\/algorithmes\/"},"modified":"2025-06-12T20:44:17","modified_gmt":"2025-06-12T20:44:17","slug":"algorithmes","status":"publish","type":"page","link":"https:\/\/casinocrashgames.com\/fr\/a-propos\/algorithmes\/","title":{"rendered":"Algorithmes"},"content":{"rendered":"<div class=\"wpb-content-wrapper\"><p>[vc_row full_width=\u00a0\u00bbstretch_row\u00a0\u00bb content_placement=\u00a0\u00bbmiddle\u00a0\u00bb css=\u00a0\u00bb.vc_custom_1744576997054{margin-bottom: 50px !important;padding-top: 10% !important;padding-bottom: 5% !important;background: #1D0D4E url(https:\/\/casinocrashgames.com\/wp-content\/uploads\/2025\/04\/Background-Img.webp?id=219) !important;}\u00a0\u00bb][vc_column width=\u00a0\u00bb1\/2&Prime;][vc_single_image image=\u00a0\u00bb571&Prime; img_size=\u00a0\u00bb400&Prime; alignment=\u00a0\u00bbcenter\u00a0\u00bb css=\u00a0\u00bb\u00a0\u00bb][\/vc_column][vc_column width=\u00a0\u00bb1\/2&Prime;][vc_column_text css=\u00a0\u00bb\u00a0\u00bb]<\/p>\n<h1><span style=\"color: #fcc500;\">Algorithmes<\/span><\/h1>\n<p><span style=\"color: #ffffff;\">Les jeux de crash utilisent un algorithme v\u00e9rifiable, une m\u00e9thode cryptographique qui garantit que chaque tour de jeu est al\u00e9atoire, transparent et v\u00e9rifiable.<br \/>\n<\/span>[\/vc_column_text][\/vc_column][\/vc_row][vc_section][vc_row][vc_column][vc_column_text css=\u00a0\u00bb\u00a0\u00bb]<\/p>\n<h2>Comment cela fonctionne :<\/h2>\n<h3>G\u00e9n\u00e9ration de graines<\/h3>\n<p><span style=\"font-weight: 400;\"> Avant le d\u00e9but du jeu, une graine serveur (provenant du casino) et une graine client (provenant du joueur) sont utilis\u00e9es pour g\u00e9n\u00e9rer le point de crash. Certains jeux utilisent \u00e9galement un num\u00e9ro unique pour chaque tour. <\/span><\/p>\n<h3>Hachage<\/h3>\n<p><span style=\"font-weight: 400;\">Les graines sont combin\u00e9es et hach\u00e9es \u00e0 l&rsquo;aide d&rsquo;une fonction cryptographique. Cela garantit que le r\u00e9sultat est pr\u00e9d\u00e9termin\u00e9 mais cach\u00e9 jusqu&rsquo;\u00e0 la fin du tour. <\/span><\/p>\n<h3>Calcul du point de crash<\/h3>\n<p><span style=\"font-weight: 400;\">Le r\u00e9sultat du hachage est converti en un nombre qui d\u00e9termine le moment o\u00f9 le jeu va crasher.<\/span><\/p>\n<h3>V\u00e9rification<\/h3>\n<p><span style=\"font-weight: 400;\">Apr\u00e8s le tour, les joueurs peuvent v\u00e9rifier le hachage et le comparer avec la graine initiale pour confirmer que le jeu \u00e9tait \u00e9quitable et n&rsquo;a pas \u00e9t\u00e9 manipul\u00e9.<\/span><\/p>\n<p><span style=\"font-weight: 400;\">Ce syst\u00e8me garantit que personne, pas m\u00eame le casino, ne peut modifier le r\u00e9sultat, rendant les jeux de crash plus transparents et dignes de confiance, en particulier dans les jeux d&rsquo;argent cryptographiques.<\/span>[\/vc_column_text][\/vc_column][\/vc_row][\/vc_section]<\/p>\n<\/div>","protected":false},"excerpt":{"rendered":"<p>[vc_row full_width=\u00a0\u00bbstretch_row\u00a0\u00bb content_placement=\u00a0\u00bbmiddle\u00a0\u00bb css=\u00a0\u00bb.vc_custom_1744576997054{margin-bottom: 50px !important;padding-top: 10% !important;padding-bottom: 5% !important;background: #1D0D4E url(https:\/\/casinocrashgames.com\/wp-content\/uploads\/2025\/04\/Background-Img.webp?id=219) !important;}\u00a0\u00bb][vc_column width=\u00a0\u00bb1\/2&Prime;][vc_single_image image=\u00a0\u00bb571&Prime; img_size=\u00a0\u00bb400&Prime; alignment=\u00a0\u00bbcenter\u00a0\u00bb css=\u00a0\u00bb\u00a0\u00bb][\/vc_column][vc_column width=\u00a0\u00bb1\/2&Prime;][vc_column_text css=\u00a0\u00bb\u00a0\u00bb] [&hellip;]<\/p>\n","protected":false},"author":1,"featured_media":0,"parent":1051,"menu_order":0,"comment_status":"closed","ping_status":"closed","template":"","meta":{"site-sidebar-layout":"no-sidebar","site-content-layout":"plain-container","ast-site-content-layout":"default","site-content-style":"default","site-sidebar-style":"default","ast-global-header-display":"","ast-banner-title-visibility":"","ast-main-header-display":"","ast-hfb-above-header-display":"","ast-hfb-below-header-display":"","ast-hfb-mobile-header-display":"","site-post-title":"disabled","ast-breadcrumbs-content":"","ast-featured-img":"disabled","footer-sml-layout":"","theme-transparent-header-meta":"default","adv-header-id-meta":"","stick-header-meta":"","header-above-stick-meta":"","header-main-stick-meta":"","header-below-stick-meta":"","astra-migrate-meta-layouts":"default","ast-page-background-enabled":"default","ast-page-background-meta":{"desktop":{"background-color":"var(--ast-global-color-5)","background-image":"","background-repeat":"repeat","background-position":"center center","background-size":"auto","background-attachment":"scroll","background-type":"","background-media":"","overlay-type":"","overlay-color":"","overlay-opacity":"","overlay-gradient":""},"tablet":{"background-color":"","background-image":"","background-repeat":"repeat","background-position":"center center","background-size":"auto","background-attachment":"scroll","background-type":"","background-media":"","overlay-type":"","overlay-color":"","overlay-opacity":"","overlay-gradient":""},"mobile":{"background-color":"","background-image":"","background-repeat":"repeat","background-position":"center center","background-size":"auto","background-attachment":"scroll","background-type":"","background-media":"","overlay-type":"","overlay-color":"","overlay-opacity":"","overlay-gradient":""}},"ast-content-background-meta":{"desktop":{"background-color":"var(--ast-global-color-4)","background-image":"","background-repeat":"repeat","background-position":"center center","background-size":"auto","background-attachment":"scroll","background-type":"","background-media":"","overlay-type":"","overlay-color":"","overlay-opacity":"","overlay-gradient":""},"tablet":{"background-color":"var(--ast-global-color-4)","background-image":"","background-repeat":"repeat","background-position":"center center","background-size":"auto","background-attachment":"scroll","background-type":"","background-media":"","overlay-type":"","overlay-color":"","overlay-opacity":"","overlay-gradient":""},"mobile":{"background-color":"var(--ast-global-color-4)","background-image":"","background-repeat":"repeat","background-position":"center center","background-size":"auto","background-attachment":"scroll","background-type":"","background-media":"","overlay-type":"","overlay-color":"","overlay-opacity":"","overlay-gradient":""}},"footnotes":""},"class_list":["post-1037","page","type-page","status-publish","hentry"],"yoast_head":"<!-- This site is optimized with the Yoast SEO plugin v25.2 - https:\/\/yoast.com\/wordpress\/plugins\/seo\/ -->\n<title>Algorithmes \u00e9quitables dans les jeux de crash - principes<\/title>\n<meta name=\"description\" content=\"Apprenez comment les algorithmes v\u00e9rifiables garantissent que les jeux de crash sont al\u00e9atoires, transparents et inviolables. D\u00e9couvrez le r\u00f4le des graines, du hachage et de la v\u00e9rification des points de crash dans les jeux d&#039;argent cryptographiques\" \/>\n<meta name=\"robots\" content=\"index, follow, max-snippet:-1, max-image-preview:large, max-video-preview:-1\" \/>\n<link rel=\"canonical\" href=\"https:\/\/casinocrashgames.com\/fr\/a-propos\/algorithmes\/\" \/>\n<meta property=\"og:locale\" content=\"fr_FR\" \/>\n<meta property=\"og:type\" content=\"article\" \/>\n<meta property=\"og:title\" content=\"Algorithmes \u00e9quitables dans les jeux de crash - principes\" \/>\n<meta property=\"og:description\" content=\"Apprenez comment les algorithmes v\u00e9rifiables garantissent que les jeux de crash sont al\u00e9atoires, transparents et inviolables. D\u00e9couvrez le r\u00f4le des graines, du hachage et de la v\u00e9rification des points de crash dans les jeux d&#039;argent cryptographiques\" \/>\n<meta property=\"og:url\" content=\"https:\/\/casinocrashgames.com\/fr\/a-propos\/algorithmes\/\" \/>\n<meta property=\"og:site_name\" content=\"Casino Crash Games\" \/>\n<meta property=\"article:modified_time\" content=\"2025-06-12T20:44:17+00:00\" \/>\n<meta name=\"twitter:card\" content=\"summary_large_image\" \/>\n<meta name=\"twitter:label1\" content=\"Dur\u00e9e de lecture estim\u00e9e\" \/>\n\t<meta name=\"twitter:data1\" content=\"1 minute\" \/>\n<script type=\"application\/ld+json\" class=\"yoast-schema-graph\">{\"@context\":\"https:\/\/schema.org\",\"@graph\":[{\"@type\":\"WebPage\",\"@id\":\"https:\/\/casinocrashgames.com\/fr\/a-propos\/algorithmes\/\",\"url\":\"https:\/\/casinocrashgames.com\/fr\/a-propos\/algorithmes\/\",\"name\":\"Algorithmes \u00e9quitables dans les jeux de crash - principes\",\"isPartOf\":{\"@id\":\"https:\/\/casinocrashgames.com\/fr\/#website\"},\"datePublished\":\"2025-02-06T13:14:18+00:00\",\"dateModified\":\"2025-06-12T20:44:17+00:00\",\"description\":\"Apprenez comment les algorithmes v\u00e9rifiables garantissent que les jeux de crash sont al\u00e9atoires, transparents et inviolables. D\u00e9couvrez le r\u00f4le des graines, du hachage et de la v\u00e9rification des points de crash dans les jeux d'argent cryptographiques\",\"breadcrumb\":{\"@id\":\"https:\/\/casinocrashgames.com\/fr\/a-propos\/algorithmes\/#breadcrumb\"},\"inLanguage\":\"fr-FR\",\"potentialAction\":[{\"@type\":\"ReadAction\",\"target\":[\"https:\/\/casinocrashgames.com\/fr\/a-propos\/algorithmes\/\"]}]},{\"@type\":\"BreadcrumbList\",\"@id\":\"https:\/\/casinocrashgames.com\/fr\/a-propos\/algorithmes\/#breadcrumb\",\"itemListElement\":[{\"@type\":\"ListItem\",\"position\":1,\"name\":\"Home\",\"item\":\"https:\/\/casinocrashgames.com\/fr\/casino-crash-games\/\"},{\"@type\":\"ListItem\",\"position\":2,\"name\":\"\u00c0 propos\",\"item\":\"https:\/\/casinocrashgames.com\/fr\/a-propos\/\"},{\"@type\":\"ListItem\",\"position\":3,\"name\":\"Algorithmes\"}]},{\"@type\":\"WebSite\",\"@id\":\"https:\/\/casinocrashgames.com\/fr\/#website\",\"url\":\"https:\/\/casinocrashgames.com\/fr\/\",\"name\":\"Casino Crash Games\",\"description\":\"CASH BEFORE YOU CRASH\",\"publisher\":{\"@id\":\"https:\/\/casinocrashgames.com\/fr\/#organization\"},\"potentialAction\":[{\"@type\":\"SearchAction\",\"target\":{\"@type\":\"EntryPoint\",\"urlTemplate\":\"https:\/\/casinocrashgames.com\/fr\/?s={search_term_string}\"},\"query-input\":{\"@type\":\"PropertyValueSpecification\",\"valueRequired\":true,\"valueName\":\"search_term_string\"}}],\"inLanguage\":\"fr-FR\"},{\"@type\":\"Organization\",\"@id\":\"https:\/\/casinocrashgames.com\/fr\/#organization\",\"name\":\"Casino Crash Games\",\"url\":\"https:\/\/casinocrashgames.com\/fr\/\",\"logo\":{\"@type\":\"ImageObject\",\"inLanguage\":\"fr-FR\",\"@id\":\"https:\/\/casinocrashgames.com\/fr\/#\/schema\/logo\/image\/\",\"url\":\"https:\/\/casinocrashgames.com\/wp-content\/uploads\/2025\/03\/cropped-Casino-Crash-Games-Logo-.webp\",\"contentUrl\":\"https:\/\/casinocrashgames.com\/wp-content\/uploads\/2025\/03\/cropped-Casino-Crash-Games-Logo-.webp\",\"width\":1045,\"height\":606,\"caption\":\"Casino Crash Games\"},\"image\":{\"@id\":\"https:\/\/casinocrashgames.com\/fr\/#\/schema\/logo\/image\/\"}}]}<\/script>\n<!-- \/ Yoast SEO plugin. -->","yoast_head_json":{"title":"Algorithmes \u00e9quitables dans les jeux de crash - principes","description":"Apprenez comment les algorithmes v\u00e9rifiables garantissent que les jeux de crash sont al\u00e9atoires, transparents et inviolables. D\u00e9couvrez le r\u00f4le des graines, du hachage et de la v\u00e9rification des points de crash dans les jeux d'argent cryptographiques","robots":{"index":"index","follow":"follow","max-snippet":"max-snippet:-1","max-image-preview":"max-image-preview:large","max-video-preview":"max-video-preview:-1"},"canonical":"https:\/\/casinocrashgames.com\/fr\/a-propos\/algorithmes\/","og_locale":"fr_FR","og_type":"article","og_title":"Algorithmes \u00e9quitables dans les jeux de crash - principes","og_description":"Apprenez comment les algorithmes v\u00e9rifiables garantissent que les jeux de crash sont al\u00e9atoires, transparents et inviolables. D\u00e9couvrez le r\u00f4le des graines, du hachage et de la v\u00e9rification des points de crash dans les jeux d'argent cryptographiques","og_url":"https:\/\/casinocrashgames.com\/fr\/a-propos\/algorithmes\/","og_site_name":"Casino Crash Games","article_modified_time":"2025-06-12T20:44:17+00:00","twitter_card":"summary_large_image","twitter_misc":{"Dur\u00e9e de lecture estim\u00e9e":"1 minute"},"schema":{"@context":"https:\/\/schema.org","@graph":[{"@type":"WebPage","@id":"https:\/\/casinocrashgames.com\/fr\/a-propos\/algorithmes\/","url":"https:\/\/casinocrashgames.com\/fr\/a-propos\/algorithmes\/","name":"Algorithmes \u00e9quitables dans les jeux de crash - principes","isPartOf":{"@id":"https:\/\/casinocrashgames.com\/fr\/#website"},"datePublished":"2025-02-06T13:14:18+00:00","dateModified":"2025-06-12T20:44:17+00:00","description":"Apprenez comment les algorithmes v\u00e9rifiables garantissent que les jeux de crash sont al\u00e9atoires, transparents et inviolables. D\u00e9couvrez le r\u00f4le des graines, du hachage et de la v\u00e9rification des points de crash dans les jeux d'argent cryptographiques","breadcrumb":{"@id":"https:\/\/casinocrashgames.com\/fr\/a-propos\/algorithmes\/#breadcrumb"},"inLanguage":"fr-FR","potentialAction":[{"@type":"ReadAction","target":["https:\/\/casinocrashgames.com\/fr\/a-propos\/algorithmes\/"]}]},{"@type":"BreadcrumbList","@id":"https:\/\/casinocrashgames.com\/fr\/a-propos\/algorithmes\/#breadcrumb","itemListElement":[{"@type":"ListItem","position":1,"name":"Home","item":"https:\/\/casinocrashgames.com\/fr\/casino-crash-games\/"},{"@type":"ListItem","position":2,"name":"\u00c0 propos","item":"https:\/\/casinocrashgames.com\/fr\/a-propos\/"},{"@type":"ListItem","position":3,"name":"Algorithmes"}]},{"@type":"WebSite","@id":"https:\/\/casinocrashgames.com\/fr\/#website","url":"https:\/\/casinocrashgames.com\/fr\/","name":"Casino Crash Games","description":"CASH BEFORE YOU CRASH","publisher":{"@id":"https:\/\/casinocrashgames.com\/fr\/#organization"},"potentialAction":[{"@type":"SearchAction","target":{"@type":"EntryPoint","urlTemplate":"https:\/\/casinocrashgames.com\/fr\/?s={search_term_string}"},"query-input":{"@type":"PropertyValueSpecification","valueRequired":true,"valueName":"search_term_string"}}],"inLanguage":"fr-FR"},{"@type":"Organization","@id":"https:\/\/casinocrashgames.com\/fr\/#organization","name":"Casino Crash Games","url":"https:\/\/casinocrashgames.com\/fr\/","logo":{"@type":"ImageObject","inLanguage":"fr-FR","@id":"https:\/\/casinocrashgames.com\/fr\/#\/schema\/logo\/image\/","url":"https:\/\/casinocrashgames.com\/wp-content\/uploads\/2025\/03\/cropped-Casino-Crash-Games-Logo-.webp","contentUrl":"https:\/\/casinocrashgames.com\/wp-content\/uploads\/2025\/03\/cropped-Casino-Crash-Games-Logo-.webp","width":1045,"height":606,"caption":"Casino Crash Games"},"image":{"@id":"https:\/\/casinocrashgames.com\/fr\/#\/schema\/logo\/image\/"}}]}},"_links":{"self":[{"href":"https:\/\/casinocrashgames.com\/fr\/wp-json\/wp\/v2\/pages\/1037","targetHints":{"allow":["GET"]}}],"collection":[{"href":"https:\/\/casinocrashgames.com\/fr\/wp-json\/wp\/v2\/pages"}],"about":[{"href":"https:\/\/casinocrashgames.com\/fr\/wp-json\/wp\/v2\/types\/page"}],"author":[{"embeddable":true,"href":"https:\/\/casinocrashgames.com\/fr\/wp-json\/wp\/v2\/users\/1"}],"replies":[{"embeddable":true,"href":"https:\/\/casinocrashgames.com\/fr\/wp-json\/wp\/v2\/comments?post=1037"}],"version-history":[{"count":3,"href":"https:\/\/casinocrashgames.com\/fr\/wp-json\/wp\/v2\/pages\/1037\/revisions"}],"predecessor-version":[{"id":1040,"href":"https:\/\/casinocrashgames.com\/fr\/wp-json\/wp\/v2\/pages\/1037\/revisions\/1040"}],"up":[{"embeddable":true,"href":"https:\/\/casinocrashgames.com\/fr\/wp-json\/wp\/v2\/pages\/1051"}],"wp:attachment":[{"href":"https:\/\/casinocrashgames.com\/fr\/wp-json\/wp\/v2\/media?parent=1037"}],"curies":[{"name":"wp","href":"https:\/\/api.w.org\/{rel}","templated":true}]}}