{"id":1017,"date":"2025-02-06T13:15:26","date_gmt":"2025-02-06T13:15:26","guid":{"rendered":"https:\/\/casinocrashgames.com\/devises\/"},"modified":"2025-06-12T20:44:17","modified_gmt":"2025-06-12T20:44:17","slug":"devises","status":"publish","type":"page","link":"https:\/\/casinocrashgames.com\/fr\/a-propos\/devises\/","title":{"rendered":"Devises"},"content":{"rendered":"<div class=\"wpb-content-wrapper\"><p>[vc_row full_width=\u00a0\u00bbstretch_row\u00a0\u00bb content_placement=\u00a0\u00bbmiddle\u00a0\u00bb css=\u00a0\u00bb.vc_custom_1744576997054{margin-bottom: 50px !important;padding-top: 10% !important;padding-bottom: 5% !important;background: #1D0D4E url(https:\/\/casinocrashgames.com\/wp-content\/uploads\/2025\/04\/Background-Img.webp?id=219) !important;}\u00a0\u00bb][vc_column width=\u00a0\u00bb1\/2&Prime;][vc_single_image image=\u00a0\u00bb571&Prime; img_size=\u00a0\u00bb400&Prime; alignment=\u00a0\u00bbcenter\u00a0\u00bb css=\u00a0\u00bb\u00a0\u00bb][\/vc_column][vc_column width=\u00a0\u00bb1\/2&Prime;][vc_column_text css=\u00a0\u00bb\u00a0\u00bb]<\/p>\n<h1><span style=\"color: #fcc500;\">Devises<\/span><\/h1>\n<p><span style=\"color: #ffffff;\">Explorez les devises utilis\u00e9es dans les jeux de crash, du Bitcoin et de l&rsquo;Ethereum \u00e0 l&rsquo;USD et \u00e0 l&rsquo;Euro. Apprenez comment les mises basses rendent le gameplay plus accessible. <\/span>[\/vc_column_text][\/vc_column][\/vc_row][vc_section][vc_row][vc_column][vc_column_text css=\u00a0\u00bb\u00a0\u00bb]<\/p>\n<h2>Devises derri\u00e8re les <b>jeux de crash<\/b><\/h2>\n<p><span style=\"font-weight: 400;\">Les jeux de crash ont commenc\u00e9 comme un moyen pour les enthousiastes de crypto-monnaies de parier en utilisant leurs crypto-monnaies. Pour cette raison, la plupart des sites de jeux de crash accepteront les crypto-monnaies les plus populaires, notamment le Bitcoin, l&rsquo;Ethereum, le Litecoin, le Dogecoin et le Bitcoin Cash. <\/span><\/p>\n<p><span style=\"font-weight: 400;\">Certains sites de jeux de crash acceptent \u00e9galement des devises traditionnelles, telles que le dollar am\u00e9ricain, l&rsquo;euro et la livre sterling. Cela d\u00e9pend de l&#8217;emplacement et des politiques de l&rsquo;op\u00e9rateur. Les op\u00e9rateurs de jeux de crash n&rsquo;imposent g\u00e9n\u00e9ralement pas d&rsquo;exigences strictes en mati\u00e8re de mise minimale. Cette caract\u00e9ristique permet aux nouveaux joueurs d&rsquo;explorer les m\u00e9canismes du jeu avec un risque moindre, le rendant ainsi plus accessible \u00e0 un large \u00e9ventail d&rsquo;utilisateurs.   <\/span>[\/vc_column_text][\/vc_column][\/vc_row][\/vc_section]<\/p>\n<\/div>","protected":false},"excerpt":{"rendered":"<p>[vc_row full_width=\u00a0\u00bbstretch_row\u00a0\u00bb content_placement=\u00a0\u00bbmiddle\u00a0\u00bb css=\u00a0\u00bb.vc_custom_1744576997054{margin-bottom: 50px !important;padding-top: 10% !important;padding-bottom: 5% !important;background: #1D0D4E url(https:\/\/casinocrashgames.com\/wp-content\/uploads\/2025\/04\/Background-Img.webp?id=219) !important;}\u00a0\u00bb][vc_column width=\u00a0\u00bb1\/2&Prime;][vc_single_image image=\u00a0\u00bb571&Prime; img_size=\u00a0\u00bb400&Prime; alignment=\u00a0\u00bbcenter\u00a0\u00bb css=\u00a0\u00bb\u00a0\u00bb][\/vc_column][vc_column width=\u00a0\u00bb1\/2&Prime;][vc_column_text css=\u00a0\u00bb\u00a0\u00bb] [&hellip;]<\/p>\n","protected":false},"author":1,"featured_media":0,"parent":1051,"menu_order":0,"comment_status":"closed","ping_status":"closed","template":"","meta":{"site-sidebar-layout":"no-sidebar","site-content-layout":"plain-container","ast-site-content-layout":"default","site-content-style":"default","site-sidebar-style":"default","ast-global-header-display":"","ast-banner-title-visibility":"","ast-main-header-display":"","ast-hfb-above-header-display":"","ast-hfb-below-header-display":"","ast-hfb-mobile-header-display":"","site-post-title":"disabled","ast-breadcrumbs-content":"","ast-featured-img":"disabled","footer-sml-layout":"","theme-transparent-header-meta":"default","adv-header-id-meta":"","stick-header-meta":"default","header-above-stick-meta":"","header-main-stick-meta":"","header-below-stick-meta":"","astra-migrate-meta-layouts":"default","ast-page-background-enabled":"default","ast-page-background-meta":{"desktop":{"background-color":"var(--ast-global-color-5)","background-image":"","background-repeat":"repeat","background-position":"center center","background-size":"auto","background-attachment":"scroll","background-type":"","background-media":"","overlay-type":"","overlay-color":"","overlay-opacity":"","overlay-gradient":""},"tablet":{"background-color":"","background-image":"","background-repeat":"repeat","background-position":"center center","background-size":"auto","background-attachment":"scroll","background-type":"","background-media":"","overlay-type":"","overlay-color":"","overlay-opacity":"","overlay-gradient":""},"mobile":{"background-color":"","background-image":"","background-repeat":"repeat","background-position":"center center","background-size":"auto","background-attachment":"scroll","background-type":"","background-media":"","overlay-type":"","overlay-color":"","overlay-opacity":"","overlay-gradient":""}},"ast-content-background-meta":{"desktop":{"background-color":"var(--ast-global-color-4)","background-image":"","background-repeat":"repeat","background-position":"center center","background-size":"auto","background-attachment":"scroll","background-type":"","background-media":"","overlay-type":"","overlay-color":"","overlay-opacity":"","overlay-gradient":""},"tablet":{"background-color":"var(--ast-global-color-4)","background-image":"","background-repeat":"repeat","background-position":"center center","background-size":"auto","background-attachment":"scroll","background-type":"","background-media":"","overlay-type":"","overlay-color":"","overlay-opacity":"","overlay-gradient":""},"mobile":{"background-color":"var(--ast-global-color-4)","background-image":"","background-repeat":"repeat","background-position":"center center","background-size":"auto","background-attachment":"scroll","background-type":"","background-media":"","overlay-type":"","overlay-color":"","overlay-opacity":"","overlay-gradient":""}},"footnotes":""},"class_list":["post-1017","page","type-page","status-publish","hentry"],"yoast_head":"<!-- This site is optimized with the Yoast SEO plugin v25.2 - https:\/\/yoast.com\/wordpress\/plugins\/seo\/ -->\n<title>Devises Crash Game - explications des options cryptographiques et fiduciaires<\/title>\n<meta name=\"description\" content=\"Explorez les devises utilis\u00e9es dans les jeux de crash, du Bitcoin et de l&#039;Ethereum \u00e0 l&#039;USD et \u00e0 l&#039;EURO. D\u00e9couvrez comment la crypto-monnaie alimente un gameplay \u00e9quitable et identifiez les plateformes qui prennent en charge la monnaie traditionnelle.\" \/>\n<meta name=\"robots\" content=\"index, follow, max-snippet:-1, max-image-preview:large, max-video-preview:-1\" \/>\n<link rel=\"canonical\" href=\"https:\/\/casinocrashgames.com\/fr\/a-propos\/devises\/\" \/>\n<meta property=\"og:locale\" content=\"fr_FR\" \/>\n<meta property=\"og:type\" content=\"article\" \/>\n<meta property=\"og:title\" content=\"Devises Crash Game - explications des options cryptographiques et fiduciaires\" \/>\n<meta property=\"og:description\" content=\"Explorez les devises utilis\u00e9es dans les jeux de crash, du Bitcoin et de l&#039;Ethereum \u00e0 l&#039;USD et \u00e0 l&#039;EURO. D\u00e9couvrez comment la crypto-monnaie alimente un gameplay \u00e9quitable et identifiez les plateformes qui prennent en charge la monnaie traditionnelle.\" \/>\n<meta property=\"og:url\" content=\"https:\/\/casinocrashgames.com\/fr\/a-propos\/devises\/\" \/>\n<meta property=\"og:site_name\" content=\"Casino Crash Games\" \/>\n<meta property=\"article:modified_time\" content=\"2025-06-12T20:44:17+00:00\" \/>\n<meta name=\"twitter:card\" content=\"summary_large_image\" \/>\n<meta name=\"twitter:label1\" content=\"Dur\u00e9e de lecture estim\u00e9e\" \/>\n\t<meta name=\"twitter:data1\" content=\"1 minute\" \/>\n<script type=\"application\/ld+json\" class=\"yoast-schema-graph\">{\"@context\":\"https:\/\/schema.org\",\"@graph\":[{\"@type\":\"WebPage\",\"@id\":\"https:\/\/casinocrashgames.com\/fr\/a-propos\/devises\/\",\"url\":\"https:\/\/casinocrashgames.com\/fr\/a-propos\/devises\/\",\"name\":\"Devises Crash Game - explications des options cryptographiques et fiduciaires\",\"isPartOf\":{\"@id\":\"https:\/\/casinocrashgames.com\/fr\/#website\"},\"datePublished\":\"2025-02-06T13:15:26+00:00\",\"dateModified\":\"2025-06-12T20:44:17+00:00\",\"description\":\"Explorez les devises utilis\u00e9es dans les jeux de crash, du Bitcoin et de l'Ethereum \u00e0 l'USD et \u00e0 l'EURO. D\u00e9couvrez comment la crypto-monnaie alimente un gameplay \u00e9quitable et identifiez les plateformes qui prennent en charge la monnaie traditionnelle.\",\"breadcrumb\":{\"@id\":\"https:\/\/casinocrashgames.com\/fr\/a-propos\/devises\/#breadcrumb\"},\"inLanguage\":\"fr-FR\",\"potentialAction\":[{\"@type\":\"ReadAction\",\"target\":[\"https:\/\/casinocrashgames.com\/fr\/a-propos\/devises\/\"]}]},{\"@type\":\"BreadcrumbList\",\"@id\":\"https:\/\/casinocrashgames.com\/fr\/a-propos\/devises\/#breadcrumb\",\"itemListElement\":[{\"@type\":\"ListItem\",\"position\":1,\"name\":\"Home\",\"item\":\"https:\/\/casinocrashgames.com\/fr\/casino-crash-games\/\"},{\"@type\":\"ListItem\",\"position\":2,\"name\":\"\u00c0 propos\",\"item\":\"https:\/\/casinocrashgames.com\/fr\/a-propos\/\"},{\"@type\":\"ListItem\",\"position\":3,\"name\":\"Devises\"}]},{\"@type\":\"WebSite\",\"@id\":\"https:\/\/casinocrashgames.com\/fr\/#website\",\"url\":\"https:\/\/casinocrashgames.com\/fr\/\",\"name\":\"Casino Crash Games\",\"description\":\"CASH BEFORE YOU CRASH\",\"publisher\":{\"@id\":\"https:\/\/casinocrashgames.com\/fr\/#organization\"},\"potentialAction\":[{\"@type\":\"SearchAction\",\"target\":{\"@type\":\"EntryPoint\",\"urlTemplate\":\"https:\/\/casinocrashgames.com\/fr\/?s={search_term_string}\"},\"query-input\":{\"@type\":\"PropertyValueSpecification\",\"valueRequired\":true,\"valueName\":\"search_term_string\"}}],\"inLanguage\":\"fr-FR\"},{\"@type\":\"Organization\",\"@id\":\"https:\/\/casinocrashgames.com\/fr\/#organization\",\"name\":\"Casino Crash Games\",\"url\":\"https:\/\/casinocrashgames.com\/fr\/\",\"logo\":{\"@type\":\"ImageObject\",\"inLanguage\":\"fr-FR\",\"@id\":\"https:\/\/casinocrashgames.com\/fr\/#\/schema\/logo\/image\/\",\"url\":\"https:\/\/casinocrashgames.com\/wp-content\/uploads\/2025\/03\/cropped-Casino-Crash-Games-Logo-.webp\",\"contentUrl\":\"https:\/\/casinocrashgames.com\/wp-content\/uploads\/2025\/03\/cropped-Casino-Crash-Games-Logo-.webp\",\"width\":1045,\"height\":606,\"caption\":\"Casino Crash Games\"},\"image\":{\"@id\":\"https:\/\/casinocrashgames.com\/fr\/#\/schema\/logo\/image\/\"}}]}<\/script>\n<!-- \/ Yoast SEO plugin. -->","yoast_head_json":{"title":"Devises Crash Game - explications des options cryptographiques et fiduciaires","description":"Explorez les devises utilis\u00e9es dans les jeux de crash, du Bitcoin et de l'Ethereum \u00e0 l'USD et \u00e0 l'EURO. D\u00e9couvrez comment la crypto-monnaie alimente un gameplay \u00e9quitable et identifiez les plateformes qui prennent en charge la monnaie traditionnelle.","robots":{"index":"index","follow":"follow","max-snippet":"max-snippet:-1","max-image-preview":"max-image-preview:large","max-video-preview":"max-video-preview:-1"},"canonical":"https:\/\/casinocrashgames.com\/fr\/a-propos\/devises\/","og_locale":"fr_FR","og_type":"article","og_title":"Devises Crash Game - explications des options cryptographiques et fiduciaires","og_description":"Explorez les devises utilis\u00e9es dans les jeux de crash, du Bitcoin et de l'Ethereum \u00e0 l'USD et \u00e0 l'EURO. D\u00e9couvrez comment la crypto-monnaie alimente un gameplay \u00e9quitable et identifiez les plateformes qui prennent en charge la monnaie traditionnelle.","og_url":"https:\/\/casinocrashgames.com\/fr\/a-propos\/devises\/","og_site_name":"Casino Crash Games","article_modified_time":"2025-06-12T20:44:17+00:00","twitter_card":"summary_large_image","twitter_misc":{"Dur\u00e9e de lecture estim\u00e9e":"1 minute"},"schema":{"@context":"https:\/\/schema.org","@graph":[{"@type":"WebPage","@id":"https:\/\/casinocrashgames.com\/fr\/a-propos\/devises\/","url":"https:\/\/casinocrashgames.com\/fr\/a-propos\/devises\/","name":"Devises Crash Game - explications des options cryptographiques et fiduciaires","isPartOf":{"@id":"https:\/\/casinocrashgames.com\/fr\/#website"},"datePublished":"2025-02-06T13:15:26+00:00","dateModified":"2025-06-12T20:44:17+00:00","description":"Explorez les devises utilis\u00e9es dans les jeux de crash, du Bitcoin et de l'Ethereum \u00e0 l'USD et \u00e0 l'EURO. D\u00e9couvrez comment la crypto-monnaie alimente un gameplay \u00e9quitable et identifiez les plateformes qui prennent en charge la monnaie traditionnelle.","breadcrumb":{"@id":"https:\/\/casinocrashgames.com\/fr\/a-propos\/devises\/#breadcrumb"},"inLanguage":"fr-FR","potentialAction":[{"@type":"ReadAction","target":["https:\/\/casinocrashgames.com\/fr\/a-propos\/devises\/"]}]},{"@type":"BreadcrumbList","@id":"https:\/\/casinocrashgames.com\/fr\/a-propos\/devises\/#breadcrumb","itemListElement":[{"@type":"ListItem","position":1,"name":"Home","item":"https:\/\/casinocrashgames.com\/fr\/casino-crash-games\/"},{"@type":"ListItem","position":2,"name":"\u00c0 propos","item":"https:\/\/casinocrashgames.com\/fr\/a-propos\/"},{"@type":"ListItem","position":3,"name":"Devises"}]},{"@type":"WebSite","@id":"https:\/\/casinocrashgames.com\/fr\/#website","url":"https:\/\/casinocrashgames.com\/fr\/","name":"Casino Crash Games","description":"CASH BEFORE YOU CRASH","publisher":{"@id":"https:\/\/casinocrashgames.com\/fr\/#organization"},"potentialAction":[{"@type":"SearchAction","target":{"@type":"EntryPoint","urlTemplate":"https:\/\/casinocrashgames.com\/fr\/?s={search_term_string}"},"query-input":{"@type":"PropertyValueSpecification","valueRequired":true,"valueName":"search_term_string"}}],"inLanguage":"fr-FR"},{"@type":"Organization","@id":"https:\/\/casinocrashgames.com\/fr\/#organization","name":"Casino Crash Games","url":"https:\/\/casinocrashgames.com\/fr\/","logo":{"@type":"ImageObject","inLanguage":"fr-FR","@id":"https:\/\/casinocrashgames.com\/fr\/#\/schema\/logo\/image\/","url":"https:\/\/casinocrashgames.com\/wp-content\/uploads\/2025\/03\/cropped-Casino-Crash-Games-Logo-.webp","contentUrl":"https:\/\/casinocrashgames.com\/wp-content\/uploads\/2025\/03\/cropped-Casino-Crash-Games-Logo-.webp","width":1045,"height":606,"caption":"Casino Crash Games"},"image":{"@id":"https:\/\/casinocrashgames.com\/fr\/#\/schema\/logo\/image\/"}}]}},"_links":{"self":[{"href":"https:\/\/casinocrashgames.com\/fr\/wp-json\/wp\/v2\/pages\/1017","targetHints":{"allow":["GET"]}}],"collection":[{"href":"https:\/\/casinocrashgames.com\/fr\/wp-json\/wp\/v2\/pages"}],"about":[{"href":"https:\/\/casinocrashgames.com\/fr\/wp-json\/wp\/v2\/types\/page"}],"author":[{"embeddable":true,"href":"https:\/\/casinocrashgames.com\/fr\/wp-json\/wp\/v2\/users\/1"}],"replies":[{"embeddable":true,"href":"https:\/\/casinocrashgames.com\/fr\/wp-json\/wp\/v2\/comments?post=1017"}],"version-history":[{"count":2,"href":"https:\/\/casinocrashgames.com\/fr\/wp-json\/wp\/v2\/pages\/1017\/revisions"}],"predecessor-version":[{"id":1033,"href":"https:\/\/casinocrashgames.com\/fr\/wp-json\/wp\/v2\/pages\/1017\/revisions\/1033"}],"up":[{"embeddable":true,"href":"https:\/\/casinocrashgames.com\/fr\/wp-json\/wp\/v2\/pages\/1051"}],"wp:attachment":[{"href":"https:\/\/casinocrashgames.com\/fr\/wp-json\/wp\/v2\/media?parent=1017"}],"curies":[{"name":"wp","href":"https:\/\/api.w.org\/{rel}","templated":true}]}}