{"id":1005,"date":"2025-03-17T13:00:07","date_gmt":"2025-03-17T13:00:07","guid":{"rendered":"https:\/\/casinocrashgames.com\/aviator\/jeu-gratuit-aviator\/"},"modified":"2025-06-12T20:42:21","modified_gmt":"2025-06-12T20:42:21","slug":"jeu-gratuit-aviator","status":"publish","type":"page","link":"https:\/\/casinocrashgames.com\/fr\/aviator\/jeu-gratuit-aviator\/","title":{"rendered":"Jeu gratuit Aviator"},"content":{"rendered":"<div class=\"wpb-content-wrapper\"><p>[vc_row full_width=\u00a0\u00bbstretch_row\u00a0\u00bb content_placement=\u00a0\u00bbmiddle\u00a0\u00bb css=\u00a0\u00bb.vc_custom_1746472774743{padding-top: 10% !important;padding-bottom: 5% !important;background: #1D0D4E url(https:\/\/casinocrashgames.com\/wp-content\/uploads\/2025\/04\/Background-Img.webp?id=219) !important;}\u00a0\u00bb][vc_column width=\u00a0\u00bb1\/2&Prime;][vc_single_image image=\u00a0\u00bb591&Prime; img_size=\u00a0\u00bb500&#215;280&Prime; alignment=\u00a0\u00bbcenter\u00a0\u00bb css=\u00a0\u00bb\u00a0\u00bb][\/vc_column][vc_column width=\u00a0\u00bb1\/2&Prime;][vc_column_text css=\u00a0\u00bb\u00a0\u00bb]<\/p>\n<h1><span style=\"color: #fcc500;\">Jeu gratuit Aviator<\/span><\/h1>\n<p><span style=\"color: #ffffff;\">Bienvenue \u00e0 bord ! Aviator est un jeu de casino en ligne captivant et unique qui est rapidement devenu un favori. Il appartient au genre des \u00ab jeux de crash \u00bb, o\u00f9 la simplicit\u00e9 rencontre une action palpitante et rapide. D\u00e9velopp\u00e9 par Spribe, Aviator vous place aux commandes, vous laissant d\u00e9cider quand \u00e9vacuer avant que l&rsquo;avion ne s&rsquo;\u00e9crase.   <\/span>[\/vc_column_text][\/vc_column][\/vc_row][vc_row full_width=\u00a0\u00bbstretch_row\u00a0\u00bb css=\u00a0\u00bb.vc_custom_1746472718877{padding: 5px !important;background-color: #0E0E0E !important;}\u00a0\u00bb][vc_column][vc_raw_html css=\u00a0\u00bb\u00a0\u00bb]PGlmcmFtZSBzdHlsZT0id2lkdGg6IDEwMCU7IGhlaWdodDogODUwcHg7ICAiIHNyYz0iaHR0cHM6Ly9kZW1vLnNwcmliZS5pby9sYXVuY2gvYXZpYXRvcj9jdXJyZW5jeT1VU0QmYW1wO2xhbmc9RU4iPjwvaWZyYW1lPg0K[\/vc_raw_html][\/vc_column][\/vc_row]<\/p>\n<\/div>","protected":false},"excerpt":{"rendered":"<p>[vc_row full_width=\u00a0\u00bbstretch_row\u00a0\u00bb content_placement=\u00a0\u00bbmiddle\u00a0\u00bb css=\u00a0\u00bb.vc_custom_1746472774743{padding-top: 10% !important;padding-bottom: 5% !important;background: #1D0D4E url(https:\/\/casinocrashgames.com\/wp-content\/uploads\/2025\/04\/Background-Img.webp?id=219) !important;}\u00a0\u00bb][vc_column width=\u00a0\u00bb1\/2&Prime;][vc_single_image image=\u00a0\u00bb591&Prime; img_size=\u00a0\u00bb500&#215;280&Prime; alignment=\u00a0\u00bbcenter\u00a0\u00bb css=\u00a0\u00bb\u00a0\u00bb][\/vc_column][vc_column width=\u00a0\u00bb1\/2&Prime;][vc_column_text css=\u00a0\u00bb\u00a0\u00bb] Jeu gratuit [&hellip;]<\/p>\n","protected":false},"author":1,"featured_media":646,"parent":848,"menu_order":0,"comment_status":"closed","ping_status":"closed","template":"","meta":{"site-sidebar-layout":"default","site-content-layout":"plain-container","ast-site-content-layout":"default","site-content-style":"default","site-sidebar-style":"default","ast-global-header-display":"","ast-banner-title-visibility":"disabled","ast-main-header-display":"","ast-hfb-above-header-display":"","ast-hfb-below-header-display":"","ast-hfb-mobile-header-display":"","site-post-title":"disabled","ast-breadcrumbs-content":"","ast-featured-img":"disabled","footer-sml-layout":"","theme-transparent-header-meta":"default","adv-header-id-meta":"","stick-header-meta":"default","header-above-stick-meta":"","header-main-stick-meta":"","header-below-stick-meta":"","astra-migrate-meta-layouts":"default","ast-page-background-enabled":"default","ast-page-background-meta":{"desktop":{"background-color":"var(--ast-global-color-5)","background-image":"","background-repeat":"repeat","background-position":"center center","background-size":"auto","background-attachment":"scroll","background-type":"","background-media":"","overlay-type":"","overlay-color":"","overlay-opacity":"","overlay-gradient":""},"tablet":{"background-color":"","background-image":"","background-repeat":"repeat","background-position":"center center","background-size":"auto","background-attachment":"scroll","background-type":"","background-media":"","overlay-type":"","overlay-color":"","overlay-opacity":"","overlay-gradient":""},"mobile":{"background-color":"","background-image":"","background-repeat":"repeat","background-position":"center center","background-size":"auto","background-attachment":"scroll","background-type":"","background-media":"","overlay-type":"","overlay-color":"","overlay-opacity":"","overlay-gradient":""}},"ast-content-background-meta":{"desktop":{"background-color":"var(--ast-global-color-4)","background-image":"","background-repeat":"repeat","background-position":"center center","background-size":"auto","background-attachment":"scroll","background-type":"","background-media":"","overlay-type":"","overlay-color":"","overlay-opacity":"","overlay-gradient":""},"tablet":{"background-color":"var(--ast-global-color-4)","background-image":"","background-repeat":"repeat","background-position":"center center","background-size":"auto","background-attachment":"scroll","background-type":"","background-media":"","overlay-type":"","overlay-color":"","overlay-opacity":"","overlay-gradient":""},"mobile":{"background-color":"var(--ast-global-color-4)","background-image":"","background-repeat":"repeat","background-position":"center center","background-size":"auto","background-attachment":"scroll","background-type":"","background-media":"","overlay-type":"","overlay-color":"","overlay-opacity":"","overlay-gradient":""}},"footnotes":""},"class_list":["post-1005","page","type-page","status-publish","has-post-thumbnail","hentry"],"yoast_head":"<!-- This site is optimized with the Yoast SEO plugin v25.2 - https:\/\/yoast.com\/wordpress\/plugins\/seo\/ -->\n<title>Jeu gratuit Aviator - Casino Crash Games<\/title>\n<meta name=\"description\" content=\"Jouez instantan\u00e9ment \u00e0 la version de d\u00e9monstration gratuite de Aviator. Vivez l&#039;euphorie du jeu de crash sans inscription ni d\u00e9p\u00f4t requis !\" \/>\n<meta name=\"robots\" content=\"index, follow, max-snippet:-1, max-image-preview:large, max-video-preview:-1\" \/>\n<link rel=\"canonical\" href=\"https:\/\/casinocrashgames.com\/fr\/aviator\/jeu-gratuit-aviator\/\" \/>\n<meta property=\"og:locale\" content=\"fr_FR\" \/>\n<meta property=\"og:type\" content=\"article\" \/>\n<meta property=\"og:title\" content=\"Jeu gratuit Aviator - Casino Crash Games\" \/>\n<meta property=\"og:description\" content=\"Jouez instantan\u00e9ment \u00e0 la version de d\u00e9monstration gratuite de Aviator. Vivez l&#039;euphorie du jeu de crash sans inscription ni d\u00e9p\u00f4t requis !\" \/>\n<meta property=\"og:url\" content=\"https:\/\/casinocrashgames.com\/fr\/aviator\/jeu-gratuit-aviator\/\" \/>\n<meta property=\"og:site_name\" content=\"Casino Crash Games\" \/>\n<meta property=\"article:modified_time\" content=\"2025-06-12T20:42:21+00:00\" \/>\n<meta property=\"og:image\" content=\"https:\/\/casinocrashgames.com\/wp-content\/uploads\/2025\/05\/Aviator-logo.webp\" \/>\n\t<meta property=\"og:image:width\" content=\"1280\" \/>\n\t<meta property=\"og:image:height\" content=\"720\" \/>\n\t<meta property=\"og:image:type\" content=\"image\/webp\" \/>\n<meta name=\"twitter:card\" content=\"summary_large_image\" \/>\n<meta name=\"twitter:label1\" content=\"Dur\u00e9e de lecture estim\u00e9e\" \/>\n\t<meta name=\"twitter:data1\" content=\"1 minute\" \/>\n<script type=\"application\/ld+json\" class=\"yoast-schema-graph\">{\"@context\":\"https:\/\/schema.org\",\"@graph\":[{\"@type\":\"WebPage\",\"@id\":\"https:\/\/casinocrashgames.com\/fr\/aviator\/jeu-gratuit-aviator\/\",\"url\":\"https:\/\/casinocrashgames.com\/fr\/aviator\/jeu-gratuit-aviator\/\",\"name\":\"Jeu gratuit Aviator - Casino Crash Games\",\"isPartOf\":{\"@id\":\"https:\/\/casinocrashgames.com\/fr\/#website\"},\"primaryImageOfPage\":{\"@id\":\"https:\/\/casinocrashgames.com\/fr\/aviator\/jeu-gratuit-aviator\/#primaryimage\"},\"image\":{\"@id\":\"https:\/\/casinocrashgames.com\/fr\/aviator\/jeu-gratuit-aviator\/#primaryimage\"},\"thumbnailUrl\":\"https:\/\/casinocrashgames.com\/wp-content\/uploads\/2025\/05\/Aviator-logo.webp\",\"datePublished\":\"2025-03-17T13:00:07+00:00\",\"dateModified\":\"2025-06-12T20:42:21+00:00\",\"description\":\"Jouez instantan\u00e9ment \u00e0 la version de d\u00e9monstration gratuite de Aviator. Vivez l'euphorie du jeu de crash sans inscription ni d\u00e9p\u00f4t requis !\",\"breadcrumb\":{\"@id\":\"https:\/\/casinocrashgames.com\/fr\/aviator\/jeu-gratuit-aviator\/#breadcrumb\"},\"inLanguage\":\"fr-FR\",\"potentialAction\":[{\"@type\":\"ReadAction\",\"target\":[\"https:\/\/casinocrashgames.com\/fr\/aviator\/jeu-gratuit-aviator\/\"]}]},{\"@type\":\"ImageObject\",\"inLanguage\":\"fr-FR\",\"@id\":\"https:\/\/casinocrashgames.com\/fr\/aviator\/jeu-gratuit-aviator\/#primaryimage\",\"url\":\"https:\/\/casinocrashgames.com\/wp-content\/uploads\/2025\/05\/Aviator-logo.webp\",\"contentUrl\":\"https:\/\/casinocrashgames.com\/wp-content\/uploads\/2025\/05\/Aviator-logo.webp\",\"width\":1280,\"height\":720,\"caption\":\"Aviator\"},{\"@type\":\"BreadcrumbList\",\"@id\":\"https:\/\/casinocrashgames.com\/fr\/aviator\/jeu-gratuit-aviator\/#breadcrumb\",\"itemListElement\":[{\"@type\":\"ListItem\",\"position\":1,\"name\":\"Home\",\"item\":\"https:\/\/casinocrashgames.com\/fr\/casino-crash-games\/\"},{\"@type\":\"ListItem\",\"position\":2,\"name\":\"Aviator\",\"item\":\"https:\/\/casinocrashgames.com\/fr\/aviator\/\"},{\"@type\":\"ListItem\",\"position\":3,\"name\":\"Jeu gratuit Aviator\"}]},{\"@type\":\"WebSite\",\"@id\":\"https:\/\/casinocrashgames.com\/fr\/#website\",\"url\":\"https:\/\/casinocrashgames.com\/fr\/\",\"name\":\"Casino Crash Games\",\"description\":\"CASH BEFORE YOU CRASH\",\"publisher\":{\"@id\":\"https:\/\/casinocrashgames.com\/fr\/#organization\"},\"potentialAction\":[{\"@type\":\"SearchAction\",\"target\":{\"@type\":\"EntryPoint\",\"urlTemplate\":\"https:\/\/casinocrashgames.com\/fr\/?s={search_term_string}\"},\"query-input\":{\"@type\":\"PropertyValueSpecification\",\"valueRequired\":true,\"valueName\":\"search_term_string\"}}],\"inLanguage\":\"fr-FR\"},{\"@type\":\"Organization\",\"@id\":\"https:\/\/casinocrashgames.com\/fr\/#organization\",\"name\":\"Casino Crash Games\",\"url\":\"https:\/\/casinocrashgames.com\/fr\/\",\"logo\":{\"@type\":\"ImageObject\",\"inLanguage\":\"fr-FR\",\"@id\":\"https:\/\/casinocrashgames.com\/fr\/#\/schema\/logo\/image\/\",\"url\":\"https:\/\/casinocrashgames.com\/wp-content\/uploads\/2025\/03\/cropped-Casino-Crash-Games-Logo-.webp\",\"contentUrl\":\"https:\/\/casinocrashgames.com\/wp-content\/uploads\/2025\/03\/cropped-Casino-Crash-Games-Logo-.webp\",\"width\":1045,\"height\":606,\"caption\":\"Casino Crash Games\"},\"image\":{\"@id\":\"https:\/\/casinocrashgames.com\/fr\/#\/schema\/logo\/image\/\"}}]}<\/script>\n<!-- \/ Yoast SEO plugin. -->","yoast_head_json":{"title":"Jeu gratuit Aviator - Casino Crash Games","description":"Jouez instantan\u00e9ment \u00e0 la version de d\u00e9monstration gratuite de Aviator. Vivez l'euphorie du jeu de crash sans inscription ni d\u00e9p\u00f4t requis !","robots":{"index":"index","follow":"follow","max-snippet":"max-snippet:-1","max-image-preview":"max-image-preview:large","max-video-preview":"max-video-preview:-1"},"canonical":"https:\/\/casinocrashgames.com\/fr\/aviator\/jeu-gratuit-aviator\/","og_locale":"fr_FR","og_type":"article","og_title":"Jeu gratuit Aviator - Casino Crash Games","og_description":"Jouez instantan\u00e9ment \u00e0 la version de d\u00e9monstration gratuite de Aviator. Vivez l'euphorie du jeu de crash sans inscription ni d\u00e9p\u00f4t requis !","og_url":"https:\/\/casinocrashgames.com\/fr\/aviator\/jeu-gratuit-aviator\/","og_site_name":"Casino Crash Games","article_modified_time":"2025-06-12T20:42:21+00:00","og_image":[{"width":1280,"height":720,"url":"https:\/\/casinocrashgames.com\/wp-content\/uploads\/2025\/05\/Aviator-logo.webp","type":"image\/webp"}],"twitter_card":"summary_large_image","twitter_misc":{"Dur\u00e9e de lecture estim\u00e9e":"1 minute"},"schema":{"@context":"https:\/\/schema.org","@graph":[{"@type":"WebPage","@id":"https:\/\/casinocrashgames.com\/fr\/aviator\/jeu-gratuit-aviator\/","url":"https:\/\/casinocrashgames.com\/fr\/aviator\/jeu-gratuit-aviator\/","name":"Jeu gratuit Aviator - Casino Crash Games","isPartOf":{"@id":"https:\/\/casinocrashgames.com\/fr\/#website"},"primaryImageOfPage":{"@id":"https:\/\/casinocrashgames.com\/fr\/aviator\/jeu-gratuit-aviator\/#primaryimage"},"image":{"@id":"https:\/\/casinocrashgames.com\/fr\/aviator\/jeu-gratuit-aviator\/#primaryimage"},"thumbnailUrl":"https:\/\/casinocrashgames.com\/wp-content\/uploads\/2025\/05\/Aviator-logo.webp","datePublished":"2025-03-17T13:00:07+00:00","dateModified":"2025-06-12T20:42:21+00:00","description":"Jouez instantan\u00e9ment \u00e0 la version de d\u00e9monstration gratuite de Aviator. Vivez l'euphorie du jeu de crash sans inscription ni d\u00e9p\u00f4t requis !","breadcrumb":{"@id":"https:\/\/casinocrashgames.com\/fr\/aviator\/jeu-gratuit-aviator\/#breadcrumb"},"inLanguage":"fr-FR","potentialAction":[{"@type":"ReadAction","target":["https:\/\/casinocrashgames.com\/fr\/aviator\/jeu-gratuit-aviator\/"]}]},{"@type":"ImageObject","inLanguage":"fr-FR","@id":"https:\/\/casinocrashgames.com\/fr\/aviator\/jeu-gratuit-aviator\/#primaryimage","url":"https:\/\/casinocrashgames.com\/wp-content\/uploads\/2025\/05\/Aviator-logo.webp","contentUrl":"https:\/\/casinocrashgames.com\/wp-content\/uploads\/2025\/05\/Aviator-logo.webp","width":1280,"height":720,"caption":"Aviator"},{"@type":"BreadcrumbList","@id":"https:\/\/casinocrashgames.com\/fr\/aviator\/jeu-gratuit-aviator\/#breadcrumb","itemListElement":[{"@type":"ListItem","position":1,"name":"Home","item":"https:\/\/casinocrashgames.com\/fr\/casino-crash-games\/"},{"@type":"ListItem","position":2,"name":"Aviator","item":"https:\/\/casinocrashgames.com\/fr\/aviator\/"},{"@type":"ListItem","position":3,"name":"Jeu gratuit Aviator"}]},{"@type":"WebSite","@id":"https:\/\/casinocrashgames.com\/fr\/#website","url":"https:\/\/casinocrashgames.com\/fr\/","name":"Casino Crash Games","description":"CASH BEFORE YOU CRASH","publisher":{"@id":"https:\/\/casinocrashgames.com\/fr\/#organization"},"potentialAction":[{"@type":"SearchAction","target":{"@type":"EntryPoint","urlTemplate":"https:\/\/casinocrashgames.com\/fr\/?s={search_term_string}"},"query-input":{"@type":"PropertyValueSpecification","valueRequired":true,"valueName":"search_term_string"}}],"inLanguage":"fr-FR"},{"@type":"Organization","@id":"https:\/\/casinocrashgames.com\/fr\/#organization","name":"Casino Crash Games","url":"https:\/\/casinocrashgames.com\/fr\/","logo":{"@type":"ImageObject","inLanguage":"fr-FR","@id":"https:\/\/casinocrashgames.com\/fr\/#\/schema\/logo\/image\/","url":"https:\/\/casinocrashgames.com\/wp-content\/uploads\/2025\/03\/cropped-Casino-Crash-Games-Logo-.webp","contentUrl":"https:\/\/casinocrashgames.com\/wp-content\/uploads\/2025\/03\/cropped-Casino-Crash-Games-Logo-.webp","width":1045,"height":606,"caption":"Casino Crash Games"},"image":{"@id":"https:\/\/casinocrashgames.com\/fr\/#\/schema\/logo\/image\/"}}]}},"_links":{"self":[{"href":"https:\/\/casinocrashgames.com\/fr\/wp-json\/wp\/v2\/pages\/1005","targetHints":{"allow":["GET"]}}],"collection":[{"href":"https:\/\/casinocrashgames.com\/fr\/wp-json\/wp\/v2\/pages"}],"about":[{"href":"https:\/\/casinocrashgames.com\/fr\/wp-json\/wp\/v2\/types\/page"}],"author":[{"embeddable":true,"href":"https:\/\/casinocrashgames.com\/fr\/wp-json\/wp\/v2\/users\/1"}],"replies":[{"embeddable":true,"href":"https:\/\/casinocrashgames.com\/fr\/wp-json\/wp\/v2\/comments?post=1005"}],"version-history":[{"count":2,"href":"https:\/\/casinocrashgames.com\/fr\/wp-json\/wp\/v2\/pages\/1005\/revisions"}],"predecessor-version":[{"id":1012,"href":"https:\/\/casinocrashgames.com\/fr\/wp-json\/wp\/v2\/pages\/1005\/revisions\/1012"}],"up":[{"embeddable":true,"href":"https:\/\/casinocrashgames.com\/fr\/wp-json\/wp\/v2\/pages\/848"}],"wp:featuredmedia":[{"embeddable":true,"href":"https:\/\/casinocrashgames.com\/fr\/wp-json\/wp\/v2\/media\/646"}],"wp:attachment":[{"href":"https:\/\/casinocrashgames.com\/fr\/wp-json\/wp\/v2\/media?parent=1005"}],"curies":[{"name":"wp","href":"https:\/\/api.w.org\/{rel}","templated":true}]}}