{"id":982,"date":"2025-03-17T10:36:05","date_gmt":"2025-03-17T10:36:05","guid":{"rendered":"https:\/\/casinocrashgames.com\/podminky-a-pravidla\/"},"modified":"2025-06-20T07:25:49","modified_gmt":"2025-06-20T07:25:49","slug":"podminky-a-pravidla","status":"publish","type":"page","link":"https:\/\/casinocrashgames.com\/cs\/podminky-a-pravidla\/","title":{"rendered":"Pravidla a podm\u00ednky"},"content":{"rendered":"<div class=\"wpb-content-wrapper\"><p>[vc_row][vc_column][vc_column_text css=&#8220;&#8220;]<\/p>\n<h1>Pravidla a podm\u00ednky<\/h1>\n<p>P\u0159\u00edstupem na tyto webov\u00e9 str\u00e1nky (d\u00e1le jen \u201estr\u00e1nky\u201c nebo <a href=\"https:\/\/casinocrashgames.com\/cs\/\">casinocrashgames.com<\/a>) souhlas\u00edte s t\u00edm, \u017ee se budete \u0159\u00eddit podm\u00ednkami pou\u017e\u00edv\u00e1n\u00ed t\u011bchto str\u00e1nek, v\u0161emi platn\u00fdmi z\u00e1kony a p\u0159edpisy ve va\u0161\u00ed lokalit\u011b, a jste pln\u011b odpov\u011bdn\u00ed za dodr\u017eov\u00e1n\u00ed v\u0161ech platn\u00fdch m\u00edstn\u00edch z\u00e1kon\u016f. Pokud s n\u011bkterou z t\u011bchto podm\u00ednek nesouhlas\u00edte, je v\u00e1m zak\u00e1z\u00e1no tyto str\u00e1nky pou\u017e\u00edvat nebo k nim p\u0159istupovat. Materi\u00e1ly na t\u011bchto str\u00e1nk\u00e1ch jsou chr\u00e1n\u011bny p\u0159\u00edslu\u0161n\u00fdmi autorsk\u00fdmi pr\u00e1vy a ochrann\u00fdmi zn\u00e1mkami.  <\/p>\n<h2>Hern\u00ed licence<\/h2>\n<p>Licencov\u00e1n\u00ed her je chr\u00e1n\u011bno partnerskou smlouvou mezi webem a p\u0159\u00edslu\u0161n\u00fdm provozovatelem online her.<\/p>\n<h2>Omezen\u00ed<\/h2>\n<p>Str\u00e1nky v \u017e\u00e1dn\u00e9m p\u0159\u00edpad\u011b neodpov\u00eddaj\u00ed za \u0161kody vznikl\u00e9 v d\u016fsledku pou\u017e\u00edv\u00e1n\u00ed nebo nemo\u017enosti pou\u017e\u00edv\u00e1n\u00ed obsahu. Str\u00e1nky jsou ur\u010deny pouze pro informa\u010dn\u00ed \u00fa\u010dely. U\u017eivatel\u00e9 z nich nemohou m\u00edt ani zisk, ani ztr\u00e1tu. Str\u00e1nky nevy\u017eaduj\u00ed platnou hern\u00ed licenci.   <\/p>\n<h2>\u00dapravy smluvn\u00edch podm\u00ednek<\/h2>\n<p>Str\u00e1nky mohou tyto podm\u00ednky kdykoli aktualizovat bez p\u0159edchoz\u00edho upozorn\u011bn\u00ed. Pou\u017e\u00edv\u00e1n\u00edm t\u011bchto str\u00e1nek souhlas\u00edte s aktu\u00e1ln\u00ed verz\u00ed t\u011bchto podm\u00ednek.[\/vc_column_text][\/vc_column][\/vc_row]<\/p>\n<\/div>","protected":false},"excerpt":{"rendered":"<p>[vc_row][vc_column][vc_column_text css=&#8220;&#8220;] Pravidla a podm\u00ednky P\u0159\u00edstupem na tyto webov\u00e9 str\u00e1nky (d\u00e1le jen \u201estr\u00e1nky\u201c nebo casinocrashgames.com) souhlas\u00edte s t\u00edm, \u017ee se [&hellip;]<\/p>\n","protected":false},"author":1,"featured_media":505,"parent":0,"menu_order":0,"comment_status":"closed","ping_status":"closed","template":"","meta":{"site-sidebar-layout":"no-sidebar","site-content-layout":"plain-container","ast-site-content-layout":"default","site-content-style":"default","site-sidebar-style":"default","ast-global-header-display":"","ast-banner-title-visibility":"","ast-main-header-display":"","ast-hfb-above-header-display":"","ast-hfb-below-header-display":"","ast-hfb-mobile-header-display":"","site-post-title":"disabled","ast-breadcrumbs-content":"","ast-featured-img":"disabled","footer-sml-layout":"","theme-transparent-header-meta":"disabled","adv-header-id-meta":"","stick-header-meta":"","header-above-stick-meta":"","header-main-stick-meta":"","header-below-stick-meta":"","astra-migrate-meta-layouts":"default","ast-page-background-enabled":"default","ast-page-background-meta":{"desktop":{"background-color":"var(--ast-global-color-5)","background-image":"","background-repeat":"repeat","background-position":"center center","background-size":"auto","background-attachment":"scroll","background-type":"","background-media":"","overlay-type":"","overlay-color":"","overlay-opacity":"","overlay-gradient":""},"tablet":{"background-color":"","background-image":"","background-repeat":"repeat","background-position":"center center","background-size":"auto","background-attachment":"scroll","background-type":"","background-media":"","overlay-type":"","overlay-color":"","overlay-opacity":"","overlay-gradient":""},"mobile":{"background-color":"","background-image":"","background-repeat":"repeat","background-position":"center center","background-size":"auto","background-attachment":"scroll","background-type":"","background-media":"","overlay-type":"","overlay-color":"","overlay-opacity":"","overlay-gradient":""}},"ast-content-background-meta":{"desktop":{"background-color":"var(--ast-global-color-4)","background-image":"","background-repeat":"repeat","background-position":"center center","background-size":"auto","background-attachment":"scroll","background-type":"","background-media":"","overlay-type":"","overlay-color":"","overlay-opacity":"","overlay-gradient":""},"tablet":{"background-color":"var(--ast-global-color-4)","background-image":"","background-repeat":"repeat","background-position":"center center","background-size":"auto","background-attachment":"scroll","background-type":"","background-media":"","overlay-type":"","overlay-color":"","overlay-opacity":"","overlay-gradient":""},"mobile":{"background-color":"var(--ast-global-color-4)","background-image":"","background-repeat":"repeat","background-position":"center center","background-size":"auto","background-attachment":"scroll","background-type":"","background-media":"","overlay-type":"","overlay-color":"","overlay-opacity":"","overlay-gradient":""}},"footnotes":""},"class_list":["post-982","page","type-page","status-publish","has-post-thumbnail","hentry"],"yoast_head":"<!-- This site is optimized with the Yoast SEO plugin v25.2 - https:\/\/yoast.com\/wordpress\/plugins\/seo\/ -->\n<title>Pravidla a podm\u00ednky - Casino Crash Games<\/title>\n<meta name=\"robots\" content=\"index, follow, max-snippet:-1, max-image-preview:large, max-video-preview:-1\" \/>\n<link rel=\"canonical\" href=\"https:\/\/casinocrashgames.com\/cs\/podminky-a-pravidla\/\" \/>\n<meta property=\"og:locale\" content=\"cs_CZ\" \/>\n<meta property=\"og:type\" content=\"article\" \/>\n<meta property=\"og:title\" content=\"Pravidla a podm\u00ednky - Casino Crash Games\" \/>\n<meta property=\"og:description\" content=\"[vc_row][vc_column][vc_column_text css=&#8220;&#8220;] Pravidla a podm\u00ednky P\u0159\u00edstupem na tyto webov\u00e9 str\u00e1nky (d\u00e1le jen \u201estr\u00e1nky\u201c nebo casinocrashgames.com) souhlas\u00edte s t\u00edm, \u017ee se [&hellip;]\" \/>\n<meta property=\"og:url\" content=\"https:\/\/casinocrashgames.com\/cs\/podminky-a-pravidla\/\" \/>\n<meta property=\"og:site_name\" content=\"Casino Crash Games\" \/>\n<meta property=\"article:modified_time\" content=\"2025-06-20T07:25:49+00:00\" \/>\n<meta property=\"og:image\" content=\"https:\/\/casinocrashgames.com\/wp-content\/uploads\/2025\/03\/cropped-Casino-Crash-Games-Logo-.webp\" \/>\n\t<meta property=\"og:image:width\" content=\"1045\" \/>\n\t<meta property=\"og:image:height\" content=\"606\" \/>\n\t<meta property=\"og:image:type\" content=\"image\/webp\" \/>\n<meta name=\"twitter:card\" content=\"summary_large_image\" \/>\n<meta name=\"twitter:label1\" content=\"Odhadovan\u00e1 doba \u010dten\u00ed\" \/>\n\t<meta name=\"twitter:data1\" content=\"1 minuta\" \/>\n<script type=\"application\/ld+json\" class=\"yoast-schema-graph\">{\"@context\":\"https:\/\/schema.org\",\"@graph\":[{\"@type\":\"WebPage\",\"@id\":\"https:\/\/casinocrashgames.com\/cs\/podminky-a-pravidla\/\",\"url\":\"https:\/\/casinocrashgames.com\/cs\/podminky-a-pravidla\/\",\"name\":\"Pravidla a podm\u00ednky - Casino Crash Games\",\"isPartOf\":{\"@id\":\"https:\/\/casinocrashgames.com\/cs\/#website\"},\"primaryImageOfPage\":{\"@id\":\"https:\/\/casinocrashgames.com\/cs\/podminky-a-pravidla\/#primaryimage\"},\"image\":{\"@id\":\"https:\/\/casinocrashgames.com\/cs\/podminky-a-pravidla\/#primaryimage\"},\"thumbnailUrl\":\"https:\/\/casinocrashgames.com\/wp-content\/uploads\/2025\/03\/cropped-Casino-Crash-Games-Logo-.webp\",\"datePublished\":\"2025-03-17T10:36:05+00:00\",\"dateModified\":\"2025-06-20T07:25:49+00:00\",\"breadcrumb\":{\"@id\":\"https:\/\/casinocrashgames.com\/cs\/podminky-a-pravidla\/#breadcrumb\"},\"inLanguage\":\"cs\",\"potentialAction\":[{\"@type\":\"ReadAction\",\"target\":[\"https:\/\/casinocrashgames.com\/cs\/podminky-a-pravidla\/\"]}]},{\"@type\":\"ImageObject\",\"inLanguage\":\"cs\",\"@id\":\"https:\/\/casinocrashgames.com\/cs\/podminky-a-pravidla\/#primaryimage\",\"url\":\"https:\/\/casinocrashgames.com\/wp-content\/uploads\/2025\/03\/cropped-Casino-Crash-Games-Logo-.webp\",\"contentUrl\":\"https:\/\/casinocrashgames.com\/wp-content\/uploads\/2025\/03\/cropped-Casino-Crash-Games-Logo-.webp\",\"width\":1045,\"height\":606,\"caption\":\"Casino Crash Games Logo\"},{\"@type\":\"BreadcrumbList\",\"@id\":\"https:\/\/casinocrashgames.com\/cs\/podminky-a-pravidla\/#breadcrumb\",\"itemListElement\":[{\"@type\":\"ListItem\",\"position\":1,\"name\":\"Home\",\"item\":\"https:\/\/casinocrashgames.com\/cs\/casino-crash-games\/\"},{\"@type\":\"ListItem\",\"position\":2,\"name\":\"Pravidla a podm\u00ednky\"}]},{\"@type\":\"WebSite\",\"@id\":\"https:\/\/casinocrashgames.com\/cs\/#website\",\"url\":\"https:\/\/casinocrashgames.com\/cs\/\",\"name\":\"Casino Crash Games\",\"description\":\"CASH BEFORE YOU CRASH\",\"publisher\":{\"@id\":\"https:\/\/casinocrashgames.com\/cs\/#organization\"},\"potentialAction\":[{\"@type\":\"SearchAction\",\"target\":{\"@type\":\"EntryPoint\",\"urlTemplate\":\"https:\/\/casinocrashgames.com\/cs\/?s={search_term_string}\"},\"query-input\":{\"@type\":\"PropertyValueSpecification\",\"valueRequired\":true,\"valueName\":\"search_term_string\"}}],\"inLanguage\":\"cs\"},{\"@type\":\"Organization\",\"@id\":\"https:\/\/casinocrashgames.com\/cs\/#organization\",\"name\":\"Casino Crash Games\",\"url\":\"https:\/\/casinocrashgames.com\/cs\/\",\"logo\":{\"@type\":\"ImageObject\",\"inLanguage\":\"cs\",\"@id\":\"https:\/\/casinocrashgames.com\/cs\/#\/schema\/logo\/image\/\",\"url\":\"https:\/\/casinocrashgames.com\/wp-content\/uploads\/2025\/03\/cropped-Casino-Crash-Games-Logo-.webp\",\"contentUrl\":\"https:\/\/casinocrashgames.com\/wp-content\/uploads\/2025\/03\/cropped-Casino-Crash-Games-Logo-.webp\",\"width\":1045,\"height\":606,\"caption\":\"Casino Crash Games\"},\"image\":{\"@id\":\"https:\/\/casinocrashgames.com\/cs\/#\/schema\/logo\/image\/\"}}]}<\/script>\n<!-- \/ Yoast SEO plugin. -->","yoast_head_json":{"title":"Pravidla a podm\u00ednky - Casino Crash Games","robots":{"index":"index","follow":"follow","max-snippet":"max-snippet:-1","max-image-preview":"max-image-preview:large","max-video-preview":"max-video-preview:-1"},"canonical":"https:\/\/casinocrashgames.com\/cs\/podminky-a-pravidla\/","og_locale":"cs_CZ","og_type":"article","og_title":"Pravidla a podm\u00ednky - Casino Crash Games","og_description":"[vc_row][vc_column][vc_column_text css=&#8220;&#8220;] Pravidla a podm\u00ednky P\u0159\u00edstupem na tyto webov\u00e9 str\u00e1nky (d\u00e1le jen \u201estr\u00e1nky\u201c nebo casinocrashgames.com) souhlas\u00edte s t\u00edm, \u017ee se [&hellip;]","og_url":"https:\/\/casinocrashgames.com\/cs\/podminky-a-pravidla\/","og_site_name":"Casino Crash Games","article_modified_time":"2025-06-20T07:25:49+00:00","og_image":[{"width":1045,"height":606,"url":"https:\/\/casinocrashgames.com\/wp-content\/uploads\/2025\/03\/cropped-Casino-Crash-Games-Logo-.webp","type":"image\/webp"}],"twitter_card":"summary_large_image","twitter_misc":{"Odhadovan\u00e1 doba \u010dten\u00ed":"1 minuta"},"schema":{"@context":"https:\/\/schema.org","@graph":[{"@type":"WebPage","@id":"https:\/\/casinocrashgames.com\/cs\/podminky-a-pravidla\/","url":"https:\/\/casinocrashgames.com\/cs\/podminky-a-pravidla\/","name":"Pravidla a podm\u00ednky - Casino Crash Games","isPartOf":{"@id":"https:\/\/casinocrashgames.com\/cs\/#website"},"primaryImageOfPage":{"@id":"https:\/\/casinocrashgames.com\/cs\/podminky-a-pravidla\/#primaryimage"},"image":{"@id":"https:\/\/casinocrashgames.com\/cs\/podminky-a-pravidla\/#primaryimage"},"thumbnailUrl":"https:\/\/casinocrashgames.com\/wp-content\/uploads\/2025\/03\/cropped-Casino-Crash-Games-Logo-.webp","datePublished":"2025-03-17T10:36:05+00:00","dateModified":"2025-06-20T07:25:49+00:00","breadcrumb":{"@id":"https:\/\/casinocrashgames.com\/cs\/podminky-a-pravidla\/#breadcrumb"},"inLanguage":"cs","potentialAction":[{"@type":"ReadAction","target":["https:\/\/casinocrashgames.com\/cs\/podminky-a-pravidla\/"]}]},{"@type":"ImageObject","inLanguage":"cs","@id":"https:\/\/casinocrashgames.com\/cs\/podminky-a-pravidla\/#primaryimage","url":"https:\/\/casinocrashgames.com\/wp-content\/uploads\/2025\/03\/cropped-Casino-Crash-Games-Logo-.webp","contentUrl":"https:\/\/casinocrashgames.com\/wp-content\/uploads\/2025\/03\/cropped-Casino-Crash-Games-Logo-.webp","width":1045,"height":606,"caption":"Casino Crash Games Logo"},{"@type":"BreadcrumbList","@id":"https:\/\/casinocrashgames.com\/cs\/podminky-a-pravidla\/#breadcrumb","itemListElement":[{"@type":"ListItem","position":1,"name":"Home","item":"https:\/\/casinocrashgames.com\/cs\/casino-crash-games\/"},{"@type":"ListItem","position":2,"name":"Pravidla a podm\u00ednky"}]},{"@type":"WebSite","@id":"https:\/\/casinocrashgames.com\/cs\/#website","url":"https:\/\/casinocrashgames.com\/cs\/","name":"Casino Crash Games","description":"CASH BEFORE YOU CRASH","publisher":{"@id":"https:\/\/casinocrashgames.com\/cs\/#organization"},"potentialAction":[{"@type":"SearchAction","target":{"@type":"EntryPoint","urlTemplate":"https:\/\/casinocrashgames.com\/cs\/?s={search_term_string}"},"query-input":{"@type":"PropertyValueSpecification","valueRequired":true,"valueName":"search_term_string"}}],"inLanguage":"cs"},{"@type":"Organization","@id":"https:\/\/casinocrashgames.com\/cs\/#organization","name":"Casino Crash Games","url":"https:\/\/casinocrashgames.com\/cs\/","logo":{"@type":"ImageObject","inLanguage":"cs","@id":"https:\/\/casinocrashgames.com\/cs\/#\/schema\/logo\/image\/","url":"https:\/\/casinocrashgames.com\/wp-content\/uploads\/2025\/03\/cropped-Casino-Crash-Games-Logo-.webp","contentUrl":"https:\/\/casinocrashgames.com\/wp-content\/uploads\/2025\/03\/cropped-Casino-Crash-Games-Logo-.webp","width":1045,"height":606,"caption":"Casino Crash Games"},"image":{"@id":"https:\/\/casinocrashgames.com\/cs\/#\/schema\/logo\/image\/"}}]}},"_links":{"self":[{"href":"https:\/\/casinocrashgames.com\/cs\/wp-json\/wp\/v2\/pages\/982","targetHints":{"allow":["GET"]}}],"collection":[{"href":"https:\/\/casinocrashgames.com\/cs\/wp-json\/wp\/v2\/pages"}],"about":[{"href":"https:\/\/casinocrashgames.com\/cs\/wp-json\/wp\/v2\/types\/page"}],"author":[{"embeddable":true,"href":"https:\/\/casinocrashgames.com\/cs\/wp-json\/wp\/v2\/users\/1"}],"replies":[{"embeddable":true,"href":"https:\/\/casinocrashgames.com\/cs\/wp-json\/wp\/v2\/comments?post=982"}],"version-history":[{"count":4,"href":"https:\/\/casinocrashgames.com\/cs\/wp-json\/wp\/v2\/pages\/982\/revisions"}],"predecessor-version":[{"id":1202,"href":"https:\/\/casinocrashgames.com\/cs\/wp-json\/wp\/v2\/pages\/982\/revisions\/1202"}],"wp:featuredmedia":[{"embeddable":true,"href":"https:\/\/casinocrashgames.com\/cs\/wp-json\/wp\/v2\/media\/505"}],"wp:attachment":[{"href":"https:\/\/casinocrashgames.com\/cs\/wp-json\/wp\/v2\/media?parent=982"}],"curies":[{"name":"wp","href":"https:\/\/api.w.org\/{rel}","templated":true}]}}