{"id":976,"date":"2025-02-06T13:15:26","date_gmt":"2025-02-06T13:15:26","guid":{"rendered":"https:\/\/casinocrashgames.com\/o-strankach\/meny\/"},"modified":"2025-06-16T13:26:59","modified_gmt":"2025-06-16T13:26:59","slug":"meny","status":"publish","type":"page","link":"https:\/\/casinocrashgames.com\/cs\/o-strankach\/meny\/","title":{"rendered":"M\u011bny"},"content":{"rendered":"<div class=\"wpb-content-wrapper\"><p>[vc_row full_width=&#8220;stretch_row&#8220; content_placement=&#8220;middle&#8220; css=&#8220;.vc_custom_1744576997054{margin-bottom: 50px !important;padding-top: 10% !important;padding-bottom: 5% !important;background: #1D0D4E url(https:\/\/casinocrashgames.com\/wp-content\/uploads\/2025\/04\/Background-Img.webp?id=219) !important;}&#8220;][vc_column width=&#8220;1\/2&#8243;][vc_single_image image=&#8220;570&#8243; img_size=&#8220;400&#8243; alignment=&#8220;center&#8220; css=&#8220;&#8220;][\/vc_column][vc_column width=&#8220;1\/2&#8243;][vc_column_text css=&#8220;&#8220;]<\/p>\n<h1><span style=\"color: #fcc500;\">M\u011bny<\/span><\/h1>\n<p><span style=\"color: #ffffff;\">Zjist\u011bte jak\u00e9 m\u011bny se nej\u010dast\u011bji pou\u017e\u00edvaj\u00ed v Crash hr\u00e1ch, od bitcoinu a etherea po americk\u00e9 dolary a eura. N\u00edzk\u00e9 limity s\u00e1zek jsou typick\u00fdm l\u00e1kadlem casino hr\u00e1\u010d\u016f vyzkou\u0161et si pr\u00e1v\u011b Crash hry. <\/span>[\/vc_column_text][\/vc_column][\/vc_row][vc_section][vc_row][vc_column][vc_column_text css=&#8220;&#8220;]<\/p>\n<h2>Nejv\u00edce vyu\u017e\u00edvan\u00e9 m\u011bny v <b>Crash hr\u00e1ch.<\/b><\/h2>\n<p><span style=\"font-weight: 400;\">Crash games v casinech \u010d\u00e1ste\u010dn\u011b vznikly i jako zp\u016fsob, jak nad\u0161enc\u016fm do kryptom\u011bn umo\u017enit s\u00e1zet pomoc\u00ed krypta. Z tohoto d\u016fvodu v\u011bt\u0161ina casin s crash hrami p\u0159ij\u00edm\u00e1 nejobl\u00edben\u011bj\u0161\u00ed kryptom\u011bny, v\u010detn\u011b bitcoinu, etherea, litecoin, doge coin a bitcoin cash. <\/span><\/p>\n<p><span style=\"font-weight: 400;\">N\u011bkter\u00e1 casina p\u0159ij\u00edmaj\u00ed tak\u00e9 tradi\u010dn\u00ed m\u011bny, jako jsou americk\u00e9 dolary, eura a britsk\u00e9 libry. M\u011bna hr\u00e1\u010dsk\u00fdch \u00fa\u010dt\u016f v casinu se bude li\u0161it podle toho, ze kter\u00e9 zem\u011b se dan\u00fd casino hr\u00e1\u010d registruje. Provozovatel\u00e9 crash her obvykle nab\u00edz\u00ed velmi n\u00edzk\u00e9 s\u00e1zkov\u00e9 limity, co\u017e umo\u017e\u0148uje nov\u00fdm hr\u00e1\u010d\u016fm prozkoumat hru s ni\u017e\u0161\u00edm rizikem. Crash hry jsou tak p\u0159\u00edstupn\u00e9 \u0161irok\u00e9mu spektru hr\u00e1\u010d\u016f.   <\/span>[\/vc_column_text][\/vc_column][\/vc_row][\/vc_section]<\/p>\n<\/div>","protected":false},"excerpt":{"rendered":"<p>[vc_row full_width=&#8220;stretch_row&#8220; content_placement=&#8220;middle&#8220; css=&#8220;.vc_custom_1744576997054{margin-bottom: 50px !important;padding-top: 10% !important;padding-bottom: 5% !important;background: #1D0D4E url(https:\/\/casinocrashgames.com\/wp-content\/uploads\/2025\/04\/Background-Img.webp?id=219) !important;}&#8220;][vc_column width=&#8220;1\/2&#8243;][vc_single_image image=&#8220;570&#8243; img_size=&#8220;400&#8243; alignment=&#8220;center&#8220; css=&#8220;&#8220;][\/vc_column][vc_column width=&#8220;1\/2&#8243;][vc_column_text css=&#8220;&#8220;] [&hellip;]<\/p>\n","protected":false},"author":1,"featured_media":0,"parent":959,"menu_order":0,"comment_status":"closed","ping_status":"closed","template":"","meta":{"site-sidebar-layout":"no-sidebar","site-content-layout":"plain-container","ast-site-content-layout":"default","site-content-style":"default","site-sidebar-style":"default","ast-global-header-display":"","ast-banner-title-visibility":"","ast-main-header-display":"","ast-hfb-above-header-display":"","ast-hfb-below-header-display":"","ast-hfb-mobile-header-display":"","site-post-title":"disabled","ast-breadcrumbs-content":"","ast-featured-img":"disabled","footer-sml-layout":"","theme-transparent-header-meta":"default","adv-header-id-meta":"","stick-header-meta":"default","header-above-stick-meta":"","header-main-stick-meta":"","header-below-stick-meta":"","astra-migrate-meta-layouts":"default","ast-page-background-enabled":"default","ast-page-background-meta":{"desktop":{"background-color":"var(--ast-global-color-5)","background-image":"","background-repeat":"repeat","background-position":"center center","background-size":"auto","background-attachment":"scroll","background-type":"","background-media":"","overlay-type":"","overlay-color":"","overlay-opacity":"","overlay-gradient":""},"tablet":{"background-color":"","background-image":"","background-repeat":"repeat","background-position":"center center","background-size":"auto","background-attachment":"scroll","background-type":"","background-media":"","overlay-type":"","overlay-color":"","overlay-opacity":"","overlay-gradient":""},"mobile":{"background-color":"","background-image":"","background-repeat":"repeat","background-position":"center center","background-size":"auto","background-attachment":"scroll","background-type":"","background-media":"","overlay-type":"","overlay-color":"","overlay-opacity":"","overlay-gradient":""}},"ast-content-background-meta":{"desktop":{"background-color":"var(--ast-global-color-4)","background-image":"","background-repeat":"repeat","background-position":"center center","background-size":"auto","background-attachment":"scroll","background-type":"","background-media":"","overlay-type":"","overlay-color":"","overlay-opacity":"","overlay-gradient":""},"tablet":{"background-color":"var(--ast-global-color-4)","background-image":"","background-repeat":"repeat","background-position":"center center","background-size":"auto","background-attachment":"scroll","background-type":"","background-media":"","overlay-type":"","overlay-color":"","overlay-opacity":"","overlay-gradient":""},"mobile":{"background-color":"var(--ast-global-color-4)","background-image":"","background-repeat":"repeat","background-position":"center center","background-size":"auto","background-attachment":"scroll","background-type":"","background-media":"","overlay-type":"","overlay-color":"","overlay-opacity":"","overlay-gradient":""}},"footnotes":""},"class_list":["post-976","page","type-page","status-publish","hentry"],"yoast_head":"<!-- This site is optimized with the Yoast SEO plugin v25.2 - https:\/\/yoast.com\/wordpress\/plugins\/seo\/ -->\n<title>M\u011bny v Crash hr\u00e1ch - Klasick\u00e9 m\u011bny a kryptom\u011bny jako platidlo v Crash Games<\/title>\n<meta name=\"description\" content=\"Prozkoumejte m\u011bny pou\u017e\u00edvan\u00e9 ve crash hr\u00e1ch, od bitcoinu a etherea po USD a EURO. Zjist\u011bte, jak kryptografie podporuje f\u00e9rovou hru, a objevte, kter\u00e9 platformy podporuj\u00ed tradi\u010dn\u00ed pen\u00edze \u010di krypto.\" \/>\n<meta name=\"robots\" content=\"index, follow, max-snippet:-1, max-image-preview:large, max-video-preview:-1\" \/>\n<link rel=\"canonical\" href=\"https:\/\/casinocrashgames.com\/cs\/o-strankach\/meny\/\" \/>\n<meta property=\"og:locale\" content=\"cs_CZ\" \/>\n<meta property=\"og:type\" content=\"article\" \/>\n<meta property=\"og:title\" content=\"M\u011bny v Crash hr\u00e1ch - Klasick\u00e9 m\u011bny a kryptom\u011bny jako platidlo v Crash Games\" \/>\n<meta property=\"og:description\" content=\"Prozkoumejte m\u011bny pou\u017e\u00edvan\u00e9 ve crash hr\u00e1ch, od bitcoinu a etherea po USD a EURO. Zjist\u011bte, jak kryptografie podporuje f\u00e9rovou hru, a objevte, kter\u00e9 platformy podporuj\u00ed tradi\u010dn\u00ed pen\u00edze \u010di krypto.\" \/>\n<meta property=\"og:url\" content=\"https:\/\/casinocrashgames.com\/cs\/o-strankach\/meny\/\" \/>\n<meta property=\"og:site_name\" content=\"Casino Crash Games\" \/>\n<meta property=\"article:modified_time\" content=\"2025-06-16T13:26:59+00:00\" \/>\n<meta name=\"twitter:card\" content=\"summary_large_image\" \/>\n<meta name=\"twitter:label1\" content=\"Odhadovan\u00e1 doba \u010dten\u00ed\" \/>\n\t<meta name=\"twitter:data1\" content=\"1 minuta\" \/>\n<script type=\"application\/ld+json\" class=\"yoast-schema-graph\">{\"@context\":\"https:\/\/schema.org\",\"@graph\":[{\"@type\":\"WebPage\",\"@id\":\"https:\/\/casinocrashgames.com\/cs\/o-strankach\/meny\/\",\"url\":\"https:\/\/casinocrashgames.com\/cs\/o-strankach\/meny\/\",\"name\":\"M\u011bny v Crash hr\u00e1ch - Klasick\u00e9 m\u011bny a kryptom\u011bny jako platidlo v Crash Games\",\"isPartOf\":{\"@id\":\"https:\/\/casinocrashgames.com\/cs\/#website\"},\"datePublished\":\"2025-02-06T13:15:26+00:00\",\"dateModified\":\"2025-06-16T13:26:59+00:00\",\"description\":\"Prozkoumejte m\u011bny pou\u017e\u00edvan\u00e9 ve crash hr\u00e1ch, od bitcoinu a etherea po USD a EURO. Zjist\u011bte, jak kryptografie podporuje f\u00e9rovou hru, a objevte, kter\u00e9 platformy podporuj\u00ed tradi\u010dn\u00ed pen\u00edze \u010di krypto.\",\"breadcrumb\":{\"@id\":\"https:\/\/casinocrashgames.com\/cs\/o-strankach\/meny\/#breadcrumb\"},\"inLanguage\":\"cs\",\"potentialAction\":[{\"@type\":\"ReadAction\",\"target\":[\"https:\/\/casinocrashgames.com\/cs\/o-strankach\/meny\/\"]}]},{\"@type\":\"BreadcrumbList\",\"@id\":\"https:\/\/casinocrashgames.com\/cs\/o-strankach\/meny\/#breadcrumb\",\"itemListElement\":[{\"@type\":\"ListItem\",\"position\":1,\"name\":\"Home\",\"item\":\"https:\/\/casinocrashgames.com\/cs\/casino-crash-games\/\"},{\"@type\":\"ListItem\",\"position\":2,\"name\":\"O n\u00e1s\",\"item\":\"https:\/\/casinocrashgames.com\/cs\/o-strankach\/\"},{\"@type\":\"ListItem\",\"position\":3,\"name\":\"M\u011bny\"}]},{\"@type\":\"WebSite\",\"@id\":\"https:\/\/casinocrashgames.com\/cs\/#website\",\"url\":\"https:\/\/casinocrashgames.com\/cs\/\",\"name\":\"Casino Crash Games\",\"description\":\"CASH BEFORE YOU CRASH\",\"publisher\":{\"@id\":\"https:\/\/casinocrashgames.com\/cs\/#organization\"},\"potentialAction\":[{\"@type\":\"SearchAction\",\"target\":{\"@type\":\"EntryPoint\",\"urlTemplate\":\"https:\/\/casinocrashgames.com\/cs\/?s={search_term_string}\"},\"query-input\":{\"@type\":\"PropertyValueSpecification\",\"valueRequired\":true,\"valueName\":\"search_term_string\"}}],\"inLanguage\":\"cs\"},{\"@type\":\"Organization\",\"@id\":\"https:\/\/casinocrashgames.com\/cs\/#organization\",\"name\":\"Casino Crash Games\",\"url\":\"https:\/\/casinocrashgames.com\/cs\/\",\"logo\":{\"@type\":\"ImageObject\",\"inLanguage\":\"cs\",\"@id\":\"https:\/\/casinocrashgames.com\/cs\/#\/schema\/logo\/image\/\",\"url\":\"https:\/\/casinocrashgames.com\/wp-content\/uploads\/2025\/03\/cropped-Casino-Crash-Games-Logo-.webp\",\"contentUrl\":\"https:\/\/casinocrashgames.com\/wp-content\/uploads\/2025\/03\/cropped-Casino-Crash-Games-Logo-.webp\",\"width\":1045,\"height\":606,\"caption\":\"Casino Crash Games\"},\"image\":{\"@id\":\"https:\/\/casinocrashgames.com\/cs\/#\/schema\/logo\/image\/\"}}]}<\/script>\n<!-- \/ Yoast SEO plugin. -->","yoast_head_json":{"title":"M\u011bny v Crash hr\u00e1ch - Klasick\u00e9 m\u011bny a kryptom\u011bny jako platidlo v Crash Games","description":"Prozkoumejte m\u011bny pou\u017e\u00edvan\u00e9 ve crash hr\u00e1ch, od bitcoinu a etherea po USD a EURO. Zjist\u011bte, jak kryptografie podporuje f\u00e9rovou hru, a objevte, kter\u00e9 platformy podporuj\u00ed tradi\u010dn\u00ed pen\u00edze \u010di krypto.","robots":{"index":"index","follow":"follow","max-snippet":"max-snippet:-1","max-image-preview":"max-image-preview:large","max-video-preview":"max-video-preview:-1"},"canonical":"https:\/\/casinocrashgames.com\/cs\/o-strankach\/meny\/","og_locale":"cs_CZ","og_type":"article","og_title":"M\u011bny v Crash hr\u00e1ch - Klasick\u00e9 m\u011bny a kryptom\u011bny jako platidlo v Crash Games","og_description":"Prozkoumejte m\u011bny pou\u017e\u00edvan\u00e9 ve crash hr\u00e1ch, od bitcoinu a etherea po USD a EURO. Zjist\u011bte, jak kryptografie podporuje f\u00e9rovou hru, a objevte, kter\u00e9 platformy podporuj\u00ed tradi\u010dn\u00ed pen\u00edze \u010di krypto.","og_url":"https:\/\/casinocrashgames.com\/cs\/o-strankach\/meny\/","og_site_name":"Casino Crash Games","article_modified_time":"2025-06-16T13:26:59+00:00","twitter_card":"summary_large_image","twitter_misc":{"Odhadovan\u00e1 doba \u010dten\u00ed":"1 minuta"},"schema":{"@context":"https:\/\/schema.org","@graph":[{"@type":"WebPage","@id":"https:\/\/casinocrashgames.com\/cs\/o-strankach\/meny\/","url":"https:\/\/casinocrashgames.com\/cs\/o-strankach\/meny\/","name":"M\u011bny v Crash hr\u00e1ch - Klasick\u00e9 m\u011bny a kryptom\u011bny jako platidlo v Crash Games","isPartOf":{"@id":"https:\/\/casinocrashgames.com\/cs\/#website"},"datePublished":"2025-02-06T13:15:26+00:00","dateModified":"2025-06-16T13:26:59+00:00","description":"Prozkoumejte m\u011bny pou\u017e\u00edvan\u00e9 ve crash hr\u00e1ch, od bitcoinu a etherea po USD a EURO. Zjist\u011bte, jak kryptografie podporuje f\u00e9rovou hru, a objevte, kter\u00e9 platformy podporuj\u00ed tradi\u010dn\u00ed pen\u00edze \u010di krypto.","breadcrumb":{"@id":"https:\/\/casinocrashgames.com\/cs\/o-strankach\/meny\/#breadcrumb"},"inLanguage":"cs","potentialAction":[{"@type":"ReadAction","target":["https:\/\/casinocrashgames.com\/cs\/o-strankach\/meny\/"]}]},{"@type":"BreadcrumbList","@id":"https:\/\/casinocrashgames.com\/cs\/o-strankach\/meny\/#breadcrumb","itemListElement":[{"@type":"ListItem","position":1,"name":"Home","item":"https:\/\/casinocrashgames.com\/cs\/casino-crash-games\/"},{"@type":"ListItem","position":2,"name":"O n\u00e1s","item":"https:\/\/casinocrashgames.com\/cs\/o-strankach\/"},{"@type":"ListItem","position":3,"name":"M\u011bny"}]},{"@type":"WebSite","@id":"https:\/\/casinocrashgames.com\/cs\/#website","url":"https:\/\/casinocrashgames.com\/cs\/","name":"Casino Crash Games","description":"CASH BEFORE YOU CRASH","publisher":{"@id":"https:\/\/casinocrashgames.com\/cs\/#organization"},"potentialAction":[{"@type":"SearchAction","target":{"@type":"EntryPoint","urlTemplate":"https:\/\/casinocrashgames.com\/cs\/?s={search_term_string}"},"query-input":{"@type":"PropertyValueSpecification","valueRequired":true,"valueName":"search_term_string"}}],"inLanguage":"cs"},{"@type":"Organization","@id":"https:\/\/casinocrashgames.com\/cs\/#organization","name":"Casino Crash Games","url":"https:\/\/casinocrashgames.com\/cs\/","logo":{"@type":"ImageObject","inLanguage":"cs","@id":"https:\/\/casinocrashgames.com\/cs\/#\/schema\/logo\/image\/","url":"https:\/\/casinocrashgames.com\/wp-content\/uploads\/2025\/03\/cropped-Casino-Crash-Games-Logo-.webp","contentUrl":"https:\/\/casinocrashgames.com\/wp-content\/uploads\/2025\/03\/cropped-Casino-Crash-Games-Logo-.webp","width":1045,"height":606,"caption":"Casino Crash Games"},"image":{"@id":"https:\/\/casinocrashgames.com\/cs\/#\/schema\/logo\/image\/"}}]}},"_links":{"self":[{"href":"https:\/\/casinocrashgames.com\/cs\/wp-json\/wp\/v2\/pages\/976","targetHints":{"allow":["GET"]}}],"collection":[{"href":"https:\/\/casinocrashgames.com\/cs\/wp-json\/wp\/v2\/pages"}],"about":[{"href":"https:\/\/casinocrashgames.com\/cs\/wp-json\/wp\/v2\/types\/page"}],"author":[{"embeddable":true,"href":"https:\/\/casinocrashgames.com\/cs\/wp-json\/wp\/v2\/users\/1"}],"replies":[{"embeddable":true,"href":"https:\/\/casinocrashgames.com\/cs\/wp-json\/wp\/v2\/comments?post=976"}],"version-history":[{"count":6,"href":"https:\/\/casinocrashgames.com\/cs\/wp-json\/wp\/v2\/pages\/976\/revisions"}],"predecessor-version":[{"id":1104,"href":"https:\/\/casinocrashgames.com\/cs\/wp-json\/wp\/v2\/pages\/976\/revisions\/1104"}],"up":[{"embeddable":true,"href":"https:\/\/casinocrashgames.com\/cs\/wp-json\/wp\/v2\/pages\/959"}],"wp:attachment":[{"href":"https:\/\/casinocrashgames.com\/cs\/wp-json\/wp\/v2\/media?parent=976"}],"curies":[{"name":"wp","href":"https:\/\/api.w.org\/{rel}","templated":true}]}}