{"id":969,"date":"2025-03-17T13:06:43","date_gmt":"2025-03-17T13:06:43","guid":{"rendered":"https:\/\/casinocrashgames.com\/crash-x\/crash-x-volna-hra\/"},"modified":"2025-06-17T05:55:10","modified_gmt":"2025-06-17T05:55:10","slug":"crash-x-volna-hra","status":"publish","type":"page","link":"https:\/\/casinocrashgames.com\/cs\/crash-x\/crash-x-volna-hra\/","title":{"rendered":"Crash X Demo zdarma"},"content":{"rendered":"<div class=\"wpb-content-wrapper\"><p>[vc_row full_width=&#8220;stretch_row&#8220; content_placement=&#8220;middle&#8220; css=&#8220;.vc_custom_1746472774743{padding-top: 10% !important;padding-bottom: 5% !important;background: #1D0D4E url(https:\/\/casinocrashgames.com\/wp-content\/uploads\/2025\/04\/Background-Img.webp?id=219) !important;}&#8220;][vc_column width=&#8220;1\/2&#8243;][vc_single_image image=&#8220;595&#8243; img_size=&#8220;500&#215;280&#8243; alignment=&#8220;center&#8220; css=&#8220;&#8220;][\/vc_column][vc_column width=&#8220;1\/2&#8243;][vc_column_text css=&#8220;&#8220;]<\/p>\n<h1><span style=\"color: #fcc500;\">Crash X Demo zdarma<\/span><\/h1>\n<p><span style=\"color: #ffffff;\">Crash X od Turbo Games je hra s vesm\u00edrnou t\u00e9matikou, kter\u00e1 p\u0159in\u00e1\u0161\u00ed maxim\u00e1ln\u00ed vzru\u0161en\u00ed. V tomto dobrodru\u017estv\u00ed pro v\u00edce hr\u00e1\u010d\u016f budete sledovat, jak raketa stoup\u00e1 vesm\u00edrem, zat\u00edmco n\u00e1sobitel \u0161plh\u00e1 v\u00fd\u0161 a v\u00fd\u0161 &#8211; va\u0161\u00edm \u00fakolem je vybrat pen\u00edze (Cash Out) d\u0159\u00edve, ne\u017e raketa havaruje. Demo re\u017eim v\u00e1m umo\u017en\u00ed z\u00edskat zku\u0161enosti, ani\u017e byste museli riskovat skute\u010dn\u00e9 pen\u00edze, a je tak ide\u00e1ln\u00edm zp\u016fsobem, jak si hru procvi\u010dit a u\u017e\u00edt si dynamick\u00e9 vizu\u00e1ln\u00ed efekty a poutav\u00e9 hern\u00ed mechanismy.  <\/span>[\/vc_column_text][\/vc_column][\/vc_row][vc_row full_width=&#8220;stretch_row&#8220; css=&#8220;.vc_custom_1746472718877{padding: 5px !important;background-color: #0E0E0E !important;}&#8220;][vc_column][vc_raw_html css=&#8220;&#8220;]PGlmcmFtZSBzdHlsZT0id2lkdGg6IDEwMCU7IGhlaWdodDogODUwcHg7IiBzcmM9Imh0dHBzOi8vY3Jhc2gudHVyYm9nYW1lcy5pbyIgYWxsb3dmdWxsc2NyZWVuPSIiPjwvaWZyYW1lPg0K[\/vc_raw_html][\/vc_column][\/vc_row]<\/p>\n<\/div>","protected":false},"excerpt":{"rendered":"<p>[vc_row full_width=&#8220;stretch_row&#8220; content_placement=&#8220;middle&#8220; css=&#8220;.vc_custom_1746472774743{padding-top: 10% !important;padding-bottom: 5% !important;background: #1D0D4E url(https:\/\/casinocrashgames.com\/wp-content\/uploads\/2025\/04\/Background-Img.webp?id=219) !important;}&#8220;][vc_column width=&#8220;1\/2&#8243;][vc_single_image image=&#8220;595&#8243; img_size=&#8220;500&#215;280&#8243; alignment=&#8220;center&#8220; css=&#8220;&#8220;][\/vc_column][vc_column width=&#8220;1\/2&#8243;][vc_column_text css=&#8220;&#8220;] Crash X [&hellip;]<\/p>\n","protected":false},"author":1,"featured_media":650,"parent":889,"menu_order":0,"comment_status":"closed","ping_status":"closed","template":"","meta":{"site-sidebar-layout":"no-sidebar","site-content-layout":"plain-container","ast-site-content-layout":"default","site-content-style":"default","site-sidebar-style":"default","ast-global-header-display":"","ast-banner-title-visibility":"","ast-main-header-display":"","ast-hfb-above-header-display":"","ast-hfb-below-header-display":"","ast-hfb-mobile-header-display":"","site-post-title":"disabled","ast-breadcrumbs-content":"","ast-featured-img":"disabled","footer-sml-layout":"","theme-transparent-header-meta":"default","adv-header-id-meta":"","stick-header-meta":"default","header-above-stick-meta":"","header-main-stick-meta":"","header-below-stick-meta":"","astra-migrate-meta-layouts":"default","ast-page-background-enabled":"default","ast-page-background-meta":{"desktop":{"background-color":"var(--ast-global-color-5)","background-image":"","background-repeat":"repeat","background-position":"center center","background-size":"auto","background-attachment":"scroll","background-type":"","background-media":"","overlay-type":"","overlay-color":"","overlay-opacity":"","overlay-gradient":""},"tablet":{"background-color":"","background-image":"","background-repeat":"repeat","background-position":"center center","background-size":"auto","background-attachment":"scroll","background-type":"","background-media":"","overlay-type":"","overlay-color":"","overlay-opacity":"","overlay-gradient":""},"mobile":{"background-color":"","background-image":"","background-repeat":"repeat","background-position":"center center","background-size":"auto","background-attachment":"scroll","background-type":"","background-media":"","overlay-type":"","overlay-color":"","overlay-opacity":"","overlay-gradient":""}},"ast-content-background-meta":{"desktop":{"background-color":"var(--ast-global-color-4)","background-image":"","background-repeat":"repeat","background-position":"center center","background-size":"auto","background-attachment":"scroll","background-type":"","background-media":"","overlay-type":"","overlay-color":"","overlay-opacity":"","overlay-gradient":""},"tablet":{"background-color":"var(--ast-global-color-4)","background-image":"","background-repeat":"repeat","background-position":"center center","background-size":"auto","background-attachment":"scroll","background-type":"","background-media":"","overlay-type":"","overlay-color":"","overlay-opacity":"","overlay-gradient":""},"mobile":{"background-color":"var(--ast-global-color-4)","background-image":"","background-repeat":"repeat","background-position":"center center","background-size":"auto","background-attachment":"scroll","background-type":"","background-media":"","overlay-type":"","overlay-color":"","overlay-opacity":"","overlay-gradient":""}},"footnotes":""},"class_list":["post-969","page","type-page","status-publish","has-post-thumbnail","hentry"],"yoast_head":"<!-- This site is optimized with the Yoast SEO plugin v25.2 - https:\/\/yoast.com\/wordpress\/plugins\/seo\/ -->\n<title>Crash X Demo zdarma - Casino Crash Games<\/title>\n<meta name=\"description\" content=\"Vyzkou\u0161ejte Crash X Free Play nyn\u00ed! U\u017eijte si tuto vzru\u0161uj\u00edc\u00ed uk\u00e1zku hry Crash zdarma - ke h\u0159e nen\u00ed pot\u0159eba \u017e\u00e1dn\u00e1 registrace ani skute\u010dn\u00e9 pen\u00edze.\" \/>\n<meta name=\"robots\" content=\"index, follow, max-snippet:-1, max-image-preview:large, max-video-preview:-1\" \/>\n<link rel=\"canonical\" href=\"https:\/\/casinocrashgames.com\/cs\/crash-x\/crash-x-volna-hra\/\" \/>\n<meta property=\"og:locale\" content=\"cs_CZ\" \/>\n<meta property=\"og:type\" content=\"article\" \/>\n<meta property=\"og:title\" content=\"Crash X Demo zdarma - Casino Crash Games\" \/>\n<meta property=\"og:description\" content=\"Vyzkou\u0161ejte Crash X Free Play nyn\u00ed! U\u017eijte si tuto vzru\u0161uj\u00edc\u00ed uk\u00e1zku hry Crash zdarma - ke h\u0159e nen\u00ed pot\u0159eba \u017e\u00e1dn\u00e1 registrace ani skute\u010dn\u00e9 pen\u00edze.\" \/>\n<meta property=\"og:url\" content=\"https:\/\/casinocrashgames.com\/cs\/crash-x\/crash-x-volna-hra\/\" \/>\n<meta property=\"og:site_name\" content=\"Casino Crash Games\" \/>\n<meta property=\"article:modified_time\" content=\"2025-06-17T05:55:10+00:00\" \/>\n<meta property=\"og:image\" content=\"https:\/\/casinocrashgames.com\/wp-content\/uploads\/2025\/05\/CrashX-logo.webp\" \/>\n\t<meta property=\"og:image:width\" content=\"1280\" \/>\n\t<meta property=\"og:image:height\" content=\"720\" \/>\n\t<meta property=\"og:image:type\" content=\"image\/webp\" \/>\n<meta name=\"twitter:card\" content=\"summary_large_image\" \/>\n<meta name=\"twitter:label1\" content=\"Odhadovan\u00e1 doba \u010dten\u00ed\" \/>\n\t<meta name=\"twitter:data1\" content=\"1 minuta\" \/>\n<script type=\"application\/ld+json\" class=\"yoast-schema-graph\">{\"@context\":\"https:\/\/schema.org\",\"@graph\":[{\"@type\":\"WebPage\",\"@id\":\"https:\/\/casinocrashgames.com\/cs\/crash-x\/crash-x-volna-hra\/\",\"url\":\"https:\/\/casinocrashgames.com\/cs\/crash-x\/crash-x-volna-hra\/\",\"name\":\"Crash X Demo zdarma - Casino Crash Games\",\"isPartOf\":{\"@id\":\"https:\/\/casinocrashgames.com\/cs\/#website\"},\"primaryImageOfPage\":{\"@id\":\"https:\/\/casinocrashgames.com\/cs\/crash-x\/crash-x-volna-hra\/#primaryimage\"},\"image\":{\"@id\":\"https:\/\/casinocrashgames.com\/cs\/crash-x\/crash-x-volna-hra\/#primaryimage\"},\"thumbnailUrl\":\"https:\/\/casinocrashgames.com\/wp-content\/uploads\/2025\/05\/CrashX-logo.webp\",\"datePublished\":\"2025-03-17T13:06:43+00:00\",\"dateModified\":\"2025-06-17T05:55:10+00:00\",\"description\":\"Vyzkou\u0161ejte Crash X Free Play nyn\u00ed! U\u017eijte si tuto vzru\u0161uj\u00edc\u00ed uk\u00e1zku hry Crash zdarma - ke h\u0159e nen\u00ed pot\u0159eba \u017e\u00e1dn\u00e1 registrace ani skute\u010dn\u00e9 pen\u00edze.\",\"breadcrumb\":{\"@id\":\"https:\/\/casinocrashgames.com\/cs\/crash-x\/crash-x-volna-hra\/#breadcrumb\"},\"inLanguage\":\"cs\",\"potentialAction\":[{\"@type\":\"ReadAction\",\"target\":[\"https:\/\/casinocrashgames.com\/cs\/crash-x\/crash-x-volna-hra\/\"]}]},{\"@type\":\"ImageObject\",\"inLanguage\":\"cs\",\"@id\":\"https:\/\/casinocrashgames.com\/cs\/crash-x\/crash-x-volna-hra\/#primaryimage\",\"url\":\"https:\/\/casinocrashgames.com\/wp-content\/uploads\/2025\/05\/CrashX-logo.webp\",\"contentUrl\":\"https:\/\/casinocrashgames.com\/wp-content\/uploads\/2025\/05\/CrashX-logo.webp\",\"width\":1280,\"height\":720,\"caption\":\"CrashX\"},{\"@type\":\"BreadcrumbList\",\"@id\":\"https:\/\/casinocrashgames.com\/cs\/crash-x\/crash-x-volna-hra\/#breadcrumb\",\"itemListElement\":[{\"@type\":\"ListItem\",\"position\":1,\"name\":\"Home\",\"item\":\"https:\/\/casinocrashgames.com\/cs\/casino-crash-games\/\"},{\"@type\":\"ListItem\",\"position\":2,\"name\":\"Crash X\",\"item\":\"https:\/\/casinocrashgames.com\/cs\/crash-x\/\"},{\"@type\":\"ListItem\",\"position\":3,\"name\":\"Crash X Demo zdarma\"}]},{\"@type\":\"WebSite\",\"@id\":\"https:\/\/casinocrashgames.com\/cs\/#website\",\"url\":\"https:\/\/casinocrashgames.com\/cs\/\",\"name\":\"Casino Crash Games\",\"description\":\"CASH BEFORE YOU CRASH\",\"publisher\":{\"@id\":\"https:\/\/casinocrashgames.com\/cs\/#organization\"},\"potentialAction\":[{\"@type\":\"SearchAction\",\"target\":{\"@type\":\"EntryPoint\",\"urlTemplate\":\"https:\/\/casinocrashgames.com\/cs\/?s={search_term_string}\"},\"query-input\":{\"@type\":\"PropertyValueSpecification\",\"valueRequired\":true,\"valueName\":\"search_term_string\"}}],\"inLanguage\":\"cs\"},{\"@type\":\"Organization\",\"@id\":\"https:\/\/casinocrashgames.com\/cs\/#organization\",\"name\":\"Casino Crash Games\",\"url\":\"https:\/\/casinocrashgames.com\/cs\/\",\"logo\":{\"@type\":\"ImageObject\",\"inLanguage\":\"cs\",\"@id\":\"https:\/\/casinocrashgames.com\/cs\/#\/schema\/logo\/image\/\",\"url\":\"https:\/\/casinocrashgames.com\/wp-content\/uploads\/2025\/03\/cropped-Casino-Crash-Games-Logo-.webp\",\"contentUrl\":\"https:\/\/casinocrashgames.com\/wp-content\/uploads\/2025\/03\/cropped-Casino-Crash-Games-Logo-.webp\",\"width\":1045,\"height\":606,\"caption\":\"Casino Crash Games\"},\"image\":{\"@id\":\"https:\/\/casinocrashgames.com\/cs\/#\/schema\/logo\/image\/\"}}]}<\/script>\n<!-- \/ Yoast SEO plugin. -->","yoast_head_json":{"title":"Crash X Demo zdarma - Casino Crash Games","description":"Vyzkou\u0161ejte Crash X Free Play nyn\u00ed! U\u017eijte si tuto vzru\u0161uj\u00edc\u00ed uk\u00e1zku hry Crash zdarma - ke h\u0159e nen\u00ed pot\u0159eba \u017e\u00e1dn\u00e1 registrace ani skute\u010dn\u00e9 pen\u00edze.","robots":{"index":"index","follow":"follow","max-snippet":"max-snippet:-1","max-image-preview":"max-image-preview:large","max-video-preview":"max-video-preview:-1"},"canonical":"https:\/\/casinocrashgames.com\/cs\/crash-x\/crash-x-volna-hra\/","og_locale":"cs_CZ","og_type":"article","og_title":"Crash X Demo zdarma - Casino Crash Games","og_description":"Vyzkou\u0161ejte Crash X Free Play nyn\u00ed! U\u017eijte si tuto vzru\u0161uj\u00edc\u00ed uk\u00e1zku hry Crash zdarma - ke h\u0159e nen\u00ed pot\u0159eba \u017e\u00e1dn\u00e1 registrace ani skute\u010dn\u00e9 pen\u00edze.","og_url":"https:\/\/casinocrashgames.com\/cs\/crash-x\/crash-x-volna-hra\/","og_site_name":"Casino Crash Games","article_modified_time":"2025-06-17T05:55:10+00:00","og_image":[{"width":1280,"height":720,"url":"https:\/\/casinocrashgames.com\/wp-content\/uploads\/2025\/05\/CrashX-logo.webp","type":"image\/webp"}],"twitter_card":"summary_large_image","twitter_misc":{"Odhadovan\u00e1 doba \u010dten\u00ed":"1 minuta"},"schema":{"@context":"https:\/\/schema.org","@graph":[{"@type":"WebPage","@id":"https:\/\/casinocrashgames.com\/cs\/crash-x\/crash-x-volna-hra\/","url":"https:\/\/casinocrashgames.com\/cs\/crash-x\/crash-x-volna-hra\/","name":"Crash X Demo zdarma - Casino Crash Games","isPartOf":{"@id":"https:\/\/casinocrashgames.com\/cs\/#website"},"primaryImageOfPage":{"@id":"https:\/\/casinocrashgames.com\/cs\/crash-x\/crash-x-volna-hra\/#primaryimage"},"image":{"@id":"https:\/\/casinocrashgames.com\/cs\/crash-x\/crash-x-volna-hra\/#primaryimage"},"thumbnailUrl":"https:\/\/casinocrashgames.com\/wp-content\/uploads\/2025\/05\/CrashX-logo.webp","datePublished":"2025-03-17T13:06:43+00:00","dateModified":"2025-06-17T05:55:10+00:00","description":"Vyzkou\u0161ejte Crash X Free Play nyn\u00ed! U\u017eijte si tuto vzru\u0161uj\u00edc\u00ed uk\u00e1zku hry Crash zdarma - ke h\u0159e nen\u00ed pot\u0159eba \u017e\u00e1dn\u00e1 registrace ani skute\u010dn\u00e9 pen\u00edze.","breadcrumb":{"@id":"https:\/\/casinocrashgames.com\/cs\/crash-x\/crash-x-volna-hra\/#breadcrumb"},"inLanguage":"cs","potentialAction":[{"@type":"ReadAction","target":["https:\/\/casinocrashgames.com\/cs\/crash-x\/crash-x-volna-hra\/"]}]},{"@type":"ImageObject","inLanguage":"cs","@id":"https:\/\/casinocrashgames.com\/cs\/crash-x\/crash-x-volna-hra\/#primaryimage","url":"https:\/\/casinocrashgames.com\/wp-content\/uploads\/2025\/05\/CrashX-logo.webp","contentUrl":"https:\/\/casinocrashgames.com\/wp-content\/uploads\/2025\/05\/CrashX-logo.webp","width":1280,"height":720,"caption":"CrashX"},{"@type":"BreadcrumbList","@id":"https:\/\/casinocrashgames.com\/cs\/crash-x\/crash-x-volna-hra\/#breadcrumb","itemListElement":[{"@type":"ListItem","position":1,"name":"Home","item":"https:\/\/casinocrashgames.com\/cs\/casino-crash-games\/"},{"@type":"ListItem","position":2,"name":"Crash X","item":"https:\/\/casinocrashgames.com\/cs\/crash-x\/"},{"@type":"ListItem","position":3,"name":"Crash X Demo zdarma"}]},{"@type":"WebSite","@id":"https:\/\/casinocrashgames.com\/cs\/#website","url":"https:\/\/casinocrashgames.com\/cs\/","name":"Casino Crash Games","description":"CASH BEFORE YOU CRASH","publisher":{"@id":"https:\/\/casinocrashgames.com\/cs\/#organization"},"potentialAction":[{"@type":"SearchAction","target":{"@type":"EntryPoint","urlTemplate":"https:\/\/casinocrashgames.com\/cs\/?s={search_term_string}"},"query-input":{"@type":"PropertyValueSpecification","valueRequired":true,"valueName":"search_term_string"}}],"inLanguage":"cs"},{"@type":"Organization","@id":"https:\/\/casinocrashgames.com\/cs\/#organization","name":"Casino Crash Games","url":"https:\/\/casinocrashgames.com\/cs\/","logo":{"@type":"ImageObject","inLanguage":"cs","@id":"https:\/\/casinocrashgames.com\/cs\/#\/schema\/logo\/image\/","url":"https:\/\/casinocrashgames.com\/wp-content\/uploads\/2025\/03\/cropped-Casino-Crash-Games-Logo-.webp","contentUrl":"https:\/\/casinocrashgames.com\/wp-content\/uploads\/2025\/03\/cropped-Casino-Crash-Games-Logo-.webp","width":1045,"height":606,"caption":"Casino Crash Games"},"image":{"@id":"https:\/\/casinocrashgames.com\/cs\/#\/schema\/logo\/image\/"}}]}},"_links":{"self":[{"href":"https:\/\/casinocrashgames.com\/cs\/wp-json\/wp\/v2\/pages\/969","targetHints":{"allow":["GET"]}}],"collection":[{"href":"https:\/\/casinocrashgames.com\/cs\/wp-json\/wp\/v2\/pages"}],"about":[{"href":"https:\/\/casinocrashgames.com\/cs\/wp-json\/wp\/v2\/types\/page"}],"author":[{"embeddable":true,"href":"https:\/\/casinocrashgames.com\/cs\/wp-json\/wp\/v2\/users\/1"}],"replies":[{"embeddable":true,"href":"https:\/\/casinocrashgames.com\/cs\/wp-json\/wp\/v2\/comments?post=969"}],"version-history":[{"count":6,"href":"https:\/\/casinocrashgames.com\/cs\/wp-json\/wp\/v2\/pages\/969\/revisions"}],"predecessor-version":[{"id":1143,"href":"https:\/\/casinocrashgames.com\/cs\/wp-json\/wp\/v2\/pages\/969\/revisions\/1143"}],"up":[{"embeddable":true,"href":"https:\/\/casinocrashgames.com\/cs\/wp-json\/wp\/v2\/pages\/889"}],"wp:featuredmedia":[{"embeddable":true,"href":"https:\/\/casinocrashgames.com\/cs\/wp-json\/wp\/v2\/media\/650"}],"wp:attachment":[{"href":"https:\/\/casinocrashgames.com\/cs\/wp-json\/wp\/v2\/media?parent=969"}],"curies":[{"name":"wp","href":"https:\/\/api.w.org\/{rel}","templated":true}]}}