{"id":968,"date":"2025-02-06T13:14:18","date_gmt":"2025-02-06T13:14:18","guid":{"rendered":"https:\/\/casinocrashgames.com\/o-strankach\/algoritmy\/"},"modified":"2025-06-16T13:16:05","modified_gmt":"2025-06-16T13:16:05","slug":"algoritmy","status":"publish","type":"page","link":"https:\/\/casinocrashgames.com\/cs\/o-strankach\/algoritmy\/","title":{"rendered":"Algoritmy"},"content":{"rendered":"<div class=\"wpb-content-wrapper\"><p>[vc_row full_width=&#8220;stretch_row&#8220; content_placement=&#8220;middle&#8220; css=&#8220;.vc_custom_1744576997054{margin-bottom: 50px !important;padding-top: 10% !important;padding-bottom: 5% !important;background: #1D0D4E url(https:\/\/casinocrashgames.com\/wp-content\/uploads\/2025\/04\/Background-Img.webp?id=219) !important;}&#8220;][vc_column width=&#8220;1\/2&#8243;][vc_single_image image=&#8220;570&#8243; img_size=&#8220;400&#8243; alignment=&#8220;center&#8220; css=&#8220;&#8220;][\/vc_column][vc_column width=&#8220;1\/2&#8243;][vc_column_text css=&#8220;&#8220;]<\/p>\n<h1><span style=\"color: #fcc500;\">Algoritmy<\/span><\/h1>\n<p><span style=\"color: #ffffff;\">Hry Crash pou\u017e\u00edvaj\u00ed algoritmus Provably Fair, kryptografickou metodu, kter\u00e1 zaji\u0161\u0165uje, \u017ee ka\u017ed\u00e9 kolo hry je n\u00e1hodn\u00e9, transparentn\u00ed a ov\u011b\u0159iteln\u00e9.<br \/>\n<\/span>[\/vc_column_text][\/vc_column][\/vc_row][vc_section][vc_row][vc_column][vc_column_text css=&#8220;&#8220;]<\/p>\n<h2>Jak to funguje:<\/h2>\n<h3>Generov\u00e1n\u00ed seedu<\/h3>\n<p><span style=\"font-weight: 400;\">  P\u0159ed spu\u0161t\u011bn\u00edm hry se pro vygenerov\u00e1n\u00ed bodu p\u00e1du pou\u017eije serverov\u00fd seed (od kasina) a klientsk\u00fd seed (od hr\u00e1\u010de). N\u011bkter\u00e9 hry tak\u00e9 pou\u017e\u00edvaj\u00ed jedine\u010dn\u00e9 \u010d\u00edslo pro ka\u017ed\u00e9 kolo. <\/span><\/p>\n<h3>Hashing<\/h3>\n<p><span style=\"font-weight: 400;\">Seedy se zkombinuj\u00ed a zahesluj\u00ed pomoc\u00ed kryptografick\u00e9 funkce. T\u00edm je zaji\u0161t\u011bno, \u017ee v\u00fdsledek je p\u0159edem ur\u010den, ale je skryt\u00fd a\u017e do konce kola. <\/span><\/p>\n<h3>V\u00fdpo\u010det bodu p\u00e1du<\/h3>\n<p><span style=\"font-weight: 400;\">V\u00fdsledek hash se p\u0159evede na \u010d\u00edslo, kter\u00e9 ur\u010duje, kdy dojde k p\u00e1du.<\/span><\/p>\n<h3>Ov\u011b\u0159ov\u00e1n\u00ed<\/h3>\n<p><span style=\"font-weight: 400;\">Po skon\u010den\u00ed kola mohou hr\u00e1\u010di zkontrolovat hash a porovnat jej s po\u010d\u00e1te\u010dn\u00edm seedem, aby se ujistili, \u017ee hra byla spravedliv\u00e1 a nebyla zmanipulovan\u00e1.<\/span><\/p>\n<p><span style=\"font-weight: 400;\">Tento syst\u00e9m zaji\u0161\u0165uje, \u017ee nikdo, ani kasino, nem\u016f\u017ee zm\u011bnit v\u00fdsledek, d\u00edky \u010demu\u017e jsou crash hry transparentn\u011bj\u0161\u00ed a d\u016fv\u011bryhodn\u011bj\u0161\u00ed, zejm\u00e9na v kasinech, kde hr\u00e1\u010di s\u00e1zej\u00ed v kryptom\u011bn\u00e1ch.<\/span>[\/vc_column_text][\/vc_column][\/vc_row][\/vc_section]<\/p>\n<\/div>","protected":false},"excerpt":{"rendered":"<p>[vc_row full_width=&#8220;stretch_row&#8220; content_placement=&#8220;middle&#8220; css=&#8220;.vc_custom_1744576997054{margin-bottom: 50px !important;padding-top: 10% !important;padding-bottom: 5% !important;background: #1D0D4E url(https:\/\/casinocrashgames.com\/wp-content\/uploads\/2025\/04\/Background-Img.webp?id=219) !important;}&#8220;][vc_column width=&#8220;1\/2&#8243;][vc_single_image image=&#8220;570&#8243; img_size=&#8220;400&#8243; alignment=&#8220;center&#8220; css=&#8220;&#8220;][\/vc_column][vc_column width=&#8220;1\/2&#8243;][vc_column_text css=&#8220;&#8220;] [&hellip;]<\/p>\n","protected":false},"author":1,"featured_media":0,"parent":959,"menu_order":0,"comment_status":"closed","ping_status":"closed","template":"","meta":{"site-sidebar-layout":"default","site-content-layout":"plain-container","ast-site-content-layout":"default","site-content-style":"default","site-sidebar-style":"default","ast-global-header-display":"","ast-banner-title-visibility":"","ast-main-header-display":"","ast-hfb-above-header-display":"","ast-hfb-below-header-display":"","ast-hfb-mobile-header-display":"","site-post-title":"disabled","ast-breadcrumbs-content":"","ast-featured-img":"","footer-sml-layout":"","theme-transparent-header-meta":"default","adv-header-id-meta":"","stick-header-meta":"","header-above-stick-meta":"","header-main-stick-meta":"","header-below-stick-meta":"","astra-migrate-meta-layouts":"default","ast-page-background-enabled":"default","ast-page-background-meta":{"desktop":{"background-color":"var(--ast-global-color-5)","background-image":"","background-repeat":"repeat","background-position":"center center","background-size":"auto","background-attachment":"scroll","background-type":"","background-media":"","overlay-type":"","overlay-color":"","overlay-opacity":"","overlay-gradient":""},"tablet":{"background-color":"","background-image":"","background-repeat":"repeat","background-position":"center center","background-size":"auto","background-attachment":"scroll","background-type":"","background-media":"","overlay-type":"","overlay-color":"","overlay-opacity":"","overlay-gradient":""},"mobile":{"background-color":"","background-image":"","background-repeat":"repeat","background-position":"center center","background-size":"auto","background-attachment":"scroll","background-type":"","background-media":"","overlay-type":"","overlay-color":"","overlay-opacity":"","overlay-gradient":""}},"ast-content-background-meta":{"desktop":{"background-color":"var(--ast-global-color-4)","background-image":"","background-repeat":"repeat","background-position":"center center","background-size":"auto","background-attachment":"scroll","background-type":"","background-media":"","overlay-type":"","overlay-color":"","overlay-opacity":"","overlay-gradient":""},"tablet":{"background-color":"var(--ast-global-color-4)","background-image":"","background-repeat":"repeat","background-position":"center center","background-size":"auto","background-attachment":"scroll","background-type":"","background-media":"","overlay-type":"","overlay-color":"","overlay-opacity":"","overlay-gradient":""},"mobile":{"background-color":"var(--ast-global-color-4)","background-image":"","background-repeat":"repeat","background-position":"center center","background-size":"auto","background-attachment":"scroll","background-type":"","background-media":"","overlay-type":"","overlay-color":"","overlay-opacity":"","overlay-gradient":""}},"footnotes":""},"class_list":["post-968","page","type-page","status-publish","hentry"],"yoast_head":"<!-- This site is optimized with the Yoast SEO plugin v25.2 - https:\/\/yoast.com\/wordpress\/plugins\/seo\/ -->\n<title>Prokazateln\u011b spravedliv\u00e9 algoritmy v crash hr\u00e1ch - Jak syst\u00e9m funguje?<\/title>\n<meta name=\"description\" content=\"Zjist\u011bte, jak algoritmy Provably Fair zaji\u0161\u0165uj\u00ed, \u017ee p\u00e1dy v Crash hr\u00e1ch jsou n\u00e1hodn\u00e9, transparentn\u00ed a odoln\u00e9 proti manipulaci. Jakou roli hraj\u00ed seedy, hashov\u00e1n\u00ed a ov\u011b\u0159ov\u00e1n\u00ed crash point\u016f v t\u011bchto hr\u00e1ch?\" \/>\n<meta name=\"robots\" content=\"index, follow, max-snippet:-1, max-image-preview:large, max-video-preview:-1\" \/>\n<link rel=\"canonical\" href=\"https:\/\/casinocrashgames.com\/cs\/o-strankach\/algoritmy\/\" \/>\n<meta property=\"og:locale\" content=\"cs_CZ\" \/>\n<meta property=\"og:type\" content=\"article\" \/>\n<meta property=\"og:title\" content=\"Prokazateln\u011b spravedliv\u00e9 algoritmy v crash hr\u00e1ch - Jak syst\u00e9m funguje?\" \/>\n<meta property=\"og:description\" content=\"Zjist\u011bte, jak algoritmy Provably Fair zaji\u0161\u0165uj\u00ed, \u017ee p\u00e1dy v Crash hr\u00e1ch jsou n\u00e1hodn\u00e9, transparentn\u00ed a odoln\u00e9 proti manipulaci. Jakou roli hraj\u00ed seedy, hashov\u00e1n\u00ed a ov\u011b\u0159ov\u00e1n\u00ed crash point\u016f v t\u011bchto hr\u00e1ch?\" \/>\n<meta property=\"og:url\" content=\"https:\/\/casinocrashgames.com\/cs\/o-strankach\/algoritmy\/\" \/>\n<meta property=\"og:site_name\" content=\"Casino Crash Games\" \/>\n<meta property=\"article:modified_time\" content=\"2025-06-16T13:16:05+00:00\" \/>\n<meta name=\"twitter:card\" content=\"summary_large_image\" \/>\n<meta name=\"twitter:label1\" content=\"Odhadovan\u00e1 doba \u010dten\u00ed\" \/>\n\t<meta name=\"twitter:data1\" content=\"1 minuta\" \/>\n<script type=\"application\/ld+json\" class=\"yoast-schema-graph\">{\"@context\":\"https:\/\/schema.org\",\"@graph\":[{\"@type\":\"WebPage\",\"@id\":\"https:\/\/casinocrashgames.com\/cs\/o-strankach\/algoritmy\/\",\"url\":\"https:\/\/casinocrashgames.com\/cs\/o-strankach\/algoritmy\/\",\"name\":\"Prokazateln\u011b spravedliv\u00e9 algoritmy v crash hr\u00e1ch - Jak syst\u00e9m funguje?\",\"isPartOf\":{\"@id\":\"https:\/\/casinocrashgames.com\/cs\/#website\"},\"datePublished\":\"2025-02-06T13:14:18+00:00\",\"dateModified\":\"2025-06-16T13:16:05+00:00\",\"description\":\"Zjist\u011bte, jak algoritmy Provably Fair zaji\u0161\u0165uj\u00ed, \u017ee p\u00e1dy v Crash hr\u00e1ch jsou n\u00e1hodn\u00e9, transparentn\u00ed a odoln\u00e9 proti manipulaci. Jakou roli hraj\u00ed seedy, hashov\u00e1n\u00ed a ov\u011b\u0159ov\u00e1n\u00ed crash point\u016f v t\u011bchto hr\u00e1ch?\",\"breadcrumb\":{\"@id\":\"https:\/\/casinocrashgames.com\/cs\/o-strankach\/algoritmy\/#breadcrumb\"},\"inLanguage\":\"cs\",\"potentialAction\":[{\"@type\":\"ReadAction\",\"target\":[\"https:\/\/casinocrashgames.com\/cs\/o-strankach\/algoritmy\/\"]}]},{\"@type\":\"BreadcrumbList\",\"@id\":\"https:\/\/casinocrashgames.com\/cs\/o-strankach\/algoritmy\/#breadcrumb\",\"itemListElement\":[{\"@type\":\"ListItem\",\"position\":1,\"name\":\"Home\",\"item\":\"https:\/\/casinocrashgames.com\/cs\/casino-crash-games\/\"},{\"@type\":\"ListItem\",\"position\":2,\"name\":\"O n\u00e1s\",\"item\":\"https:\/\/casinocrashgames.com\/cs\/o-strankach\/\"},{\"@type\":\"ListItem\",\"position\":3,\"name\":\"Algoritmy\"}]},{\"@type\":\"WebSite\",\"@id\":\"https:\/\/casinocrashgames.com\/cs\/#website\",\"url\":\"https:\/\/casinocrashgames.com\/cs\/\",\"name\":\"Casino Crash Games\",\"description\":\"CASH BEFORE YOU CRASH\",\"publisher\":{\"@id\":\"https:\/\/casinocrashgames.com\/cs\/#organization\"},\"potentialAction\":[{\"@type\":\"SearchAction\",\"target\":{\"@type\":\"EntryPoint\",\"urlTemplate\":\"https:\/\/casinocrashgames.com\/cs\/?s={search_term_string}\"},\"query-input\":{\"@type\":\"PropertyValueSpecification\",\"valueRequired\":true,\"valueName\":\"search_term_string\"}}],\"inLanguage\":\"cs\"},{\"@type\":\"Organization\",\"@id\":\"https:\/\/casinocrashgames.com\/cs\/#organization\",\"name\":\"Casino Crash Games\",\"url\":\"https:\/\/casinocrashgames.com\/cs\/\",\"logo\":{\"@type\":\"ImageObject\",\"inLanguage\":\"cs\",\"@id\":\"https:\/\/casinocrashgames.com\/cs\/#\/schema\/logo\/image\/\",\"url\":\"https:\/\/casinocrashgames.com\/wp-content\/uploads\/2025\/03\/cropped-Casino-Crash-Games-Logo-.webp\",\"contentUrl\":\"https:\/\/casinocrashgames.com\/wp-content\/uploads\/2025\/03\/cropped-Casino-Crash-Games-Logo-.webp\",\"width\":1045,\"height\":606,\"caption\":\"Casino Crash Games\"},\"image\":{\"@id\":\"https:\/\/casinocrashgames.com\/cs\/#\/schema\/logo\/image\/\"}}]}<\/script>\n<!-- \/ Yoast SEO plugin. -->","yoast_head_json":{"title":"Prokazateln\u011b spravedliv\u00e9 algoritmy v crash hr\u00e1ch - Jak syst\u00e9m funguje?","description":"Zjist\u011bte, jak algoritmy Provably Fair zaji\u0161\u0165uj\u00ed, \u017ee p\u00e1dy v Crash hr\u00e1ch jsou n\u00e1hodn\u00e9, transparentn\u00ed a odoln\u00e9 proti manipulaci. Jakou roli hraj\u00ed seedy, hashov\u00e1n\u00ed a ov\u011b\u0159ov\u00e1n\u00ed crash point\u016f v t\u011bchto hr\u00e1ch?","robots":{"index":"index","follow":"follow","max-snippet":"max-snippet:-1","max-image-preview":"max-image-preview:large","max-video-preview":"max-video-preview:-1"},"canonical":"https:\/\/casinocrashgames.com\/cs\/o-strankach\/algoritmy\/","og_locale":"cs_CZ","og_type":"article","og_title":"Prokazateln\u011b spravedliv\u00e9 algoritmy v crash hr\u00e1ch - Jak syst\u00e9m funguje?","og_description":"Zjist\u011bte, jak algoritmy Provably Fair zaji\u0161\u0165uj\u00ed, \u017ee p\u00e1dy v Crash hr\u00e1ch jsou n\u00e1hodn\u00e9, transparentn\u00ed a odoln\u00e9 proti manipulaci. Jakou roli hraj\u00ed seedy, hashov\u00e1n\u00ed a ov\u011b\u0159ov\u00e1n\u00ed crash point\u016f v t\u011bchto hr\u00e1ch?","og_url":"https:\/\/casinocrashgames.com\/cs\/o-strankach\/algoritmy\/","og_site_name":"Casino Crash Games","article_modified_time":"2025-06-16T13:16:05+00:00","twitter_card":"summary_large_image","twitter_misc":{"Odhadovan\u00e1 doba \u010dten\u00ed":"1 minuta"},"schema":{"@context":"https:\/\/schema.org","@graph":[{"@type":"WebPage","@id":"https:\/\/casinocrashgames.com\/cs\/o-strankach\/algoritmy\/","url":"https:\/\/casinocrashgames.com\/cs\/o-strankach\/algoritmy\/","name":"Prokazateln\u011b spravedliv\u00e9 algoritmy v crash hr\u00e1ch - Jak syst\u00e9m funguje?","isPartOf":{"@id":"https:\/\/casinocrashgames.com\/cs\/#website"},"datePublished":"2025-02-06T13:14:18+00:00","dateModified":"2025-06-16T13:16:05+00:00","description":"Zjist\u011bte, jak algoritmy Provably Fair zaji\u0161\u0165uj\u00ed, \u017ee p\u00e1dy v Crash hr\u00e1ch jsou n\u00e1hodn\u00e9, transparentn\u00ed a odoln\u00e9 proti manipulaci. Jakou roli hraj\u00ed seedy, hashov\u00e1n\u00ed a ov\u011b\u0159ov\u00e1n\u00ed crash point\u016f v t\u011bchto hr\u00e1ch?","breadcrumb":{"@id":"https:\/\/casinocrashgames.com\/cs\/o-strankach\/algoritmy\/#breadcrumb"},"inLanguage":"cs","potentialAction":[{"@type":"ReadAction","target":["https:\/\/casinocrashgames.com\/cs\/o-strankach\/algoritmy\/"]}]},{"@type":"BreadcrumbList","@id":"https:\/\/casinocrashgames.com\/cs\/o-strankach\/algoritmy\/#breadcrumb","itemListElement":[{"@type":"ListItem","position":1,"name":"Home","item":"https:\/\/casinocrashgames.com\/cs\/casino-crash-games\/"},{"@type":"ListItem","position":2,"name":"O n\u00e1s","item":"https:\/\/casinocrashgames.com\/cs\/o-strankach\/"},{"@type":"ListItem","position":3,"name":"Algoritmy"}]},{"@type":"WebSite","@id":"https:\/\/casinocrashgames.com\/cs\/#website","url":"https:\/\/casinocrashgames.com\/cs\/","name":"Casino Crash Games","description":"CASH BEFORE YOU CRASH","publisher":{"@id":"https:\/\/casinocrashgames.com\/cs\/#organization"},"potentialAction":[{"@type":"SearchAction","target":{"@type":"EntryPoint","urlTemplate":"https:\/\/casinocrashgames.com\/cs\/?s={search_term_string}"},"query-input":{"@type":"PropertyValueSpecification","valueRequired":true,"valueName":"search_term_string"}}],"inLanguage":"cs"},{"@type":"Organization","@id":"https:\/\/casinocrashgames.com\/cs\/#organization","name":"Casino Crash Games","url":"https:\/\/casinocrashgames.com\/cs\/","logo":{"@type":"ImageObject","inLanguage":"cs","@id":"https:\/\/casinocrashgames.com\/cs\/#\/schema\/logo\/image\/","url":"https:\/\/casinocrashgames.com\/wp-content\/uploads\/2025\/03\/cropped-Casino-Crash-Games-Logo-.webp","contentUrl":"https:\/\/casinocrashgames.com\/wp-content\/uploads\/2025\/03\/cropped-Casino-Crash-Games-Logo-.webp","width":1045,"height":606,"caption":"Casino Crash Games"},"image":{"@id":"https:\/\/casinocrashgames.com\/cs\/#\/schema\/logo\/image\/"}}]}},"_links":{"self":[{"href":"https:\/\/casinocrashgames.com\/cs\/wp-json\/wp\/v2\/pages\/968","targetHints":{"allow":["GET"]}}],"collection":[{"href":"https:\/\/casinocrashgames.com\/cs\/wp-json\/wp\/v2\/pages"}],"about":[{"href":"https:\/\/casinocrashgames.com\/cs\/wp-json\/wp\/v2\/types\/page"}],"author":[{"embeddable":true,"href":"https:\/\/casinocrashgames.com\/cs\/wp-json\/wp\/v2\/users\/1"}],"replies":[{"embeddable":true,"href":"https:\/\/casinocrashgames.com\/cs\/wp-json\/wp\/v2\/comments?post=968"}],"version-history":[{"count":6,"href":"https:\/\/casinocrashgames.com\/cs\/wp-json\/wp\/v2\/pages\/968\/revisions"}],"predecessor-version":[{"id":1100,"href":"https:\/\/casinocrashgames.com\/cs\/wp-json\/wp\/v2\/pages\/968\/revisions\/1100"}],"up":[{"embeddable":true,"href":"https:\/\/casinocrashgames.com\/cs\/wp-json\/wp\/v2\/pages\/959"}],"wp:attachment":[{"href":"https:\/\/casinocrashgames.com\/cs\/wp-json\/wp\/v2\/media?parent=968"}],"curies":[{"name":"wp","href":"https:\/\/api.w.org\/{rel}","templated":true}]}}