{"id":963,"date":"2025-03-17T13:04:42","date_gmt":"2025-03-17T13:04:42","guid":{"rendered":"https:\/\/casinocrashgames.com\/jetx\/jetx-volna-hra\/"},"modified":"2025-06-18T13:23:23","modified_gmt":"2025-06-18T13:23:23","slug":"jetx-volna-hra","status":"publish","type":"page","link":"https:\/\/casinocrashgames.com\/cs\/jetx\/jetx-volna-hra\/","title":{"rendered":"JetX Demo zdarma"},"content":{"rendered":"<div class=\"wpb-content-wrapper\"><p>[vc_row full_width=&#8220;stretch_row&#8220; content_placement=&#8220;middle&#8220; css=&#8220;.vc_custom_1746472774743{padding-top: 10% !important;padding-bottom: 5% !important;background: #1D0D4E url(https:\/\/casinocrashgames.com\/wp-content\/uploads\/2025\/04\/Background-Img.webp?id=219) !important;}&#8220;][vc_column width=&#8220;1\/2&#8243;][vc_single_image image=&#8220;585&#8243; img_size=&#8220;500&#215;280&#8243; alignment=&#8220;center&#8220; css=&#8220;&#8220;][\/vc_column][vc_column width=&#8220;1\/2&#8243;][vc_column_text css=&#8220;&#8220;]<\/p>\n<h1><span style=\"color: #fcc500;\">JetX Demo zdarma<\/span><\/h1>\n<p><span style=\"color: #ffffff;\">JetX je popul\u00e1rn\u00ed Crash hra od spole\u010dnosti SmartSoft Gaming, kter\u00e1 si z\u00edskala pozornost fanou\u0161k\u016f online kasin po cel\u00e9m sv\u011bt\u011b. V demo re\u017eimu zdarma vyzkou\u0161\u00edte ve\u0161ker\u00e9 funkce JetX &#8211; sledujte stoupaj\u00edc\u00ed trysk\u00e1\u010d a rozhodn\u011bte se, kdy je ten spr\u00e1vn\u00fd \u010das vyplatit pen\u00edze. Hra zdarma je ide\u00e1ln\u00ed zp\u016fsob jak otestovat sv\u00e9 strategie a u\u017e\u00edt si adrenalinov\u00fd z\u00e1\u017eitek z JetX bez rizika.  <\/span>[\/vc_column_text][\/vc_column][\/vc_row][vc_row full_width=&#8220;stretch_row&#8220; css=&#8220;.vc_custom_1746472718877{padding: 5px !important;background-color: #0E0E0E !important;}&#8220;][vc_column][vc_raw_html css=&#8220;&#8220;]PGlmcmFtZSBzdHlsZT0id2lkdGg6IDEwMCU7IGhlaWdodDogODUwcHg7IiBzcmM9Imh0dHBzOi8vZXUtc2VydmVyLnNzZ3BvcnRhbC5jb20vR2FtZUxhdW5jaGVyL0xvYWRlci5hc3B4P0dhbWVDYXRlZ29yeT1KZXRYJmFtcDtHYW1lTmFtZT1KZXRYJmFtcDtUb2tlbj1ERU1PJmFtcDtQb3J0YWxOYW1lPURFTU8mYW1wO1JldHVyblVybD1odHRwczovL3d3dy5zbWFydHNvZnRnYW1pbmcuY29tJmFtcDtMYW5nPWVuIiBmcmFtZWJvcmRlcj0iMCIgYWxsb3dmdWxsc2NyZWVuPSIiPjwvaWZyYW1lPg0K[\/vc_raw_html][\/vc_column][\/vc_row]<\/p>\n<\/div>","protected":false},"excerpt":{"rendered":"<p>[vc_row full_width=&#8220;stretch_row&#8220; content_placement=&#8220;middle&#8220; css=&#8220;.vc_custom_1746472774743{padding-top: 10% !important;padding-bottom: 5% !important;background: #1D0D4E url(https:\/\/casinocrashgames.com\/wp-content\/uploads\/2025\/04\/Background-Img.webp?id=219) !important;}&#8220;][vc_column width=&#8220;1\/2&#8243;][vc_single_image image=&#8220;585&#8243; img_size=&#8220;500&#215;280&#8243; alignment=&#8220;center&#8220; css=&#8220;&#8220;][\/vc_column][vc_column width=&#8220;1\/2&#8243;][vc_column_text css=&#8220;&#8220;] JetX Demo [&hellip;]<\/p>\n","protected":false},"author":1,"featured_media":655,"parent":833,"menu_order":0,"comment_status":"closed","ping_status":"closed","template":"","meta":{"site-sidebar-layout":"no-sidebar","site-content-layout":"plain-container","ast-site-content-layout":"default","site-content-style":"default","site-sidebar-style":"default","ast-global-header-display":"","ast-banner-title-visibility":"","ast-main-header-display":"","ast-hfb-above-header-display":"","ast-hfb-below-header-display":"","ast-hfb-mobile-header-display":"","site-post-title":"disabled","ast-breadcrumbs-content":"","ast-featured-img":"disabled","footer-sml-layout":"","theme-transparent-header-meta":"default","adv-header-id-meta":"","stick-header-meta":"default","header-above-stick-meta":"","header-main-stick-meta":"","header-below-stick-meta":"","astra-migrate-meta-layouts":"default","ast-page-background-enabled":"default","ast-page-background-meta":{"desktop":{"background-color":"var(--ast-global-color-5)","background-image":"","background-repeat":"repeat","background-position":"center center","background-size":"auto","background-attachment":"scroll","background-type":"","background-media":"","overlay-type":"","overlay-color":"","overlay-opacity":"","overlay-gradient":""},"tablet":{"background-color":"","background-image":"","background-repeat":"repeat","background-position":"center center","background-size":"auto","background-attachment":"scroll","background-type":"","background-media":"","overlay-type":"","overlay-color":"","overlay-opacity":"","overlay-gradient":""},"mobile":{"background-color":"","background-image":"","background-repeat":"repeat","background-position":"center center","background-size":"auto","background-attachment":"scroll","background-type":"","background-media":"","overlay-type":"","overlay-color":"","overlay-opacity":"","overlay-gradient":""}},"ast-content-background-meta":{"desktop":{"background-color":"var(--ast-global-color-4)","background-image":"","background-repeat":"repeat","background-position":"center center","background-size":"auto","background-attachment":"scroll","background-type":"","background-media":"","overlay-type":"","overlay-color":"","overlay-opacity":"","overlay-gradient":""},"tablet":{"background-color":"var(--ast-global-color-4)","background-image":"","background-repeat":"repeat","background-position":"center center","background-size":"auto","background-attachment":"scroll","background-type":"","background-media":"","overlay-type":"","overlay-color":"","overlay-opacity":"","overlay-gradient":""},"mobile":{"background-color":"var(--ast-global-color-4)","background-image":"","background-repeat":"repeat","background-position":"center center","background-size":"auto","background-attachment":"scroll","background-type":"","background-media":"","overlay-type":"","overlay-color":"","overlay-opacity":"","overlay-gradient":""}},"footnotes":""},"class_list":["post-963","page","type-page","status-publish","has-post-thumbnail","hentry"],"yoast_head":"<!-- This site is optimized with the Yoast SEO plugin v25.2 - https:\/\/yoast.com\/wordpress\/plugins\/seo\/ -->\n<title>JetX Demo zdarma - Casino Crash Games<\/title>\n<meta name=\"description\" content=\"Hrajte na JetX Demoverze hry zdarma online. Vyzkou\u0161ejte si sv\u00e9 dovednosti v t\u00e9to rychl\u00e9 h\u0159e - zcela zdarma, bez nutnosti \u00fa\u010dtu.\" \/>\n<meta name=\"robots\" content=\"index, follow, max-snippet:-1, max-image-preview:large, max-video-preview:-1\" \/>\n<link rel=\"canonical\" href=\"https:\/\/casinocrashgames.com\/cs\/jetx\/jetx-volna-hra\/\" \/>\n<meta property=\"og:locale\" content=\"cs_CZ\" \/>\n<meta property=\"og:type\" content=\"article\" \/>\n<meta property=\"og:title\" content=\"JetX Demo zdarma - Casino Crash Games\" \/>\n<meta property=\"og:description\" content=\"Hrajte na JetX Demoverze hry zdarma online. Vyzkou\u0161ejte si sv\u00e9 dovednosti v t\u00e9to rychl\u00e9 h\u0159e - zcela zdarma, bez nutnosti \u00fa\u010dtu.\" \/>\n<meta property=\"og:url\" content=\"https:\/\/casinocrashgames.com\/cs\/jetx\/jetx-volna-hra\/\" \/>\n<meta property=\"og:site_name\" content=\"Casino Crash Games\" \/>\n<meta property=\"article:modified_time\" content=\"2025-06-18T13:23:23+00:00\" \/>\n<meta property=\"og:image\" content=\"https:\/\/casinocrashgames.com\/wp-content\/uploads\/2025\/05\/JetX-logo.webp\" \/>\n\t<meta property=\"og:image:width\" content=\"1280\" \/>\n\t<meta property=\"og:image:height\" content=\"720\" \/>\n\t<meta property=\"og:image:type\" content=\"image\/webp\" \/>\n<meta name=\"twitter:card\" content=\"summary_large_image\" \/>\n<meta name=\"twitter:label1\" content=\"Odhadovan\u00e1 doba \u010dten\u00ed\" \/>\n\t<meta name=\"twitter:data1\" content=\"1 minuta\" \/>\n<script type=\"application\/ld+json\" class=\"yoast-schema-graph\">{\"@context\":\"https:\/\/schema.org\",\"@graph\":[{\"@type\":\"WebPage\",\"@id\":\"https:\/\/casinocrashgames.com\/cs\/jetx\/jetx-volna-hra\/\",\"url\":\"https:\/\/casinocrashgames.com\/cs\/jetx\/jetx-volna-hra\/\",\"name\":\"JetX Demo zdarma - Casino Crash Games\",\"isPartOf\":{\"@id\":\"https:\/\/casinocrashgames.com\/cs\/#website\"},\"primaryImageOfPage\":{\"@id\":\"https:\/\/casinocrashgames.com\/cs\/jetx\/jetx-volna-hra\/#primaryimage\"},\"image\":{\"@id\":\"https:\/\/casinocrashgames.com\/cs\/jetx\/jetx-volna-hra\/#primaryimage\"},\"thumbnailUrl\":\"https:\/\/casinocrashgames.com\/wp-content\/uploads\/2025\/05\/JetX-logo.webp\",\"datePublished\":\"2025-03-17T13:04:42+00:00\",\"dateModified\":\"2025-06-18T13:23:23+00:00\",\"description\":\"Hrajte na JetX Demoverze hry zdarma online. Vyzkou\u0161ejte si sv\u00e9 dovednosti v t\u00e9to rychl\u00e9 h\u0159e - zcela zdarma, bez nutnosti \u00fa\u010dtu.\",\"breadcrumb\":{\"@id\":\"https:\/\/casinocrashgames.com\/cs\/jetx\/jetx-volna-hra\/#breadcrumb\"},\"inLanguage\":\"cs\",\"potentialAction\":[{\"@type\":\"ReadAction\",\"target\":[\"https:\/\/casinocrashgames.com\/cs\/jetx\/jetx-volna-hra\/\"]}]},{\"@type\":\"ImageObject\",\"inLanguage\":\"cs\",\"@id\":\"https:\/\/casinocrashgames.com\/cs\/jetx\/jetx-volna-hra\/#primaryimage\",\"url\":\"https:\/\/casinocrashgames.com\/wp-content\/uploads\/2025\/05\/JetX-logo.webp\",\"contentUrl\":\"https:\/\/casinocrashgames.com\/wp-content\/uploads\/2025\/05\/JetX-logo.webp\",\"width\":1280,\"height\":720,\"caption\":\"JetX\"},{\"@type\":\"BreadcrumbList\",\"@id\":\"https:\/\/casinocrashgames.com\/cs\/jetx\/jetx-volna-hra\/#breadcrumb\",\"itemListElement\":[{\"@type\":\"ListItem\",\"position\":1,\"name\":\"Home\",\"item\":\"https:\/\/casinocrashgames.com\/cs\/casino-crash-games\/\"},{\"@type\":\"ListItem\",\"position\":2,\"name\":\"JetX\",\"item\":\"https:\/\/casinocrashgames.com\/cs\/jetx\/\"},{\"@type\":\"ListItem\",\"position\":3,\"name\":\"JetX Demo zdarma\"}]},{\"@type\":\"WebSite\",\"@id\":\"https:\/\/casinocrashgames.com\/cs\/#website\",\"url\":\"https:\/\/casinocrashgames.com\/cs\/\",\"name\":\"Casino Crash Games\",\"description\":\"CASH BEFORE YOU CRASH\",\"publisher\":{\"@id\":\"https:\/\/casinocrashgames.com\/cs\/#organization\"},\"potentialAction\":[{\"@type\":\"SearchAction\",\"target\":{\"@type\":\"EntryPoint\",\"urlTemplate\":\"https:\/\/casinocrashgames.com\/cs\/?s={search_term_string}\"},\"query-input\":{\"@type\":\"PropertyValueSpecification\",\"valueRequired\":true,\"valueName\":\"search_term_string\"}}],\"inLanguage\":\"cs\"},{\"@type\":\"Organization\",\"@id\":\"https:\/\/casinocrashgames.com\/cs\/#organization\",\"name\":\"Casino Crash Games\",\"url\":\"https:\/\/casinocrashgames.com\/cs\/\",\"logo\":{\"@type\":\"ImageObject\",\"inLanguage\":\"cs\",\"@id\":\"https:\/\/casinocrashgames.com\/cs\/#\/schema\/logo\/image\/\",\"url\":\"https:\/\/casinocrashgames.com\/wp-content\/uploads\/2025\/03\/cropped-Casino-Crash-Games-Logo-.webp\",\"contentUrl\":\"https:\/\/casinocrashgames.com\/wp-content\/uploads\/2025\/03\/cropped-Casino-Crash-Games-Logo-.webp\",\"width\":1045,\"height\":606,\"caption\":\"Casino Crash Games\"},\"image\":{\"@id\":\"https:\/\/casinocrashgames.com\/cs\/#\/schema\/logo\/image\/\"}}]}<\/script>\n<!-- \/ Yoast SEO plugin. -->","yoast_head_json":{"title":"JetX Demo zdarma - Casino Crash Games","description":"Hrajte na JetX Demoverze hry zdarma online. Vyzkou\u0161ejte si sv\u00e9 dovednosti v t\u00e9to rychl\u00e9 h\u0159e - zcela zdarma, bez nutnosti \u00fa\u010dtu.","robots":{"index":"index","follow":"follow","max-snippet":"max-snippet:-1","max-image-preview":"max-image-preview:large","max-video-preview":"max-video-preview:-1"},"canonical":"https:\/\/casinocrashgames.com\/cs\/jetx\/jetx-volna-hra\/","og_locale":"cs_CZ","og_type":"article","og_title":"JetX Demo zdarma - Casino Crash Games","og_description":"Hrajte na JetX Demoverze hry zdarma online. Vyzkou\u0161ejte si sv\u00e9 dovednosti v t\u00e9to rychl\u00e9 h\u0159e - zcela zdarma, bez nutnosti \u00fa\u010dtu.","og_url":"https:\/\/casinocrashgames.com\/cs\/jetx\/jetx-volna-hra\/","og_site_name":"Casino Crash Games","article_modified_time":"2025-06-18T13:23:23+00:00","og_image":[{"width":1280,"height":720,"url":"https:\/\/casinocrashgames.com\/wp-content\/uploads\/2025\/05\/JetX-logo.webp","type":"image\/webp"}],"twitter_card":"summary_large_image","twitter_misc":{"Odhadovan\u00e1 doba \u010dten\u00ed":"1 minuta"},"schema":{"@context":"https:\/\/schema.org","@graph":[{"@type":"WebPage","@id":"https:\/\/casinocrashgames.com\/cs\/jetx\/jetx-volna-hra\/","url":"https:\/\/casinocrashgames.com\/cs\/jetx\/jetx-volna-hra\/","name":"JetX Demo zdarma - Casino Crash Games","isPartOf":{"@id":"https:\/\/casinocrashgames.com\/cs\/#website"},"primaryImageOfPage":{"@id":"https:\/\/casinocrashgames.com\/cs\/jetx\/jetx-volna-hra\/#primaryimage"},"image":{"@id":"https:\/\/casinocrashgames.com\/cs\/jetx\/jetx-volna-hra\/#primaryimage"},"thumbnailUrl":"https:\/\/casinocrashgames.com\/wp-content\/uploads\/2025\/05\/JetX-logo.webp","datePublished":"2025-03-17T13:04:42+00:00","dateModified":"2025-06-18T13:23:23+00:00","description":"Hrajte na JetX Demoverze hry zdarma online. Vyzkou\u0161ejte si sv\u00e9 dovednosti v t\u00e9to rychl\u00e9 h\u0159e - zcela zdarma, bez nutnosti \u00fa\u010dtu.","breadcrumb":{"@id":"https:\/\/casinocrashgames.com\/cs\/jetx\/jetx-volna-hra\/#breadcrumb"},"inLanguage":"cs","potentialAction":[{"@type":"ReadAction","target":["https:\/\/casinocrashgames.com\/cs\/jetx\/jetx-volna-hra\/"]}]},{"@type":"ImageObject","inLanguage":"cs","@id":"https:\/\/casinocrashgames.com\/cs\/jetx\/jetx-volna-hra\/#primaryimage","url":"https:\/\/casinocrashgames.com\/wp-content\/uploads\/2025\/05\/JetX-logo.webp","contentUrl":"https:\/\/casinocrashgames.com\/wp-content\/uploads\/2025\/05\/JetX-logo.webp","width":1280,"height":720,"caption":"JetX"},{"@type":"BreadcrumbList","@id":"https:\/\/casinocrashgames.com\/cs\/jetx\/jetx-volna-hra\/#breadcrumb","itemListElement":[{"@type":"ListItem","position":1,"name":"Home","item":"https:\/\/casinocrashgames.com\/cs\/casino-crash-games\/"},{"@type":"ListItem","position":2,"name":"JetX","item":"https:\/\/casinocrashgames.com\/cs\/jetx\/"},{"@type":"ListItem","position":3,"name":"JetX Demo zdarma"}]},{"@type":"WebSite","@id":"https:\/\/casinocrashgames.com\/cs\/#website","url":"https:\/\/casinocrashgames.com\/cs\/","name":"Casino Crash Games","description":"CASH BEFORE YOU CRASH","publisher":{"@id":"https:\/\/casinocrashgames.com\/cs\/#organization"},"potentialAction":[{"@type":"SearchAction","target":{"@type":"EntryPoint","urlTemplate":"https:\/\/casinocrashgames.com\/cs\/?s={search_term_string}"},"query-input":{"@type":"PropertyValueSpecification","valueRequired":true,"valueName":"search_term_string"}}],"inLanguage":"cs"},{"@type":"Organization","@id":"https:\/\/casinocrashgames.com\/cs\/#organization","name":"Casino Crash Games","url":"https:\/\/casinocrashgames.com\/cs\/","logo":{"@type":"ImageObject","inLanguage":"cs","@id":"https:\/\/casinocrashgames.com\/cs\/#\/schema\/logo\/image\/","url":"https:\/\/casinocrashgames.com\/wp-content\/uploads\/2025\/03\/cropped-Casino-Crash-Games-Logo-.webp","contentUrl":"https:\/\/casinocrashgames.com\/wp-content\/uploads\/2025\/03\/cropped-Casino-Crash-Games-Logo-.webp","width":1045,"height":606,"caption":"Casino Crash Games"},"image":{"@id":"https:\/\/casinocrashgames.com\/cs\/#\/schema\/logo\/image\/"}}]}},"_links":{"self":[{"href":"https:\/\/casinocrashgames.com\/cs\/wp-json\/wp\/v2\/pages\/963","targetHints":{"allow":["GET"]}}],"collection":[{"href":"https:\/\/casinocrashgames.com\/cs\/wp-json\/wp\/v2\/pages"}],"about":[{"href":"https:\/\/casinocrashgames.com\/cs\/wp-json\/wp\/v2\/types\/page"}],"author":[{"embeddable":true,"href":"https:\/\/casinocrashgames.com\/cs\/wp-json\/wp\/v2\/users\/1"}],"replies":[{"embeddable":true,"href":"https:\/\/casinocrashgames.com\/cs\/wp-json\/wp\/v2\/comments?post=963"}],"version-history":[{"count":11,"href":"https:\/\/casinocrashgames.com\/cs\/wp-json\/wp\/v2\/pages\/963\/revisions"}],"predecessor-version":[{"id":1167,"href":"https:\/\/casinocrashgames.com\/cs\/wp-json\/wp\/v2\/pages\/963\/revisions\/1167"}],"up":[{"embeddable":true,"href":"https:\/\/casinocrashgames.com\/cs\/wp-json\/wp\/v2\/pages\/833"}],"wp:featuredmedia":[{"embeddable":true,"href":"https:\/\/casinocrashgames.com\/cs\/wp-json\/wp\/v2\/media\/655"}],"wp:attachment":[{"href":"https:\/\/casinocrashgames.com\/cs\/wp-json\/wp\/v2\/media?parent=963"}],"curies":[{"name":"wp","href":"https:\/\/api.w.org\/{rel}","templated":true}]}}