{"id":962,"date":"2025-02-06T13:14:04","date_gmt":"2025-02-06T13:14:04","guid":{"rendered":"https:\/\/casinocrashgames.com\/o-strankach\/mechanika\/"},"modified":"2025-06-16T13:32:35","modified_gmt":"2025-06-16T13:32:35","slug":"mechanika","status":"publish","type":"page","link":"https:\/\/casinocrashgames.com\/cs\/o-strankach\/mechanika\/","title":{"rendered":"Mechanika"},"content":{"rendered":"<div class=\"wpb-content-wrapper\"><p>[vc_row full_width=&#8220;stretch_row&#8220; content_placement=&#8220;middle&#8220; css=&#8220;.vc_custom_1744576997054{margin-bottom: 50px !important;padding-top: 10% !important;padding-bottom: 5% !important;background: #1D0D4E url(https:\/\/casinocrashgames.com\/wp-content\/uploads\/2025\/04\/Background-Img.webp?id=219) !important;}&#8220;][vc_column width=&#8220;1\/2&#8243;][vc_single_image image=&#8220;570&#8243; img_size=&#8220;400&#8243; alignment=&#8220;center&#8220; css=&#8220;&#8220;][\/vc_column][vc_column width=&#8220;1\/2&#8243;][vc_column_text css=&#8220;&#8220;]<\/p>\n<h1><span style=\"color: #fcc500;\">Mechanika<\/span><\/h1>\n<p><span style=\"color: #ffffff;\">Zjist\u011bte, jak funguj\u00ed Crash hry, od RNG po prokazateln\u011b spravedliv\u00e9 algoritmy (Provably Fair Algorithms). Zjist\u011bte, jak spravedlnost a transparentnost ovliv\u0148uje jednotliv\u00e9 n\u00e1sobitele a crash pointy. <\/span>[\/vc_column_text][\/vc_column][\/vc_row][vc_section][vc_row][vc_column][vc_column_text css=&#8220;&#8220;]<\/p>\n<h2><b>Mechanismus v<\/b><b> Crash hr\u00e1ch<\/b><\/h2>\n<p><span style=\"font-weight: 400;\">Crash hry pou\u017e\u00edvaj\u00ed gener\u00e1tor n\u00e1hodn\u00fdch \u010d\u00edsel (RNG), kter\u00fd zaji\u0161\u0165uje, \u017ee ka\u017ed\u00e9 kolo je zcela n\u00e1hodn\u00e9 a nep\u0159edv\u00eddateln\u00e9.<\/span><\/p>\n<p><span style=\"font-weight: 400;\">N\u011bkter\u00e9 hry tak\u00e9 pou\u017e\u00edvaj\u00ed <strong>\u201eprokazateln\u011b spravedliv\u00e9<\/strong>\u201c algoritmy, co\u017e znamen\u00e1, \u017ee hr\u00e1\u010di mohou zkontrolovat a ov\u011b\u0159it, zda je hra spravedliv\u00e1 a nen\u00ed zmanipulovan\u00e1. To buduje d\u016fv\u011bru, zejm\u00e9na u t\u011bch, kte\u0159\u00ed hraj\u00ed s kryptom\u011bnami. <\/span><\/p>\n<p><span style=\"font-weight: 400;\">N\u00e1sobitel za\u010d\u00edn\u00e1 na hodnot\u011b 1,0x a zvy\u0161uje se, dokud hra n\u00e1hodn\u011b nespadne. O p\u0159esn\u00e9m bodu p\u00e1du rozhoduje algoritmus p\u0159ed za\u010d\u00e1tkem ka\u017ed\u00e9ho kola, co\u017e zaji\u0161\u0165uje spravedlnost a transparentnost pro v\u0161echny hr\u00e1\u010de. <\/span>[\/vc_column_text][\/vc_column][\/vc_row][\/vc_section]<\/p>\n<\/div>","protected":false},"excerpt":{"rendered":"<p>[vc_row full_width=&#8220;stretch_row&#8220; content_placement=&#8220;middle&#8220; css=&#8220;.vc_custom_1744576997054{margin-bottom: 50px !important;padding-top: 10% !important;padding-bottom: 5% !important;background: #1D0D4E url(https:\/\/casinocrashgames.com\/wp-content\/uploads\/2025\/04\/Background-Img.webp?id=219) !important;}&#8220;][vc_column width=&#8220;1\/2&#8243;][vc_single_image image=&#8220;570&#8243; img_size=&#8220;400&#8243; alignment=&#8220;center&#8220; css=&#8220;&#8220;][\/vc_column][vc_column width=&#8220;1\/2&#8243;][vc_column_text css=&#8220;&#8220;] [&hellip;]<\/p>\n","protected":false},"author":1,"featured_media":0,"parent":959,"menu_order":0,"comment_status":"closed","ping_status":"closed","template":"","meta":{"site-sidebar-layout":"no-sidebar","site-content-layout":"plain-container","ast-site-content-layout":"default","site-content-style":"default","site-sidebar-style":"default","ast-global-header-display":"","ast-banner-title-visibility":"","ast-main-header-display":"","ast-hfb-above-header-display":"","ast-hfb-below-header-display":"","ast-hfb-mobile-header-display":"","site-post-title":"disabled","ast-breadcrumbs-content":"","ast-featured-img":"disabled","footer-sml-layout":"","theme-transparent-header-meta":"default","adv-header-id-meta":"","stick-header-meta":"default","header-above-stick-meta":"","header-main-stick-meta":"","header-below-stick-meta":"","astra-migrate-meta-layouts":"default","ast-page-background-enabled":"default","ast-page-background-meta":{"desktop":{"background-color":"var(--ast-global-color-5)","background-image":"","background-repeat":"repeat","background-position":"center center","background-size":"auto","background-attachment":"scroll","background-type":"","background-media":"","overlay-type":"","overlay-color":"","overlay-opacity":"","overlay-gradient":""},"tablet":{"background-color":"","background-image":"","background-repeat":"repeat","background-position":"center center","background-size":"auto","background-attachment":"scroll","background-type":"","background-media":"","overlay-type":"","overlay-color":"","overlay-opacity":"","overlay-gradient":""},"mobile":{"background-color":"","background-image":"","background-repeat":"repeat","background-position":"center center","background-size":"auto","background-attachment":"scroll","background-type":"","background-media":"","overlay-type":"","overlay-color":"","overlay-opacity":"","overlay-gradient":""}},"ast-content-background-meta":{"desktop":{"background-color":"var(--ast-global-color-4)","background-image":"","background-repeat":"repeat","background-position":"center center","background-size":"auto","background-attachment":"scroll","background-type":"","background-media":"","overlay-type":"","overlay-color":"","overlay-opacity":"","overlay-gradient":""},"tablet":{"background-color":"var(--ast-global-color-4)","background-image":"","background-repeat":"repeat","background-position":"center center","background-size":"auto","background-attachment":"scroll","background-type":"","background-media":"","overlay-type":"","overlay-color":"","overlay-opacity":"","overlay-gradient":""},"mobile":{"background-color":"var(--ast-global-color-4)","background-image":"","background-repeat":"repeat","background-position":"center center","background-size":"auto","background-attachment":"scroll","background-type":"","background-media":"","overlay-type":"","overlay-color":"","overlay-opacity":"","overlay-gradient":""}},"footnotes":""},"class_list":["post-962","page","type-page","status-publish","hentry"],"yoast_head":"<!-- This site is optimized with the Yoast SEO plugin v25.2 - https:\/\/yoast.com\/wordpress\/plugins\/seo\/ -->\n<title>Mechanika - Casino Crash Games<\/title>\n<meta name=\"robots\" content=\"index, follow, max-snippet:-1, max-image-preview:large, max-video-preview:-1\" \/>\n<link rel=\"canonical\" href=\"https:\/\/casinocrashgames.com\/cs\/o-strankach\/mechanika\/\" \/>\n<meta property=\"og:locale\" content=\"cs_CZ\" \/>\n<meta property=\"og:type\" content=\"article\" \/>\n<meta property=\"og:title\" content=\"Mechanika - Casino Crash Games\" \/>\n<meta property=\"og:description\" content=\"[vc_row full_width=&#8220;stretch_row&#8220; content_placement=&#8220;middle&#8220; css=&#8220;.vc_custom_1744576997054{margin-bottom: 50px !important;padding-top: 10% !important;padding-bottom: 5% !important;background: #1D0D4E url(https:\/\/casinocrashgames.com\/wp-content\/uploads\/2025\/04\/Background-Img.webp?id=219) !important;}&#8220;][vc_column width=&#8220;1\/2&#8243;][vc_single_image image=&#8220;570&#8243; img_size=&#8220;400&#8243; alignment=&#8220;center&#8220; css=&#8220;&#8220;][\/vc_column][vc_column width=&#8220;1\/2&#8243;][vc_column_text css=&#8220;&#8220;] [&hellip;]\" \/>\n<meta property=\"og:url\" content=\"https:\/\/casinocrashgames.com\/cs\/o-strankach\/mechanika\/\" \/>\n<meta property=\"og:site_name\" content=\"Casino Crash Games\" \/>\n<meta property=\"article:modified_time\" content=\"2025-06-16T13:32:35+00:00\" \/>\n<meta name=\"twitter:card\" content=\"summary_large_image\" \/>\n<meta name=\"twitter:label1\" content=\"Odhadovan\u00e1 doba \u010dten\u00ed\" \/>\n\t<meta name=\"twitter:data1\" content=\"1 minuta\" \/>\n<script type=\"application\/ld+json\" class=\"yoast-schema-graph\">{\"@context\":\"https:\/\/schema.org\",\"@graph\":[{\"@type\":\"WebPage\",\"@id\":\"https:\/\/casinocrashgames.com\/cs\/o-strankach\/mechanika\/\",\"url\":\"https:\/\/casinocrashgames.com\/cs\/o-strankach\/mechanika\/\",\"name\":\"Mechanika - Casino Crash Games\",\"isPartOf\":{\"@id\":\"https:\/\/casinocrashgames.com\/cs\/#website\"},\"datePublished\":\"2025-02-06T13:14:04+00:00\",\"dateModified\":\"2025-06-16T13:32:35+00:00\",\"breadcrumb\":{\"@id\":\"https:\/\/casinocrashgames.com\/cs\/o-strankach\/mechanika\/#breadcrumb\"},\"inLanguage\":\"cs\",\"potentialAction\":[{\"@type\":\"ReadAction\",\"target\":[\"https:\/\/casinocrashgames.com\/cs\/o-strankach\/mechanika\/\"]}]},{\"@type\":\"BreadcrumbList\",\"@id\":\"https:\/\/casinocrashgames.com\/cs\/o-strankach\/mechanika\/#breadcrumb\",\"itemListElement\":[{\"@type\":\"ListItem\",\"position\":1,\"name\":\"Home\",\"item\":\"https:\/\/casinocrashgames.com\/cs\/casino-crash-games\/\"},{\"@type\":\"ListItem\",\"position\":2,\"name\":\"O n\u00e1s\",\"item\":\"https:\/\/casinocrashgames.com\/cs\/o-strankach\/\"},{\"@type\":\"ListItem\",\"position\":3,\"name\":\"Mechanika\"}]},{\"@type\":\"WebSite\",\"@id\":\"https:\/\/casinocrashgames.com\/cs\/#website\",\"url\":\"https:\/\/casinocrashgames.com\/cs\/\",\"name\":\"Casino Crash Games\",\"description\":\"CASH BEFORE YOU CRASH\",\"publisher\":{\"@id\":\"https:\/\/casinocrashgames.com\/cs\/#organization\"},\"potentialAction\":[{\"@type\":\"SearchAction\",\"target\":{\"@type\":\"EntryPoint\",\"urlTemplate\":\"https:\/\/casinocrashgames.com\/cs\/?s={search_term_string}\"},\"query-input\":{\"@type\":\"PropertyValueSpecification\",\"valueRequired\":true,\"valueName\":\"search_term_string\"}}],\"inLanguage\":\"cs\"},{\"@type\":\"Organization\",\"@id\":\"https:\/\/casinocrashgames.com\/cs\/#organization\",\"name\":\"Casino Crash Games\",\"url\":\"https:\/\/casinocrashgames.com\/cs\/\",\"logo\":{\"@type\":\"ImageObject\",\"inLanguage\":\"cs\",\"@id\":\"https:\/\/casinocrashgames.com\/cs\/#\/schema\/logo\/image\/\",\"url\":\"https:\/\/casinocrashgames.com\/wp-content\/uploads\/2025\/03\/cropped-Casino-Crash-Games-Logo-.webp\",\"contentUrl\":\"https:\/\/casinocrashgames.com\/wp-content\/uploads\/2025\/03\/cropped-Casino-Crash-Games-Logo-.webp\",\"width\":1045,\"height\":606,\"caption\":\"Casino Crash Games\"},\"image\":{\"@id\":\"https:\/\/casinocrashgames.com\/cs\/#\/schema\/logo\/image\/\"}}]}<\/script>\n<!-- \/ Yoast SEO plugin. -->","yoast_head_json":{"title":"Mechanika - Casino Crash Games","robots":{"index":"index","follow":"follow","max-snippet":"max-snippet:-1","max-image-preview":"max-image-preview:large","max-video-preview":"max-video-preview:-1"},"canonical":"https:\/\/casinocrashgames.com\/cs\/o-strankach\/mechanika\/","og_locale":"cs_CZ","og_type":"article","og_title":"Mechanika - Casino Crash Games","og_description":"[vc_row full_width=&#8220;stretch_row&#8220; content_placement=&#8220;middle&#8220; css=&#8220;.vc_custom_1744576997054{margin-bottom: 50px !important;padding-top: 10% !important;padding-bottom: 5% !important;background: #1D0D4E url(https:\/\/casinocrashgames.com\/wp-content\/uploads\/2025\/04\/Background-Img.webp?id=219) !important;}&#8220;][vc_column width=&#8220;1\/2&#8243;][vc_single_image image=&#8220;570&#8243; img_size=&#8220;400&#8243; alignment=&#8220;center&#8220; css=&#8220;&#8220;][\/vc_column][vc_column width=&#8220;1\/2&#8243;][vc_column_text css=&#8220;&#8220;] [&hellip;]","og_url":"https:\/\/casinocrashgames.com\/cs\/o-strankach\/mechanika\/","og_site_name":"Casino Crash Games","article_modified_time":"2025-06-16T13:32:35+00:00","twitter_card":"summary_large_image","twitter_misc":{"Odhadovan\u00e1 doba \u010dten\u00ed":"1 minuta"},"schema":{"@context":"https:\/\/schema.org","@graph":[{"@type":"WebPage","@id":"https:\/\/casinocrashgames.com\/cs\/o-strankach\/mechanika\/","url":"https:\/\/casinocrashgames.com\/cs\/o-strankach\/mechanika\/","name":"Mechanika - Casino Crash Games","isPartOf":{"@id":"https:\/\/casinocrashgames.com\/cs\/#website"},"datePublished":"2025-02-06T13:14:04+00:00","dateModified":"2025-06-16T13:32:35+00:00","breadcrumb":{"@id":"https:\/\/casinocrashgames.com\/cs\/o-strankach\/mechanika\/#breadcrumb"},"inLanguage":"cs","potentialAction":[{"@type":"ReadAction","target":["https:\/\/casinocrashgames.com\/cs\/o-strankach\/mechanika\/"]}]},{"@type":"BreadcrumbList","@id":"https:\/\/casinocrashgames.com\/cs\/o-strankach\/mechanika\/#breadcrumb","itemListElement":[{"@type":"ListItem","position":1,"name":"Home","item":"https:\/\/casinocrashgames.com\/cs\/casino-crash-games\/"},{"@type":"ListItem","position":2,"name":"O n\u00e1s","item":"https:\/\/casinocrashgames.com\/cs\/o-strankach\/"},{"@type":"ListItem","position":3,"name":"Mechanika"}]},{"@type":"WebSite","@id":"https:\/\/casinocrashgames.com\/cs\/#website","url":"https:\/\/casinocrashgames.com\/cs\/","name":"Casino Crash Games","description":"CASH BEFORE YOU CRASH","publisher":{"@id":"https:\/\/casinocrashgames.com\/cs\/#organization"},"potentialAction":[{"@type":"SearchAction","target":{"@type":"EntryPoint","urlTemplate":"https:\/\/casinocrashgames.com\/cs\/?s={search_term_string}"},"query-input":{"@type":"PropertyValueSpecification","valueRequired":true,"valueName":"search_term_string"}}],"inLanguage":"cs"},{"@type":"Organization","@id":"https:\/\/casinocrashgames.com\/cs\/#organization","name":"Casino Crash Games","url":"https:\/\/casinocrashgames.com\/cs\/","logo":{"@type":"ImageObject","inLanguage":"cs","@id":"https:\/\/casinocrashgames.com\/cs\/#\/schema\/logo\/image\/","url":"https:\/\/casinocrashgames.com\/wp-content\/uploads\/2025\/03\/cropped-Casino-Crash-Games-Logo-.webp","contentUrl":"https:\/\/casinocrashgames.com\/wp-content\/uploads\/2025\/03\/cropped-Casino-Crash-Games-Logo-.webp","width":1045,"height":606,"caption":"Casino Crash Games"},"image":{"@id":"https:\/\/casinocrashgames.com\/cs\/#\/schema\/logo\/image\/"}}]}},"_links":{"self":[{"href":"https:\/\/casinocrashgames.com\/cs\/wp-json\/wp\/v2\/pages\/962","targetHints":{"allow":["GET"]}}],"collection":[{"href":"https:\/\/casinocrashgames.com\/cs\/wp-json\/wp\/v2\/pages"}],"about":[{"href":"https:\/\/casinocrashgames.com\/cs\/wp-json\/wp\/v2\/types\/page"}],"author":[{"embeddable":true,"href":"https:\/\/casinocrashgames.com\/cs\/wp-json\/wp\/v2\/users\/1"}],"replies":[{"embeddable":true,"href":"https:\/\/casinocrashgames.com\/cs\/wp-json\/wp\/v2\/comments?post=962"}],"version-history":[{"count":17,"href":"https:\/\/casinocrashgames.com\/cs\/wp-json\/wp\/v2\/pages\/962\/revisions"}],"predecessor-version":[{"id":1108,"href":"https:\/\/casinocrashgames.com\/cs\/wp-json\/wp\/v2\/pages\/962\/revisions\/1108"}],"up":[{"embeddable":true,"href":"https:\/\/casinocrashgames.com\/cs\/wp-json\/wp\/v2\/pages\/959"}],"wp:attachment":[{"href":"https:\/\/casinocrashgames.com\/cs\/wp-json\/wp\/v2\/media?parent=962"}],"curies":[{"name":"wp","href":"https:\/\/api.w.org\/{rel}","templated":true}]}}