{"id":959,"date":"2025-02-06T13:13:54","date_gmt":"2025-02-06T13:13:54","guid":{"rendered":"https:\/\/casinocrashgames.com\/o-strankach\/"},"modified":"2025-06-16T12:13:01","modified_gmt":"2025-06-16T12:13:01","slug":"o-strankach","status":"publish","type":"page","link":"https:\/\/casinocrashgames.com\/cs\/o-strankach\/","title":{"rendered":"O n\u00e1s"},"content":{"rendered":"<div class=\"wpb-content-wrapper\"><p>[vc_row][vc_column][vc_column_text css=&#8220;&#8220;]<\/p>\n<h1>O n\u00e1s<\/h1>\n<p data-pm-slice=\"1 1 []\">V\u00edtejte na webu <a href=\"https:\/\/casinocrashgames.com\/cs\/\"><strong>Casino Crash Games<\/strong><\/a>, <strong>informa\u010dn\u00edm port\u00e1lu o<\/strong> Casino Crash hr\u00e1ch. A\u0165 u\u017e jste ve sv\u011bt\u011b crash her nov\u00e1\u010dkem, nebo zku\u0161en\u00fdm hr\u00e1\u010dem, kter\u00fd chce zdokonalit sv\u00e9 strategie, naleznete zde podrobn\u00e9 informace, kter\u00e9 v\u00e1m pomohou pochopit a zvl\u00e1dnout tento nov\u00fd typ kasinov\u00fdch her. <\/p>\n<p>[\/vc_column_text][\/vc_column][\/vc_row][vc_row][vc_column][vc_column_text css=&#8220;&#8220;]<\/p>\n<h2 data-pm-slice=\"1 1 []\">Co jsou to hry Crash?<\/h2>\n<p>Hry Crash jsou samostatnou kategori\u00ed kasinov\u00fdch her, v nich\u017e hr\u00e1\u010di s\u00e1zej\u00ed na n\u00e1sobitel (multiplier), kter\u00fd se neust\u00e1le zvy\u0161uje, dokud se nez\u0159\u00edt\u00ed. C\u00edlem je vyplatit pen\u00edze d\u0159\u00edve (Cash Out), ne\u017e dojde k p\u00e1du (\u0159\u00edk\u00e1me tomu \u201e<strong>Cash Before You Crash<\/strong>\u201c), \u010d\u00edm\u017e si zajist\u00edte v\u00fdhru na z\u00e1klad\u011b n\u00e1sobitele v okam\u017eiku vyplacen\u00ed. Tyto hry spojuj\u00ed jednoduchost, vzru\u0161en\u00ed, strategii a matematickou pravd\u011bpodobnost, d\u00edky \u010demu\u017e jsou mezi milovn\u00edky online kasin st\u00e1le v\u00edce obl\u00edben\u00e9.[\/vc_column_text][\/vc_column][\/vc_row][vc_row][vc_column][vc_column_text css=&#8220;&#8220;]<\/p>\n<h3 data-pm-slice=\"1 3 []\">Vlastnosti her Crash Games<\/h3>\n<ul data-spread=\"false\">\n<li><a href=\"https:\/\/casinocrashgames.com\/cs\/funkce\/multiplikator\/\"><strong>Nastaven\u00ed multiplik\u00e1toru<\/strong><\/a>: Sledujte jak se multiplik\u00e1tor n\u00e1sob\u00ed, a rozhodn\u011bte se, kdy je ten spr\u00e1vn\u00fd \u010das vybrat pen\u00edze.<\/li>\n<li><a href=\"https:\/\/casinocrashgames.com\/cs\/funkce\/auto-cash-out\/\"><strong>Auto Cashout<\/strong><\/a>: Nastavte si p\u0159edem multiplik\u00e1tor, p\u0159i kter\u00e9m se va\u0161e s\u00e1zka automaticky vyplat\u00ed.<\/li>\n<li><a href=\"https:\/\/casinocrashgames.com\/cs\/o-strankach\/algoritmy\/\"><strong>Provably Fair algoritmy<\/strong><\/a>: Mnoh\u00e9 Crash hry pou\u017e\u00edvaj\u00ed kryptografick\u00e9 algoritmy k zaji\u0161t\u011bn\u00ed spravedlnosti a transparentnosti jednotliv\u00fdch kol.<\/li>\n<li><strong>Okam\u017eit\u00e9 hran\u00ed<\/strong>: D\u00edky rychl\u00fdm s\u00e1zkov\u00fdm kol\u016fm jsou Crash hry rychl\u00e9.<\/li>\n<li><strong>R\u016fzn\u00e9 mo\u017enosti s\u00e1zen\u00ed<\/strong>: Hr\u00e1\u010di mohou v ka\u017ed\u00e9m kole uzav\u0159\u00edt i v\u00edce s\u00e1zek nebo si vyzkou\u0161et r\u016fzn\u00e9 hern\u00ed <a href=\"https:\/\/casinocrashgames.com\/cs\/strategie\/\">strategie<\/a>.<\/li>\n<\/ul>\n<p>[\/vc_column_text][\/vc_column][\/vc_row][vc_row][vc_column][vc_column_text css=&#8220;&#8220;]<\/p>\n<h3 data-pm-slice=\"1 3 []\">V\u00edt\u011bzn\u00e9 strategie<\/h3>\n<p>Abychom zlep\u0161ili va\u0161i hru, v\u011bnujeme se obl\u00edben\u00fdm strategi\u00edm, kter\u00e9 hr\u00e1\u010di pou\u017e\u00edvaj\u00ed k maximalizaci sv\u00fdch \u0161anc\u00ed na v\u00fdhru:<\/p>\n<ul data-spread=\"false\">\n<li><a href=\"https:\/\/casinocrashgames.com\/cs\/strategie\/fibonacciho\/\"><strong>Fibonacciho strategie<\/strong><\/a>: Progresivn\u00ed s\u00e1zkov\u00fd syst\u00e9m zalo\u017een\u00fd na slavn\u00e9 Fibonacciho posloupnosti.<\/li>\n<li><a href=\"https:\/\/casinocrashgames.com\/cs\/strategie\/martingale\/\"><strong>Syst\u00e9m Martingale<\/strong><\/a>: Rizikov\u011bj\u0161\u00ed strategie, p\u0159i n\u00ed\u017e hr\u00e1\u010di po ka\u017ed\u00e9 proh\u0159e zdvojn\u00e1sob\u00ed svou s\u00e1zku, aby po v\u00fdh\u0159e z\u00edskali zp\u011bt p\u0159edchoz\u00ed ztr\u00e1ty.<\/li>\n<\/ul>\n<p>[\/vc_column_text][\/vc_column][\/vc_row][vc_row][vc_column][vc_column_text css=&#8220;&#8220;]<\/p>\n<h3 data-pm-slice=\"1 3 []\">P\u0159edn\u00ed poskytovatel\u00e9 Crash Game <\/h3>\n<p>Analyzujeme a hodnot\u00edme \u0161pi\u010dkov\u00e9 poskytovatele her, kte\u0159\u00ed vyv\u00edjej\u00ed n\u011bkter\u00e9 z nejobl\u00edben\u011bj\u0161\u00edch Crash her:<\/p>\n<ul data-spread=\"false\">\n<li><a href=\"https:\/\/casinocrashgames.com\/cs\/poskytovatele\/spribe\/\"><strong>Spribe<\/strong><\/a>: Tv\u016frci popul\u00e1rn\u00edho \u201e<a href=\"https:\/\/casinocrashgames.com\/cs\/aviator\/\">Aviator<\/a>\u201c.<\/li>\n<li><a href=\"https:\/\/casinocrashgames.com\/cs\/poskytovatele\/smartsoft-gaming\/\"><strong>Smartsoft Gaming<\/strong><\/a>: Zn\u00e1m\u00fd sv\u00fdmi inovativn\u00edmi a vizu\u00e1ln\u011b atraktivn\u00edmi hrami.<\/li>\n<li><a href=\"https:\/\/casinocrashgames.com\/cs\/poskytovatele\/turbo-games\/\"><strong>Turbo Games<\/strong><\/a>: Specializuje se na vysokorychlostn\u00ed turbo hry a p\u0159in\u00e1s\u00ed tak je\u0161t\u011b v\u00edce vzru\u0161uj\u00edc\u00ed z\u00e1\u017eitky p\u0159i hran\u00ed crash her.<\/li>\n<\/ul>\n<p>[\/vc_column_text][\/vc_column][\/vc_row][vc_row][vc_column][vc_column_text css=&#8220;&#8220;]<\/p>\n<h3 data-pm-slice=\"1 3 []\">Porozum\u011bn\u00ed algoritm\u016fm a mechanice<\/h3>\n<p>Hry Crash vyu\u017e\u00edvaj\u00ed sofistikovan\u00e9 <a href=\"https:\/\/casinocrashgames.com\/cs\/o-strankach\/algoritmy\/\">algoritmy<\/a> a <a href=\"https:\/\/casinocrashgames.com\/cs\/o-strankach\/mechanika\/\">mechaniky, kter\u00e9<\/a> zaji\u0161\u0165uj\u00ed f\u00e9rovou hru. N\u00e1\u0161 web vysv\u011btluje: <\/p>\n<ul data-spread=\"false\">\n<li><strong>Generov\u00e1n\u00ed n\u00e1hodn\u00fdch \u010d\u00edsel (RNG) a ov\u011b\u0159en\u00ed spravedlnosti<\/strong><\/li>\n<li><strong>Hern\u00ed mechanismy, kter\u00e9 ovliv\u0148uj\u00ed m\u00edsto a \u010das p\u00e1du<\/strong><\/li>\n<li><strong>Jak blockchain zvy\u0161uje transparentnost Crash her?<\/strong><\/li>\n<\/ul>\n<p>[\/vc_column_text][\/vc_column][\/vc_row][vc_row][vc_column][vc_column_text css=&#8220;&#8220;]<\/p>\n<h3 data-pm-slice=\"1 3 []\">Dostupn\u00e9 m\u011bny<\/h3>\n<p>Crash hry podporuj\u00ed r\u016fzn\u00e9 <a href=\"https:\/\/casinocrashgames.com\/cs\/o-strankach\/meny\/\">m\u011bny<\/a>, v\u010detn\u011b: <\/p>\n<ul data-spread=\"false\">\n<li><strong>Fiat m\u011bny<\/strong>: USD, EUR, GBP a dal\u0161\u00ed.<\/li>\n<li><strong>Kryptom\u011bny<\/strong>: Bitcoin (BTC), Ethereum (ETH) a dal\u0161\u00ed.<\/li>\n<\/ul>\n<p>Volba m\u011bny z\u00e1vis\u00ed na va\u0161\u00ed poloze a tak\u00e9 na kasinu, ve kter\u00e9m budete hr\u00e1t crash hry.[\/vc_column_text][\/vc_column][\/vc_row][vc_row][vc_column][vc_column_text css=&#8220;&#8220;]<\/p>\n<h3 data-pm-slice=\"1 1 []\">Z\u016fsta\u0148te s n\u00e1mi v obraze d\u00edky Crash Games News<\/h3>\n<p>Hr\u00e1\u010de informujeme o <a href=\"https:\/\/casinocrashgames.com\/cs\/zpravy\/\"><strong>nejnov\u011bj\u0161\u00edch informac\u00edch<\/strong><\/a> a aktualit\u00e1ch ze sv\u011bta Crash Games: <\/p>\n<ul data-spread=\"false\">\n<li><strong>Nov\u00e9 verze her a funkce<\/strong><\/li>\n<li><strong>Trendy v odv\u011btv\u00ed online hazardn\u00edch her<\/strong><\/li>\n<li><strong>Tipy, pr\u016fvodci a odborn\u00e9 post\u0159ehy<\/strong><\/li>\n<\/ul>\n<p>Hlavn\u00edm posl\u00e1n\u00edm webu <a href=\"https:\/\/casinocrashgames.com\/cs\/\"><strong>Casino Crash Games<\/strong><\/a> je vzd\u011bl\u00e1vat a informovat hr\u00e1\u010de poskytov\u00e1n\u00edm p\u0159esn\u00fdch a aktu\u00e1ln\u00edch informac\u00ed o Crash hr\u00e1ch. A\u0165 u\u017e hled\u00e1te z\u00e1bavu, hern\u00ed mechanismy, strategie nebo novinky z oboru, m\u00e1me pro v\u00e1s v\u0161e![\/vc_column_text][\/vc_column][\/vc_row]<\/p>\n<\/div>","protected":false},"excerpt":{"rendered":"<p>[vc_row][vc_column][vc_column_text css=&#8220;&#8220;] O n\u00e1s V\u00edtejte na webu Casino Crash Games, informa\u010dn\u00edm port\u00e1lu o Casino Crash hr\u00e1ch. A\u0165 u\u017e jste ve [&hellip;]<\/p>\n","protected":false},"author":1,"featured_media":505,"parent":0,"menu_order":0,"comment_status":"closed","ping_status":"closed","template":"","meta":{"site-sidebar-layout":"no-sidebar","site-content-layout":"plain-container","ast-site-content-layout":"default","site-content-style":"default","site-sidebar-style":"default","ast-global-header-display":"","ast-banner-title-visibility":"","ast-main-header-display":"","ast-hfb-above-header-display":"","ast-hfb-below-header-display":"","ast-hfb-mobile-header-display":"","site-post-title":"disabled","ast-breadcrumbs-content":"","ast-featured-img":"disabled","footer-sml-layout":"","theme-transparent-header-meta":"disabled","adv-header-id-meta":"","stick-header-meta":"default","header-above-stick-meta":"","header-main-stick-meta":"","header-below-stick-meta":"","astra-migrate-meta-layouts":"default","ast-page-background-enabled":"default","ast-page-background-meta":{"desktop":{"background-color":"var(--ast-global-color-5)","background-image":"","background-repeat":"repeat","background-position":"center center","background-size":"auto","background-attachment":"scroll","background-type":"","background-media":"","overlay-type":"","overlay-color":"","overlay-opacity":"","overlay-gradient":""},"tablet":{"background-color":"","background-image":"","background-repeat":"repeat","background-position":"center center","background-size":"auto","background-attachment":"scroll","background-type":"","background-media":"","overlay-type":"","overlay-color":"","overlay-opacity":"","overlay-gradient":""},"mobile":{"background-color":"","background-image":"","background-repeat":"repeat","background-position":"center center","background-size":"auto","background-attachment":"scroll","background-type":"","background-media":"","overlay-type":"","overlay-color":"","overlay-opacity":"","overlay-gradient":""}},"ast-content-background-meta":{"desktop":{"background-color":"var(--ast-global-color-4)","background-image":"","background-repeat":"repeat","background-position":"center center","background-size":"auto","background-attachment":"scroll","background-type":"","background-media":"","overlay-type":"","overlay-color":"","overlay-opacity":"","overlay-gradient":""},"tablet":{"background-color":"var(--ast-global-color-4)","background-image":"","background-repeat":"repeat","background-position":"center center","background-size":"auto","background-attachment":"scroll","background-type":"","background-media":"","overlay-type":"","overlay-color":"","overlay-opacity":"","overlay-gradient":""},"mobile":{"background-color":"var(--ast-global-color-4)","background-image":"","background-repeat":"repeat","background-position":"center center","background-size":"auto","background-attachment":"scroll","background-type":"","background-media":"","overlay-type":"","overlay-color":"","overlay-opacity":"","overlay-gradient":""}},"footnotes":""},"class_list":["post-959","page","type-page","status-publish","has-post-thumbnail","hentry"],"yoast_head":"<!-- This site is optimized with the Yoast SEO plugin v25.2 - https:\/\/yoast.com\/wordpress\/plugins\/seo\/ -->\n<title>O Casino Crash Games - V\u00e1\u0161 pr\u016fvodce v\u00edt\u011bzn\u00fdmi strategiemi a tipy<\/title>\n<meta name=\"description\" content=\"V\u0161e o kasinov\u00fdch crash hr\u00e1ch se dozv\u00edte na Casino Crash Games. Od hern\u00edch mechanism\u016f a strategi\u00ed a\u017e po recenze poskytovatel\u016f a mo\u017enosti m\u011bn - pom\u00e1h\u00e1me v\u00e1m hr\u00e1t chyt\u0159eji a vyhr\u00e1vat v\u00edce.\" \/>\n<meta name=\"robots\" content=\"index, follow, max-snippet:-1, max-image-preview:large, max-video-preview:-1\" \/>\n<link rel=\"canonical\" href=\"https:\/\/casinocrashgames.com\/cs\/o-strankach\/\" \/>\n<meta property=\"og:locale\" content=\"cs_CZ\" \/>\n<meta property=\"og:type\" content=\"article\" \/>\n<meta property=\"og:title\" content=\"O Casino Crash Games - V\u00e1\u0161 pr\u016fvodce v\u00edt\u011bzn\u00fdmi strategiemi a tipy\" \/>\n<meta property=\"og:description\" content=\"V\u0161e o kasinov\u00fdch crash hr\u00e1ch se dozv\u00edte na Casino Crash Games. Od hern\u00edch mechanism\u016f a strategi\u00ed a\u017e po recenze poskytovatel\u016f a mo\u017enosti m\u011bn - pom\u00e1h\u00e1me v\u00e1m hr\u00e1t chyt\u0159eji a vyhr\u00e1vat v\u00edce.\" \/>\n<meta property=\"og:url\" content=\"https:\/\/casinocrashgames.com\/cs\/o-strankach\/\" \/>\n<meta property=\"og:site_name\" content=\"Casino Crash Games\" \/>\n<meta property=\"article:modified_time\" content=\"2025-06-16T12:13:01+00:00\" \/>\n<meta property=\"og:image\" content=\"https:\/\/casinocrashgames.com\/wp-content\/uploads\/2025\/03\/cropped-Casino-Crash-Games-Logo-.webp\" \/>\n\t<meta property=\"og:image:width\" content=\"1045\" \/>\n\t<meta property=\"og:image:height\" content=\"606\" \/>\n\t<meta property=\"og:image:type\" content=\"image\/webp\" \/>\n<meta name=\"twitter:card\" content=\"summary_large_image\" \/>\n<meta name=\"twitter:label1\" content=\"Odhadovan\u00e1 doba \u010dten\u00ed\" \/>\n\t<meta name=\"twitter:data1\" content=\"4 minuty\" \/>\n<script type=\"application\/ld+json\" class=\"yoast-schema-graph\">{\"@context\":\"https:\/\/schema.org\",\"@graph\":[{\"@type\":\"WebPage\",\"@id\":\"https:\/\/casinocrashgames.com\/cs\/o-strankach\/\",\"url\":\"https:\/\/casinocrashgames.com\/cs\/o-strankach\/\",\"name\":\"O Casino Crash Games - V\u00e1\u0161 pr\u016fvodce v\u00edt\u011bzn\u00fdmi strategiemi a tipy\",\"isPartOf\":{\"@id\":\"https:\/\/casinocrashgames.com\/cs\/#website\"},\"primaryImageOfPage\":{\"@id\":\"https:\/\/casinocrashgames.com\/cs\/o-strankach\/#primaryimage\"},\"image\":{\"@id\":\"https:\/\/casinocrashgames.com\/cs\/o-strankach\/#primaryimage\"},\"thumbnailUrl\":\"https:\/\/casinocrashgames.com\/wp-content\/uploads\/2025\/03\/cropped-Casino-Crash-Games-Logo-.webp\",\"datePublished\":\"2025-02-06T13:13:54+00:00\",\"dateModified\":\"2025-06-16T12:13:01+00:00\",\"description\":\"V\u0161e o kasinov\u00fdch crash hr\u00e1ch se dozv\u00edte na Casino Crash Games. Od hern\u00edch mechanism\u016f a strategi\u00ed a\u017e po recenze poskytovatel\u016f a mo\u017enosti m\u011bn - pom\u00e1h\u00e1me v\u00e1m hr\u00e1t chyt\u0159eji a vyhr\u00e1vat v\u00edce.\",\"breadcrumb\":{\"@id\":\"https:\/\/casinocrashgames.com\/cs\/o-strankach\/#breadcrumb\"},\"inLanguage\":\"cs\",\"potentialAction\":[{\"@type\":\"ReadAction\",\"target\":[\"https:\/\/casinocrashgames.com\/cs\/o-strankach\/\"]}]},{\"@type\":\"ImageObject\",\"inLanguage\":\"cs\",\"@id\":\"https:\/\/casinocrashgames.com\/cs\/o-strankach\/#primaryimage\",\"url\":\"https:\/\/casinocrashgames.com\/wp-content\/uploads\/2025\/03\/cropped-Casino-Crash-Games-Logo-.webp\",\"contentUrl\":\"https:\/\/casinocrashgames.com\/wp-content\/uploads\/2025\/03\/cropped-Casino-Crash-Games-Logo-.webp\",\"width\":1045,\"height\":606,\"caption\":\"Casino Crash Games Logo\"},{\"@type\":\"BreadcrumbList\",\"@id\":\"https:\/\/casinocrashgames.com\/cs\/o-strankach\/#breadcrumb\",\"itemListElement\":[{\"@type\":\"ListItem\",\"position\":1,\"name\":\"Home\",\"item\":\"https:\/\/casinocrashgames.com\/cs\/casino-crash-games\/\"},{\"@type\":\"ListItem\",\"position\":2,\"name\":\"O n\u00e1s\"}]},{\"@type\":\"WebSite\",\"@id\":\"https:\/\/casinocrashgames.com\/cs\/#website\",\"url\":\"https:\/\/casinocrashgames.com\/cs\/\",\"name\":\"Casino Crash Games\",\"description\":\"CASH BEFORE YOU CRASH\",\"publisher\":{\"@id\":\"https:\/\/casinocrashgames.com\/cs\/#organization\"},\"potentialAction\":[{\"@type\":\"SearchAction\",\"target\":{\"@type\":\"EntryPoint\",\"urlTemplate\":\"https:\/\/casinocrashgames.com\/cs\/?s={search_term_string}\"},\"query-input\":{\"@type\":\"PropertyValueSpecification\",\"valueRequired\":true,\"valueName\":\"search_term_string\"}}],\"inLanguage\":\"cs\"},{\"@type\":\"Organization\",\"@id\":\"https:\/\/casinocrashgames.com\/cs\/#organization\",\"name\":\"Casino Crash Games\",\"url\":\"https:\/\/casinocrashgames.com\/cs\/\",\"logo\":{\"@type\":\"ImageObject\",\"inLanguage\":\"cs\",\"@id\":\"https:\/\/casinocrashgames.com\/cs\/#\/schema\/logo\/image\/\",\"url\":\"https:\/\/casinocrashgames.com\/wp-content\/uploads\/2025\/03\/cropped-Casino-Crash-Games-Logo-.webp\",\"contentUrl\":\"https:\/\/casinocrashgames.com\/wp-content\/uploads\/2025\/03\/cropped-Casino-Crash-Games-Logo-.webp\",\"width\":1045,\"height\":606,\"caption\":\"Casino Crash Games\"},\"image\":{\"@id\":\"https:\/\/casinocrashgames.com\/cs\/#\/schema\/logo\/image\/\"}}]}<\/script>\n<!-- \/ Yoast SEO plugin. -->","yoast_head_json":{"title":"O Casino Crash Games - V\u00e1\u0161 pr\u016fvodce v\u00edt\u011bzn\u00fdmi strategiemi a tipy","description":"V\u0161e o kasinov\u00fdch crash hr\u00e1ch se dozv\u00edte na Casino Crash Games. Od hern\u00edch mechanism\u016f a strategi\u00ed a\u017e po recenze poskytovatel\u016f a mo\u017enosti m\u011bn - pom\u00e1h\u00e1me v\u00e1m hr\u00e1t chyt\u0159eji a vyhr\u00e1vat v\u00edce.","robots":{"index":"index","follow":"follow","max-snippet":"max-snippet:-1","max-image-preview":"max-image-preview:large","max-video-preview":"max-video-preview:-1"},"canonical":"https:\/\/casinocrashgames.com\/cs\/o-strankach\/","og_locale":"cs_CZ","og_type":"article","og_title":"O Casino Crash Games - V\u00e1\u0161 pr\u016fvodce v\u00edt\u011bzn\u00fdmi strategiemi a tipy","og_description":"V\u0161e o kasinov\u00fdch crash hr\u00e1ch se dozv\u00edte na Casino Crash Games. Od hern\u00edch mechanism\u016f a strategi\u00ed a\u017e po recenze poskytovatel\u016f a mo\u017enosti m\u011bn - pom\u00e1h\u00e1me v\u00e1m hr\u00e1t chyt\u0159eji a vyhr\u00e1vat v\u00edce.","og_url":"https:\/\/casinocrashgames.com\/cs\/o-strankach\/","og_site_name":"Casino Crash Games","article_modified_time":"2025-06-16T12:13:01+00:00","og_image":[{"width":1045,"height":606,"url":"https:\/\/casinocrashgames.com\/wp-content\/uploads\/2025\/03\/cropped-Casino-Crash-Games-Logo-.webp","type":"image\/webp"}],"twitter_card":"summary_large_image","twitter_misc":{"Odhadovan\u00e1 doba \u010dten\u00ed":"4 minuty"},"schema":{"@context":"https:\/\/schema.org","@graph":[{"@type":"WebPage","@id":"https:\/\/casinocrashgames.com\/cs\/o-strankach\/","url":"https:\/\/casinocrashgames.com\/cs\/o-strankach\/","name":"O Casino Crash Games - V\u00e1\u0161 pr\u016fvodce v\u00edt\u011bzn\u00fdmi strategiemi a tipy","isPartOf":{"@id":"https:\/\/casinocrashgames.com\/cs\/#website"},"primaryImageOfPage":{"@id":"https:\/\/casinocrashgames.com\/cs\/o-strankach\/#primaryimage"},"image":{"@id":"https:\/\/casinocrashgames.com\/cs\/o-strankach\/#primaryimage"},"thumbnailUrl":"https:\/\/casinocrashgames.com\/wp-content\/uploads\/2025\/03\/cropped-Casino-Crash-Games-Logo-.webp","datePublished":"2025-02-06T13:13:54+00:00","dateModified":"2025-06-16T12:13:01+00:00","description":"V\u0161e o kasinov\u00fdch crash hr\u00e1ch se dozv\u00edte na Casino Crash Games. Od hern\u00edch mechanism\u016f a strategi\u00ed a\u017e po recenze poskytovatel\u016f a mo\u017enosti m\u011bn - pom\u00e1h\u00e1me v\u00e1m hr\u00e1t chyt\u0159eji a vyhr\u00e1vat v\u00edce.","breadcrumb":{"@id":"https:\/\/casinocrashgames.com\/cs\/o-strankach\/#breadcrumb"},"inLanguage":"cs","potentialAction":[{"@type":"ReadAction","target":["https:\/\/casinocrashgames.com\/cs\/o-strankach\/"]}]},{"@type":"ImageObject","inLanguage":"cs","@id":"https:\/\/casinocrashgames.com\/cs\/o-strankach\/#primaryimage","url":"https:\/\/casinocrashgames.com\/wp-content\/uploads\/2025\/03\/cropped-Casino-Crash-Games-Logo-.webp","contentUrl":"https:\/\/casinocrashgames.com\/wp-content\/uploads\/2025\/03\/cropped-Casino-Crash-Games-Logo-.webp","width":1045,"height":606,"caption":"Casino Crash Games Logo"},{"@type":"BreadcrumbList","@id":"https:\/\/casinocrashgames.com\/cs\/o-strankach\/#breadcrumb","itemListElement":[{"@type":"ListItem","position":1,"name":"Home","item":"https:\/\/casinocrashgames.com\/cs\/casino-crash-games\/"},{"@type":"ListItem","position":2,"name":"O n\u00e1s"}]},{"@type":"WebSite","@id":"https:\/\/casinocrashgames.com\/cs\/#website","url":"https:\/\/casinocrashgames.com\/cs\/","name":"Casino Crash Games","description":"CASH BEFORE YOU CRASH","publisher":{"@id":"https:\/\/casinocrashgames.com\/cs\/#organization"},"potentialAction":[{"@type":"SearchAction","target":{"@type":"EntryPoint","urlTemplate":"https:\/\/casinocrashgames.com\/cs\/?s={search_term_string}"},"query-input":{"@type":"PropertyValueSpecification","valueRequired":true,"valueName":"search_term_string"}}],"inLanguage":"cs"},{"@type":"Organization","@id":"https:\/\/casinocrashgames.com\/cs\/#organization","name":"Casino Crash Games","url":"https:\/\/casinocrashgames.com\/cs\/","logo":{"@type":"ImageObject","inLanguage":"cs","@id":"https:\/\/casinocrashgames.com\/cs\/#\/schema\/logo\/image\/","url":"https:\/\/casinocrashgames.com\/wp-content\/uploads\/2025\/03\/cropped-Casino-Crash-Games-Logo-.webp","contentUrl":"https:\/\/casinocrashgames.com\/wp-content\/uploads\/2025\/03\/cropped-Casino-Crash-Games-Logo-.webp","width":1045,"height":606,"caption":"Casino Crash Games"},"image":{"@id":"https:\/\/casinocrashgames.com\/cs\/#\/schema\/logo\/image\/"}}]}},"_links":{"self":[{"href":"https:\/\/casinocrashgames.com\/cs\/wp-json\/wp\/v2\/pages\/959","targetHints":{"allow":["GET"]}}],"collection":[{"href":"https:\/\/casinocrashgames.com\/cs\/wp-json\/wp\/v2\/pages"}],"about":[{"href":"https:\/\/casinocrashgames.com\/cs\/wp-json\/wp\/v2\/types\/page"}],"author":[{"embeddable":true,"href":"https:\/\/casinocrashgames.com\/cs\/wp-json\/wp\/v2\/users\/1"}],"replies":[{"embeddable":true,"href":"https:\/\/casinocrashgames.com\/cs\/wp-json\/wp\/v2\/comments?post=959"}],"version-history":[{"count":5,"href":"https:\/\/casinocrashgames.com\/cs\/wp-json\/wp\/v2\/pages\/959\/revisions"}],"predecessor-version":[{"id":1094,"href":"https:\/\/casinocrashgames.com\/cs\/wp-json\/wp\/v2\/pages\/959\/revisions\/1094"}],"wp:featuredmedia":[{"embeddable":true,"href":"https:\/\/casinocrashgames.com\/cs\/wp-json\/wp\/v2\/media\/505"}],"wp:attachment":[{"href":"https:\/\/casinocrashgames.com\/cs\/wp-json\/wp\/v2\/media?parent=959"}],"curies":[{"name":"wp","href":"https:\/\/api.w.org\/{rel}","templated":true}]}}