{"id":881,"date":"2025-02-06T13:13:10","date_gmt":"2025-02-06T13:13:10","guid":{"rendered":"https:\/\/casinocrashgames.com\/auto-cash-out\/"},"modified":"2025-06-18T10:40:43","modified_gmt":"2025-06-18T10:40:43","slug":"auto-cash-out","status":"publish","type":"page","link":"https:\/\/casinocrashgames.com\/cs\/funkce\/auto-cash-out\/","title":{"rendered":"Auto Cash Out"},"content":{"rendered":"<div class=\"wpb-content-wrapper\"><p>[vc_row full_width=&#8220;stretch_row&#8220; content_placement=&#8220;middle&#8220; css=&#8220;.vc_custom_1744576997054{margin-bottom: 50px !important;padding-top: 10% !important;padding-bottom: 5% !important;background: #1D0D4E url(https:\/\/casinocrashgames.com\/wp-content\/uploads\/2025\/04\/Background-Img.webp?id=219) !important;}&#8220;][vc_column width=&#8220;1\/2&#8243;][vc_single_image image=&#8220;740&#8243; img_size=&#8220;400&#8243; alignment=&#8220;center&#8220; css=&#8220;&#8220;][\/vc_column][vc_column width=&#8220;1\/2&#8243;][vc_column_text css=&#8220;&#8220;]<\/p>\n<h1><span style=\"color: #fcc500;\">Funkce Auto Cash Out<\/span><\/h1>\n<p><span style=\"color: #ffffff;\">V Crash hr\u00e1ch hraje \u0161t\u011bst\u00ed velkou roli, nicm\u00e9n\u011b chytr\u00e9 strategie umo\u017e\u0148uj\u00ed alespo\u0148 \u010d\u00e1ste\u010dnou kontrolu nad ka\u017ed\u00fdm kolem. Nau\u010dte se, jak spravovat sv\u016fj bankroll, minimalizovat riziko a p\u0159\u00edpadn\u011b prodlou\u017eit dobu hran\u00ed. Zde jsou obl\u00edben\u00e9 tipy a triky, kter\u00e9 v\u00e1m pomohou prov\u00e1d\u011bt informovan\u00e1 rozhodnut\u00ed a s\u00e1zet chyt\u0159e.  <\/span>[\/vc_column_text][\/vc_column][\/vc_row][vc_section][vc_row][vc_column][vc_column_text css=&#8220;&#8220;]<\/p>\n<h2><b>Automatick\u00fd v\u00fdb\u011br pen\u011bz<\/b><\/h2>\n<p>Funkce automatick\u00e9ho v\u00fdb\u011bru pen\u011bz odstra\u0148uje ze hry lidsk\u00fd faktor a zaji\u0161\u0165uje, \u017ee pen\u00edze vyplat\u00edte v p\u0159edem stanoven\u00e9m okam\u017eiku. To v\u0161ak neznamen\u00e1, \u017ee v\u017edy vyhrajete, proto\u017ee hra m\u016f\u017ee \u201espadnout\u201c p\u0159ed nastaven\u00fdm limitem. Zabr\u00e1n\u00ed v\u0161ak hr\u00e1\u010di v dal\u0161\u00edm s\u00e1zen\u00ed, kdy\u017e hra tento bod p\u0159ekro\u010d\u00ed. Je to kl\u00ed\u010dov\u00fd n\u00e1stroj pro konzistentn\u00ed s\u00e1zkov\u00e9 strategie v r\u016fzn\u00fdch crash hr\u00e1ch.[\/vc_column_text][\/vc_column][\/vc_row][vc_row][vc_column][vc_column_text css=&#8220;&#8220;]<\/p>\n<h2 data-sourcepos=\"7:1-7:40\">Popis funkce Auto Cash Out<\/h2>\n<p data-sourcepos=\"9:1-9:165\">Nastaven\u00ed Auto Cash Out je obvykle jednoduch\u00e9, i kdy\u017e rozhran\u00ed se m\u016f\u017ee u r\u016fzn\u00fdch her m\u00edrn\u011b li\u0161it. Zde je uvedeno, jak se obvykle zobrazuje v popul\u00e1rn\u00edch Crash hr\u00e1ch: <\/p>\n<p>[\/vc_column_text][\/vc_column][\/vc_row][vc_row content_placement=&#8220;middle&#8220;][vc_column width=&#8220;1\/2&#8243;][vc_single_image image=&#8220;790&#8243; img_size=&#8220;large&#8220; onclick=&#8220;custom_link&#8220; css=&#8220;&#8220; link=&#8220;https:\/\/casinocrashgames.com\/cs\/aviator\/aviator-volna-hra\/&#8220;][\/vc_column][vc_column width=&#8220;1\/2&#8243;][vc_column_text css=&#8220;&#8220;]<\/p>\n<h3 class=\"mb-xs mt-5 text-base font-[525] first:mt-0\">Auto Cash Out ve h\u0159e Aviator<\/h3>\n<p data-sourcepos=\"7:1-7:40\">Ve h\u0159e Aviator najdete Auto Cash Out p\u0159\u00edmo v panelu s\u00e1zek pod hlavn\u00ed hern\u00ed obrazovkou, kde let\u00ed letadlo. <strong>Nejprve klikn\u011bte na \u201eAuto\u201c vedle polo\u017eky \u201eBet\u201c (S\u00e1zka), tam je vyhrazen\u00e9 vstupn\u00ed pole jasn\u011b ozna\u010den\u00e9 \u201eAuto Cash Out<\/strong>\u201c. Jednodu\u0161e zadejte p\u0159esnou hodnotu n\u00e1sobitele (nap\u0159. 1,8x, 2,5x), p\u0159i kter\u00e9 m\u00e1 hra automaticky vyplatit va\u0161i v\u00fdhru. Po nastaven\u00ed a uzav\u0159en\u00ed s\u00e1zky pro dal\u0161\u00ed kolo u\u017e m\u016f\u017eete jen sledovat let s v\u011bdom\u00edm, \u017ee v\u00e1\u0161 Cash Out bod je p\u0159edem ur\u010den. Ppokud letadlo dos\u00e1hne dan\u00e9 v\u00fd\u0161ky, vyhrajete. V\u00edce informac\u00ed o hran\u00ed na <a href=\"https:\/\/casinocrashgames.com\/cs\/aviator\/\">Aviator Crash Game <\/a>.   <\/p>\n<p>[\/vc_column_text][\/vc_column][\/vc_row][vc_row content_placement=&#8220;middle&#8220;][vc_column width=&#8220;1\/2&#8243;][vc_single_image image=&#8220;785&#8243; img_size=&#8220;large&#8220; onclick=&#8220;custom_link&#8220; css=&#8220;&#8220; link=&#8220;https:\/\/casinocrashgames.com\/cs\/jetx\/jetx-volna-hra\/&#8220;][\/vc_column][vc_column width=&#8220;1\/2&#8243;][vc_column_text css=&#8220;&#8220;]<\/p>\n<h3 class=\"mb-xs mt-5 text-base font-[525] first:mt-0\">Auto Cash Out ve h\u0159e JetX<\/h3>\n<p>JetX poskytuje Auto Cash Out nastaven\u00ed v ovl\u00e1dac\u00edch prvc\u00edch s\u00e1zen\u00ed pod hlavn\u00ed animac\u00ed trysky.  <strong>Pod polo\u017ekou \u201eAutobet\u201c najdete mo\u017enost \u201eAutocollect\u201c, kter\u00e1 je Auto Cash Out funkce.<\/strong> Zde zad\u00e1te c\u00edlovou hodnotu n\u00e1sobitele (nap\u0159. 3,00). Vlo\u017ete s\u00e1zku pro dan\u00e9 kolo, a pokud trysk\u00e1\u010d b\u011bhem sv\u00e9ho letu \u00fasp\u011b\u0161n\u011b dos\u00e1hne tohoto n\u00e1sobitele, va\u0161e v\u00fdhra (s\u00e1zka x n\u00e1sobitel) se automaticky vyplat\u00ed. Prozkoumejte str\u00e1nku <a href=\"https:\/\/casinocrashgames.com\/cs\/jetx\/\">JetX<\/a> podrobn\u011bji.[\/vc_column_text][\/vc_column][\/vc_row][vc_row content_placement=&#8220;middle&#8220;][vc_column width=&#8220;1\/2&#8243;][vc_single_image image=&#8220;780&#8243; img_size=&#8220;large&#8220; onclick=&#8220;custom_link&#8220; css=&#8220;&#8220; link=&#8220;https:\/\/casinocrashgames.com\/cs\/crash-x\/crash-x-volna-hra\/&#8220;][\/vc_column][vc_column width=&#8220;1\/2&#8243;][vc_column_text css=&#8220;&#8220;]<\/p>\n<h3 class=\"mb-xs mt-5 text-base font-[525] first:mt-0\">Auto Cash Out ve h\u0159e Crash X<\/h3>\n<p>P\u0159evezm\u011bte kontrolu nad sv\u00fdmi v\u00fdhrami v Crash X pomoc\u00ed \u201eAuto Cash Out\u201c. P\u0159ed za\u010d\u00e1tkem kola<strong> si pomoc\u00ed posuvn\u00edku pod polo\u017ekou \u201eV\u00fd\u0161e s\u00e1zky\u201c nastavte c\u00edlov\u00fd n\u00e1sobitel<\/strong>. M\u016f\u017eete jej nastavit od hodnoty \u201eVypnuto\u201c a\u017e po maxim\u00e1ln\u00ed mo\u017enou hodnotu. Po uzav\u0159en\u00ed s\u00e1zky hra za\u010dne. Pokud kolo dos\u00e1hne v\u00e1mi ur\u010den\u00e9ho n\u00e1sobitele, va\u0161e v\u00fdhry se automaticky vyplat\u00ed. Chcete-li hr\u00e1t nep\u0159etr\u017eit\u011b, ani\u017e byste museli poka\u017ed\u00e9 ru\u010dn\u011b uzav\u00edrat s\u00e1zku, m\u016f\u017eete aktivovat funkci \u201eAutomatick\u00e1 hra\u201c, kter\u00e1 se nach\u00e1z\u00ed vpravo naho\u0159e vedle tla\u010d\u00edtka \u201eVsadit\u201c. V\u00edce informac\u00ed a vlastnosti <a href=\"https:\/\/casinocrashgames.com\/cs\/crash-x\/\">Crash X <\/a>objev\u00edte na na\u0161\u00ed str\u00e1nce.[\/vc_column_text][\/vc_column][\/vc_row][vc_row][vc_column][vc_column_text css=&#8220;&#8220;]<\/p>\n<h2 data-sourcepos=\"20:1-20:51\">Multiplik\u00e1tor a pou\u017eit\u00ed Auto Cash Out<\/h2>\n<p data-sourcepos=\"22:1-22:899\">P\u0159i nastaven\u00ed Auto Cash Out vyb\u00edr\u00e1te konkr\u00e9tn\u00ed c\u00edlovou hodnotu n\u00e1sobitele. Jak v\u00edte, n\u00e1sobitel za\u010d\u00edn\u00e1 na za\u010d\u00e1tku ka\u017ed\u00e9ho kola na hodnot\u011b 1,0x a postupn\u011b se zvy\u0161uje, jak letadlo, trysk\u00e1\u010d nebo kosmick\u00e1 lo\u010f stoup\u00e1. Va\u0161e potenci\u00e1ln\u00ed v\u00fdhra se v\u017edy rovn\u00e1 va\u0161emu p\u016fvodn\u00edmu vkladu vyn\u00e1soben\u00e9mu hodnotou n\u00e1sobitele p\u0159esn\u011b v okam\u017eiku, kdy vyb\u00edr\u00e1te pen\u00edze. V nastaven\u00ed Auto Cash Out jednodu\u0161e p\u0159edem zvol\u00edte p\u0159esnou hodnotu n\u00e1sobitele, kter\u00e1 spust\u00ed Cash Out a automaticky v\u00e1m zajist\u00ed v\u00fdplatu za p\u0159edpokladu, \u017ee hern\u00ed kolo prob\u011bhne tak daleko, ani\u017e by do\u0161lo k p\u00e1du. Dobr\u00e9 pochopen\u00ed toho, jak se <a href=\"https:\/\/casinocrashgames.com\/cs\/funkce\/multiplikator\/\">n\u00e1sobitel chov\u00e1 a jak\u00fd m\u00e1 v\u00fdznam, je kl\u00ed\u010dem k efektivn\u00edmu a strategick\u00e9mu nastaven\u00ed n\u00e1sobitele<\/a>. Auto Cash Out bod\u016f.    <\/p>\n<p>[\/vc_column_text][\/vc_column][\/vc_row][\/vc_section]<\/p>\n<\/div>","protected":false},"excerpt":{"rendered":"<p>[vc_row full_width=&#8220;stretch_row&#8220; content_placement=&#8220;middle&#8220; css=&#8220;.vc_custom_1744576997054{margin-bottom: 50px !important;padding-top: 10% !important;padding-bottom: 5% !important;background: #1D0D4E url(https:\/\/casinocrashgames.com\/wp-content\/uploads\/2025\/04\/Background-Img.webp?id=219) !important;}&#8220;][vc_column width=&#8220;1\/2&#8243;][vc_single_image image=&#8220;740&#8243; img_size=&#8220;400&#8243; alignment=&#8220;center&#8220; css=&#8220;&#8220;][\/vc_column][vc_column width=&#8220;1\/2&#8243;][vc_column_text css=&#8220;&#8220;] [&hellip;]<\/p>\n","protected":false},"author":1,"featured_media":740,"parent":1044,"menu_order":0,"comment_status":"closed","ping_status":"closed","template":"","meta":{"site-sidebar-layout":"default","site-content-layout":"plain-container","ast-site-content-layout":"default","site-content-style":"default","site-sidebar-style":"default","ast-global-header-display":"","ast-banner-title-visibility":"","ast-main-header-display":"","ast-hfb-above-header-display":"","ast-hfb-below-header-display":"","ast-hfb-mobile-header-display":"","site-post-title":"disabled","ast-breadcrumbs-content":"","ast-featured-img":"disabled","footer-sml-layout":"","theme-transparent-header-meta":"default","adv-header-id-meta":"","stick-header-meta":"default","header-above-stick-meta":"","header-main-stick-meta":"","header-below-stick-meta":"","astra-migrate-meta-layouts":"default","ast-page-background-enabled":"default","ast-page-background-meta":{"desktop":{"background-color":"var(--ast-global-color-5)","background-image":"","background-repeat":"repeat","background-position":"center center","background-size":"auto","background-attachment":"scroll","background-type":"","background-media":"","overlay-type":"","overlay-color":"","overlay-opacity":"","overlay-gradient":""},"tablet":{"background-color":"","background-image":"","background-repeat":"repeat","background-position":"center center","background-size":"auto","background-attachment":"scroll","background-type":"","background-media":"","overlay-type":"","overlay-color":"","overlay-opacity":"","overlay-gradient":""},"mobile":{"background-color":"","background-image":"","background-repeat":"repeat","background-position":"center center","background-size":"auto","background-attachment":"scroll","background-type":"","background-media":"","overlay-type":"","overlay-color":"","overlay-opacity":"","overlay-gradient":""}},"ast-content-background-meta":{"desktop":{"background-color":"var(--ast-global-color-4)","background-image":"","background-repeat":"repeat","background-position":"center center","background-size":"auto","background-attachment":"scroll","background-type":"","background-media":"","overlay-type":"","overlay-color":"","overlay-opacity":"","overlay-gradient":""},"tablet":{"background-color":"var(--ast-global-color-4)","background-image":"","background-repeat":"repeat","background-position":"center center","background-size":"auto","background-attachment":"scroll","background-type":"","background-media":"","overlay-type":"","overlay-color":"","overlay-opacity":"","overlay-gradient":""},"mobile":{"background-color":"var(--ast-global-color-4)","background-image":"","background-repeat":"repeat","background-position":"center center","background-size":"auto","background-attachment":"scroll","background-type":"","background-media":"","overlay-type":"","overlay-color":"","overlay-opacity":"","overlay-gradient":""}},"footnotes":""},"class_list":["post-881","page","type-page","status-publish","has-post-thumbnail","hentry"],"yoast_head":"<!-- This site is optimized with the Yoast SEO plugin v25.2 - https:\/\/yoast.com\/wordpress\/plugins\/seo\/ -->\n<title>Auto Cash Out v Crash hr\u00e1ch - Strategie, ovl\u00e1d\u00e1n\u00ed a tipy na v\u00fdhru<\/title>\n<meta name=\"description\" content=\"Osvojte si funkce Auto Cash Out ve hr\u00e1ch jako Aviator, JetX a Crash X. Nau\u010dte se nastavovat chytr\u00e9 n\u00e1sobitele, sni\u017eovat riziko a uplat\u0148ovat s\u00e1zkov\u00e9 strategie, abyste zv\u00fd\u0161ili sv\u00e9 \u0161ance na v\u00fdhru.\" \/>\n<meta name=\"robots\" content=\"index, follow, max-snippet:-1, max-image-preview:large, max-video-preview:-1\" \/>\n<link rel=\"canonical\" href=\"https:\/\/casinocrashgames.com\/cs\/funkce\/auto-cash-out\/\" \/>\n<meta property=\"og:locale\" content=\"cs_CZ\" \/>\n<meta property=\"og:type\" content=\"article\" \/>\n<meta property=\"og:title\" content=\"Auto Cash Out v Crash hr\u00e1ch - Strategie, ovl\u00e1d\u00e1n\u00ed a tipy na v\u00fdhru\" \/>\n<meta property=\"og:description\" content=\"Osvojte si funkce Auto Cash Out ve hr\u00e1ch jako Aviator, JetX a Crash X. Nau\u010dte se nastavovat chytr\u00e9 n\u00e1sobitele, sni\u017eovat riziko a uplat\u0148ovat s\u00e1zkov\u00e9 strategie, abyste zv\u00fd\u0161ili sv\u00e9 \u0161ance na v\u00fdhru.\" \/>\n<meta property=\"og:url\" content=\"https:\/\/casinocrashgames.com\/cs\/funkce\/auto-cash-out\/\" \/>\n<meta property=\"og:site_name\" content=\"Casino Crash Games\" \/>\n<meta property=\"article:modified_time\" content=\"2025-06-18T10:40:43+00:00\" \/>\n<meta property=\"og:image\" content=\"https:\/\/casinocrashgames.com\/wp-content\/uploads\/2025\/05\/Auto-Cash-Out.webp\" \/>\n\t<meta property=\"og:image:width\" content=\"400\" \/>\n\t<meta property=\"og:image:height\" content=\"400\" \/>\n\t<meta property=\"og:image:type\" content=\"image\/webp\" \/>\n<meta name=\"twitter:card\" content=\"summary_large_image\" \/>\n<meta name=\"twitter:label1\" content=\"Odhadovan\u00e1 doba \u010dten\u00ed\" \/>\n\t<meta name=\"twitter:data1\" content=\"5 minut\" \/>\n<script type=\"application\/ld+json\" class=\"yoast-schema-graph\">{\"@context\":\"https:\/\/schema.org\",\"@graph\":[{\"@type\":\"WebPage\",\"@id\":\"https:\/\/casinocrashgames.com\/cs\/funkce\/auto-cash-out\/\",\"url\":\"https:\/\/casinocrashgames.com\/cs\/funkce\/auto-cash-out\/\",\"name\":\"Auto Cash Out v Crash hr\u00e1ch - Strategie, ovl\u00e1d\u00e1n\u00ed a tipy na v\u00fdhru\",\"isPartOf\":{\"@id\":\"https:\/\/casinocrashgames.com\/cs\/#website\"},\"primaryImageOfPage\":{\"@id\":\"https:\/\/casinocrashgames.com\/cs\/funkce\/auto-cash-out\/#primaryimage\"},\"image\":{\"@id\":\"https:\/\/casinocrashgames.com\/cs\/funkce\/auto-cash-out\/#primaryimage\"},\"thumbnailUrl\":\"https:\/\/casinocrashgames.com\/wp-content\/uploads\/2025\/05\/Auto-Cash-Out.webp\",\"datePublished\":\"2025-02-06T13:13:10+00:00\",\"dateModified\":\"2025-06-18T10:40:43+00:00\",\"description\":\"Osvojte si funkce Auto Cash Out ve hr\u00e1ch jako Aviator, JetX a Crash X. Nau\u010dte se nastavovat chytr\u00e9 n\u00e1sobitele, sni\u017eovat riziko a uplat\u0148ovat s\u00e1zkov\u00e9 strategie, abyste zv\u00fd\u0161ili sv\u00e9 \u0161ance na v\u00fdhru.\",\"breadcrumb\":{\"@id\":\"https:\/\/casinocrashgames.com\/cs\/funkce\/auto-cash-out\/#breadcrumb\"},\"inLanguage\":\"cs\",\"potentialAction\":[{\"@type\":\"ReadAction\",\"target\":[\"https:\/\/casinocrashgames.com\/cs\/funkce\/auto-cash-out\/\"]}]},{\"@type\":\"ImageObject\",\"inLanguage\":\"cs\",\"@id\":\"https:\/\/casinocrashgames.com\/cs\/funkce\/auto-cash-out\/#primaryimage\",\"url\":\"https:\/\/casinocrashgames.com\/wp-content\/uploads\/2025\/05\/Auto-Cash-Out.webp\",\"contentUrl\":\"https:\/\/casinocrashgames.com\/wp-content\/uploads\/2025\/05\/Auto-Cash-Out.webp\",\"width\":400,\"height\":400,\"caption\":\"Auto Cash Out\"},{\"@type\":\"BreadcrumbList\",\"@id\":\"https:\/\/casinocrashgames.com\/cs\/funkce\/auto-cash-out\/#breadcrumb\",\"itemListElement\":[{\"@type\":\"ListItem\",\"position\":1,\"name\":\"Home\",\"item\":\"https:\/\/casinocrashgames.com\/cs\/casino-crash-games\/\"},{\"@type\":\"ListItem\",\"position\":2,\"name\":\"Funkce\",\"item\":\"https:\/\/casinocrashgames.com\/cs\/funkce\/\"},{\"@type\":\"ListItem\",\"position\":3,\"name\":\"Auto Cash Out\"}]},{\"@type\":\"WebSite\",\"@id\":\"https:\/\/casinocrashgames.com\/cs\/#website\",\"url\":\"https:\/\/casinocrashgames.com\/cs\/\",\"name\":\"Casino Crash Games\",\"description\":\"CASH BEFORE YOU CRASH\",\"publisher\":{\"@id\":\"https:\/\/casinocrashgames.com\/cs\/#organization\"},\"potentialAction\":[{\"@type\":\"SearchAction\",\"target\":{\"@type\":\"EntryPoint\",\"urlTemplate\":\"https:\/\/casinocrashgames.com\/cs\/?s={search_term_string}\"},\"query-input\":{\"@type\":\"PropertyValueSpecification\",\"valueRequired\":true,\"valueName\":\"search_term_string\"}}],\"inLanguage\":\"cs\"},{\"@type\":\"Organization\",\"@id\":\"https:\/\/casinocrashgames.com\/cs\/#organization\",\"name\":\"Casino Crash Games\",\"url\":\"https:\/\/casinocrashgames.com\/cs\/\",\"logo\":{\"@type\":\"ImageObject\",\"inLanguage\":\"cs\",\"@id\":\"https:\/\/casinocrashgames.com\/cs\/#\/schema\/logo\/image\/\",\"url\":\"https:\/\/casinocrashgames.com\/wp-content\/uploads\/2025\/03\/cropped-Casino-Crash-Games-Logo-.webp\",\"contentUrl\":\"https:\/\/casinocrashgames.com\/wp-content\/uploads\/2025\/03\/cropped-Casino-Crash-Games-Logo-.webp\",\"width\":1045,\"height\":606,\"caption\":\"Casino Crash Games\"},\"image\":{\"@id\":\"https:\/\/casinocrashgames.com\/cs\/#\/schema\/logo\/image\/\"}}]}<\/script>\n<!-- \/ Yoast SEO plugin. -->","yoast_head_json":{"title":"Auto Cash Out v Crash hr\u00e1ch - Strategie, ovl\u00e1d\u00e1n\u00ed a tipy na v\u00fdhru","description":"Osvojte si funkce Auto Cash Out ve hr\u00e1ch jako Aviator, JetX a Crash X. Nau\u010dte se nastavovat chytr\u00e9 n\u00e1sobitele, sni\u017eovat riziko a uplat\u0148ovat s\u00e1zkov\u00e9 strategie, abyste zv\u00fd\u0161ili sv\u00e9 \u0161ance na v\u00fdhru.","robots":{"index":"index","follow":"follow","max-snippet":"max-snippet:-1","max-image-preview":"max-image-preview:large","max-video-preview":"max-video-preview:-1"},"canonical":"https:\/\/casinocrashgames.com\/cs\/funkce\/auto-cash-out\/","og_locale":"cs_CZ","og_type":"article","og_title":"Auto Cash Out v Crash hr\u00e1ch - Strategie, ovl\u00e1d\u00e1n\u00ed a tipy na v\u00fdhru","og_description":"Osvojte si funkce Auto Cash Out ve hr\u00e1ch jako Aviator, JetX a Crash X. Nau\u010dte se nastavovat chytr\u00e9 n\u00e1sobitele, sni\u017eovat riziko a uplat\u0148ovat s\u00e1zkov\u00e9 strategie, abyste zv\u00fd\u0161ili sv\u00e9 \u0161ance na v\u00fdhru.","og_url":"https:\/\/casinocrashgames.com\/cs\/funkce\/auto-cash-out\/","og_site_name":"Casino Crash Games","article_modified_time":"2025-06-18T10:40:43+00:00","og_image":[{"width":400,"height":400,"url":"https:\/\/casinocrashgames.com\/wp-content\/uploads\/2025\/05\/Auto-Cash-Out.webp","type":"image\/webp"}],"twitter_card":"summary_large_image","twitter_misc":{"Odhadovan\u00e1 doba \u010dten\u00ed":"5 minut"},"schema":{"@context":"https:\/\/schema.org","@graph":[{"@type":"WebPage","@id":"https:\/\/casinocrashgames.com\/cs\/funkce\/auto-cash-out\/","url":"https:\/\/casinocrashgames.com\/cs\/funkce\/auto-cash-out\/","name":"Auto Cash Out v Crash hr\u00e1ch - Strategie, ovl\u00e1d\u00e1n\u00ed a tipy na v\u00fdhru","isPartOf":{"@id":"https:\/\/casinocrashgames.com\/cs\/#website"},"primaryImageOfPage":{"@id":"https:\/\/casinocrashgames.com\/cs\/funkce\/auto-cash-out\/#primaryimage"},"image":{"@id":"https:\/\/casinocrashgames.com\/cs\/funkce\/auto-cash-out\/#primaryimage"},"thumbnailUrl":"https:\/\/casinocrashgames.com\/wp-content\/uploads\/2025\/05\/Auto-Cash-Out.webp","datePublished":"2025-02-06T13:13:10+00:00","dateModified":"2025-06-18T10:40:43+00:00","description":"Osvojte si funkce Auto Cash Out ve hr\u00e1ch jako Aviator, JetX a Crash X. Nau\u010dte se nastavovat chytr\u00e9 n\u00e1sobitele, sni\u017eovat riziko a uplat\u0148ovat s\u00e1zkov\u00e9 strategie, abyste zv\u00fd\u0161ili sv\u00e9 \u0161ance na v\u00fdhru.","breadcrumb":{"@id":"https:\/\/casinocrashgames.com\/cs\/funkce\/auto-cash-out\/#breadcrumb"},"inLanguage":"cs","potentialAction":[{"@type":"ReadAction","target":["https:\/\/casinocrashgames.com\/cs\/funkce\/auto-cash-out\/"]}]},{"@type":"ImageObject","inLanguage":"cs","@id":"https:\/\/casinocrashgames.com\/cs\/funkce\/auto-cash-out\/#primaryimage","url":"https:\/\/casinocrashgames.com\/wp-content\/uploads\/2025\/05\/Auto-Cash-Out.webp","contentUrl":"https:\/\/casinocrashgames.com\/wp-content\/uploads\/2025\/05\/Auto-Cash-Out.webp","width":400,"height":400,"caption":"Auto Cash Out"},{"@type":"BreadcrumbList","@id":"https:\/\/casinocrashgames.com\/cs\/funkce\/auto-cash-out\/#breadcrumb","itemListElement":[{"@type":"ListItem","position":1,"name":"Home","item":"https:\/\/casinocrashgames.com\/cs\/casino-crash-games\/"},{"@type":"ListItem","position":2,"name":"Funkce","item":"https:\/\/casinocrashgames.com\/cs\/funkce\/"},{"@type":"ListItem","position":3,"name":"Auto Cash Out"}]},{"@type":"WebSite","@id":"https:\/\/casinocrashgames.com\/cs\/#website","url":"https:\/\/casinocrashgames.com\/cs\/","name":"Casino Crash Games","description":"CASH BEFORE YOU CRASH","publisher":{"@id":"https:\/\/casinocrashgames.com\/cs\/#organization"},"potentialAction":[{"@type":"SearchAction","target":{"@type":"EntryPoint","urlTemplate":"https:\/\/casinocrashgames.com\/cs\/?s={search_term_string}"},"query-input":{"@type":"PropertyValueSpecification","valueRequired":true,"valueName":"search_term_string"}}],"inLanguage":"cs"},{"@type":"Organization","@id":"https:\/\/casinocrashgames.com\/cs\/#organization","name":"Casino Crash Games","url":"https:\/\/casinocrashgames.com\/cs\/","logo":{"@type":"ImageObject","inLanguage":"cs","@id":"https:\/\/casinocrashgames.com\/cs\/#\/schema\/logo\/image\/","url":"https:\/\/casinocrashgames.com\/wp-content\/uploads\/2025\/03\/cropped-Casino-Crash-Games-Logo-.webp","contentUrl":"https:\/\/casinocrashgames.com\/wp-content\/uploads\/2025\/03\/cropped-Casino-Crash-Games-Logo-.webp","width":1045,"height":606,"caption":"Casino Crash Games"},"image":{"@id":"https:\/\/casinocrashgames.com\/cs\/#\/schema\/logo\/image\/"}}]}},"_links":{"self":[{"href":"https:\/\/casinocrashgames.com\/cs\/wp-json\/wp\/v2\/pages\/881","targetHints":{"allow":["GET"]}}],"collection":[{"href":"https:\/\/casinocrashgames.com\/cs\/wp-json\/wp\/v2\/pages"}],"about":[{"href":"https:\/\/casinocrashgames.com\/cs\/wp-json\/wp\/v2\/types\/page"}],"author":[{"embeddable":true,"href":"https:\/\/casinocrashgames.com\/cs\/wp-json\/wp\/v2\/users\/1"}],"replies":[{"embeddable":true,"href":"https:\/\/casinocrashgames.com\/cs\/wp-json\/wp\/v2\/comments?post=881"}],"version-history":[{"count":8,"href":"https:\/\/casinocrashgames.com\/cs\/wp-json\/wp\/v2\/pages\/881\/revisions"}],"predecessor-version":[{"id":1151,"href":"https:\/\/casinocrashgames.com\/cs\/wp-json\/wp\/v2\/pages\/881\/revisions\/1151"}],"up":[{"embeddable":true,"href":"https:\/\/casinocrashgames.com\/cs\/wp-json\/wp\/v2\/pages\/1044"}],"wp:featuredmedia":[{"embeddable":true,"href":"https:\/\/casinocrashgames.com\/cs\/wp-json\/wp\/v2\/media\/740"}],"wp:attachment":[{"href":"https:\/\/casinocrashgames.com\/cs\/wp-json\/wp\/v2\/media?parent=881"}],"curies":[{"name":"wp","href":"https:\/\/api.w.org\/{rel}","templated":true}]}}