{"id":877,"date":"2025-02-06T13:13:20","date_gmt":"2025-02-06T13:13:20","guid":{"rendered":"https:\/\/casinocrashgames.com\/strategie\/martingale\/"},"modified":"2025-06-20T07:16:07","modified_gmt":"2025-06-20T07:16:07","slug":"martingale","status":"publish","type":"page","link":"https:\/\/casinocrashgames.com\/cs\/strategie\/martingale\/","title":{"rendered":"Martingale"},"content":{"rendered":"<div class=\"wpb-content-wrapper\"><p>[vc_row full_width=&#8220;stretch_row&#8220; content_placement=&#8220;middle&#8220; css=&#8220;.vc_custom_1744576997054{margin-bottom: 50px !important;padding-top: 10% !important;padding-bottom: 5% !important;background: #1D0D4E url(https:\/\/casinocrashgames.com\/wp-content\/uploads\/2025\/04\/Background-Img.webp?id=219) !important;}&#8220;][vc_column width=&#8220;1\/2&#8243;][vc_single_image image=&#8220;750&#8243; img_size=&#8220;400&#8243; alignment=&#8220;center&#8220; css=&#8220;&#8220;][\/vc_column][vc_column width=&#8220;1\/2&#8243;][vc_column_text css=&#8220;&#8220;]<\/p>\n<h1><span style=\"color: #fcc500;\">Strategie Martingale<\/span><\/h1>\n<p><span style=\"color: #ffffff;\">Strategie Martingale je klasick\u00fd s\u00e1zkov\u00fd syst\u00e9m, kter\u00fd spo\u010d\u00edv\u00e1 ve zdvojn\u00e1soben\u00ed s\u00e1zky po ka\u017ed\u00e9 proh\u0159e s c\u00edlem z\u00edskat zp\u011bt v\u0161echny p\u0159edchoz\u00ed ztr\u00e1ty a po v\u00fdh\u0159e dos\u00e1hnout zisku ve v\u00fd\u0161i p\u016fvodn\u00edho vkladu.<\/span>[\/vc_column_text][\/vc_column][\/vc_row][vc_row][vc_column][vc_column_text css=&#8220;&#8220;]<\/p>\n<h2><span style=\"font-weight: 400;\">Pr\u016fvodce strategi\u00ed Martingale pro Casino Crash Games<\/span><\/h2>\n<p><span style=\"font-weight: 400;\">Strategie Martingale je jedn\u00edm z nejstar\u0161\u00edch a nejzn\u00e1m\u011bj\u0161\u00edch s\u00e1zkov\u00fdch syst\u00e9m\u016f, kter\u00fd se \u010dasto pou\u017e\u00edv\u00e1 v kasinov\u00fdch hr\u00e1ch jako ruleta. Za posledn\u00ed dobu se v\u0161ak hojn\u011b vyu\u017e\u00edv\u00e1 i pr\u00e1v\u011b pro Crash hry. P\u0159in\u00e1\u0161\u00edme v\u00e1m podrobn\u00e9ho pr\u016fvodce, ve kter\u00e9m se dozv\u00edte jak syst\u00e9m funguje a jak jej pou\u017e\u00edt v crash hr\u00e1ch. <\/span><\/p>\n<h2><span style=\"font-weight: 400;\">Jak funguje strategie Martingale<\/span><\/h2>\n<ul>\n<li style=\"font-weight: 400;\" aria-level=\"1\"><span style=\"font-weight: 400;\">Za\u010dn\u011bte se z\u00e1kladn\u00ed s\u00e1zkou: Zvolte si malou, p\u0159ijatelnou po\u010d\u00e1te\u010dn\u00ed s\u00e1zku (nap\u0159. 10 K\u010d).<\/span><\/li>\n<li style=\"font-weight: 400;\" aria-level=\"1\"><span style=\"font-weight: 400;\">Zdvojn\u00e1soben\u00ed po ka\u017ed\u00e9 proh\u0159e: Poka\u017ed\u00e9, kdy\u017e prohrajete kolo, zdvojn\u00e1sobte svou p\u0159edchoz\u00ed s\u00e1zku.<\/span><\/li>\n<li style=\"font-weight: 400;\" aria-level=\"1\"><span style=\"font-weight: 400;\">Po v\u00fdh\u0159e za\u010d\u00edn\u00e1me od za\u010d\u00e1tku: Po v\u00fdh\u0159e se vr\u00e1t\u00edte k p\u016fvodn\u00ed z\u00e1kladn\u00ed s\u00e1zce.<\/span><\/li>\n<li style=\"font-weight: 400;\" aria-level=\"1\"><span style=\"font-weight: 400;\">C\u00edl: Prvn\u00ed v\u00fdhra po s\u00e9rii proher v\u00e1m vr\u00e1t\u00ed v\u0161echny p\u0159edchoz\u00ed ztr\u00e1ty a zajist\u00ed zisk ve v\u00fd\u0161i va\u0161\u00ed z\u00e1kladn\u00ed s\u00e1zky.<\/span><\/li>\n<\/ul>\n<h2><span style=\"font-weight: 400;\">P\u0159\u00edklad sekvence<\/span><\/h2>\n<table>\n<tbody>\n<tr>\n<td><b>Kolo<\/b><\/td>\n<td><b>S\u00e1zka (K\u010d)<\/b><\/td>\n<td><b>V\u00fdsledek<\/b><\/td>\n<td><b>Celkov\u00e1 prohra\/v\u00fdhra (K\u010d)<\/b><\/td>\n<\/tr>\n<tr>\n<td><span style=\"font-weight: 400;\">10<\/span><\/td>\n<td><span style=\"font-weight: 400;\">10<\/span><\/td>\n<td><span style=\"font-weight: 400;\">Prohra<\/span><\/td>\n<td><span style=\"font-weight: 400;\">-10<\/span><\/td>\n<\/tr>\n<tr>\n<td><span style=\"font-weight: 400;\">20<\/span><\/td>\n<td><span style=\"font-weight: 400;\">20<\/span><\/td>\n<td><span style=\"font-weight: 400;\">Prohra<\/span><\/td>\n<td><span style=\"font-weight: 400;\">-30<\/span><\/td>\n<\/tr>\n<tr>\n<td><span style=\"font-weight: 400;\">30<\/span><\/td>\n<td><span style=\"font-weight: 400;\">40<\/span><\/td>\n<td><span style=\"font-weight: 400;\">Prohra<\/span><\/td>\n<td><span style=\"font-weight: 400;\">-70<\/span><\/td>\n<\/tr>\n<tr>\n<td><span style=\"font-weight: 400;\">40<\/span><\/td>\n<td><span style=\"font-weight: 400;\">80<\/span><\/td>\n<td><span style=\"font-weight: 400;\">V\u00fdhra<\/span><\/td>\n<td><span style=\"font-weight: 400;\">+10<\/span><\/td>\n<\/tr>\n<tr>\n<td><span style=\"font-weight: 400;\">50<\/span><\/td>\n<td><span style=\"font-weight: 400;\">10<\/span><\/td>\n<td><span style=\"font-weight: 400;\">&#8230;<\/span><\/td>\n<td><span style=\"font-weight: 400;\">&#8230;<\/span><\/td>\n<\/tr>\n<\/tbody>\n<\/table>\n<p><span style=\"font-weight: 400;\">Po t\u0159ech prohr\u00e1ch jste prohr\u00e1li 70 K\u010d. V\u00fdhra ve \u010dtvrt\u00e9m kole za 80 K\u010d v\u00e1m vr\u00e1t\u00ed v\u0161echny ztr\u00e1ty a p\u0159inese v\u00e1m zisk 10 K\u010d. <\/span><\/p>\n<h2><span style=\"font-weight: 400;\">Jak pou\u017e\u00edt Martingale v crash hr\u00e1ch<\/span><\/h2>\n<ol>\n<li style=\"font-weight: 400;\" aria-level=\"1\"><span style=\"font-weight: 400;\">Vyberte si svou po\u010d\u00e1te\u010dn\u00ed s\u00e1zku: Ujist\u011bte se, \u017ee je v pom\u011bru k va\u0161emu celkov\u00e9mu bankrollu mal\u00e1, proto\u017ee s\u00e1zky mohou rychle nar\u016fstat.<\/span><span style=\"font-weight: 400;\">.<\/span><\/li>\n<li style=\"font-weight: 400;\" aria-level=\"1\"><span style=\"font-weight: 400;\">Nastaven\u00ed n\u00e1sobitele Auto Cashout: Mnoho hr\u00e1\u010d\u016f pou\u017e\u00edv\u00e1 n\u00edzk\u00fd, \u201ebezpe\u010dn\u00fd\u201c n\u00e1sobitel, nap\u0159\u00edklad 1,5x nebo 2x, aby maximalizovali pravd\u011bpodobnost v\u00fdhry.<\/span><span style=\"font-weight: 400;\">.<\/span><\/li>\n<li style=\"font-weight: 400;\" aria-level=\"1\"><span style=\"font-weight: 400;\">Zdvojn\u00e1soben\u00ed s\u00e1zky po ka\u017ed\u00e9 proh\u0159e: Pokud prohrajete, zdvojn\u00e1sobte sv\u016fj dal\u0161\u00ed vklad. Pokud vyhrajete, obnovte svou po\u010d\u00e1te\u010dn\u00ed s\u00e1zku. <\/span><\/li>\n<li style=\"font-weight: 400;\" aria-level=\"1\"><span style=\"font-weight: 400;\">Takto pokra\u010dujte v ka\u017ed\u00e9m dal\u0161\u00edm kole.<\/span><\/li>\n<\/ol>\n<h2><span style=\"font-weight: 400;\">V\u00fdhody a nev\u00fdhody strategie Martingale<\/span><\/h2>\n<table>\n<tbody>\n<tr>\n<td><b>Klady<\/b><\/td>\n<td><b>Z\u00e1pory<\/b><\/td>\n<\/tr>\n<tr>\n<td><span style=\"font-weight: 400;\">Jednoduch\u00e9 na pochopen\u00ed a implementaci<\/span><\/td>\n<td><span style=\"font-weight: 400;\">Vy\u017eaduje velk\u00fd bankroll, abyste p\u0159e\u017eili ztr\u00e1tov\u00e9 s\u00e9rie<\/span><\/td>\n<\/tr>\n<tr>\n<td><span style=\"font-weight: 400;\"> Jedin\u00fdm v\u00edt\u011bzstv\u00edm lze z\u00edskat zp\u011bt v\u0161echny ztr\u00e1ty<\/span><\/td>\n<td><span style=\"font-weight: 400;\">Limity stolu nebo s\u00e1zek mohou po mnoha prohr\u00e1ch zabr\u00e1nit vykryt\u00ed proher<\/span><\/td>\n<\/tr>\n<tr>\n<td><span style=\"font-weight: 400;\">Nejl\u00e9pe funguje p\u0159i \u010dast\u00fdch a mal\u00fdch v\u00fdhr\u00e1ch<\/span><\/td>\n<td><span style=\"font-weight: 400;\">Dlouh\u00e9 s\u00e9rie proher mohou v\u00e9st k velk\u00fdm ztr\u00e1t\u00e1m.<\/span><\/td>\n<\/tr>\n<\/tbody>\n<\/table>\n<h2><span style=\"font-weight: 400;\">Hlavn\u00ed tipy pro pou\u017eit\u00ed Martingale v crash hr\u00e1ch<\/span><\/h2>\n<ul>\n<li style=\"font-weight: 400;\" aria-level=\"1\"><span style=\"font-weight: 400;\">\u0158\u00edzen\u00ed bankrollu: Na z\u00e1kladn\u00ed s\u00e1zku pou\u017eijte jen malou \u010d\u00e1st sv\u00e9ho bankrollu. Existuje riziko, \u017ee se dostanete do dlouh\u00e9 s\u00e9rie proher a nebudete m\u00edt dostatek kapit\u00e1lu pokra\u010dovat ve h\u0159e. <\/span><\/li>\n<li style=\"font-weight: 400;\" aria-level=\"1\"><span style=\"font-weight: 400;\">Nastaven\u00ed limit\u016f: P\u0159edem si stanovte maxim\u00e1ln\u00ed s\u00e1zku nebo po\u010det kol, kter\u00e1 budete hr\u00e1t, abyste se vyhnuli ne\u010dekan\u00fdm ztr\u00e1t\u00e1m.<\/span><\/li>\n<li style=\"font-weight: 400;\" aria-level=\"1\"><span style=\"font-weight: 400;\">N\u00edzk\u00fd multiplik\u00e1tor pro v\u00fdplatu: Pou\u017eit\u00ed n\u00edzk\u00e9ho automatick\u00e9ho n\u00e1sobitele (nap\u0159. 1,5x-2x) zvy\u0161uje pravd\u011bpodobnost v\u00fdhry v jednom kole, ale nevylu\u010duje riziko.<\/span><\/li>\n<li style=\"font-weight: 400;\" aria-level=\"1\"><span style=\"font-weight: 400;\">Hrajte realisticky: strategie Martingale nem\u011bn\u00ed v\u00fdhodu kasina ani n\u00e1hodnost crash her. M\u016f\u017ee p\u0159in\u00e9st kr\u00e1tkodob\u00e9 v\u00fdhry, ale z dlouhodob\u00e9ho hlediska je riziko velk\u00fdch ztr\u00e1t opravdu velk\u00e9. <\/span><\/li>\n<\/ul>\n<h2><span style=\"font-weight: 400;\">Zku\u0161enosti z praxe a na co si d\u00e1t pozor<\/span><\/h2>\n<ul>\n<li style=\"font-weight: 400;\" aria-level=\"1\"><span style=\"font-weight: 400;\">Kr\u00e1tkodob\u00e9: Hr\u00e1\u010di \u010dasto zaznamen\u00e1vaj\u00ed \u0159adu mal\u00fdch v\u00fdher a mohou rychle z\u00edskat zp\u011bt ztr\u00e1ty.<\/span><\/li>\n<li style=\"font-weight: 400;\" aria-level=\"1\"><span style=\"font-weight: 400;\">Dlouhodob\u00e9: Dlouh\u00e1 s\u00e9rie proher = velmi vysok\u00e9 s\u00e1zky, kter\u00e9 mohou p\u0159ekro\u010dit v\u00e1\u0161 bankroll nebo maxim\u00e1ln\u00ed limit s\u00e1zek ve h\u0159e, co\u017e vede k v\u00fdrazn\u00fdm ztr\u00e1t\u00e1m.<\/span><\/li>\n<li style=\"font-weight: 400;\" aria-level=\"1\"><span style=\"font-weight: 400;\">Nen\u00ed to zaru\u010den\u00fd zisk: Syst\u00e9m Martingale nedok\u00e1\u017ee ani p\u0159i pe\u010dliv\u00e9 h\u0159e p\u0159ekonat v\u00fdhodu kasina nebo n\u00e1hodnost, kter\u00e1 je u Crash her p\u0159irozen\u00e1.<\/span><\/li>\n<\/ul>\n<h2><span style=\"font-weight: 400;\">Z\u00e1v\u011br<\/span><\/h2>\n<p><span style=\"font-weight: 400;\">Strategie Martingale v crash hr\u00e1ch se snadno pou\u017e\u00edv\u00e1 a m\u016f\u017ee b\u00fdt vzru\u0161uj\u00edc\u00ed, ale nese s sebou zna\u010dn\u00e9 riziko. Nejl\u00e9pe se hod\u00ed pro kr\u00e1tk\u00e9 sekvence s p\u0159\u00edsn\u00fdmi limity a n\u00edzkou z\u00e1kladn\u00ed s\u00e1zkou. V\u017edy hrajte zodpov\u011bdn\u011b a nikdy neriskujte v\u00edce, ne\u017e si m\u016f\u017eete dovolit prohr\u00e1t.  <\/span>[\/vc_column_text][\/vc_column][\/vc_row]<\/p>\n<\/div>","protected":false},"excerpt":{"rendered":"<p>[vc_row full_width=&#8220;stretch_row&#8220; content_placement=&#8220;middle&#8220; css=&#8220;.vc_custom_1744576997054{margin-bottom: 50px !important;padding-top: 10% !important;padding-bottom: 5% !important;background: #1D0D4E url(https:\/\/casinocrashgames.com\/wp-content\/uploads\/2025\/04\/Background-Img.webp?id=219) !important;}&#8220;][vc_column width=&#8220;1\/2&#8243;][vc_single_image image=&#8220;750&#8243; img_size=&#8220;400&#8243; alignment=&#8220;center&#8220; css=&#8220;&#8220;][\/vc_column][vc_column width=&#8220;1\/2&#8243;][vc_column_text css=&#8220;&#8220;] [&hellip;]<\/p>\n","protected":false},"author":1,"featured_media":750,"parent":856,"menu_order":0,"comment_status":"closed","ping_status":"closed","template":"","meta":{"site-sidebar-layout":"no-sidebar","site-content-layout":"plain-container","ast-site-content-layout":"default","site-content-style":"default","site-sidebar-style":"default","ast-global-header-display":"","ast-banner-title-visibility":"","ast-main-header-display":"","ast-hfb-above-header-display":"","ast-hfb-below-header-display":"","ast-hfb-mobile-header-display":"","site-post-title":"disabled","ast-breadcrumbs-content":"","ast-featured-img":"disabled","footer-sml-layout":"","theme-transparent-header-meta":"default","adv-header-id-meta":"","stick-header-meta":"default","header-above-stick-meta":"","header-main-stick-meta":"","header-below-stick-meta":"","astra-migrate-meta-layouts":"default","ast-page-background-enabled":"default","ast-page-background-meta":{"desktop":{"background-color":"var(--ast-global-color-5)","background-image":"","background-repeat":"repeat","background-position":"center center","background-size":"auto","background-attachment":"scroll","background-type":"","background-media":"","overlay-type":"","overlay-color":"","overlay-opacity":"","overlay-gradient":""},"tablet":{"background-color":"","background-image":"","background-repeat":"repeat","background-position":"center center","background-size":"auto","background-attachment":"scroll","background-type":"","background-media":"","overlay-type":"","overlay-color":"","overlay-opacity":"","overlay-gradient":""},"mobile":{"background-color":"","background-image":"","background-repeat":"repeat","background-position":"center center","background-size":"auto","background-attachment":"scroll","background-type":"","background-media":"","overlay-type":"","overlay-color":"","overlay-opacity":"","overlay-gradient":""}},"ast-content-background-meta":{"desktop":{"background-color":"var(--ast-global-color-4)","background-image":"","background-repeat":"repeat","background-position":"center center","background-size":"auto","background-attachment":"scroll","background-type":"","background-media":"","overlay-type":"","overlay-color":"","overlay-opacity":"","overlay-gradient":""},"tablet":{"background-color":"var(--ast-global-color-4)","background-image":"","background-repeat":"repeat","background-position":"center center","background-size":"auto","background-attachment":"scroll","background-type":"","background-media":"","overlay-type":"","overlay-color":"","overlay-opacity":"","overlay-gradient":""},"mobile":{"background-color":"var(--ast-global-color-4)","background-image":"","background-repeat":"repeat","background-position":"center center","background-size":"auto","background-attachment":"scroll","background-type":"","background-media":"","overlay-type":"","overlay-color":"","overlay-opacity":"","overlay-gradient":""}},"footnotes":""},"class_list":["post-877","page","type-page","status-publish","has-post-thumbnail","hentry"],"yoast_head":"<!-- This site is optimized with the Yoast SEO plugin v25.2 - https:\/\/yoast.com\/wordpress\/plugins\/seo\/ -->\n<title>Martingale - Casino Crash Games<\/title>\n<meta name=\"robots\" content=\"index, follow, max-snippet:-1, max-image-preview:large, max-video-preview:-1\" \/>\n<link rel=\"canonical\" href=\"https:\/\/casinocrashgames.com\/cs\/strategie\/martingale\/\" \/>\n<meta property=\"og:locale\" content=\"cs_CZ\" \/>\n<meta property=\"og:type\" content=\"article\" \/>\n<meta property=\"og:title\" content=\"Martingale - Casino Crash Games\" \/>\n<meta property=\"og:description\" content=\"[vc_row full_width=&#8220;stretch_row&#8220; content_placement=&#8220;middle&#8220; css=&#8220;.vc_custom_1744576997054{margin-bottom: 50px !important;padding-top: 10% !important;padding-bottom: 5% !important;background: #1D0D4E url(https:\/\/casinocrashgames.com\/wp-content\/uploads\/2025\/04\/Background-Img.webp?id=219) !important;}&#8220;][vc_column width=&#8220;1\/2&#8243;][vc_single_image image=&#8220;750&#8243; img_size=&#8220;400&#8243; alignment=&#8220;center&#8220; css=&#8220;&#8220;][\/vc_column][vc_column width=&#8220;1\/2&#8243;][vc_column_text css=&#8220;&#8220;] [&hellip;]\" \/>\n<meta property=\"og:url\" content=\"https:\/\/casinocrashgames.com\/cs\/strategie\/martingale\/\" \/>\n<meta property=\"og:site_name\" content=\"Casino Crash Games\" \/>\n<meta property=\"article:modified_time\" content=\"2025-06-20T07:16:07+00:00\" \/>\n<meta property=\"og:image\" content=\"https:\/\/casinocrashgames.com\/wp-content\/uploads\/2025\/05\/Martingale-Strategy.webp\" \/>\n\t<meta property=\"og:image:width\" content=\"400\" \/>\n\t<meta property=\"og:image:height\" content=\"400\" \/>\n\t<meta property=\"og:image:type\" content=\"image\/webp\" \/>\n<meta name=\"twitter:card\" content=\"summary_large_image\" \/>\n<meta name=\"twitter:label1\" content=\"Odhadovan\u00e1 doba \u010dten\u00ed\" \/>\n\t<meta name=\"twitter:data1\" content=\"4 minuty\" \/>\n<script type=\"application\/ld+json\" class=\"yoast-schema-graph\">{\"@context\":\"https:\/\/schema.org\",\"@graph\":[{\"@type\":\"WebPage\",\"@id\":\"https:\/\/casinocrashgames.com\/cs\/strategie\/martingale\/\",\"url\":\"https:\/\/casinocrashgames.com\/cs\/strategie\/martingale\/\",\"name\":\"Martingale - Casino Crash Games\",\"isPartOf\":{\"@id\":\"https:\/\/casinocrashgames.com\/cs\/#website\"},\"primaryImageOfPage\":{\"@id\":\"https:\/\/casinocrashgames.com\/cs\/strategie\/martingale\/#primaryimage\"},\"image\":{\"@id\":\"https:\/\/casinocrashgames.com\/cs\/strategie\/martingale\/#primaryimage\"},\"thumbnailUrl\":\"https:\/\/casinocrashgames.com\/wp-content\/uploads\/2025\/05\/Martingale-Strategy.webp\",\"datePublished\":\"2025-02-06T13:13:20+00:00\",\"dateModified\":\"2025-06-20T07:16:07+00:00\",\"breadcrumb\":{\"@id\":\"https:\/\/casinocrashgames.com\/cs\/strategie\/martingale\/#breadcrumb\"},\"inLanguage\":\"cs\",\"potentialAction\":[{\"@type\":\"ReadAction\",\"target\":[\"https:\/\/casinocrashgames.com\/cs\/strategie\/martingale\/\"]}]},{\"@type\":\"ImageObject\",\"inLanguage\":\"cs\",\"@id\":\"https:\/\/casinocrashgames.com\/cs\/strategie\/martingale\/#primaryimage\",\"url\":\"https:\/\/casinocrashgames.com\/wp-content\/uploads\/2025\/05\/Martingale-Strategy.webp\",\"contentUrl\":\"https:\/\/casinocrashgames.com\/wp-content\/uploads\/2025\/05\/Martingale-Strategy.webp\",\"width\":400,\"height\":400,\"caption\":\"Martingale Strategy\"},{\"@type\":\"BreadcrumbList\",\"@id\":\"https:\/\/casinocrashgames.com\/cs\/strategie\/martingale\/#breadcrumb\",\"itemListElement\":[{\"@type\":\"ListItem\",\"position\":1,\"name\":\"Home\",\"item\":\"https:\/\/casinocrashgames.com\/cs\/casino-crash-games\/\"},{\"@type\":\"ListItem\",\"position\":2,\"name\":\"Strategie\",\"item\":\"https:\/\/casinocrashgames.com\/cs\/strategie\/\"},{\"@type\":\"ListItem\",\"position\":3,\"name\":\"Martingale\"}]},{\"@type\":\"WebSite\",\"@id\":\"https:\/\/casinocrashgames.com\/cs\/#website\",\"url\":\"https:\/\/casinocrashgames.com\/cs\/\",\"name\":\"Casino Crash Games\",\"description\":\"CASH BEFORE YOU CRASH\",\"publisher\":{\"@id\":\"https:\/\/casinocrashgames.com\/cs\/#organization\"},\"potentialAction\":[{\"@type\":\"SearchAction\",\"target\":{\"@type\":\"EntryPoint\",\"urlTemplate\":\"https:\/\/casinocrashgames.com\/cs\/?s={search_term_string}\"},\"query-input\":{\"@type\":\"PropertyValueSpecification\",\"valueRequired\":true,\"valueName\":\"search_term_string\"}}],\"inLanguage\":\"cs\"},{\"@type\":\"Organization\",\"@id\":\"https:\/\/casinocrashgames.com\/cs\/#organization\",\"name\":\"Casino Crash Games\",\"url\":\"https:\/\/casinocrashgames.com\/cs\/\",\"logo\":{\"@type\":\"ImageObject\",\"inLanguage\":\"cs\",\"@id\":\"https:\/\/casinocrashgames.com\/cs\/#\/schema\/logo\/image\/\",\"url\":\"https:\/\/casinocrashgames.com\/wp-content\/uploads\/2025\/03\/cropped-Casino-Crash-Games-Logo-.webp\",\"contentUrl\":\"https:\/\/casinocrashgames.com\/wp-content\/uploads\/2025\/03\/cropped-Casino-Crash-Games-Logo-.webp\",\"width\":1045,\"height\":606,\"caption\":\"Casino Crash Games\"},\"image\":{\"@id\":\"https:\/\/casinocrashgames.com\/cs\/#\/schema\/logo\/image\/\"}}]}<\/script>\n<!-- \/ Yoast SEO plugin. -->","yoast_head_json":{"title":"Martingale - Casino Crash Games","robots":{"index":"index","follow":"follow","max-snippet":"max-snippet:-1","max-image-preview":"max-image-preview:large","max-video-preview":"max-video-preview:-1"},"canonical":"https:\/\/casinocrashgames.com\/cs\/strategie\/martingale\/","og_locale":"cs_CZ","og_type":"article","og_title":"Martingale - Casino Crash Games","og_description":"[vc_row full_width=&#8220;stretch_row&#8220; content_placement=&#8220;middle&#8220; css=&#8220;.vc_custom_1744576997054{margin-bottom: 50px !important;padding-top: 10% !important;padding-bottom: 5% !important;background: #1D0D4E url(https:\/\/casinocrashgames.com\/wp-content\/uploads\/2025\/04\/Background-Img.webp?id=219) !important;}&#8220;][vc_column width=&#8220;1\/2&#8243;][vc_single_image image=&#8220;750&#8243; img_size=&#8220;400&#8243; alignment=&#8220;center&#8220; css=&#8220;&#8220;][\/vc_column][vc_column width=&#8220;1\/2&#8243;][vc_column_text css=&#8220;&#8220;] [&hellip;]","og_url":"https:\/\/casinocrashgames.com\/cs\/strategie\/martingale\/","og_site_name":"Casino Crash Games","article_modified_time":"2025-06-20T07:16:07+00:00","og_image":[{"width":400,"height":400,"url":"https:\/\/casinocrashgames.com\/wp-content\/uploads\/2025\/05\/Martingale-Strategy.webp","type":"image\/webp"}],"twitter_card":"summary_large_image","twitter_misc":{"Odhadovan\u00e1 doba \u010dten\u00ed":"4 minuty"},"schema":{"@context":"https:\/\/schema.org","@graph":[{"@type":"WebPage","@id":"https:\/\/casinocrashgames.com\/cs\/strategie\/martingale\/","url":"https:\/\/casinocrashgames.com\/cs\/strategie\/martingale\/","name":"Martingale - Casino Crash Games","isPartOf":{"@id":"https:\/\/casinocrashgames.com\/cs\/#website"},"primaryImageOfPage":{"@id":"https:\/\/casinocrashgames.com\/cs\/strategie\/martingale\/#primaryimage"},"image":{"@id":"https:\/\/casinocrashgames.com\/cs\/strategie\/martingale\/#primaryimage"},"thumbnailUrl":"https:\/\/casinocrashgames.com\/wp-content\/uploads\/2025\/05\/Martingale-Strategy.webp","datePublished":"2025-02-06T13:13:20+00:00","dateModified":"2025-06-20T07:16:07+00:00","breadcrumb":{"@id":"https:\/\/casinocrashgames.com\/cs\/strategie\/martingale\/#breadcrumb"},"inLanguage":"cs","potentialAction":[{"@type":"ReadAction","target":["https:\/\/casinocrashgames.com\/cs\/strategie\/martingale\/"]}]},{"@type":"ImageObject","inLanguage":"cs","@id":"https:\/\/casinocrashgames.com\/cs\/strategie\/martingale\/#primaryimage","url":"https:\/\/casinocrashgames.com\/wp-content\/uploads\/2025\/05\/Martingale-Strategy.webp","contentUrl":"https:\/\/casinocrashgames.com\/wp-content\/uploads\/2025\/05\/Martingale-Strategy.webp","width":400,"height":400,"caption":"Martingale Strategy"},{"@type":"BreadcrumbList","@id":"https:\/\/casinocrashgames.com\/cs\/strategie\/martingale\/#breadcrumb","itemListElement":[{"@type":"ListItem","position":1,"name":"Home","item":"https:\/\/casinocrashgames.com\/cs\/casino-crash-games\/"},{"@type":"ListItem","position":2,"name":"Strategie","item":"https:\/\/casinocrashgames.com\/cs\/strategie\/"},{"@type":"ListItem","position":3,"name":"Martingale"}]},{"@type":"WebSite","@id":"https:\/\/casinocrashgames.com\/cs\/#website","url":"https:\/\/casinocrashgames.com\/cs\/","name":"Casino Crash Games","description":"CASH BEFORE YOU CRASH","publisher":{"@id":"https:\/\/casinocrashgames.com\/cs\/#organization"},"potentialAction":[{"@type":"SearchAction","target":{"@type":"EntryPoint","urlTemplate":"https:\/\/casinocrashgames.com\/cs\/?s={search_term_string}"},"query-input":{"@type":"PropertyValueSpecification","valueRequired":true,"valueName":"search_term_string"}}],"inLanguage":"cs"},{"@type":"Organization","@id":"https:\/\/casinocrashgames.com\/cs\/#organization","name":"Casino Crash Games","url":"https:\/\/casinocrashgames.com\/cs\/","logo":{"@type":"ImageObject","inLanguage":"cs","@id":"https:\/\/casinocrashgames.com\/cs\/#\/schema\/logo\/image\/","url":"https:\/\/casinocrashgames.com\/wp-content\/uploads\/2025\/03\/cropped-Casino-Crash-Games-Logo-.webp","contentUrl":"https:\/\/casinocrashgames.com\/wp-content\/uploads\/2025\/03\/cropped-Casino-Crash-Games-Logo-.webp","width":1045,"height":606,"caption":"Casino Crash Games"},"image":{"@id":"https:\/\/casinocrashgames.com\/cs\/#\/schema\/logo\/image\/"}}]}},"_links":{"self":[{"href":"https:\/\/casinocrashgames.com\/cs\/wp-json\/wp\/v2\/pages\/877","targetHints":{"allow":["GET"]}}],"collection":[{"href":"https:\/\/casinocrashgames.com\/cs\/wp-json\/wp\/v2\/pages"}],"about":[{"href":"https:\/\/casinocrashgames.com\/cs\/wp-json\/wp\/v2\/types\/page"}],"author":[{"embeddable":true,"href":"https:\/\/casinocrashgames.com\/cs\/wp-json\/wp\/v2\/users\/1"}],"replies":[{"embeddable":true,"href":"https:\/\/casinocrashgames.com\/cs\/wp-json\/wp\/v2\/comments?post=877"}],"version-history":[{"count":6,"href":"https:\/\/casinocrashgames.com\/cs\/wp-json\/wp\/v2\/pages\/877\/revisions"}],"predecessor-version":[{"id":1199,"href":"https:\/\/casinocrashgames.com\/cs\/wp-json\/wp\/v2\/pages\/877\/revisions\/1199"}],"up":[{"embeddable":true,"href":"https:\/\/casinocrashgames.com\/cs\/wp-json\/wp\/v2\/pages\/856"}],"wp:featuredmedia":[{"embeddable":true,"href":"https:\/\/casinocrashgames.com\/cs\/wp-json\/wp\/v2\/media\/750"}],"wp:attachment":[{"href":"https:\/\/casinocrashgames.com\/cs\/wp-json\/wp\/v2\/media?parent=877"}],"curies":[{"name":"wp","href":"https:\/\/api.w.org\/{rel}","templated":true}]}}