{"id":874,"date":"2025-02-06T13:13:29","date_gmt":"2025-02-06T13:13:29","guid":{"rendered":"https:\/\/casinocrashgames.com\/strategie\/fibonacciho\/"},"modified":"2025-06-20T06:47:20","modified_gmt":"2025-06-20T06:47:20","slug":"fibonacciho","status":"publish","type":"page","link":"https:\/\/casinocrashgames.com\/cs\/strategie\/fibonacciho\/","title":{"rendered":"Fibonacciho"},"content":{"rendered":"<div class=\"wpb-content-wrapper\"><p>[vc_row full_width=&#8220;stretch_row&#8220; content_placement=&#8220;middle&#8220; css=&#8220;.vc_custom_1744576997054{margin-bottom: 50px !important;padding-top: 10% !important;padding-bottom: 5% !important;background: #1D0D4E url(https:\/\/casinocrashgames.com\/wp-content\/uploads\/2025\/04\/Background-Img.webp?id=219) !important;}&#8220;][vc_column width=&#8220;1\/2&#8243;][vc_single_image image=&#8220;745&#8243; img_size=&#8220;400&#8243; alignment=&#8220;center&#8220; css=&#8220;&#8220;][\/vc_column][vc_column width=&#8220;1\/2&#8243;][vc_column_text css=&#8220;&#8220;]<\/p>\n<h1><span style=\"color: #fcc500;\">Fibonacciho strategie<\/span><\/h1>\n<p><span style=\"color: #ffffff;\">Fibonacciho strategie je popul\u00e1rn\u00ed s\u00e1zkov\u00fd syst\u00e9m zalo\u017een\u00fd na slavn\u00e9 matematick\u00e9 posloupnosti, kde ka\u017ed\u00e9 \u010d\u00edslo je sou\u010dtem dvou p\u0159edchoz\u00edch. V Crash hr\u00e1ch tato strategie nab\u00edz\u00ed strukturovan\u00fd a m\u00e9n\u011b agresivn\u00ed p\u0159\u00edstup ke spr\u00e1v\u011b s\u00e1zek. <\/span>[\/vc_column_text][\/vc_column][\/vc_row][vc_row][vc_column][vc_column_text css=&#8220;&#8220;]<\/p>\n<h2>Pr\u016fvodce Fibonacciho strategi\u00ed pro Casino Crash Games<\/h2>\n<p><span style=\"font-weight: 400;\">Fibonacciho strategie je obl\u00edben\u00fd syst\u00e9m s\u00e1zen\u00ed v Crash hr\u00e1ch, kter\u00fd nab\u00edz\u00ed zp\u016fsob, jak \u0159\u00eddit sv\u00e9 s\u00e1zky a postupn\u011b vyrovn\u00e1vat p\u0159\u00edpadn\u00e9 ztr\u00e1ty. Je m\u00e9n\u011b &#8222;agresivn\u00ed&#8220; ne\u017e syst\u00e9m Martingale a je obl\u00edben\u00fd pro svou matematickou logiku a kontrolu rizika. <\/span>[\/vc_column_text][vc_column_text css=&#8220;&#8220;]<\/p>\n<h2>Co je Fibonacciho posloupnost?<\/h2>\n<p>Fibonacciho posloupnost je \u0159ada \u010d\u00edsel, kde ka\u017ed\u00e9 \u010d\u00edslo je sou\u010dtem dvou p\u0159edchoz\u00edch. P\u0159i s\u00e1zen\u00ed se obvykle za\u010d\u00edn\u00e1 takto: <\/p>\n<p>1, 1, 2, 3, 5, 8, 13, 21, 34, 55, 89, 144, &#8230;[\/vc_column_text][vc_column_text css=&#8220;&#8220;]<\/p>\n<h2>Jak funguje Fibonacciho strategie ve hr\u00e1ch Crash Games<\/h2>\n<ul>\n<li aria-level=\"1\">Nastaven\u00ed z\u00e1kladn\u00ed jednotky: Rozhodn\u011bte se pro z\u00e1kladn\u00ed s\u00e1zkovou jednotku (nap\u0159. 10 K\u010d). V\u0161echny s\u00e1zky budou n\u00e1sobky t\u00e9to jednotky. <\/li>\n<li aria-level=\"1\">Za\u010dn\u011bte s\u00e1zet: Za\u010dn\u011bte s prvn\u00edm \u010d\u00edslem v po\u0159ad\u00ed (1 jednotka).<\/li>\n<li aria-level=\"1\">Po proh\u0159e: posu\u0148te se v po\u0159ad\u00ed o jeden krok dop\u0159edu a vsa\u010fte tuto \u010d\u00e1stku. Nap\u0159\u00edklad po proh\u0159e prvn\u00ed s\u00e1zky ve v\u00fd\u0161i 10 K\u010d vsad\u00edte znovu 10 K\u010d; pokud prohrajete, vsad\u00edte 20 K\u010d, pak 30 K\u010d, pak 50 K\u010d atd. <\/li>\n<li aria-level=\"1\">Po v\u00edt\u011bzstv\u00ed: P\u0159esu\u0148te se v po\u0159ad\u00ed o dva kroky zp\u011bt a vsadte tuto \u010d\u00e1stku. Pokud jste vyhr\u00e1li 50 K\u010d, va\u0161e dal\u0161\u00ed s\u00e1zka je 20 K\u010d. Pokud jste na za\u010d\u00e1tku sekvence, z\u016fsta\u0148te u minim\u00e1ln\u00ed s\u00e1zky.  <\/li>\n<li aria-level=\"1\">Pokra\u010dujte v tomto postupu v ka\u017ed\u00e9m kole.<\/li>\n<\/ul>\n<p>[\/vc_column_text][vc_column_text css=&#8220;&#8220;]<\/p>\n<h3 id=\"how-to-use-the-fibonacci-strategy-in-aviator\" class=\"mb-2 mt-6 text-lg font-[500] first:mt-0 dark:font-[475] [hr+&amp;]:mt-4\">Jak pou\u017e\u00edt Fibonacciho strategii ve h\u0159e Aviator<\/h3>\n<ul class=\"marker:text-textOff list-disc\">\n<li>\n<p class=\"my-0\">Za\u010dn\u011bte t\u00edm, \u017ee si vyberete z\u00e1kladn\u00ed s\u00e1zku (nap\u0159\u00edklad 10 K\u010d).<\/p>\n<\/li>\n<li>\n<p class=\"my-0\">Vsa\u010fte si p\u0159ed startem \u010derven\u00e9ho letadla a nastavte si n\u00e1sobitel automatick\u00e9 v\u00fdplaty (obvykle 2x nebo 3x, abyste byli konzistentn\u00ed).<\/p>\n<\/li>\n<li>\n<p class=\"my-0\"><strong>Pokud kolo prohrajete<\/strong>, p\u0159ejd\u011bte p\u0159i dal\u0161\u00ed s\u00e1zce na dal\u0161\u00ed \u010d\u00edslo Fibonacciho posloupnosti (1, 1, 2, 3, 5, 8, &#8230;).<\/p>\n<\/li>\n<li>\n<p class=\"my-0\"><strong>Pokud vyhrajete<\/strong>, posu\u0148te se pro dal\u0161\u00ed s\u00e1zku o dva kroky zp\u011bt v po\u0159ad\u00ed.<\/p>\n<\/li>\n<li>\n<p class=\"my-0\">Pokra\u010dujte v tomto postupu v ka\u017ed\u00e9m kole, p\u0159i\u010dem\u017e po proh\u0159e v\u017edy postupujte podle po\u0159ad\u00ed a po v\u00fdh\u0159e se vra\u0165te zp\u011bt.<\/p>\n<\/li>\n<li>\n<p class=\"my-0\">Tato metoda v\u00e1m pom\u016f\u017ee postupn\u011b z\u00edskat zp\u011bt ztr\u00e1ty a udr\u017eet si p\u0159i h\u0159e strukturu s\u00e1zek. <a href=\"https:\/\/casinocrashgames.com\/cs\/aviator\/\">Aviator<\/a>.<\/p>\n<\/li>\n<\/ul>\n<p>[\/vc_column_text][vc_column_text css=&#8220;&#8220;]<\/p>\n<h3 id=\"how-to-use-the-fibonacci-strategy-in-jetx\" class=\"mb-2 mt-6 text-lg font-[500] first:mt-0 dark:font-[475] [hr+&amp;]:mt-4\">Jak pou\u017e\u00edt Fibonacciho strategii v JetX<\/h3>\n<ul class=\"marker:text-textOff list-disc\">\n<li>\n<p class=\"my-0\">Zvolte si po\u010d\u00e1te\u010dn\u00ed s\u00e1zku (nap\u0159. 20 K\u010d) a nastavte si preferovan\u00fd n\u00e1sobitel v\u00fdplaty.<\/p>\n<\/li>\n<li>\n<p class=\"my-0\"><strong>Pokud kolo prohrajete<\/strong>, zvy\u0161te svou dal\u0161\u00ed s\u00e1zku na dal\u0161\u00ed \u010d\u00edslo Fibonacciho posloupnosti (2, 2, 4, 6, 10, &#8230;).<\/p>\n<\/li>\n<li>\n<p class=\"my-0\"><strong>Pokud vyhrajete<\/strong>, sn\u00ed\u017e\u00edte s\u00e1zku t\u00edm, \u017ee se v po\u0159ad\u00ed vr\u00e1t\u00edte o dva kroky zp\u011bt.<\/p>\n<\/li>\n<li>\n<p class=\"my-0\">Pro snadn\u011bj\u0161\u00ed sledov\u00e1n\u00ed a konzistenci pou\u017e\u00edvejte v\u017edy stejn\u00fd n\u00e1sobitel v\u00fdplaty.<\/p>\n<\/li>\n<li>\n<p class=\"my-0\">Tento cyklus opakujte v ka\u017ed\u00e9m kole hry <a href=\"https:\/\/casinocrashgames.com\/cs\/jetx\/\">JetX<\/a> a nechte Fibonacciho sekvenci nastavit velikosti s\u00e1zek.<\/p>\n<\/li>\n<\/ul>\n<p>[\/vc_column_text][vc_column_text css=&#8220;&#8220;]<\/p>\n<h3 id=\"how-to-use-the-fibonacci-strategy-in-crash-x\" class=\"mb-2 mt-6 text-lg font-[500] first:mt-0 dark:font-[475] [hr+&amp;]:mt-4\">Jak pou\u017e\u00edvat Fibonacciho strategii v Crash X<\/h3>\n<ul class=\"marker:text-textOff list-disc\">\n<li>\n<p class=\"my-0\">Zvolte si z\u00e1kladn\u00ed s\u00e1zkovou jednotku (nap\u0159\u00edklad 50 K\u010d).<\/p>\n<\/li>\n<li>\n<p class=\"my-0\">Uzav\u0159ete prvn\u00ed s\u00e1zku a nastavte si bod automatick\u00e9ho vyplacen\u00ed (nap\u0159\u00edklad 2x).<\/p>\n<\/li>\n<li>\n<p class=\"my-0\"><strong>Po proh\u0159e<\/strong> se p\u0159i dal\u0161\u00ed s\u00e1zce posu\u0148te vp\u0159ed podle Fibonacciho posloupnosti (5, 5, 10, 15, 25, &#8230;).<\/p>\n<\/li>\n<li>\n<p class=\"my-0\"><strong>Po ka\u017ed\u00e9 v\u00fdh\u0159e<\/strong> se pro dal\u0161\u00ed s\u00e1zku posu\u0148te o dva kroky zp\u011bt v po\u0159ad\u00ed.<\/p>\n<\/li>\n<li>\n<p class=\"my-0\">Tento postup opakujte v ka\u017ed\u00e9m kole, abyste mohli \u0159\u00eddit sv\u00e9 riziko a \u010dasem z\u00edskat zp\u011bt ztr\u00e1ty.<\/p>\n<\/li>\n<li>\n<p class=\"my-0\">Fibonacciho strategie je disciplinovan\u00fd zp\u016fsob, jak p\u0159i hran\u00ed <a href=\"https:\/\/casinocrashgames.com\/cs\/jetx\/\">CrashX<\/a> spravovat sv\u016fj bankroll, zejm\u00e9na b\u011bhem ztr\u00e1tov\u00fdch s\u00e9ri\u00ed.<\/p>\n<\/li>\n<\/ul>\n<p>[\/vc_column_text][vc_column_text css=&#8220;&#8220;]<\/p>\n<h4><em>Tipy<\/em><\/h4>\n<ul>\n<li aria-level=\"1\">Auto Cashout: Mnoho hr\u00e1\u010d\u016f si kv\u016fli konzistenci nastav\u00ed pevn\u00fd n\u00e1sobitel automatick\u00e9 v\u00fdplaty (nap\u0159. 2x).<\/li>\n<li aria-level=\"1\">\u0158\u00edzen\u00ed bankrollu: Fibonacciho strategie je m\u00e9n\u011b agresivn\u00ed ne\u017e strategie Martingale, ale dlouh\u00e9 s\u00e9rie proher mohou st\u00e1le v\u00e9st k vysok\u00fdm s\u00e1zk\u00e1m. Nastavte si limity, abyste se vyhnuli emoc\u00edm a snaze pokr\u00fdt vznikl\u00e9 ztr\u00e1ty. <\/li>\n<li aria-level=\"1\">Bezpe\u010dn\u011bj\u0161\u00ed postup: Proto\u017ee s\u00e1zky rostou pomaleji ne\u017e v p\u0159\u00edpad\u011b Martingale, je m\u00e9n\u011b pravd\u011bpodobn\u00e9, \u017ee rychle naraz\u00edte na limity stolu nebo bankrollu.<\/li>\n<li aria-level=\"1\">House Edge: Stejn\u011b jako v\u0161echny ostatn\u00ed s\u00e1zkov\u00e9 syst\u00e9my, ani Fibonacciho strategie nem\u011bn\u00ed z\u00e1kladn\u00ed kurzy ani v\u00fdhodu kasina p\u0159i s\u00e1zen\u00ed.<\/li>\n<\/ul>\n<p>[\/vc_column_text][vc_column_text css=&#8220;&#8220;]<\/p>\n<h2>V\u00fdhody a nev\u00fdhody<\/h2>\n<p><strong>Klady:<\/strong><\/p>\n<ul>\n<li aria-level=\"1\">Pomalej\u0161\u00ed postup s\u00e1zek ne\u017e u <a href=\"https:\/\/casinocrashgames.com\/cs\/strategie\/martingale\/\">strategie Martingale<\/a><\/li>\n<li aria-level=\"1\">Snadn\u011bj\u0161\u00ed a p\u0159ehledn\u011bj\u0161\u00ed spr\u00e1va bankrollu<\/li>\n<li aria-level=\"1\">M\u016f\u017ee pokr\u00fdt ztr\u00e1ty z men\u0161\u00edch po\u010dt\u016f v\u00fdher.<\/li>\n<\/ul>\n<p><strong>Nev\u00fdhody:<\/strong><\/p>\n<ul>\n<li aria-level=\"1\">Nezaru\u010duje zisk v dlouhodob\u00e9m horizontu<\/li>\n<li aria-level=\"1\">Dlouh\u00e9 s\u00e9rie proher mohou b\u00fdt velmi n\u00e1kladn\u00e9<\/li>\n<li aria-level=\"1\">Vy\u017eaduje discipl\u00ednu a striktn\u00ed dodr\u017eov\u00e1n\u00ed po\u0159ad\u00ed sekvence.<\/li>\n<\/ul>\n<p>[\/vc_column_text][vc_column_text css=&#8220;&#8220;]<\/p>\n<h2>Z\u00e1v\u011br<\/h2>\n<p>Fibonacciho strategie nab\u00edz\u00ed strukturovan\u00fd a m\u00e9n\u011b riskantn\u00ed zp\u016fsob s\u00e1zen\u00ed v Crash hr\u00e1ch. Pom\u00e1h\u00e1 kontrolovat ztr\u00e1ty a udr\u017eovat discipl\u00ednu, ale nep\u0159ekon\u00e1v\u00e1 v\u00fdhodu kasina (House Edge), ani nezaru\u010duje dlouhodob\u00fd zisk. Pou\u017e\u00edvejte ji jako n\u00e1stroj pro \u0159\u00edzen\u00ed hry, v\u017edy v r\u00e1mci sv\u00e9ho rozpo\u010dtu a limit\u016f.[\/vc_column_text][\/vc_column][\/vc_row]<\/p>\n<\/div>","protected":false},"excerpt":{"rendered":"<p>[vc_row full_width=&#8220;stretch_row&#8220; content_placement=&#8220;middle&#8220; css=&#8220;.vc_custom_1744576997054{margin-bottom: 50px !important;padding-top: 10% !important;padding-bottom: 5% !important;background: #1D0D4E url(https:\/\/casinocrashgames.com\/wp-content\/uploads\/2025\/04\/Background-Img.webp?id=219) !important;}&#8220;][vc_column width=&#8220;1\/2&#8243;][vc_single_image image=&#8220;745&#8243; img_size=&#8220;400&#8243; alignment=&#8220;center&#8220; css=&#8220;&#8220;][\/vc_column][vc_column width=&#8220;1\/2&#8243;][vc_column_text css=&#8220;&#8220;] [&hellip;]<\/p>\n","protected":false},"author":1,"featured_media":745,"parent":856,"menu_order":0,"comment_status":"closed","ping_status":"closed","template":"","meta":{"site-sidebar-layout":"no-sidebar","site-content-layout":"plain-container","ast-site-content-layout":"default","site-content-style":"default","site-sidebar-style":"default","ast-global-header-display":"","ast-banner-title-visibility":"","ast-main-header-display":"","ast-hfb-above-header-display":"","ast-hfb-below-header-display":"","ast-hfb-mobile-header-display":"","site-post-title":"disabled","ast-breadcrumbs-content":"","ast-featured-img":"disabled","footer-sml-layout":"","theme-transparent-header-meta":"default","adv-header-id-meta":"","stick-header-meta":"default","header-above-stick-meta":"","header-main-stick-meta":"","header-below-stick-meta":"","astra-migrate-meta-layouts":"default","ast-page-background-enabled":"default","ast-page-background-meta":{"desktop":{"background-color":"var(--ast-global-color-5)","background-image":"","background-repeat":"repeat","background-position":"center center","background-size":"auto","background-attachment":"scroll","background-type":"","background-media":"","overlay-type":"","overlay-color":"","overlay-opacity":"","overlay-gradient":""},"tablet":{"background-color":"","background-image":"","background-repeat":"repeat","background-position":"center center","background-size":"auto","background-attachment":"scroll","background-type":"","background-media":"","overlay-type":"","overlay-color":"","overlay-opacity":"","overlay-gradient":""},"mobile":{"background-color":"","background-image":"","background-repeat":"repeat","background-position":"center center","background-size":"auto","background-attachment":"scroll","background-type":"","background-media":"","overlay-type":"","overlay-color":"","overlay-opacity":"","overlay-gradient":""}},"ast-content-background-meta":{"desktop":{"background-color":"var(--ast-global-color-4)","background-image":"","background-repeat":"repeat","background-position":"center center","background-size":"auto","background-attachment":"scroll","background-type":"","background-media":"","overlay-type":"","overlay-color":"","overlay-opacity":"","overlay-gradient":""},"tablet":{"background-color":"var(--ast-global-color-4)","background-image":"","background-repeat":"repeat","background-position":"center center","background-size":"auto","background-attachment":"scroll","background-type":"","background-media":"","overlay-type":"","overlay-color":"","overlay-opacity":"","overlay-gradient":""},"mobile":{"background-color":"var(--ast-global-color-4)","background-image":"","background-repeat":"repeat","background-position":"center center","background-size":"auto","background-attachment":"scroll","background-type":"","background-media":"","overlay-type":"","overlay-color":"","overlay-opacity":"","overlay-gradient":""}},"footnotes":""},"class_list":["post-874","page","type-page","status-publish","has-post-thumbnail","hentry"],"yoast_head":"<!-- This site is optimized with the Yoast SEO plugin v25.2 - https:\/\/yoast.com\/wordpress\/plugins\/seo\/ -->\n<title>Fibonacciho - Casino Crash Games<\/title>\n<meta name=\"description\" content=\"Objevte Fibonacciho strategii pro crash hry. Nau\u010dte se pou\u017e\u00edvat tento s\u00e1zkov\u00fd syst\u00e9m na Aviator, JetX a Crash X. S\u00e1zejte chyt\u0159eji!\" \/>\n<meta name=\"robots\" content=\"index, follow, max-snippet:-1, max-image-preview:large, max-video-preview:-1\" \/>\n<link rel=\"canonical\" href=\"https:\/\/casinocrashgames.com\/cs\/strategie\/fibonacciho\/\" \/>\n<meta property=\"og:locale\" content=\"cs_CZ\" \/>\n<meta property=\"og:type\" content=\"article\" \/>\n<meta property=\"og:title\" content=\"Fibonacciho - Casino Crash Games\" \/>\n<meta property=\"og:description\" content=\"Objevte Fibonacciho strategii pro crash hry. Nau\u010dte se pou\u017e\u00edvat tento s\u00e1zkov\u00fd syst\u00e9m na Aviator, JetX a Crash X. S\u00e1zejte chyt\u0159eji!\" \/>\n<meta property=\"og:url\" content=\"https:\/\/casinocrashgames.com\/cs\/strategie\/fibonacciho\/\" \/>\n<meta property=\"og:site_name\" content=\"Casino Crash Games\" \/>\n<meta property=\"article:modified_time\" content=\"2025-06-20T06:47:20+00:00\" \/>\n<meta property=\"og:image\" content=\"https:\/\/casinocrashgames.com\/wp-content\/uploads\/2025\/05\/Fibonacci-Strategy.webp\" \/>\n\t<meta property=\"og:image:width\" content=\"400\" \/>\n\t<meta property=\"og:image:height\" content=\"400\" \/>\n\t<meta property=\"og:image:type\" content=\"image\/webp\" \/>\n<meta name=\"twitter:card\" content=\"summary_large_image\" \/>\n<meta name=\"twitter:label1\" content=\"Odhadovan\u00e1 doba \u010dten\u00ed\" \/>\n\t<meta name=\"twitter:data1\" content=\"5 minut\" \/>\n<script type=\"application\/ld+json\" class=\"yoast-schema-graph\">{\"@context\":\"https:\/\/schema.org\",\"@graph\":[{\"@type\":\"WebPage\",\"@id\":\"https:\/\/casinocrashgames.com\/cs\/strategie\/fibonacciho\/\",\"url\":\"https:\/\/casinocrashgames.com\/cs\/strategie\/fibonacciho\/\",\"name\":\"Fibonacciho - Casino Crash Games\",\"isPartOf\":{\"@id\":\"https:\/\/casinocrashgames.com\/cs\/#website\"},\"primaryImageOfPage\":{\"@id\":\"https:\/\/casinocrashgames.com\/cs\/strategie\/fibonacciho\/#primaryimage\"},\"image\":{\"@id\":\"https:\/\/casinocrashgames.com\/cs\/strategie\/fibonacciho\/#primaryimage\"},\"thumbnailUrl\":\"https:\/\/casinocrashgames.com\/wp-content\/uploads\/2025\/05\/Fibonacci-Strategy.webp\",\"datePublished\":\"2025-02-06T13:13:29+00:00\",\"dateModified\":\"2025-06-20T06:47:20+00:00\",\"description\":\"Objevte Fibonacciho strategii pro crash hry. Nau\u010dte se pou\u017e\u00edvat tento s\u00e1zkov\u00fd syst\u00e9m na Aviator, JetX a Crash X. S\u00e1zejte chyt\u0159eji!\",\"breadcrumb\":{\"@id\":\"https:\/\/casinocrashgames.com\/cs\/strategie\/fibonacciho\/#breadcrumb\"},\"inLanguage\":\"cs\",\"potentialAction\":[{\"@type\":\"ReadAction\",\"target\":[\"https:\/\/casinocrashgames.com\/cs\/strategie\/fibonacciho\/\"]}]},{\"@type\":\"ImageObject\",\"inLanguage\":\"cs\",\"@id\":\"https:\/\/casinocrashgames.com\/cs\/strategie\/fibonacciho\/#primaryimage\",\"url\":\"https:\/\/casinocrashgames.com\/wp-content\/uploads\/2025\/05\/Fibonacci-Strategy.webp\",\"contentUrl\":\"https:\/\/casinocrashgames.com\/wp-content\/uploads\/2025\/05\/Fibonacci-Strategy.webp\",\"width\":400,\"height\":400,\"caption\":\"Fibonacci Strategy\"},{\"@type\":\"BreadcrumbList\",\"@id\":\"https:\/\/casinocrashgames.com\/cs\/strategie\/fibonacciho\/#breadcrumb\",\"itemListElement\":[{\"@type\":\"ListItem\",\"position\":1,\"name\":\"Home\",\"item\":\"https:\/\/casinocrashgames.com\/cs\/casino-crash-games\/\"},{\"@type\":\"ListItem\",\"position\":2,\"name\":\"Strategie\",\"item\":\"https:\/\/casinocrashgames.com\/cs\/strategie\/\"},{\"@type\":\"ListItem\",\"position\":3,\"name\":\"Fibonacciho\"}]},{\"@type\":\"WebSite\",\"@id\":\"https:\/\/casinocrashgames.com\/cs\/#website\",\"url\":\"https:\/\/casinocrashgames.com\/cs\/\",\"name\":\"Casino Crash Games\",\"description\":\"CASH BEFORE YOU CRASH\",\"publisher\":{\"@id\":\"https:\/\/casinocrashgames.com\/cs\/#organization\"},\"potentialAction\":[{\"@type\":\"SearchAction\",\"target\":{\"@type\":\"EntryPoint\",\"urlTemplate\":\"https:\/\/casinocrashgames.com\/cs\/?s={search_term_string}\"},\"query-input\":{\"@type\":\"PropertyValueSpecification\",\"valueRequired\":true,\"valueName\":\"search_term_string\"}}],\"inLanguage\":\"cs\"},{\"@type\":\"Organization\",\"@id\":\"https:\/\/casinocrashgames.com\/cs\/#organization\",\"name\":\"Casino Crash Games\",\"url\":\"https:\/\/casinocrashgames.com\/cs\/\",\"logo\":{\"@type\":\"ImageObject\",\"inLanguage\":\"cs\",\"@id\":\"https:\/\/casinocrashgames.com\/cs\/#\/schema\/logo\/image\/\",\"url\":\"https:\/\/casinocrashgames.com\/wp-content\/uploads\/2025\/03\/cropped-Casino-Crash-Games-Logo-.webp\",\"contentUrl\":\"https:\/\/casinocrashgames.com\/wp-content\/uploads\/2025\/03\/cropped-Casino-Crash-Games-Logo-.webp\",\"width\":1045,\"height\":606,\"caption\":\"Casino Crash Games\"},\"image\":{\"@id\":\"https:\/\/casinocrashgames.com\/cs\/#\/schema\/logo\/image\/\"}}]}<\/script>\n<!-- \/ Yoast SEO plugin. -->","yoast_head_json":{"title":"Fibonacciho - Casino Crash Games","description":"Objevte Fibonacciho strategii pro crash hry. Nau\u010dte se pou\u017e\u00edvat tento s\u00e1zkov\u00fd syst\u00e9m na Aviator, JetX a Crash X. S\u00e1zejte chyt\u0159eji!","robots":{"index":"index","follow":"follow","max-snippet":"max-snippet:-1","max-image-preview":"max-image-preview:large","max-video-preview":"max-video-preview:-1"},"canonical":"https:\/\/casinocrashgames.com\/cs\/strategie\/fibonacciho\/","og_locale":"cs_CZ","og_type":"article","og_title":"Fibonacciho - Casino Crash Games","og_description":"Objevte Fibonacciho strategii pro crash hry. Nau\u010dte se pou\u017e\u00edvat tento s\u00e1zkov\u00fd syst\u00e9m na Aviator, JetX a Crash X. S\u00e1zejte chyt\u0159eji!","og_url":"https:\/\/casinocrashgames.com\/cs\/strategie\/fibonacciho\/","og_site_name":"Casino Crash Games","article_modified_time":"2025-06-20T06:47:20+00:00","og_image":[{"width":400,"height":400,"url":"https:\/\/casinocrashgames.com\/wp-content\/uploads\/2025\/05\/Fibonacci-Strategy.webp","type":"image\/webp"}],"twitter_card":"summary_large_image","twitter_misc":{"Odhadovan\u00e1 doba \u010dten\u00ed":"5 minut"},"schema":{"@context":"https:\/\/schema.org","@graph":[{"@type":"WebPage","@id":"https:\/\/casinocrashgames.com\/cs\/strategie\/fibonacciho\/","url":"https:\/\/casinocrashgames.com\/cs\/strategie\/fibonacciho\/","name":"Fibonacciho - Casino Crash Games","isPartOf":{"@id":"https:\/\/casinocrashgames.com\/cs\/#website"},"primaryImageOfPage":{"@id":"https:\/\/casinocrashgames.com\/cs\/strategie\/fibonacciho\/#primaryimage"},"image":{"@id":"https:\/\/casinocrashgames.com\/cs\/strategie\/fibonacciho\/#primaryimage"},"thumbnailUrl":"https:\/\/casinocrashgames.com\/wp-content\/uploads\/2025\/05\/Fibonacci-Strategy.webp","datePublished":"2025-02-06T13:13:29+00:00","dateModified":"2025-06-20T06:47:20+00:00","description":"Objevte Fibonacciho strategii pro crash hry. Nau\u010dte se pou\u017e\u00edvat tento s\u00e1zkov\u00fd syst\u00e9m na Aviator, JetX a Crash X. S\u00e1zejte chyt\u0159eji!","breadcrumb":{"@id":"https:\/\/casinocrashgames.com\/cs\/strategie\/fibonacciho\/#breadcrumb"},"inLanguage":"cs","potentialAction":[{"@type":"ReadAction","target":["https:\/\/casinocrashgames.com\/cs\/strategie\/fibonacciho\/"]}]},{"@type":"ImageObject","inLanguage":"cs","@id":"https:\/\/casinocrashgames.com\/cs\/strategie\/fibonacciho\/#primaryimage","url":"https:\/\/casinocrashgames.com\/wp-content\/uploads\/2025\/05\/Fibonacci-Strategy.webp","contentUrl":"https:\/\/casinocrashgames.com\/wp-content\/uploads\/2025\/05\/Fibonacci-Strategy.webp","width":400,"height":400,"caption":"Fibonacci Strategy"},{"@type":"BreadcrumbList","@id":"https:\/\/casinocrashgames.com\/cs\/strategie\/fibonacciho\/#breadcrumb","itemListElement":[{"@type":"ListItem","position":1,"name":"Home","item":"https:\/\/casinocrashgames.com\/cs\/casino-crash-games\/"},{"@type":"ListItem","position":2,"name":"Strategie","item":"https:\/\/casinocrashgames.com\/cs\/strategie\/"},{"@type":"ListItem","position":3,"name":"Fibonacciho"}]},{"@type":"WebSite","@id":"https:\/\/casinocrashgames.com\/cs\/#website","url":"https:\/\/casinocrashgames.com\/cs\/","name":"Casino Crash Games","description":"CASH BEFORE YOU CRASH","publisher":{"@id":"https:\/\/casinocrashgames.com\/cs\/#organization"},"potentialAction":[{"@type":"SearchAction","target":{"@type":"EntryPoint","urlTemplate":"https:\/\/casinocrashgames.com\/cs\/?s={search_term_string}"},"query-input":{"@type":"PropertyValueSpecification","valueRequired":true,"valueName":"search_term_string"}}],"inLanguage":"cs"},{"@type":"Organization","@id":"https:\/\/casinocrashgames.com\/cs\/#organization","name":"Casino Crash Games","url":"https:\/\/casinocrashgames.com\/cs\/","logo":{"@type":"ImageObject","inLanguage":"cs","@id":"https:\/\/casinocrashgames.com\/cs\/#\/schema\/logo\/image\/","url":"https:\/\/casinocrashgames.com\/wp-content\/uploads\/2025\/03\/cropped-Casino-Crash-Games-Logo-.webp","contentUrl":"https:\/\/casinocrashgames.com\/wp-content\/uploads\/2025\/03\/cropped-Casino-Crash-Games-Logo-.webp","width":1045,"height":606,"caption":"Casino Crash Games"},"image":{"@id":"https:\/\/casinocrashgames.com\/cs\/#\/schema\/logo\/image\/"}}]}},"_links":{"self":[{"href":"https:\/\/casinocrashgames.com\/cs\/wp-json\/wp\/v2\/pages\/874","targetHints":{"allow":["GET"]}}],"collection":[{"href":"https:\/\/casinocrashgames.com\/cs\/wp-json\/wp\/v2\/pages"}],"about":[{"href":"https:\/\/casinocrashgames.com\/cs\/wp-json\/wp\/v2\/types\/page"}],"author":[{"embeddable":true,"href":"https:\/\/casinocrashgames.com\/cs\/wp-json\/wp\/v2\/users\/1"}],"replies":[{"embeddable":true,"href":"https:\/\/casinocrashgames.com\/cs\/wp-json\/wp\/v2\/comments?post=874"}],"version-history":[{"count":17,"href":"https:\/\/casinocrashgames.com\/cs\/wp-json\/wp\/v2\/pages\/874\/revisions"}],"predecessor-version":[{"id":1195,"href":"https:\/\/casinocrashgames.com\/cs\/wp-json\/wp\/v2\/pages\/874\/revisions\/1195"}],"up":[{"embeddable":true,"href":"https:\/\/casinocrashgames.com\/cs\/wp-json\/wp\/v2\/pages\/856"}],"wp:featuredmedia":[{"embeddable":true,"href":"https:\/\/casinocrashgames.com\/cs\/wp-json\/wp\/v2\/media\/745"}],"wp:attachment":[{"href":"https:\/\/casinocrashgames.com\/cs\/wp-json\/wp\/v2\/media?parent=874"}],"curies":[{"name":"wp","href":"https:\/\/api.w.org\/{rel}","templated":true}]}}