{"id":856,"date":"2025-02-06T13:12:46","date_gmt":"2025-02-06T13:12:46","guid":{"rendered":"https:\/\/casinocrashgames.com\/strategie\/"},"modified":"2025-06-19T11:37:16","modified_gmt":"2025-06-19T11:37:16","slug":"strategie","status":"publish","type":"page","link":"https:\/\/casinocrashgames.com\/cs\/strategie\/","title":{"rendered":"Strategie"},"content":{"rendered":"<div class=\"wpb-content-wrapper\"><p>[vc_row full_width=&#8220;stretch_row&#8220; content_placement=&#8220;middle&#8220; css=&#8220;.vc_custom_1744576997054{margin-bottom: 50px !important;padding-top: 10% !important;padding-bottom: 5% !important;background: #1D0D4E url(https:\/\/casinocrashgames.com\/wp-content\/uploads\/2025\/04\/Background-Img.webp?id=219) !important;}&#8220;][vc_column width=&#8220;1\/2&#8243;][vc_single_image image=&#8220;570&#8243; img_size=&#8220;400&#8243; alignment=&#8220;center&#8220; css=&#8220;&#8220;][\/vc_column][vc_column width=&#8220;1\/2&#8243;][vc_column_text css=&#8220;&#8220;]<\/p>\n<h1><span style=\"color: #fcc500;\">Natr\u00e9nujte si strategie v Crash hr\u00e1ch<\/span><\/h1>\n<p><span style=\"color: #ffffff;\">Ve hr\u00e1ch typu crash sice hraje roli \u0161t\u011bst\u00ed, ale chytr\u00e9 strategie umo\u017e\u0148uj\u00ed kontrolu. Nau\u010dte se, jak spravovat sv\u016fj bankroll, minimalizovat riziko a p\u0159\u00edpadn\u011b prodlou\u017eit dobu hran\u00ed. Prozkoumejte obl\u00edben\u00e9 techniky, kter\u00e9 v\u00e1m pomohou p\u0159ij\u00edmat informovan\u00e1 rozhodnut\u00ed o s\u00e1zen\u00ed.  <\/span>[\/vc_column_text][\/vc_column][\/vc_row][vc_section][vc_row][vc_column][vc_column_text css=&#8220;&#8220;]<\/p>\n<h2 data-sourcepos=\"9:1-9:40\"><strong>Porozum\u011bn\u00ed strategi\u00edm:<\/strong><\/h2>\n<p data-sourcepos=\"11:1-11:301\">Strategie v Crash hr\u00e1ch nejsou o zaru\u010den\u00ed v\u00fdhry, ale sp\u00ed\u0161e o \u0159\u00edzen\u00ed s\u00e1zek, pochopen\u00ed kurz\u016f a promy\u0161len\u00fdch rozhodnut\u00edch. C\u00edlem je maximalizovat hern\u00ed dobu a potenci\u00e1ln\u011b zv\u00fd\u0161it celkov\u00fd zisk p\u0159i minimalizaci ztr\u00e1t. <\/p>\n<p>[\/vc_column_text][\/vc_column][\/vc_row][vc_row][vc_column][vc_column_text css=&#8220;&#8220;]<\/p>\n<h2 data-sourcepos=\"9:1-9:34\"><strong>Obl\u00edben\u00e9 strategie Crash Game <\/strong><\/h2>\n<p>[\/vc_column_text][\/vc_column][\/vc_row][vc_row css=&#8220;.vc_custom_1743991589675{margin-bottom: 25px !important;}&#8220;][vc_column][vc_column_text css=&#8220;.vc_custom_1743991754523{margin-bottom: 15px !important;}&#8220;]<\/p>\n<h3>Strategie Martingale<\/h3>\n<p>Strategie Martingale, vysoce rizikov\u00e1 vs. v\u00fdnosn\u00e1, spo\u010d\u00edv\u00e1 ve zdvojn\u00e1soben\u00ed s\u00e1zky po ka\u017ed\u00e9 proh\u0159e s c\u00edlem z\u00edskat zp\u011bt v\u0161echny p\u0159edchoz\u00ed ztr\u00e1ty; a po v\u00fdh\u0159e dos\u00e1hnout zisku ve v\u00fd\u0161i p\u016fvodn\u00ed s\u00e1zky. I kdy\u017e je tato strategie potenci\u00e1ln\u011b lukrativn\u00ed, vy\u017eaduje zna\u010dn\u00fd finan\u010dn\u00ed obnos a pevn\u00e9 nervy, abyste vydr\u017eeli p\u0159\u00edpadn\u00e9 s\u00e9rie proher. Prozkoumejte slo\u017eitost syst\u00e9mu Martingale a pochopte jeho rizika a v\u00fdnosy.  <\/p>\n<p><strong>P\u0159e\u010dt\u011bte si v\u00edce o strategii Martingale a jej\u00edch vysok\u00fdch s\u00e1zk\u00e1ch.<\/strong>[\/vc_column_text][vc_btn title=&#8220;Strategie Martingale&#8220; color=&#8220;warning&#8220; css=&#8220;.vc_custom_1745481964442{padding-top: 5px !important;}&#8220; link=&#8220;url:https%3A%2F%2Fcasinocrashgames.com%2Fcs%2Fstrategie%2Fmartingale%2F|title:Strategie%20Martingale|&#8220;][\/vc_column][\/vc_row][vc_row css=&#8220;.vc_custom_1743991589675{margin-bottom: 25px !important;}&#8220;][vc_column][vc_column_text css=&#8220;.vc_custom_1743991748029{margin-bottom: 15px !important;}&#8220;]<\/p>\n<h3>Fibonacciho strategie<\/h3>\n<p>Strategie Fibonacci, kter\u00e1 nab\u00edz\u00ed m\u00e9n\u011b agresivn\u00ed postup s\u00e1zen\u00ed ne\u017e strategie Martingale, vyu\u017e\u00edv\u00e1 Fibonacciho posloupnost k postupn\u00e9mu zvy\u0161ov\u00e1n\u00ed s\u00e1zek po prohr\u00e1ch a jejich sni\u017eov\u00e1n\u00ed po v\u00fdhr\u00e1ch. Tato metoda se sna\u017e\u00ed o kontrolovan\u011bj\u0161\u00ed p\u0159\u00edstup ke spr\u00e1v\u011b bankrollu a o vyv\u00e1\u017een\u00ed rizika a potenci\u00e1ln\u00ed odm\u011bny. Odhalte tajemstv\u00ed Fibonacciho posloupnosti a zjist\u011bte, jak ji lze aplikovat na hry typu crash.  <\/p>\n<p><strong>Dal\u0161\u00ed informace o Fibonacciho strategii a jej\u00edm vyv\u00e1\u017een\u00e9m p\u0159\u00edstupu.<\/strong>[\/vc_column_text][vc_btn title=&#8220;Fibonacciho strategie&#8220; color=&#8220;warning&#8220; css=&#8220;.vc_custom_1745481945615{padding-top: 5px !important;}&#8220; link=&#8220;url:https%3A%2F%2Fcasinocrashgames.com%2Fcs%2Fstrategie%2Ffibonacciho%2F|title:Fibonacciho%20strategie|&#8220;][\/vc_column][\/vc_row][vc_row css=&#8220;.vc_custom_1743991589675{margin-bottom: 25px !important;}&#8220;][vc_column][vc_column_text css=&#8220;.vc_custom_1749039496713{margin-bottom: 15px !important;}&#8220;]<\/p>\n<h3>Strategie n\u00edzk\u00e9ho multiplik\u00e1toru<\/h3>\n<p>Tato konzervativn\u00ed strategie se zam\u011b\u0159uje na \u010dast\u00e9, ale men\u0161\u00ed v\u00fdhry, kter\u00e9 se vyb\u00edraj\u00ed s n\u00edzk\u00fdmi n\u00e1sobky, a sna\u017e\u00ed se tak postupn\u011b vytv\u00e1\u0159et zisk. Nab\u00edz\u00ed sice vy\u0161\u0161\u00ed pravd\u011bpodobnost v\u00fdhry v ka\u017ed\u00e9m kole, ale m\u016f\u017ee b\u00fdt n\u00e1chyln\u00e1 k s\u00e9ri\u00edm proher, kter\u00e9 sni\u017euj\u00ed nahromad\u011bn\u00e9 zisky. P\u0159e\u010dt\u011bte si, jak vyladit p\u0159\u00edstup s n\u00edzk\u00fdm n\u00e1sobitelem a zm\u00edrnit potenci\u00e1ln\u00ed rizika.[\/vc_column_text][\/vc_column][\/vc_row][vc_row css=&#8220;.vc_custom_1743991589675{margin-bottom: 25px !important;}&#8220;][vc_column][vc_column_text css=&#8220;.vc_custom_1749039501081{margin-bottom: 15px !important;}&#8220;]<\/p>\n<h3>Strategie s vysok\u00fdm n\u00e1sobitelem<\/h3>\n<p>Pro hr\u00e1\u010de, kte\u0159\u00ed si potrp\u00ed na vysok\u00e9 s\u00e1zky, tato strategie zahrnuje \u010dek\u00e1n\u00ed na v\u00fdrazn\u011b vy\u0161\u0161\u00ed n\u00e1sobky p\u0159ed vyplacen\u00edm pen\u011bz a akceptov\u00e1n\u00ed \u010dast\u011bj\u0161\u00edch proher za mo\u017enost vysok\u00fdch v\u00fdplat z jednotliv\u00fdch v\u00fdhern\u00edch kol. Tento p\u0159\u00edstup vy\u017eaduje trp\u011blivost a toleranci k vysok\u00e9mu riziku. Prozkoumejte vzru\u0161en\u00ed z vysok\u00fdch n\u00e1sobitel\u016f a uv\u011bdomte si s t\u00edm spojen\u00e1 rizika.[\/vc_column_text][\/vc_column][\/vc_row][vc_row css=&#8220;.vc_custom_1743991589675{margin-bottom: 25px !important;}&#8220;][vc_column][vc_column_text css=&#8220;.vc_custom_1749039506033{margin-bottom: 15px !important;}&#8220;]<\/p>\n<h3>Vyv\u00e1\u017een\u00e1 strategie<\/h3>\n<p>Tato strategie kombinuje prvky n\u00edzk\u00fdch a vysok\u00fdch n\u00e1sobitel\u016f, p\u0159i\u010dem\u017e z\u00e1kladn\u00ed automatick\u00e9 vyplacen\u00ed pen\u011bz je nastaveno na m\u00edrnou \u00farove\u0148 a ob\u010das se riskuje vy\u0161\u0161\u00ed n\u00e1sobitel. Jej\u00edm c\u00edlem je vyv\u00e1\u017eit konzistentn\u00ed v\u00fdhry s potenci\u00e1lem vy\u0161\u0161\u00edch v\u00fdplat a nab\u00eddnout univerz\u00e1ln\u00ed p\u0159\u00edstup k s\u00e1zen\u00ed na crash hry. Nau\u010dte se, jak si vytvo\u0159it vyv\u00e1\u017eenou strategii, kter\u00e1 bude vyhovovat va\u0161emu hern\u00edmu stylu.[\/vc_column_text][\/vc_column][\/vc_row][\/vc_section]<\/p>\n<\/div>","protected":false},"excerpt":{"rendered":"<p>[vc_row full_width=&#8220;stretch_row&#8220; content_placement=&#8220;middle&#8220; css=&#8220;.vc_custom_1744576997054{margin-bottom: 50px !important;padding-top: 10% !important;padding-bottom: 5% !important;background: #1D0D4E url(https:\/\/casinocrashgames.com\/wp-content\/uploads\/2025\/04\/Background-Img.webp?id=219) !important;}&#8220;][vc_column width=&#8220;1\/2&#8243;][vc_single_image image=&#8220;570&#8243; img_size=&#8220;400&#8243; alignment=&#8220;center&#8220; css=&#8220;&#8220;][\/vc_column][vc_column width=&#8220;1\/2&#8243;][vc_column_text css=&#8220;&#8220;] [&hellip;]<\/p>\n","protected":false},"author":1,"featured_media":570,"parent":0,"menu_order":0,"comment_status":"closed","ping_status":"closed","template":"","meta":{"site-sidebar-layout":"default","site-content-layout":"plain-container","ast-site-content-layout":"default","site-content-style":"default","site-sidebar-style":"default","ast-global-header-display":"","ast-banner-title-visibility":"","ast-main-header-display":"","ast-hfb-above-header-display":"","ast-hfb-below-header-display":"","ast-hfb-mobile-header-display":"","site-post-title":"disabled","ast-breadcrumbs-content":"","ast-featured-img":"disabled","footer-sml-layout":"","theme-transparent-header-meta":"default","adv-header-id-meta":"","stick-header-meta":"default","header-above-stick-meta":"","header-main-stick-meta":"","header-below-stick-meta":"","astra-migrate-meta-layouts":"default","ast-page-background-enabled":"default","ast-page-background-meta":{"desktop":{"background-color":"var(--ast-global-color-5)","background-image":"","background-repeat":"repeat","background-position":"center center","background-size":"auto","background-attachment":"scroll","background-type":"","background-media":"","overlay-type":"","overlay-color":"","overlay-opacity":"","overlay-gradient":""},"tablet":{"background-color":"","background-image":"","background-repeat":"repeat","background-position":"center center","background-size":"auto","background-attachment":"scroll","background-type":"","background-media":"","overlay-type":"","overlay-color":"","overlay-opacity":"","overlay-gradient":""},"mobile":{"background-color":"","background-image":"","background-repeat":"repeat","background-position":"center center","background-size":"auto","background-attachment":"scroll","background-type":"","background-media":"","overlay-type":"","overlay-color":"","overlay-opacity":"","overlay-gradient":""}},"ast-content-background-meta":{"desktop":{"background-color":"var(--ast-global-color-4)","background-image":"","background-repeat":"repeat","background-position":"center center","background-size":"auto","background-attachment":"scroll","background-type":"","background-media":"","overlay-type":"","overlay-color":"","overlay-opacity":"","overlay-gradient":""},"tablet":{"background-color":"var(--ast-global-color-4)","background-image":"","background-repeat":"repeat","background-position":"center center","background-size":"auto","background-attachment":"scroll","background-type":"","background-media":"","overlay-type":"","overlay-color":"","overlay-opacity":"","overlay-gradient":""},"mobile":{"background-color":"var(--ast-global-color-4)","background-image":"","background-repeat":"repeat","background-position":"center center","background-size":"auto","background-attachment":"scroll","background-type":"","background-media":"","overlay-type":"","overlay-color":"","overlay-opacity":"","overlay-gradient":""}},"footnotes":""},"class_list":["post-856","page","type-page","status-publish","has-post-thumbnail","hentry"],"yoast_head":"<!-- This site is optimized with the Yoast SEO plugin v25.2 - https:\/\/yoast.com\/wordpress\/plugins\/seo\/ -->\n<title>Nejlep\u0161\u00ed strategie Crash Game her | Tipy, jak vyhr\u00e1t v\u00edce<\/title>\n<meta name=\"description\" content=\"Najd\u011bte \u00fa\u010dinn\u00e9 strategie v Crash Game hr\u00e1ch, a zlep\u0161ete va\u0161i hru. Prozkoumejte taktiky jako Martingale, Fibonacci a \u0159\u00edzen\u00ed bankrollu s na\u0161\u00edm pr\u016fvodcem Strategie.\" \/>\n<meta name=\"robots\" content=\"index, follow, max-snippet:-1, max-image-preview:large, max-video-preview:-1\" \/>\n<link rel=\"canonical\" href=\"https:\/\/casinocrashgames.com\/cs\/strategie\/\" \/>\n<meta property=\"og:locale\" content=\"cs_CZ\" \/>\n<meta property=\"og:type\" content=\"article\" \/>\n<meta property=\"og:title\" content=\"Nejlep\u0161\u00ed strategie Crash Game her | Tipy, jak vyhr\u00e1t v\u00edce\" \/>\n<meta property=\"og:description\" content=\"Najd\u011bte \u00fa\u010dinn\u00e9 strategie v Crash Game hr\u00e1ch, a zlep\u0161ete va\u0161i hru. Prozkoumejte taktiky jako Martingale, Fibonacci a \u0159\u00edzen\u00ed bankrollu s na\u0161\u00edm pr\u016fvodcem Strategie.\" \/>\n<meta property=\"og:url\" content=\"https:\/\/casinocrashgames.com\/cs\/strategie\/\" \/>\n<meta property=\"og:site_name\" content=\"Casino Crash Games\" \/>\n<meta property=\"article:modified_time\" content=\"2025-06-19T11:37:16+00:00\" \/>\n<meta property=\"og:image\" content=\"https:\/\/casinocrashgames.com\/wp-content\/uploads\/2025\/04\/Casino-Crash-Games-Strategies.webp\" \/>\n\t<meta property=\"og:image:width\" content=\"400\" \/>\n\t<meta property=\"og:image:height\" content=\"400\" \/>\n\t<meta property=\"og:image:type\" content=\"image\/webp\" \/>\n<meta name=\"twitter:card\" content=\"summary_large_image\" \/>\n<meta name=\"twitter:label1\" content=\"Odhadovan\u00e1 doba \u010dten\u00ed\" \/>\n\t<meta name=\"twitter:data1\" content=\"4 minuty\" \/>\n<script type=\"application\/ld+json\" class=\"yoast-schema-graph\">{\"@context\":\"https:\/\/schema.org\",\"@graph\":[{\"@type\":\"WebPage\",\"@id\":\"https:\/\/casinocrashgames.com\/cs\/strategie\/\",\"url\":\"https:\/\/casinocrashgames.com\/cs\/strategie\/\",\"name\":\"Nejlep\u0161\u00ed strategie Crash Game her | Tipy, jak vyhr\u00e1t v\u00edce\",\"isPartOf\":{\"@id\":\"https:\/\/casinocrashgames.com\/cs\/#website\"},\"primaryImageOfPage\":{\"@id\":\"https:\/\/casinocrashgames.com\/cs\/strategie\/#primaryimage\"},\"image\":{\"@id\":\"https:\/\/casinocrashgames.com\/cs\/strategie\/#primaryimage\"},\"thumbnailUrl\":\"https:\/\/casinocrashgames.com\/wp-content\/uploads\/2025\/04\/Casino-Crash-Games-Strategies.webp\",\"datePublished\":\"2025-02-06T13:12:46+00:00\",\"dateModified\":\"2025-06-19T11:37:16+00:00\",\"description\":\"Najd\u011bte \u00fa\u010dinn\u00e9 strategie v Crash Game hr\u00e1ch, a zlep\u0161ete va\u0161i hru. Prozkoumejte taktiky jako Martingale, Fibonacci a \u0159\u00edzen\u00ed bankrollu s na\u0161\u00edm pr\u016fvodcem Strategie.\",\"breadcrumb\":{\"@id\":\"https:\/\/casinocrashgames.com\/cs\/strategie\/#breadcrumb\"},\"inLanguage\":\"cs\",\"potentialAction\":[{\"@type\":\"ReadAction\",\"target\":[\"https:\/\/casinocrashgames.com\/cs\/strategie\/\"]}]},{\"@type\":\"ImageObject\",\"inLanguage\":\"cs\",\"@id\":\"https:\/\/casinocrashgames.com\/cs\/strategie\/#primaryimage\",\"url\":\"https:\/\/casinocrashgames.com\/wp-content\/uploads\/2025\/04\/Casino-Crash-Games-Strategies.webp\",\"contentUrl\":\"https:\/\/casinocrashgames.com\/wp-content\/uploads\/2025\/04\/Casino-Crash-Games-Strategies.webp\",\"width\":400,\"height\":400,\"caption\":\"Casino Crash Games - Strategies\"},{\"@type\":\"BreadcrumbList\",\"@id\":\"https:\/\/casinocrashgames.com\/cs\/strategie\/#breadcrumb\",\"itemListElement\":[{\"@type\":\"ListItem\",\"position\":1,\"name\":\"Home\",\"item\":\"https:\/\/casinocrashgames.com\/cs\/casino-crash-games\/\"},{\"@type\":\"ListItem\",\"position\":2,\"name\":\"Strategie\"}]},{\"@type\":\"WebSite\",\"@id\":\"https:\/\/casinocrashgames.com\/cs\/#website\",\"url\":\"https:\/\/casinocrashgames.com\/cs\/\",\"name\":\"Casino Crash Games\",\"description\":\"CASH BEFORE YOU CRASH\",\"publisher\":{\"@id\":\"https:\/\/casinocrashgames.com\/cs\/#organization\"},\"potentialAction\":[{\"@type\":\"SearchAction\",\"target\":{\"@type\":\"EntryPoint\",\"urlTemplate\":\"https:\/\/casinocrashgames.com\/cs\/?s={search_term_string}\"},\"query-input\":{\"@type\":\"PropertyValueSpecification\",\"valueRequired\":true,\"valueName\":\"search_term_string\"}}],\"inLanguage\":\"cs\"},{\"@type\":\"Organization\",\"@id\":\"https:\/\/casinocrashgames.com\/cs\/#organization\",\"name\":\"Casino Crash Games\",\"url\":\"https:\/\/casinocrashgames.com\/cs\/\",\"logo\":{\"@type\":\"ImageObject\",\"inLanguage\":\"cs\",\"@id\":\"https:\/\/casinocrashgames.com\/cs\/#\/schema\/logo\/image\/\",\"url\":\"https:\/\/casinocrashgames.com\/wp-content\/uploads\/2025\/03\/cropped-Casino-Crash-Games-Logo-.webp\",\"contentUrl\":\"https:\/\/casinocrashgames.com\/wp-content\/uploads\/2025\/03\/cropped-Casino-Crash-Games-Logo-.webp\",\"width\":1045,\"height\":606,\"caption\":\"Casino Crash Games\"},\"image\":{\"@id\":\"https:\/\/casinocrashgames.com\/cs\/#\/schema\/logo\/image\/\"}}]}<\/script>\n<!-- \/ Yoast SEO plugin. -->","yoast_head_json":{"title":"Nejlep\u0161\u00ed strategie Crash Game her | Tipy, jak vyhr\u00e1t v\u00edce","description":"Najd\u011bte \u00fa\u010dinn\u00e9 strategie v Crash Game hr\u00e1ch, a zlep\u0161ete va\u0161i hru. Prozkoumejte taktiky jako Martingale, Fibonacci a \u0159\u00edzen\u00ed bankrollu s na\u0161\u00edm pr\u016fvodcem Strategie.","robots":{"index":"index","follow":"follow","max-snippet":"max-snippet:-1","max-image-preview":"max-image-preview:large","max-video-preview":"max-video-preview:-1"},"canonical":"https:\/\/casinocrashgames.com\/cs\/strategie\/","og_locale":"cs_CZ","og_type":"article","og_title":"Nejlep\u0161\u00ed strategie Crash Game her | Tipy, jak vyhr\u00e1t v\u00edce","og_description":"Najd\u011bte \u00fa\u010dinn\u00e9 strategie v Crash Game hr\u00e1ch, a zlep\u0161ete va\u0161i hru. Prozkoumejte taktiky jako Martingale, Fibonacci a \u0159\u00edzen\u00ed bankrollu s na\u0161\u00edm pr\u016fvodcem Strategie.","og_url":"https:\/\/casinocrashgames.com\/cs\/strategie\/","og_site_name":"Casino Crash Games","article_modified_time":"2025-06-19T11:37:16+00:00","og_image":[{"width":400,"height":400,"url":"https:\/\/casinocrashgames.com\/wp-content\/uploads\/2025\/04\/Casino-Crash-Games-Strategies.webp","type":"image\/webp"}],"twitter_card":"summary_large_image","twitter_misc":{"Odhadovan\u00e1 doba \u010dten\u00ed":"4 minuty"},"schema":{"@context":"https:\/\/schema.org","@graph":[{"@type":"WebPage","@id":"https:\/\/casinocrashgames.com\/cs\/strategie\/","url":"https:\/\/casinocrashgames.com\/cs\/strategie\/","name":"Nejlep\u0161\u00ed strategie Crash Game her | Tipy, jak vyhr\u00e1t v\u00edce","isPartOf":{"@id":"https:\/\/casinocrashgames.com\/cs\/#website"},"primaryImageOfPage":{"@id":"https:\/\/casinocrashgames.com\/cs\/strategie\/#primaryimage"},"image":{"@id":"https:\/\/casinocrashgames.com\/cs\/strategie\/#primaryimage"},"thumbnailUrl":"https:\/\/casinocrashgames.com\/wp-content\/uploads\/2025\/04\/Casino-Crash-Games-Strategies.webp","datePublished":"2025-02-06T13:12:46+00:00","dateModified":"2025-06-19T11:37:16+00:00","description":"Najd\u011bte \u00fa\u010dinn\u00e9 strategie v Crash Game hr\u00e1ch, a zlep\u0161ete va\u0161i hru. Prozkoumejte taktiky jako Martingale, Fibonacci a \u0159\u00edzen\u00ed bankrollu s na\u0161\u00edm pr\u016fvodcem Strategie.","breadcrumb":{"@id":"https:\/\/casinocrashgames.com\/cs\/strategie\/#breadcrumb"},"inLanguage":"cs","potentialAction":[{"@type":"ReadAction","target":["https:\/\/casinocrashgames.com\/cs\/strategie\/"]}]},{"@type":"ImageObject","inLanguage":"cs","@id":"https:\/\/casinocrashgames.com\/cs\/strategie\/#primaryimage","url":"https:\/\/casinocrashgames.com\/wp-content\/uploads\/2025\/04\/Casino-Crash-Games-Strategies.webp","contentUrl":"https:\/\/casinocrashgames.com\/wp-content\/uploads\/2025\/04\/Casino-Crash-Games-Strategies.webp","width":400,"height":400,"caption":"Casino Crash Games - Strategies"},{"@type":"BreadcrumbList","@id":"https:\/\/casinocrashgames.com\/cs\/strategie\/#breadcrumb","itemListElement":[{"@type":"ListItem","position":1,"name":"Home","item":"https:\/\/casinocrashgames.com\/cs\/casino-crash-games\/"},{"@type":"ListItem","position":2,"name":"Strategie"}]},{"@type":"WebSite","@id":"https:\/\/casinocrashgames.com\/cs\/#website","url":"https:\/\/casinocrashgames.com\/cs\/","name":"Casino Crash Games","description":"CASH BEFORE YOU CRASH","publisher":{"@id":"https:\/\/casinocrashgames.com\/cs\/#organization"},"potentialAction":[{"@type":"SearchAction","target":{"@type":"EntryPoint","urlTemplate":"https:\/\/casinocrashgames.com\/cs\/?s={search_term_string}"},"query-input":{"@type":"PropertyValueSpecification","valueRequired":true,"valueName":"search_term_string"}}],"inLanguage":"cs"},{"@type":"Organization","@id":"https:\/\/casinocrashgames.com\/cs\/#organization","name":"Casino Crash Games","url":"https:\/\/casinocrashgames.com\/cs\/","logo":{"@type":"ImageObject","inLanguage":"cs","@id":"https:\/\/casinocrashgames.com\/cs\/#\/schema\/logo\/image\/","url":"https:\/\/casinocrashgames.com\/wp-content\/uploads\/2025\/03\/cropped-Casino-Crash-Games-Logo-.webp","contentUrl":"https:\/\/casinocrashgames.com\/wp-content\/uploads\/2025\/03\/cropped-Casino-Crash-Games-Logo-.webp","width":1045,"height":606,"caption":"Casino Crash Games"},"image":{"@id":"https:\/\/casinocrashgames.com\/cs\/#\/schema\/logo\/image\/"}}]}},"_links":{"self":[{"href":"https:\/\/casinocrashgames.com\/cs\/wp-json\/wp\/v2\/pages\/856","targetHints":{"allow":["GET"]}}],"collection":[{"href":"https:\/\/casinocrashgames.com\/cs\/wp-json\/wp\/v2\/pages"}],"about":[{"href":"https:\/\/casinocrashgames.com\/cs\/wp-json\/wp\/v2\/types\/page"}],"author":[{"embeddable":true,"href":"https:\/\/casinocrashgames.com\/cs\/wp-json\/wp\/v2\/users\/1"}],"replies":[{"embeddable":true,"href":"https:\/\/casinocrashgames.com\/cs\/wp-json\/wp\/v2\/comments?post=856"}],"version-history":[{"count":13,"href":"https:\/\/casinocrashgames.com\/cs\/wp-json\/wp\/v2\/pages\/856\/revisions"}],"predecessor-version":[{"id":1189,"href":"https:\/\/casinocrashgames.com\/cs\/wp-json\/wp\/v2\/pages\/856\/revisions\/1189"}],"wp:featuredmedia":[{"embeddable":true,"href":"https:\/\/casinocrashgames.com\/cs\/wp-json\/wp\/v2\/media\/570"}],"wp:attachment":[{"href":"https:\/\/casinocrashgames.com\/cs\/wp-json\/wp\/v2\/media?parent=856"}],"curies":[{"name":"wp","href":"https:\/\/api.w.org\/{rel}","templated":true}]}}