{"id":837,"date":"2025-02-06T13:11:59","date_gmt":"2025-02-06T13:11:59","guid":{"rendered":"https:\/\/casinocrashgames.com\/volna-hra\/"},"modified":"2025-06-18T11:07:51","modified_gmt":"2025-06-18T11:07:51","slug":"volna-hra","status":"publish","type":"page","link":"https:\/\/casinocrashgames.com\/cs\/volna-hra\/","title":{"rendered":"Hra zdarma"},"content":{"rendered":"<div class=\"wpb-content-wrapper\"><p>[vc_row full_width=&#8220;stretch_row&#8220; content_placement=&#8220;middle&#8220; css=&#8220;.vc_custom_1744576913502{margin-bottom: 50px !important;padding-top: 10% !important;padding-bottom: 5% !important;background: #1D0D4E url(https:\/\/casinocrashgames.com\/wp-content\/uploads\/2025\/04\/Background-Img.webp?id=219) !important;}&#8220;][vc_column width=&#8220;1\/2&#8243;][vc_single_image image=&#8220;580&#8243; img_size=&#8220;400&#8243; alignment=&#8220;center&#8220; css=&#8220;&#8220;][\/vc_column][vc_column width=&#8220;1\/2&#8243;][vc_column_text css=&#8220;&#8220;]<\/p>\n<h1><span style=\"color: #fcc500;\">Hr\u00e1t Crash hry zdarma<\/span><\/h1>\n<p><span style=\"color: #ffffff;\">Chcete si vyzkou\u0161et hry typu crash, ani\u017e byste riskovali sv\u00e9 pen\u00edze? Jste na spr\u00e1vn\u00e9m m\u00edst\u011b! Hra zdarma, zn\u00e1m\u00e1 tak\u00e9 jako demo re\u017eim, v\u00e1m umo\u017en\u00ed za\u017e\u00edt ve\u0161ker\u00e9 vzru\u0161en\u00ed z crash her za virtu\u00e1ln\u00ed kredity. Je to ide\u00e1ln\u00ed zp\u016fsob, jak se nau\u010dit v\u0161e, vyzkou\u0161et si strategie a zjistit, kter\u00e9 hry v\u00e1s bav\u00ed, ne\u017e vsad\u00edte skute\u010dn\u00e9 pen\u00edze.   <\/span>[\/vc_column_text][\/vc_column][\/vc_row][vc_section][vc_row][vc_column][vc_column_text css=&#8220;&#8220;]<\/p>\n<h2 data-sourcepos=\"9:1-9:43\"><strong>Pro\u010d hr\u00e1t hry Crash v demo re\u017eimu?<\/strong><\/h2>\n<h3 data-sourcepos=\"11:3-11:313\">Nau\u010d\u00edte se z\u00e1klady bez rizika<\/h3>\n<p data-sourcepos=\"11:3-11:313\">Pokud s Crash hrami teprve za\u010d\u00edn\u00e1te, je hra zdarma ide\u00e1ln\u00edm v\u00fdchoz\u00edm bodem. M\u016f\u017eete se sezn\u00e1mit se z\u00e1kladn\u00edmi mechanismy &#8211; jak funguje n\u00e1sobitel, jak uzav\u00edrat s\u00e1zky a jak vyb\u00edrat pen\u00edze &#8211; bez jak\u00e9hokoli finan\u010dn\u00edho tlaku. D\u011blejte chyby a pou\u010dte se z nich, ani\u017e byste p\u0159i\u0161li o jedinou korunu.  <\/p>\n<h3 data-sourcepos=\"13:3-13:266\">Prozkoumejte hern\u00ed rozhran\u00ed<\/h3>\n<p data-sourcepos=\"13:3-13:266\">Ka\u017ed\u00e1 Crash hra m\u016f\u017ee m\u00edt trochu jin\u00e9 rozlo\u017een\u00ed a konfiguraci tla\u010d\u00edtek. Ne\u017e za\u010dnete hr\u00e1t naostro, m\u016f\u017eete se d\u00edky Demo h\u0159e zorientovat v rozhran\u00ed, pochopit, kde se co nach\u00e1z\u00ed, a sezn\u00e1mit se s ovl\u00e1d\u00e1n\u00edm. <\/p>\n<h3 data-sourcepos=\"15:3-15:268\">Testov\u00e1n\u00ed strategi\u00ed<\/h3>\n<p data-sourcepos=\"15:3-15:268\">M\u00e1te obl\u00edbenou <a href=\"https:\/\/casinocrashgames.com\/cs\/strategie\/\">strategii<\/a>? V Demo verzi si ji m\u016f\u017eete vyzkou\u0161et. Experimentujte s r\u016fzn\u00fdmi s\u00e1zkov\u00fdmi vzory, vyzkou\u0161ejte \u00fa\u010dinnost automatick\u00e9ho v\u00fdb\u011bru pen\u011bz p\u0159i r\u016fzn\u00fdch n\u00e1sobitelech a zjist\u011bte, co v\u00e1m nejl\u00e9pe vyhovuje, ani\u017e byste riskovali sv\u016fj bankroll.  <\/p>\n<h3 data-sourcepos=\"17:3-17:237\">Prozkoumejte hern\u00ed funkce<\/h3>\n<p data-sourcepos=\"17:3-17:237\">Jak jste se dozv\u011bd\u011bli na str\u00e1nce <a href=\"https:\/\/casinocrashgames.com\/cs\/funkce\/\">\u201eFunkce\u201c<\/a>, Crash hry obashuj\u00ed jedine\u010dn\u00e9 prvky. D\u00edky h\u0159e zdarma si m\u016f\u017eete tyto prvky &#8211; jako je nap\u0159\u00edklad Aviator \u017eiv\u00fd chat nebo Spaceman \u201eHold\u201c &#8211; vyzkou\u0161et a pochopit, jak ovliv\u0148uj\u00ed hratelnost.<\/p>\n<h3 data-sourcepos=\"19:3-19:233\">Va\u0161e obl\u00edben\u00e9 hry<\/h3>\n<p data-sourcepos=\"19:3-19:233\">Existuje cel\u00e1 \u0159ada Crash her, z nich\u017e ka\u017ed\u00e1 m\u00e1 sv\u00e9 vlastn\u00ed t\u00e9ma a atmosf\u00e9ru. D\u00edky h\u0159e zdarma si m\u016f\u017eete vyzkou\u0161et r\u016fzn\u00e9 tituly a naj\u00edt ty, kter\u00e9 se v\u00e1m l\u00edb\u00ed nejv\u00edce, ne\u017e se rozhodnete vlo\u017eit sv\u00e9 skute\u010dn\u00e9 pen\u00edze. <\/p>\n<h3 data-sourcepos=\"21:3-21:199\">Hra zdarma bez vkladu<\/h3>\n<p data-sourcepos=\"21:3-21:199\">Nejv\u011bt\u0161\u00ed v\u00fdhodou Demo hry: zcela zdarma! M\u016f\u017eete hr\u00e1t, jak dlouho chcete, ani\u017e byste se museli ob\u00e1vat, \u017ee p\u0159ijdete o pen\u00edze. Je to \u010dist\u00e1 z\u00e1bava bez rizika.  <\/p>\n<p>[\/vc_column_text][\/vc_column][\/vc_row][vc_row][vc_column][vc_column_text css=&#8220;&#8220;]<\/p>\n<h2 data-sourcepos=\"23:1-23:32\">Co Demo verze nab\u00edz\u00ed:<\/h2>\n<h3>Virtu\u00e1ln\u00ed kredity<\/h3>\n<p>P\u0159i spu\u0161t\u011bn\u00ed hry obdr\u017e\u00edte virtu\u00e1ln\u00ed kredity, se kter\u00fdmi m\u016f\u017eete hr\u00e1t. Tento z\u016fstatek nen\u00ed skute\u010dn\u00fdmi pen\u011bzi a nelze jej vybrat. <\/p>\n<h3>V\u0161echny funkce k dispozici<\/h3>\n<p>Ve v\u011bt\u0161in\u011b p\u0159\u00edpad\u016f m\u00e1 bezplatn\u00e1 verze Crash her stejn\u00e9 funkce a hratelnost jako verze za skute\u010dn\u00e9 pen\u00edze.<\/p>\n<h3>Nelze vybrat v\u00fdhry<\/h3>\n<p>V\u00fdhry, kter\u00e9 z\u00edsk\u00e1te ve voln\u00e9 h\u0159e, jsou rovn\u011b\u017e virtu\u00e1ln\u00ed a nelze je vyplatit.[\/vc_column_text][\/vc_column][\/vc_row][vc_row][vc_column][vc_column_text css=&#8220;&#8220;]<\/p>\n<h2 data-sourcepos=\"29:1-29:27\"><strong>Jste p\u0159ipraveni hr\u00e1t zdarma?<\/strong><\/h2>\n<p data-sourcepos=\"26:1-26:43\">Kdy\u017e u\u017e v\u00edte, jak\u00e9 v\u00fdhody hra zdarma p\u0159in\u00e1\u0161\u00ed, pro\u010d ji nevyzkou\u0161et? Projd\u011bte si n\u00ed\u017ee uveden\u00e9 odkazy a za\u010dn\u011bte hr\u00e1t demoverze \u0161pi\u010dkov\u00fdch crash her a vyzkou\u0161ejte si sv\u00e9 nov\u011b nabyt\u00e9 strategie. <\/p>\n<p>[\/vc_column_text][\/vc_column][\/vc_row][\/vc_section][vc_row][vc_column][vc_row_inner gap=&#8220;35&#8243;][vc_column_inner width=&#8220;1\/3&#8243; css=&#8220;.vc_custom_1746357805947{padding-top: 20px !important;padding-right: 20px !important;padding-bottom: 20px !important;padding-left: 20px !important;background-color: #FF6903 !important;border-radius: 5px !important;}&#8220;][vc_single_image image=&#8220;645&#8243; img_size=&#8220;large&#8220; alignment=&#8220;center&#8220; style=&#8220;vc_box_rounded&#8220; css=&#8220;&#8220;][vc_column_text css=&#8220;.vc_custom_1745784057488{padding-top: 15px !important;padding-right: 15px !important;padding-bottom: 15px !important;padding-left: 15px !important;}&#8220;]<\/p>\n<h4 style=\"text-align: center;\"><strong>Aviator<\/strong><\/h4>\n<p style=\"text-align: center;\"><span style=\"color: #ffffff;\">Za\u017eijte vzru\u0161en\u00ed s Aviator! Sledujte, jak letadlo stoup\u00e1 a vypla\u0165te pen\u00edze p\u0159edt\u00edm, ne\u017e odlet\u00ed. Objevte podrobn\u00e9 informace, strategie a tipy.  <\/span><\/p>\n<p>[\/vc_column_text][vc_btn title=&#8220;Co je Aviator?&#8220; color=&#8220;white&#8220; align=&#8220;center&#8220; css=&#8220;&#8220; link=&#8220;url:https%3A%2F%2Fcasinocrashgames.com%2Fcs%2Faviator%2F|title:Aviator|&#8220;][vc_btn title=&#8220;Hrajte zdarma&#8220; style=&#8220;outline&#8220; color=&#8220;white&#8220; align=&#8220;center&#8220; css=&#8220;&#8220; link=&#8220;url:https%3A%2F%2Fcasinocrashgames.com%2Faviator%2Ffree-play%2F|title:a|&#8220;][\/vc_column_inner][vc_column_inner width=&#8220;1\/3&#8243; css=&#8220;.vc_custom_1746357811722{padding-top: 20px !important;padding-right: 20px !important;padding-bottom: 20px !important;padding-left: 20px !important;background-color: #FF6903 !important;border-radius: 5px !important;}&#8220;][vc_single_image image=&#8220;655&#8243; img_size=&#8220;large&#8220; alignment=&#8220;center&#8220; style=&#8220;vc_box_rounded&#8220; css=&#8220;&#8220;][vc_column_text css=&#8220;.vc_custom_1745784155672{padding-top: 15px !important;padding-right: 15px !important;padding-bottom: 15px !important;padding-left: 15px !important;}&#8220;]<\/p>\n<h4 style=\"text-align: center;\">JetX<\/h4>\n<p style=\"text-align: center;\"><span style=\"color: #ffffff;\">Vyst\u0159elte s JetX! Tato vzru\u0161uj\u00edc\u00ed hra nab\u00edz\u00ed jedine\u010dn\u00e9 funkce a vysok\u00e9 s\u00e1zky. Nau\u010dte se ji ovl\u00e1dat a maximalizovat sv\u00e9 v\u00fdhry.  <\/span><\/p>\n<p>[\/vc_column_text][vc_btn title=&#8220;Co je JetX?&#8220; color=&#8220;white&#8220; align=&#8220;center&#8220; css=&#8220;&#8220; link=&#8220;url:https%3A%2F%2Fcasinocrashgames.com%2Fcs%2Fjetx%2F|title:JetX|&#8220;][vc_btn title=&#8220;Hrajte zdarma&#8220; style=&#8220;outline&#8220; color=&#8220;white&#8220; align=&#8220;center&#8220; css=&#8220;&#8220; link=&#8220;url:https%3A%2F%2Fcasinocrashgames.com%2Fjetx%2Ffree-play%2F|title:JetX%20Voln%C3%A1%20hra|&#8220;][\/vc_column_inner][vc_column_inner width=&#8220;1\/3&#8243; css=&#8220;.vc_custom_1746357817431{padding-top: 20px !important;padding-right: 20px !important;padding-bottom: 20px !important;padding-left: 20px !important;background-color: #FF6903 !important;border-radius: 5px !important;}&#8220;][vc_single_image image=&#8220;650&#8243; img_size=&#8220;large&#8220; alignment=&#8220;center&#8220; style=&#8220;vc_box_rounded&#8220; css=&#8220;&#8220;][vc_column_text css=&#8220;.vc_custom_1742156234695{padding-top: 15px !important;padding-right: 15px !important;padding-bottom: 15px !important;padding-left: 15px !important;}&#8220;]<\/p>\n<h4 style=\"text-align: center;\">Crash X<\/h4>\n<p style=\"text-align: center;\"><span style=\"color: #ffffff;\">Pono\u0159te se do rychl\u00e9 akce v Crash X. Hra Crash X nab\u00edz\u00ed d\u00edky sv\u00e9 jedine\u010dn\u00e9 hratelnosti odli\u0161n\u00fd z\u00e1\u017eitek oproti ostatn\u00edm hr\u00e1m. Nau\u010dte se hr\u00e1t a vyhr\u00e1vat velk\u00e9 \u010d\u00e1stky. <\/span><\/p>\n<p>[\/vc_column_text][vc_btn title=&#8220;Co je Crash X?&#8220; color=&#8220;white&#8220; align=&#8220;center&#8220; css=&#8220;&#8220; link=&#8220;url:https%3A%2F%2Fcasinocrashgames.com%2Fcs%2Fcrash-x%2F|title:Crash%20X|&#8220;][vc_btn title=&#8220;Hrajte zdarma&#8220; style=&#8220;outline&#8220; color=&#8220;white&#8220; align=&#8220;center&#8220; css=&#8220;&#8220; link=&#8220;url:https%3A%2F%2Fcasinocrashgames.com%2Fcrash-x%2Ffree-play%2F|title:Crash%20X%20hra%20zdarma|&#8220;][\/vc_column_inner][\/vc_row_inner][\/vc_column][\/vc_row]<\/p>\n<\/div>","protected":false},"excerpt":{"rendered":"<p>[vc_row full_width=&#8220;stretch_row&#8220; content_placement=&#8220;middle&#8220; css=&#8220;.vc_custom_1744576913502{margin-bottom: 50px !important;padding-top: 10% !important;padding-bottom: 5% !important;background: #1D0D4E url(https:\/\/casinocrashgames.com\/wp-content\/uploads\/2025\/04\/Background-Img.webp?id=219) !important;}&#8220;][vc_column width=&#8220;1\/2&#8243;][vc_single_image image=&#8220;580&#8243; img_size=&#8220;400&#8243; alignment=&#8220;center&#8220; css=&#8220;&#8220;][\/vc_column][vc_column width=&#8220;1\/2&#8243;][vc_column_text css=&#8220;&#8220;] [&hellip;]<\/p>\n","protected":false},"author":1,"featured_media":580,"parent":0,"menu_order":0,"comment_status":"closed","ping_status":"closed","template":"","meta":{"site-sidebar-layout":"default","site-content-layout":"plain-container","ast-site-content-layout":"default","site-content-style":"default","site-sidebar-style":"default","ast-global-header-display":"","ast-banner-title-visibility":"","ast-main-header-display":"","ast-hfb-above-header-display":"","ast-hfb-below-header-display":"","ast-hfb-mobile-header-display":"","site-post-title":"disabled","ast-breadcrumbs-content":"","ast-featured-img":"disabled","footer-sml-layout":"","theme-transparent-header-meta":"default","adv-header-id-meta":"","stick-header-meta":"default","header-above-stick-meta":"","header-main-stick-meta":"","header-below-stick-meta":"","astra-migrate-meta-layouts":"default","ast-page-background-enabled":"default","ast-page-background-meta":{"desktop":{"background-color":"var(--ast-global-color-5)","background-image":"","background-repeat":"repeat","background-position":"center center","background-size":"auto","background-attachment":"scroll","background-type":"","background-media":"","overlay-type":"","overlay-color":"","overlay-opacity":"","overlay-gradient":""},"tablet":{"background-color":"","background-image":"","background-repeat":"repeat","background-position":"center center","background-size":"auto","background-attachment":"scroll","background-type":"","background-media":"","overlay-type":"","overlay-color":"","overlay-opacity":"","overlay-gradient":""},"mobile":{"background-color":"","background-image":"","background-repeat":"repeat","background-position":"center center","background-size":"auto","background-attachment":"scroll","background-type":"","background-media":"","overlay-type":"","overlay-color":"","overlay-opacity":"","overlay-gradient":""}},"ast-content-background-meta":{"desktop":{"background-color":"var(--ast-global-color-4)","background-image":"","background-repeat":"repeat","background-position":"center center","background-size":"auto","background-attachment":"scroll","background-type":"","background-media":"","overlay-type":"","overlay-color":"","overlay-opacity":"","overlay-gradient":""},"tablet":{"background-color":"var(--ast-global-color-4)","background-image":"","background-repeat":"repeat","background-position":"center center","background-size":"auto","background-attachment":"scroll","background-type":"","background-media":"","overlay-type":"","overlay-color":"","overlay-opacity":"","overlay-gradient":""},"mobile":{"background-color":"var(--ast-global-color-4)","background-image":"","background-repeat":"repeat","background-position":"center center","background-size":"auto","background-attachment":"scroll","background-type":"","background-media":"","overlay-type":"","overlay-color":"","overlay-opacity":"","overlay-gradient":""}},"footnotes":""},"class_list":["post-837","page","type-page","status-publish","has-post-thumbnail","hentry"],"yoast_head":"<!-- This site is optimized with the Yoast SEO plugin v25.2 - https:\/\/yoast.com\/wordpress\/plugins\/seo\/ -->\n<title>Hry zdarma | Demo Aviator, JetX &amp; CrashX<\/title>\n<meta name=\"description\" content=\"U\u017eijte si voln\u011b hrateln\u00e9 verze nejlep\u0161\u00edch crash her, jako je Aviator, JetX a CrashX. Vyu\u017eijte na\u0161e demoverze na Casino Crash Games a procvi\u010dte si strategie bez rizika.\" \/>\n<meta name=\"robots\" content=\"index, follow, max-snippet:-1, max-image-preview:large, max-video-preview:-1\" \/>\n<link rel=\"canonical\" href=\"https:\/\/casinocrashgames.com\/cs\/volna-hra\/\" \/>\n<meta property=\"og:locale\" content=\"cs_CZ\" \/>\n<meta property=\"og:type\" content=\"article\" \/>\n<meta property=\"og:title\" content=\"Hry zdarma | Demo Aviator, JetX &amp; CrashX\" \/>\n<meta property=\"og:description\" content=\"U\u017eijte si voln\u011b hrateln\u00e9 verze nejlep\u0161\u00edch crash her, jako je Aviator, JetX a CrashX. Vyu\u017eijte na\u0161e demoverze na Casino Crash Games a procvi\u010dte si strategie bez rizika.\" \/>\n<meta property=\"og:url\" content=\"https:\/\/casinocrashgames.com\/cs\/volna-hra\/\" \/>\n<meta property=\"og:site_name\" content=\"Casino Crash Games\" \/>\n<meta property=\"article:modified_time\" content=\"2025-06-18T11:07:51+00:00\" \/>\n<meta property=\"og:image\" content=\"https:\/\/casinocrashgames.com\/wp-content\/uploads\/2025\/04\/Casino-Crash-Games-Free-Play.webp\" \/>\n\t<meta property=\"og:image:width\" content=\"400\" \/>\n\t<meta property=\"og:image:height\" content=\"400\" \/>\n\t<meta property=\"og:image:type\" content=\"image\/webp\" \/>\n<meta name=\"twitter:card\" content=\"summary_large_image\" \/>\n<meta name=\"twitter:label1\" content=\"Odhadovan\u00e1 doba \u010dten\u00ed\" \/>\n\t<meta name=\"twitter:data1\" content=\"6 minut\" \/>\n<script type=\"application\/ld+json\" class=\"yoast-schema-graph\">{\"@context\":\"https:\/\/schema.org\",\"@graph\":[{\"@type\":\"WebPage\",\"@id\":\"https:\/\/casinocrashgames.com\/cs\/volna-hra\/\",\"url\":\"https:\/\/casinocrashgames.com\/cs\/volna-hra\/\",\"name\":\"Hry zdarma | Demo Aviator, JetX & CrashX\",\"isPartOf\":{\"@id\":\"https:\/\/casinocrashgames.com\/cs\/#website\"},\"primaryImageOfPage\":{\"@id\":\"https:\/\/casinocrashgames.com\/cs\/volna-hra\/#primaryimage\"},\"image\":{\"@id\":\"https:\/\/casinocrashgames.com\/cs\/volna-hra\/#primaryimage\"},\"thumbnailUrl\":\"https:\/\/casinocrashgames.com\/wp-content\/uploads\/2025\/04\/Casino-Crash-Games-Free-Play.webp\",\"datePublished\":\"2025-02-06T13:11:59+00:00\",\"dateModified\":\"2025-06-18T11:07:51+00:00\",\"description\":\"U\u017eijte si voln\u011b hrateln\u00e9 verze nejlep\u0161\u00edch crash her, jako je Aviator, JetX a CrashX. Vyu\u017eijte na\u0161e demoverze na Casino Crash Games a procvi\u010dte si strategie bez rizika.\",\"breadcrumb\":{\"@id\":\"https:\/\/casinocrashgames.com\/cs\/volna-hra\/#breadcrumb\"},\"inLanguage\":\"cs\",\"potentialAction\":[{\"@type\":\"ReadAction\",\"target\":[\"https:\/\/casinocrashgames.com\/cs\/volna-hra\/\"]}]},{\"@type\":\"ImageObject\",\"inLanguage\":\"cs\",\"@id\":\"https:\/\/casinocrashgames.com\/cs\/volna-hra\/#primaryimage\",\"url\":\"https:\/\/casinocrashgames.com\/wp-content\/uploads\/2025\/04\/Casino-Crash-Games-Free-Play.webp\",\"contentUrl\":\"https:\/\/casinocrashgames.com\/wp-content\/uploads\/2025\/04\/Casino-Crash-Games-Free-Play.webp\",\"width\":400,\"height\":400,\"caption\":\"Casino Crash Games - Free Play\"},{\"@type\":\"BreadcrumbList\",\"@id\":\"https:\/\/casinocrashgames.com\/cs\/volna-hra\/#breadcrumb\",\"itemListElement\":[{\"@type\":\"ListItem\",\"position\":1,\"name\":\"Home\",\"item\":\"https:\/\/casinocrashgames.com\/cs\/casino-crash-games\/\"},{\"@type\":\"ListItem\",\"position\":2,\"name\":\"Hra zdarma\"}]},{\"@type\":\"WebSite\",\"@id\":\"https:\/\/casinocrashgames.com\/cs\/#website\",\"url\":\"https:\/\/casinocrashgames.com\/cs\/\",\"name\":\"Casino Crash Games\",\"description\":\"CASH BEFORE YOU CRASH\",\"publisher\":{\"@id\":\"https:\/\/casinocrashgames.com\/cs\/#organization\"},\"potentialAction\":[{\"@type\":\"SearchAction\",\"target\":{\"@type\":\"EntryPoint\",\"urlTemplate\":\"https:\/\/casinocrashgames.com\/cs\/?s={search_term_string}\"},\"query-input\":{\"@type\":\"PropertyValueSpecification\",\"valueRequired\":true,\"valueName\":\"search_term_string\"}}],\"inLanguage\":\"cs\"},{\"@type\":\"Organization\",\"@id\":\"https:\/\/casinocrashgames.com\/cs\/#organization\",\"name\":\"Casino Crash Games\",\"url\":\"https:\/\/casinocrashgames.com\/cs\/\",\"logo\":{\"@type\":\"ImageObject\",\"inLanguage\":\"cs\",\"@id\":\"https:\/\/casinocrashgames.com\/cs\/#\/schema\/logo\/image\/\",\"url\":\"https:\/\/casinocrashgames.com\/wp-content\/uploads\/2025\/03\/cropped-Casino-Crash-Games-Logo-.webp\",\"contentUrl\":\"https:\/\/casinocrashgames.com\/wp-content\/uploads\/2025\/03\/cropped-Casino-Crash-Games-Logo-.webp\",\"width\":1045,\"height\":606,\"caption\":\"Casino Crash Games\"},\"image\":{\"@id\":\"https:\/\/casinocrashgames.com\/cs\/#\/schema\/logo\/image\/\"}}]}<\/script>\n<!-- \/ Yoast SEO plugin. -->","yoast_head_json":{"title":"Hry zdarma | Demo Aviator, JetX & CrashX","description":"U\u017eijte si voln\u011b hrateln\u00e9 verze nejlep\u0161\u00edch crash her, jako je Aviator, JetX a CrashX. Vyu\u017eijte na\u0161e demoverze na Casino Crash Games a procvi\u010dte si strategie bez rizika.","robots":{"index":"index","follow":"follow","max-snippet":"max-snippet:-1","max-image-preview":"max-image-preview:large","max-video-preview":"max-video-preview:-1"},"canonical":"https:\/\/casinocrashgames.com\/cs\/volna-hra\/","og_locale":"cs_CZ","og_type":"article","og_title":"Hry zdarma | Demo Aviator, JetX & CrashX","og_description":"U\u017eijte si voln\u011b hrateln\u00e9 verze nejlep\u0161\u00edch crash her, jako je Aviator, JetX a CrashX. Vyu\u017eijte na\u0161e demoverze na Casino Crash Games a procvi\u010dte si strategie bez rizika.","og_url":"https:\/\/casinocrashgames.com\/cs\/volna-hra\/","og_site_name":"Casino Crash Games","article_modified_time":"2025-06-18T11:07:51+00:00","og_image":[{"width":400,"height":400,"url":"https:\/\/casinocrashgames.com\/wp-content\/uploads\/2025\/04\/Casino-Crash-Games-Free-Play.webp","type":"image\/webp"}],"twitter_card":"summary_large_image","twitter_misc":{"Odhadovan\u00e1 doba \u010dten\u00ed":"6 minut"},"schema":{"@context":"https:\/\/schema.org","@graph":[{"@type":"WebPage","@id":"https:\/\/casinocrashgames.com\/cs\/volna-hra\/","url":"https:\/\/casinocrashgames.com\/cs\/volna-hra\/","name":"Hry zdarma | Demo Aviator, JetX & CrashX","isPartOf":{"@id":"https:\/\/casinocrashgames.com\/cs\/#website"},"primaryImageOfPage":{"@id":"https:\/\/casinocrashgames.com\/cs\/volna-hra\/#primaryimage"},"image":{"@id":"https:\/\/casinocrashgames.com\/cs\/volna-hra\/#primaryimage"},"thumbnailUrl":"https:\/\/casinocrashgames.com\/wp-content\/uploads\/2025\/04\/Casino-Crash-Games-Free-Play.webp","datePublished":"2025-02-06T13:11:59+00:00","dateModified":"2025-06-18T11:07:51+00:00","description":"U\u017eijte si voln\u011b hrateln\u00e9 verze nejlep\u0161\u00edch crash her, jako je Aviator, JetX a CrashX. Vyu\u017eijte na\u0161e demoverze na Casino Crash Games a procvi\u010dte si strategie bez rizika.","breadcrumb":{"@id":"https:\/\/casinocrashgames.com\/cs\/volna-hra\/#breadcrumb"},"inLanguage":"cs","potentialAction":[{"@type":"ReadAction","target":["https:\/\/casinocrashgames.com\/cs\/volna-hra\/"]}]},{"@type":"ImageObject","inLanguage":"cs","@id":"https:\/\/casinocrashgames.com\/cs\/volna-hra\/#primaryimage","url":"https:\/\/casinocrashgames.com\/wp-content\/uploads\/2025\/04\/Casino-Crash-Games-Free-Play.webp","contentUrl":"https:\/\/casinocrashgames.com\/wp-content\/uploads\/2025\/04\/Casino-Crash-Games-Free-Play.webp","width":400,"height":400,"caption":"Casino Crash Games - Free Play"},{"@type":"BreadcrumbList","@id":"https:\/\/casinocrashgames.com\/cs\/volna-hra\/#breadcrumb","itemListElement":[{"@type":"ListItem","position":1,"name":"Home","item":"https:\/\/casinocrashgames.com\/cs\/casino-crash-games\/"},{"@type":"ListItem","position":2,"name":"Hra zdarma"}]},{"@type":"WebSite","@id":"https:\/\/casinocrashgames.com\/cs\/#website","url":"https:\/\/casinocrashgames.com\/cs\/","name":"Casino Crash Games","description":"CASH BEFORE YOU CRASH","publisher":{"@id":"https:\/\/casinocrashgames.com\/cs\/#organization"},"potentialAction":[{"@type":"SearchAction","target":{"@type":"EntryPoint","urlTemplate":"https:\/\/casinocrashgames.com\/cs\/?s={search_term_string}"},"query-input":{"@type":"PropertyValueSpecification","valueRequired":true,"valueName":"search_term_string"}}],"inLanguage":"cs"},{"@type":"Organization","@id":"https:\/\/casinocrashgames.com\/cs\/#organization","name":"Casino Crash Games","url":"https:\/\/casinocrashgames.com\/cs\/","logo":{"@type":"ImageObject","inLanguage":"cs","@id":"https:\/\/casinocrashgames.com\/cs\/#\/schema\/logo\/image\/","url":"https:\/\/casinocrashgames.com\/wp-content\/uploads\/2025\/03\/cropped-Casino-Crash-Games-Logo-.webp","contentUrl":"https:\/\/casinocrashgames.com\/wp-content\/uploads\/2025\/03\/cropped-Casino-Crash-Games-Logo-.webp","width":1045,"height":606,"caption":"Casino Crash Games"},"image":{"@id":"https:\/\/casinocrashgames.com\/cs\/#\/schema\/logo\/image\/"}}]}},"_links":{"self":[{"href":"https:\/\/casinocrashgames.com\/cs\/wp-json\/wp\/v2\/pages\/837","targetHints":{"allow":["GET"]}}],"collection":[{"href":"https:\/\/casinocrashgames.com\/cs\/wp-json\/wp\/v2\/pages"}],"about":[{"href":"https:\/\/casinocrashgames.com\/cs\/wp-json\/wp\/v2\/types\/page"}],"author":[{"embeddable":true,"href":"https:\/\/casinocrashgames.com\/cs\/wp-json\/wp\/v2\/users\/1"}],"replies":[{"embeddable":true,"href":"https:\/\/casinocrashgames.com\/cs\/wp-json\/wp\/v2\/comments?post=837"}],"version-history":[{"count":7,"href":"https:\/\/casinocrashgames.com\/cs\/wp-json\/wp\/v2\/pages\/837\/revisions"}],"predecessor-version":[{"id":1159,"href":"https:\/\/casinocrashgames.com\/cs\/wp-json\/wp\/v2\/pages\/837\/revisions\/1159"}],"wp:featuredmedia":[{"embeddable":true,"href":"https:\/\/casinocrashgames.com\/cs\/wp-json\/wp\/v2\/media\/580"}],"wp:attachment":[{"href":"https:\/\/casinocrashgames.com\/cs\/wp-json\/wp\/v2\/media?parent=837"}],"curies":[{"name":"wp","href":"https:\/\/api.w.org\/{rel}","templated":true}]}}