{"id":825,"date":"2025-02-06T13:10:21","date_gmt":"2025-02-06T13:10:21","guid":{"rendered":"https:\/\/casinocrashgames.com\/poskytovatele\/"},"modified":"2025-06-18T13:33:55","modified_gmt":"2025-06-18T13:33:55","slug":"poskytovatele","status":"publish","type":"page","link":"https:\/\/casinocrashgames.com\/cs\/poskytovatele\/","title":{"rendered":"Poskytovatel\u00e9"},"content":{"rendered":"<div class=\"wpb-content-wrapper\"><p>[vc_row full_width=&#8220;stretch_row&#8220; content_placement=&#8220;middle&#8220; css=&#8220;.vc_custom_1744577018679{margin-bottom: 50px !important;padding-top: 10% !important;padding-bottom: 5% !important;background: #1D0D4E url(https:\/\/casinocrashgames.com\/wp-content\/uploads\/2025\/04\/Background-Img.webp?id=219) !important;}&#8220;][vc_column width=&#8220;1\/2&#8243;][vc_single_image image=&#8220;575&#8243; img_size=&#8220;400&#8243; alignment=&#8220;center&#8220; css=&#8220;&#8220;][\/vc_column][vc_column width=&#8220;1\/2&#8243;][vc_column_text css=&#8220;&#8220;]<\/p>\n<h1><span style=\"color: #fcc500;\">V\u00fdvoj\u00e1\u0159i Crash her<\/span><\/h1>\n<p><span style=\"color: #ffffff;\">N\u011bkolik poskytovatel\u016f Crash her se stalo zn\u00e1m\u00fdmi d\u00edky sv\u00e9mu p\u0159\u00ednosu pro trh, a p\u0159edev\u0161\u00edm uveden\u00edm her, kter\u00e9 s sebou p\u0159in\u00e1\u0161\u00ed inovativn\u00ed funkce a hratelnost jako \u017e\u00e1dn\u00e9 jin\u00e9 konkuren\u010dn\u00ed spole\u010dnosti. Spribe, Smartsoft Gaming a Turbo Games pat\u0159\u00ed mezi nejobl\u00edben\u011bj\u0161\u00ed v\u00fdvoj\u00e1\u0159e, z nich\u017e ka\u017ed\u00fd nab\u00edz\u00ed sv\u016fj vlastn\u00ed osobit\u00fd pohled na tento hern\u00ed styl. <\/span>[\/vc_column_text][\/vc_column][\/vc_row][vc_row][vc_column][vc_column_text css=&#8220;&#8220;]<\/p>\n<h2 data-sourcepos=\"9:1-9:40\"><strong>Obl\u00edben\u00ed poskytovatel\u00e9 Crash her<\/strong><\/h2>\n<p data-sourcepos=\"11:1-11:301\">\u017d\u00e1nr crash her do jist\u00e9 m\u00edry formuje p\u0159ev\u00e1\u017en\u011b n\u011bkolik inovativn\u00edch poskytovatel\u016f, kte\u0159\u00ed p\u0159edstavili jedine\u010dn\u00e9 hern\u00ed mechanismy a poutav\u00e9 vizu\u00e1ln\u00ed zpracov\u00e1n\u00ed. Spole\u010dnosti jako Spribe, Smartsoft Gaming a Turbo Games v\u00fdznamn\u011b p\u0159isp\u011bly k popularit\u011b t\u011bchto her, ur\u010duj\u00ed trendy a ovliv\u0148uj\u00ed sm\u011br v\u00fdvoje crash her. <\/p>\n<p>[\/vc_column_text][\/vc_column][\/vc_row][vc_row css=&#8220;.vc_custom_1743991589675{margin-bottom: 25px !important;}&#8220;][vc_column width=&#8220;1\/4&#8243;][vc_single_image image=&#8220;540&#8243; img_size=&#8220;large&#8220; css=&#8220;&#8220;][\/vc_column][vc_column width=&#8220;3\/4&#8243;][vc_column_text css=&#8220;.vc_custom_1745483494007{margin-bottom: 15px !important;}&#8220;]<\/p>\n<h3>Spribe<\/h3>\n<p>Spribe se specializuje na rychl\u00e9 interaktivn\u00ed hry, kter\u00e9 kombinuj\u00ed prvky dovednosti a \u0161t\u011bst\u00ed a vytv\u00e1\u0159ej\u00ed pro hr\u00e1\u010de vzru\u0161uj\u00edc\u00ed z\u00e1\u017eitek. Je zn\u00e1m\u00e1 sv\u00fdm pr\u016flomov\u00fdm titulem, <a href=\"https:\/\/casinocrashgames.com\/cs\/aviator\/\"><strong>Aviator<\/strong><\/a>. Spribe se zam\u011b\u0159uje na inovativn\u00ed a poutav\u00fd design s modern\u00ed grafikou a soci\u00e1ln\u00edm n\u00e1dechem komunity hr\u00e1\u010d\u016f.[\/vc_column_text][vc_btn title=&#8220;V\u00edce&#8220; color=&#8220;warning&#8220; css=&#8220;.vc_custom_1745483436022{padding-top: 5px !important;}&#8220; link=&#8220;url:https%3A%2F%2Fcasinocrashgames.com%2Fcs%2Fposkytovatele%2Fspribe%2F|title:Spribe|&#8220;][\/vc_column][\/vc_row][vc_row css=&#8220;.vc_custom_1743991589675{margin-bottom: 25px !important;}&#8220;][vc_column width=&#8220;1\/4&#8243;][vc_single_image image=&#8220;535&#8243; img_size=&#8220;large&#8220; css=&#8220;&#8220;][\/vc_column][vc_column width=&#8220;3\/4&#8243;][vc_column_text css=&#8220;.vc_custom_1745483484989{margin-bottom: 15px !important;}&#8220;]<\/p>\n<h3>Smartsoft Gaming<\/h3>\n<p>Spole\u010dnost Smartsoft Gaming je p\u0159edn\u00edm poskytovatelem vizu\u00e1ln\u011b atraktivn\u00edch crash her s pohlcuj\u00edc\u00ed hratelnost\u00ed. Jejich v\u00fdzna\u010dn\u00fd titul, <a href=\"https:\/\/casinocrashgames.com\/cs\/jetx\/\"><strong> JetX<\/strong><\/a>, nastavil nov\u00e1 m\u011b\u0159\u00edtka v \u017e\u00e1nru d\u00edky sv\u00fdm inovativn\u00edm mechanik\u00e1m a poutav\u00e9mu z\u00e1\u017eitku pro v\u00edce hr\u00e1\u010d\u016f. Smartsoft Gaming posouv\u00e1 hranice online her integrac\u00ed jedine\u010dn\u00fdch funkc\u00ed a propagov\u00e1n\u00edm z\u00e1sad fair play.[\/vc_column_text][vc_btn title=&#8220;V\u00edce&#8220; color=&#8220;warning&#8220; css=&#8220;.vc_custom_1745483451585{padding-top: 5px !important;}&#8220; link=&#8220;url:https%3A%2F%2Fcasinocrashgames.com%2Fproviders%2Fsmartsoft-gaming%2F|title:Smartsoft%20Gaming|&#8220;][\/vc_column][\/vc_row][vc_row css=&#8220;.vc_custom_1743991589675{margin-bottom: 25px !important;}&#8220;][vc_column width=&#8220;1\/4&#8243;][vc_single_image image=&#8220;545&#8243; img_size=&#8220;large&#8220; css=&#8220;&#8220;][\/vc_column][vc_column width=&#8220;3\/4&#8243;][vc_column_text css=&#8220;.vc_custom_1745483474364{margin-bottom: 15px !important;}&#8220;]<\/p>\n<h3><strong>Turbo Games<\/strong><\/h3>\n<p>Turbo Games p\u0159in\u00e1\u0161\u00ed vysokorychlostn\u00ed adrenalinov\u00e9 hry, kter\u00e9 jsou ur\u010deny jak pro p\u0159\u00edle\u017eitostn\u00e9, tak pro profesion\u00e1ln\u00ed hr\u00e1\u010de. Zejm\u00e9na jsou tv\u016frci <strong><a href=\"https:\/\/casinocrashgames.com\/cs\/crash-x\/\">Crash X,<\/a><\/strong> kde kladou d\u016fraz na jednoduchost a vzru\u0161en\u00ed, d\u00edky \u010demu\u017e jsou p\u0159\u00edstupn\u00e9 \u0161irok\u00e9mu spektru div\u00e1k\u016f. Tak\u00e9 d\u00edky d\u016frazu na spolehlivost a f\u00e9rovost si Turbo Games vybudovala pov\u011bst d\u016fv\u011bryhodn\u00e9ho poskytovatele na trhu crash her.[\/vc_column_text][vc_btn title=&#8220;V\u00edce&#8220; color=&#8220;warning&#8220; css=&#8220;.vc_custom_1745483465027{padding-top: 5px !important;}&#8220; link=&#8220;url:https%3A%2F%2Fcasinocrashgames.com%2Fproviders%2Fturbo-games%2F|title:Turbo%20Games|&#8220;][\/vc_column][\/vc_row]<\/p>\n<\/div>","protected":false},"excerpt":{"rendered":"<p>[vc_row full_width=&#8220;stretch_row&#8220; content_placement=&#8220;middle&#8220; css=&#8220;.vc_custom_1744577018679{margin-bottom: 50px !important;padding-top: 10% !important;padding-bottom: 5% !important;background: #1D0D4E url(https:\/\/casinocrashgames.com\/wp-content\/uploads\/2025\/04\/Background-Img.webp?id=219) !important;}&#8220;][vc_column width=&#8220;1\/2&#8243;][vc_single_image image=&#8220;575&#8243; img_size=&#8220;400&#8243; alignment=&#8220;center&#8220; css=&#8220;&#8220;][\/vc_column][vc_column width=&#8220;1\/2&#8243;][vc_column_text css=&#8220;&#8220;] [&hellip;]<\/p>\n","protected":false},"author":1,"featured_media":575,"parent":0,"menu_order":0,"comment_status":"closed","ping_status":"closed","template":"","meta":{"site-sidebar-layout":"default","site-content-layout":"plain-container","ast-site-content-layout":"default","site-content-style":"default","site-sidebar-style":"default","ast-global-header-display":"","ast-banner-title-visibility":"","ast-main-header-display":"","ast-hfb-above-header-display":"","ast-hfb-below-header-display":"","ast-hfb-mobile-header-display":"","site-post-title":"disabled","ast-breadcrumbs-content":"","ast-featured-img":"disabled","footer-sml-layout":"","theme-transparent-header-meta":"default","adv-header-id-meta":"","stick-header-meta":"default","header-above-stick-meta":"","header-main-stick-meta":"","header-below-stick-meta":"","astra-migrate-meta-layouts":"default","ast-page-background-enabled":"default","ast-page-background-meta":{"desktop":{"background-color":"var(--ast-global-color-5)","background-image":"","background-repeat":"repeat","background-position":"center center","background-size":"auto","background-attachment":"scroll","background-type":"","background-media":"","overlay-type":"","overlay-color":"","overlay-opacity":"","overlay-gradient":""},"tablet":{"background-color":"","background-image":"","background-repeat":"repeat","background-position":"center center","background-size":"auto","background-attachment":"scroll","background-type":"","background-media":"","overlay-type":"","overlay-color":"","overlay-opacity":"","overlay-gradient":""},"mobile":{"background-color":"","background-image":"","background-repeat":"repeat","background-position":"center center","background-size":"auto","background-attachment":"scroll","background-type":"","background-media":"","overlay-type":"","overlay-color":"","overlay-opacity":"","overlay-gradient":""}},"ast-content-background-meta":{"desktop":{"background-color":"var(--ast-global-color-4)","background-image":"","background-repeat":"repeat","background-position":"center center","background-size":"auto","background-attachment":"scroll","background-type":"","background-media":"","overlay-type":"","overlay-color":"","overlay-opacity":"","overlay-gradient":""},"tablet":{"background-color":"var(--ast-global-color-4)","background-image":"","background-repeat":"repeat","background-position":"center center","background-size":"auto","background-attachment":"scroll","background-type":"","background-media":"","overlay-type":"","overlay-color":"","overlay-opacity":"","overlay-gradient":""},"mobile":{"background-color":"var(--ast-global-color-4)","background-image":"","background-repeat":"repeat","background-position":"center center","background-size":"auto","background-attachment":"scroll","background-type":"","background-media":"","overlay-type":"","overlay-color":"","overlay-opacity":"","overlay-gradient":""}},"footnotes":""},"class_list":["post-825","page","type-page","status-publish","has-post-thumbnail","hentry"],"yoast_head":"<!-- This site is optimized with the Yoast SEO plugin v25.2 - https:\/\/yoast.com\/wordpress\/plugins\/seo\/ -->\n<title>Poskytovatel\u00e9 Crash her | Spribe, Smartsoft &amp; Turbo Games Info<\/title>\n<meta name=\"description\" content=\"Prozkoumejte \u0161pi\u010dkov\u00e9 poskytovatele Crash her, jako je Spribe, Smartsoft Gaming a Turbo Games. Zjist\u011bte v\u00edce o spole\u010dnostech, kter\u00e9 stoj\u00ed za Aviator, JetX &amp;. Crash X\" \/>\n<meta name=\"robots\" content=\"index, follow, max-snippet:-1, max-image-preview:large, max-video-preview:-1\" \/>\n<link rel=\"canonical\" href=\"https:\/\/casinocrashgames.com\/cs\/poskytovatele\/\" \/>\n<meta property=\"og:locale\" content=\"cs_CZ\" \/>\n<meta property=\"og:type\" content=\"article\" \/>\n<meta property=\"og:title\" content=\"Poskytovatel\u00e9 Crash her | Spribe, Smartsoft &amp; Turbo Games Info\" \/>\n<meta property=\"og:description\" content=\"Prozkoumejte \u0161pi\u010dkov\u00e9 poskytovatele Crash her, jako je Spribe, Smartsoft Gaming a Turbo Games. Zjist\u011bte v\u00edce o spole\u010dnostech, kter\u00e9 stoj\u00ed za Aviator, JetX &amp;. Crash X\" \/>\n<meta property=\"og:url\" content=\"https:\/\/casinocrashgames.com\/cs\/poskytovatele\/\" \/>\n<meta property=\"og:site_name\" content=\"Casino Crash Games\" \/>\n<meta property=\"article:modified_time\" content=\"2025-06-18T13:33:55+00:00\" \/>\n<meta property=\"og:image\" content=\"https:\/\/casinocrashgames.com\/wp-content\/uploads\/2025\/04\/Casino-Crash-Games-Providers.webp\" \/>\n\t<meta property=\"og:image:width\" content=\"400\" \/>\n\t<meta property=\"og:image:height\" content=\"400\" \/>\n\t<meta property=\"og:image:type\" content=\"image\/webp\" \/>\n<meta name=\"twitter:card\" content=\"summary_large_image\" \/>\n<meta name=\"twitter:label1\" content=\"Odhadovan\u00e1 doba \u010dten\u00ed\" \/>\n\t<meta name=\"twitter:data1\" content=\"3 minuty\" \/>\n<script type=\"application\/ld+json\" class=\"yoast-schema-graph\">{\"@context\":\"https:\/\/schema.org\",\"@graph\":[{\"@type\":\"WebPage\",\"@id\":\"https:\/\/casinocrashgames.com\/cs\/poskytovatele\/\",\"url\":\"https:\/\/casinocrashgames.com\/cs\/poskytovatele\/\",\"name\":\"Poskytovatel\u00e9 Crash her | Spribe, Smartsoft & Turbo Games Info\",\"isPartOf\":{\"@id\":\"https:\/\/casinocrashgames.com\/cs\/#website\"},\"primaryImageOfPage\":{\"@id\":\"https:\/\/casinocrashgames.com\/cs\/poskytovatele\/#primaryimage\"},\"image\":{\"@id\":\"https:\/\/casinocrashgames.com\/cs\/poskytovatele\/#primaryimage\"},\"thumbnailUrl\":\"https:\/\/casinocrashgames.com\/wp-content\/uploads\/2025\/04\/Casino-Crash-Games-Providers.webp\",\"datePublished\":\"2025-02-06T13:10:21+00:00\",\"dateModified\":\"2025-06-18T13:33:55+00:00\",\"description\":\"Prozkoumejte \u0161pi\u010dkov\u00e9 poskytovatele Crash her, jako je Spribe, Smartsoft Gaming a Turbo Games. Zjist\u011bte v\u00edce o spole\u010dnostech, kter\u00e9 stoj\u00ed za Aviator, JetX &. Crash X\",\"breadcrumb\":{\"@id\":\"https:\/\/casinocrashgames.com\/cs\/poskytovatele\/#breadcrumb\"},\"inLanguage\":\"cs\",\"potentialAction\":[{\"@type\":\"ReadAction\",\"target\":[\"https:\/\/casinocrashgames.com\/cs\/poskytovatele\/\"]}]},{\"@type\":\"ImageObject\",\"inLanguage\":\"cs\",\"@id\":\"https:\/\/casinocrashgames.com\/cs\/poskytovatele\/#primaryimage\",\"url\":\"https:\/\/casinocrashgames.com\/wp-content\/uploads\/2025\/04\/Casino-Crash-Games-Providers.webp\",\"contentUrl\":\"https:\/\/casinocrashgames.com\/wp-content\/uploads\/2025\/04\/Casino-Crash-Games-Providers.webp\",\"width\":400,\"height\":400,\"caption\":\"Casino Crash Games - Providers\"},{\"@type\":\"BreadcrumbList\",\"@id\":\"https:\/\/casinocrashgames.com\/cs\/poskytovatele\/#breadcrumb\",\"itemListElement\":[{\"@type\":\"ListItem\",\"position\":1,\"name\":\"Home\",\"item\":\"https:\/\/casinocrashgames.com\/cs\/casino-crash-games\/\"},{\"@type\":\"ListItem\",\"position\":2,\"name\":\"Poskytovatel\u00e9\"}]},{\"@type\":\"WebSite\",\"@id\":\"https:\/\/casinocrashgames.com\/cs\/#website\",\"url\":\"https:\/\/casinocrashgames.com\/cs\/\",\"name\":\"Casino Crash Games\",\"description\":\"CASH BEFORE YOU CRASH\",\"publisher\":{\"@id\":\"https:\/\/casinocrashgames.com\/cs\/#organization\"},\"potentialAction\":[{\"@type\":\"SearchAction\",\"target\":{\"@type\":\"EntryPoint\",\"urlTemplate\":\"https:\/\/casinocrashgames.com\/cs\/?s={search_term_string}\"},\"query-input\":{\"@type\":\"PropertyValueSpecification\",\"valueRequired\":true,\"valueName\":\"search_term_string\"}}],\"inLanguage\":\"cs\"},{\"@type\":\"Organization\",\"@id\":\"https:\/\/casinocrashgames.com\/cs\/#organization\",\"name\":\"Casino Crash Games\",\"url\":\"https:\/\/casinocrashgames.com\/cs\/\",\"logo\":{\"@type\":\"ImageObject\",\"inLanguage\":\"cs\",\"@id\":\"https:\/\/casinocrashgames.com\/cs\/#\/schema\/logo\/image\/\",\"url\":\"https:\/\/casinocrashgames.com\/wp-content\/uploads\/2025\/03\/cropped-Casino-Crash-Games-Logo-.webp\",\"contentUrl\":\"https:\/\/casinocrashgames.com\/wp-content\/uploads\/2025\/03\/cropped-Casino-Crash-Games-Logo-.webp\",\"width\":1045,\"height\":606,\"caption\":\"Casino Crash Games\"},\"image\":{\"@id\":\"https:\/\/casinocrashgames.com\/cs\/#\/schema\/logo\/image\/\"}}]}<\/script>\n<!-- \/ Yoast SEO plugin. -->","yoast_head_json":{"title":"Poskytovatel\u00e9 Crash her | Spribe, Smartsoft & Turbo Games Info","description":"Prozkoumejte \u0161pi\u010dkov\u00e9 poskytovatele Crash her, jako je Spribe, Smartsoft Gaming a Turbo Games. Zjist\u011bte v\u00edce o spole\u010dnostech, kter\u00e9 stoj\u00ed za Aviator, JetX &. Crash X","robots":{"index":"index","follow":"follow","max-snippet":"max-snippet:-1","max-image-preview":"max-image-preview:large","max-video-preview":"max-video-preview:-1"},"canonical":"https:\/\/casinocrashgames.com\/cs\/poskytovatele\/","og_locale":"cs_CZ","og_type":"article","og_title":"Poskytovatel\u00e9 Crash her | Spribe, Smartsoft & Turbo Games Info","og_description":"Prozkoumejte \u0161pi\u010dkov\u00e9 poskytovatele Crash her, jako je Spribe, Smartsoft Gaming a Turbo Games. Zjist\u011bte v\u00edce o spole\u010dnostech, kter\u00e9 stoj\u00ed za Aviator, JetX &. Crash X","og_url":"https:\/\/casinocrashgames.com\/cs\/poskytovatele\/","og_site_name":"Casino Crash Games","article_modified_time":"2025-06-18T13:33:55+00:00","og_image":[{"width":400,"height":400,"url":"https:\/\/casinocrashgames.com\/wp-content\/uploads\/2025\/04\/Casino-Crash-Games-Providers.webp","type":"image\/webp"}],"twitter_card":"summary_large_image","twitter_misc":{"Odhadovan\u00e1 doba \u010dten\u00ed":"3 minuty"},"schema":{"@context":"https:\/\/schema.org","@graph":[{"@type":"WebPage","@id":"https:\/\/casinocrashgames.com\/cs\/poskytovatele\/","url":"https:\/\/casinocrashgames.com\/cs\/poskytovatele\/","name":"Poskytovatel\u00e9 Crash her | Spribe, Smartsoft & Turbo Games Info","isPartOf":{"@id":"https:\/\/casinocrashgames.com\/cs\/#website"},"primaryImageOfPage":{"@id":"https:\/\/casinocrashgames.com\/cs\/poskytovatele\/#primaryimage"},"image":{"@id":"https:\/\/casinocrashgames.com\/cs\/poskytovatele\/#primaryimage"},"thumbnailUrl":"https:\/\/casinocrashgames.com\/wp-content\/uploads\/2025\/04\/Casino-Crash-Games-Providers.webp","datePublished":"2025-02-06T13:10:21+00:00","dateModified":"2025-06-18T13:33:55+00:00","description":"Prozkoumejte \u0161pi\u010dkov\u00e9 poskytovatele Crash her, jako je Spribe, Smartsoft Gaming a Turbo Games. Zjist\u011bte v\u00edce o spole\u010dnostech, kter\u00e9 stoj\u00ed za Aviator, JetX &. Crash X","breadcrumb":{"@id":"https:\/\/casinocrashgames.com\/cs\/poskytovatele\/#breadcrumb"},"inLanguage":"cs","potentialAction":[{"@type":"ReadAction","target":["https:\/\/casinocrashgames.com\/cs\/poskytovatele\/"]}]},{"@type":"ImageObject","inLanguage":"cs","@id":"https:\/\/casinocrashgames.com\/cs\/poskytovatele\/#primaryimage","url":"https:\/\/casinocrashgames.com\/wp-content\/uploads\/2025\/04\/Casino-Crash-Games-Providers.webp","contentUrl":"https:\/\/casinocrashgames.com\/wp-content\/uploads\/2025\/04\/Casino-Crash-Games-Providers.webp","width":400,"height":400,"caption":"Casino Crash Games - Providers"},{"@type":"BreadcrumbList","@id":"https:\/\/casinocrashgames.com\/cs\/poskytovatele\/#breadcrumb","itemListElement":[{"@type":"ListItem","position":1,"name":"Home","item":"https:\/\/casinocrashgames.com\/cs\/casino-crash-games\/"},{"@type":"ListItem","position":2,"name":"Poskytovatel\u00e9"}]},{"@type":"WebSite","@id":"https:\/\/casinocrashgames.com\/cs\/#website","url":"https:\/\/casinocrashgames.com\/cs\/","name":"Casino Crash Games","description":"CASH BEFORE YOU CRASH","publisher":{"@id":"https:\/\/casinocrashgames.com\/cs\/#organization"},"potentialAction":[{"@type":"SearchAction","target":{"@type":"EntryPoint","urlTemplate":"https:\/\/casinocrashgames.com\/cs\/?s={search_term_string}"},"query-input":{"@type":"PropertyValueSpecification","valueRequired":true,"valueName":"search_term_string"}}],"inLanguage":"cs"},{"@type":"Organization","@id":"https:\/\/casinocrashgames.com\/cs\/#organization","name":"Casino Crash Games","url":"https:\/\/casinocrashgames.com\/cs\/","logo":{"@type":"ImageObject","inLanguage":"cs","@id":"https:\/\/casinocrashgames.com\/cs\/#\/schema\/logo\/image\/","url":"https:\/\/casinocrashgames.com\/wp-content\/uploads\/2025\/03\/cropped-Casino-Crash-Games-Logo-.webp","contentUrl":"https:\/\/casinocrashgames.com\/wp-content\/uploads\/2025\/03\/cropped-Casino-Crash-Games-Logo-.webp","width":1045,"height":606,"caption":"Casino Crash Games"},"image":{"@id":"https:\/\/casinocrashgames.com\/cs\/#\/schema\/logo\/image\/"}}]}},"_links":{"self":[{"href":"https:\/\/casinocrashgames.com\/cs\/wp-json\/wp\/v2\/pages\/825","targetHints":{"allow":["GET"]}}],"collection":[{"href":"https:\/\/casinocrashgames.com\/cs\/wp-json\/wp\/v2\/pages"}],"about":[{"href":"https:\/\/casinocrashgames.com\/cs\/wp-json\/wp\/v2\/types\/page"}],"author":[{"embeddable":true,"href":"https:\/\/casinocrashgames.com\/cs\/wp-json\/wp\/v2\/users\/1"}],"replies":[{"embeddable":true,"href":"https:\/\/casinocrashgames.com\/cs\/wp-json\/wp\/v2\/comments?post=825"}],"version-history":[{"count":7,"href":"https:\/\/casinocrashgames.com\/cs\/wp-json\/wp\/v2\/pages\/825\/revisions"}],"predecessor-version":[{"id":1173,"href":"https:\/\/casinocrashgames.com\/cs\/wp-json\/wp\/v2\/pages\/825\/revisions\/1173"}],"wp:featuredmedia":[{"embeddable":true,"href":"https:\/\/casinocrashgames.com\/cs\/wp-json\/wp\/v2\/media\/575"}],"wp:attachment":[{"href":"https:\/\/casinocrashgames.com\/cs\/wp-json\/wp\/v2\/media?parent=825"}],"curies":[{"name":"wp","href":"https:\/\/api.w.org\/{rel}","templated":true}]}}