{"id":1091,"date":"2025-01-23T15:01:03","date_gmt":"2025-01-23T15:01:03","guid":{"rendered":"https:\/\/casinocrashgames.com\/zasady-ochrany-osobnich-udaju\/"},"modified":"2025-06-18T13:25:12","modified_gmt":"2025-06-18T13:25:12","slug":"zasady-ochrany-osobnich-udaju","status":"publish","type":"page","link":"https:\/\/casinocrashgames.com\/cs\/zasady-ochrany-osobnich-udaju\/","title":{"rendered":"Z\u00e1sady ochrany osobn\u00edch \u00fadaj\u016f"},"content":{"rendered":"<h1>Z\u00e1sady ochrany osobn\u00edch \u00fadaj\u016f<\/h1>\n<p>Webov\u00e9 str\u00e1nky <a href=\"https:\/\/casinocrashgames.com\/cs\/\">casinocrashgames.com<\/a> se v\u00fdslovn\u011b zavazuj\u00ed chr\u00e1nit soukrom\u00ed sv\u00fdch koncov\u00fdch u\u017eivatel\u016f. Toto prohl\u00e1\u0161en\u00ed o ochran\u011b osobn\u00edch \u00fadaj\u016f uv\u00e1d\u00ed postupy spr\u00e1vce v oblasti ochrany osobn\u00edch \u00fadaj\u016f, v\u010detn\u011b zp\u016fsobu, jak\u00fdm shroma\u017e\u010fuje, pou\u017e\u00edv\u00e1 a chr\u00e1n\u00ed va\u0161e osobn\u00ed \u00fadaje, jako\u017e i va\u0161e pr\u00e1va souvisej\u00edc\u00ed s t\u011bmito osobn\u00edmi \u00fadaji. <\/p>\n<h2>IP adresa a soubory cookie<\/h2>\n<p>Webov\u00e9 str\u00e1nky casinocrashgames.com zaznamen\u00e1vaj\u00ed IP adresy a shroma\u017e\u010fuj\u00ed soubory cookie na sv\u00fdch webov\u00fdch str\u00e1nk\u00e1ch, kter\u00e9 pou\u017e\u00edvaj\u00ed v\u00fdhradn\u011b pro \u00fa\u010dely anal\u00fdzy a m\u011b\u0159en\u00ed n\u00e1v\u0161t\u011bvnosti v Google Analytics. Soubory cookie jsou mal\u00e9 soubory, kter\u00e9 webov\u00fdm str\u00e1nk\u00e1m nebo poskytovatel\u016fm slu\u017eeb umo\u017e\u0148uj\u00ed rozpoznat prohl\u00ed\u017ee\u010d, zachytit a zapamatovat si ur\u010dit\u00e9 informace. M\u016f\u017ee se jednat o informace o relaci, v\u010detn\u011b doby odezvy str\u00e1nek, d\u00e9lky n\u00e1v\u0161t\u011bv ur\u010dit\u00fdch str\u00e1nek, informac\u00ed o interakci se str\u00e1nkami, metod\u00e1ch pou\u017e\u00edvan\u00fdch k prohl\u00ed\u017een\u00ed str\u00e1nek, informac\u00ed o webov\u00e9m prohl\u00ed\u017ee\u010di, mobiln\u00edm a stoln\u00edm za\u0159\u00edzen\u00ed a jejich rozli\u0161en\u00ed, v\u011bku, z\u00e1jmech nebo poloze n\u00e1v\u0161t\u011bvn\u00edka str\u00e1nek. Pou\u017e\u00edv\u00e1n\u00edm t\u011bchto webov\u00fdch str\u00e1nek souhlas\u00edte s pou\u017e\u00edv\u00e1n\u00edm soubor\u016f cookie. Soubory cookie v\u0161ak m\u016f\u017eete ze sv\u00e9ho disku odstranit podle pokyn\u016f v prohl\u00ed\u017ee\u010di. Je d\u016fle\u017eit\u00e9 si uv\u011bdomit, \u017ee slu\u017eby t\u0159et\u00edch stran, jako je Google Analytics, mohou m\u00edt vlastn\u00ed z\u00e1sady t\u00fdkaj\u00edc\u00ed se shroma\u017e\u010fov\u00e1n\u00ed a ukl\u00e1d\u00e1n\u00ed informac\u00ed.     <\/p>\n<h2>Odkazy t\u0159et\u00edch stran<\/h2>\n<p>Webov\u00e9 str\u00e1nky si vyhrazuj\u00ed pr\u00e1vo zahrnout nebo nab\u00edzet hry nebo slu\u017eby t\u0159et\u00edch stran na t\u011bchto str\u00e1nk\u00e1ch. Tyto hry, slu\u017eby, odkazy nebo aplikace t\u0159et\u00edch stran maj\u00ed samostatn\u00e9 a nez\u00e1visl\u00e9 z\u00e1sady ochrany osobn\u00edch \u00fadaj\u016f. Webov\u00e9 str\u00e1nky nenesou odpov\u011bdnost za obsah a fungov\u00e1n\u00ed t\u011bchto odkazovan\u00fdch str\u00e1nek. Ve vlastn\u00edm z\u00e1jmu se sna\u017e\u00ed chr\u00e1nit integritu t\u011bchto str\u00e1nek a v\u00edt\u00e1 jak\u00e9koli n\u00e1vrhy a p\u0159ipom\u00ednky u\u017eivatel\u016f.   <\/p>\n<p>Ve\u0161ker\u00e9 informace na t\u011bchto str\u00e1nk\u00e1ch maj\u00ed pouze informativn\u00ed charakter a jsou ur\u010deny pro u\u017eivatele.<b><strong> star\u0161\u00ed 18 nebo 21 let<\/strong><\/b>. Vzhledem k r\u016fzn\u00fdm z\u00e1kon\u016fm a p\u0159edpis\u016fm v oblasti online her po cel\u00e9m sv\u011bt\u011b je na odpov\u011bdnosti u\u017eivatele, aby se pln\u011b sezn\u00e1mil s legislativou ve sv\u00e9 lokalit\u011b.   <b><strong>U\u017eivatel je pln\u011b odpov\u011bdn\u00fd za dodr\u017eov\u00e1n\u00ed v\u0161ech platn\u00fdch m\u00edstn\u00edch z\u00e1kon\u016f.<\/strong><\/b><\/p>\n<h2>V\u00e1\u0161 souhlas<\/h2>\n<p>Pou\u017e\u00edv\u00e1n\u00edm t\u011bchto str\u00e1nek souhlas\u00edte s t\u00edmto prohl\u00e1\u0161en\u00edm o ochran\u011b osobn\u00edch \u00fadaj\u016f.<\/p>\n<h2>Zm\u011bny z\u00e1sad ochrany osobn\u00edch \u00fadaj\u016f<\/h2>\n<p>Pokud se webov\u00e9 str\u00e1nky rozhodnou zm\u011bnit sv\u00e9 z\u00e1sady ochrany osobn\u00edch \u00fadaj\u016f, zve\u0159ejn\u00ed tyto zm\u011bny na t\u00e9to str\u00e1nce.<\/p>\n","protected":false},"excerpt":{"rendered":"<p>Z\u00e1sady ochrany osobn\u00edch \u00fadaj\u016f Webov\u00e9 str\u00e1nky casinocrashgames.com se v\u00fdslovn\u011b zavazuj\u00ed chr\u00e1nit soukrom\u00ed sv\u00fdch koncov\u00fdch u\u017eivatel\u016f. Toto prohl\u00e1\u0161en\u00ed o ochran\u011b osobn\u00edch [&hellip;]<\/p>\n","protected":false},"author":1,"featured_media":0,"parent":0,"menu_order":0,"comment_status":"closed","ping_status":"closed","template":"","meta":{"site-sidebar-layout":"default","site-content-layout":"","ast-site-content-layout":"default","site-content-style":"default","site-sidebar-style":"default","ast-global-header-display":"","ast-banner-title-visibility":"","ast-main-header-display":"","ast-hfb-above-header-display":"","ast-hfb-below-header-display":"","ast-hfb-mobile-header-display":"","site-post-title":"disabled","ast-breadcrumbs-content":"disabled","ast-featured-img":"","footer-sml-layout":"","theme-transparent-header-meta":"disabled","adv-header-id-meta":"","stick-header-meta":"","header-above-stick-meta":"","header-main-stick-meta":"","header-below-stick-meta":"","astra-migrate-meta-layouts":"default","ast-page-background-enabled":"default","ast-page-background-meta":{"desktop":{"background-color":"var(--ast-global-color-5)","background-image":"","background-repeat":"repeat","background-position":"center center","background-size":"auto","background-attachment":"scroll","background-type":"","background-media":"","overlay-type":"","overlay-color":"","overlay-opacity":"","overlay-gradient":""},"tablet":{"background-color":"","background-image":"","background-repeat":"repeat","background-position":"center center","background-size":"auto","background-attachment":"scroll","background-type":"","background-media":"","overlay-type":"","overlay-color":"","overlay-opacity":"","overlay-gradient":""},"mobile":{"background-color":"","background-image":"","background-repeat":"repeat","background-position":"center center","background-size":"auto","background-attachment":"scroll","background-type":"","background-media":"","overlay-type":"","overlay-color":"","overlay-opacity":"","overlay-gradient":""}},"ast-content-background-meta":{"desktop":{"background-color":"var(--ast-global-color-4)","background-image":"","background-repeat":"repeat","background-position":"center center","background-size":"auto","background-attachment":"scroll","background-type":"","background-media":"","overlay-type":"","overlay-color":"","overlay-opacity":"","overlay-gradient":""},"tablet":{"background-color":"var(--ast-global-color-4)","background-image":"","background-repeat":"repeat","background-position":"center center","background-size":"auto","background-attachment":"scroll","background-type":"","background-media":"","overlay-type":"","overlay-color":"","overlay-opacity":"","overlay-gradient":""},"mobile":{"background-color":"var(--ast-global-color-4)","background-image":"","background-repeat":"repeat","background-position":"center center","background-size":"auto","background-attachment":"scroll","background-type":"","background-media":"","overlay-type":"","overlay-color":"","overlay-opacity":"","overlay-gradient":""}},"footnotes":""},"class_list":["post-1091","page","type-page","status-publish","hentry"],"yoast_head":"<!-- This site is optimized with the Yoast SEO plugin v25.2 - https:\/\/yoast.com\/wordpress\/plugins\/seo\/ -->\n<title>Z\u00e1sady ochrany osobn\u00edch \u00fadaj\u016f - Casino Crash Games<\/title>\n<meta name=\"robots\" content=\"index, follow, max-snippet:-1, max-image-preview:large, max-video-preview:-1\" \/>\n<link rel=\"canonical\" href=\"https:\/\/casinocrashgames.com\/cs\/zasady-ochrany-osobnich-udaju\/\" \/>\n<meta property=\"og:locale\" content=\"cs_CZ\" \/>\n<meta property=\"og:type\" content=\"article\" \/>\n<meta property=\"og:title\" content=\"Z\u00e1sady ochrany osobn\u00edch \u00fadaj\u016f - Casino Crash Games\" \/>\n<meta property=\"og:description\" content=\"Z\u00e1sady ochrany osobn\u00edch \u00fadaj\u016f Webov\u00e9 str\u00e1nky casinocrashgames.com se v\u00fdslovn\u011b zavazuj\u00ed chr\u00e1nit soukrom\u00ed sv\u00fdch koncov\u00fdch u\u017eivatel\u016f. Toto prohl\u00e1\u0161en\u00ed o ochran\u011b osobn\u00edch [&hellip;]\" \/>\n<meta property=\"og:url\" content=\"https:\/\/casinocrashgames.com\/cs\/zasady-ochrany-osobnich-udaju\/\" \/>\n<meta property=\"og:site_name\" content=\"Casino Crash Games\" \/>\n<meta property=\"article:modified_time\" content=\"2025-06-18T13:25:12+00:00\" \/>\n<meta name=\"twitter:card\" content=\"summary_large_image\" \/>\n<meta name=\"twitter:label1\" content=\"Odhadovan\u00e1 doba \u010dten\u00ed\" \/>\n\t<meta name=\"twitter:data1\" content=\"3 minuty\" \/>\n<script type=\"application\/ld+json\" class=\"yoast-schema-graph\">{\"@context\":\"https:\/\/schema.org\",\"@graph\":[{\"@type\":\"WebPage\",\"@id\":\"https:\/\/casinocrashgames.com\/cs\/zasady-ochrany-osobnich-udaju\/\",\"url\":\"https:\/\/casinocrashgames.com\/cs\/zasady-ochrany-osobnich-udaju\/\",\"name\":\"Z\u00e1sady ochrany osobn\u00edch \u00fadaj\u016f - Casino Crash Games\",\"isPartOf\":{\"@id\":\"https:\/\/casinocrashgames.com\/cs\/#website\"},\"datePublished\":\"2025-01-23T15:01:03+00:00\",\"dateModified\":\"2025-06-18T13:25:12+00:00\",\"breadcrumb\":{\"@id\":\"https:\/\/casinocrashgames.com\/cs\/zasady-ochrany-osobnich-udaju\/#breadcrumb\"},\"inLanguage\":\"cs\",\"potentialAction\":[{\"@type\":\"ReadAction\",\"target\":[\"https:\/\/casinocrashgames.com\/cs\/zasady-ochrany-osobnich-udaju\/\"]}]},{\"@type\":\"BreadcrumbList\",\"@id\":\"https:\/\/casinocrashgames.com\/cs\/zasady-ochrany-osobnich-udaju\/#breadcrumb\",\"itemListElement\":[{\"@type\":\"ListItem\",\"position\":1,\"name\":\"Home\",\"item\":\"https:\/\/casinocrashgames.com\/cs\/casino-crash-games\/\"},{\"@type\":\"ListItem\",\"position\":2,\"name\":\"Z\u00e1sady ochrany osobn\u00edch \u00fadaj\u016f\"}]},{\"@type\":\"WebSite\",\"@id\":\"https:\/\/casinocrashgames.com\/cs\/#website\",\"url\":\"https:\/\/casinocrashgames.com\/cs\/\",\"name\":\"Casino Crash Games\",\"description\":\"CASH BEFORE YOU CRASH\",\"publisher\":{\"@id\":\"https:\/\/casinocrashgames.com\/cs\/#organization\"},\"potentialAction\":[{\"@type\":\"SearchAction\",\"target\":{\"@type\":\"EntryPoint\",\"urlTemplate\":\"https:\/\/casinocrashgames.com\/cs\/?s={search_term_string}\"},\"query-input\":{\"@type\":\"PropertyValueSpecification\",\"valueRequired\":true,\"valueName\":\"search_term_string\"}}],\"inLanguage\":\"cs\"},{\"@type\":\"Organization\",\"@id\":\"https:\/\/casinocrashgames.com\/cs\/#organization\",\"name\":\"Casino Crash Games\",\"url\":\"https:\/\/casinocrashgames.com\/cs\/\",\"logo\":{\"@type\":\"ImageObject\",\"inLanguage\":\"cs\",\"@id\":\"https:\/\/casinocrashgames.com\/cs\/#\/schema\/logo\/image\/\",\"url\":\"https:\/\/casinocrashgames.com\/wp-content\/uploads\/2025\/03\/cropped-Casino-Crash-Games-Logo-.webp\",\"contentUrl\":\"https:\/\/casinocrashgames.com\/wp-content\/uploads\/2025\/03\/cropped-Casino-Crash-Games-Logo-.webp\",\"width\":1045,\"height\":606,\"caption\":\"Casino Crash Games\"},\"image\":{\"@id\":\"https:\/\/casinocrashgames.com\/cs\/#\/schema\/logo\/image\/\"}}]}<\/script>\n<!-- \/ Yoast SEO plugin. -->","yoast_head_json":{"title":"Z\u00e1sady ochrany osobn\u00edch \u00fadaj\u016f - Casino Crash Games","robots":{"index":"index","follow":"follow","max-snippet":"max-snippet:-1","max-image-preview":"max-image-preview:large","max-video-preview":"max-video-preview:-1"},"canonical":"https:\/\/casinocrashgames.com\/cs\/zasady-ochrany-osobnich-udaju\/","og_locale":"cs_CZ","og_type":"article","og_title":"Z\u00e1sady ochrany osobn\u00edch \u00fadaj\u016f - Casino Crash Games","og_description":"Z\u00e1sady ochrany osobn\u00edch \u00fadaj\u016f Webov\u00e9 str\u00e1nky casinocrashgames.com se v\u00fdslovn\u011b zavazuj\u00ed chr\u00e1nit soukrom\u00ed sv\u00fdch koncov\u00fdch u\u017eivatel\u016f. Toto prohl\u00e1\u0161en\u00ed o ochran\u011b osobn\u00edch [&hellip;]","og_url":"https:\/\/casinocrashgames.com\/cs\/zasady-ochrany-osobnich-udaju\/","og_site_name":"Casino Crash Games","article_modified_time":"2025-06-18T13:25:12+00:00","twitter_card":"summary_large_image","twitter_misc":{"Odhadovan\u00e1 doba \u010dten\u00ed":"3 minuty"},"schema":{"@context":"https:\/\/schema.org","@graph":[{"@type":"WebPage","@id":"https:\/\/casinocrashgames.com\/cs\/zasady-ochrany-osobnich-udaju\/","url":"https:\/\/casinocrashgames.com\/cs\/zasady-ochrany-osobnich-udaju\/","name":"Z\u00e1sady ochrany osobn\u00edch \u00fadaj\u016f - Casino Crash Games","isPartOf":{"@id":"https:\/\/casinocrashgames.com\/cs\/#website"},"datePublished":"2025-01-23T15:01:03+00:00","dateModified":"2025-06-18T13:25:12+00:00","breadcrumb":{"@id":"https:\/\/casinocrashgames.com\/cs\/zasady-ochrany-osobnich-udaju\/#breadcrumb"},"inLanguage":"cs","potentialAction":[{"@type":"ReadAction","target":["https:\/\/casinocrashgames.com\/cs\/zasady-ochrany-osobnich-udaju\/"]}]},{"@type":"BreadcrumbList","@id":"https:\/\/casinocrashgames.com\/cs\/zasady-ochrany-osobnich-udaju\/#breadcrumb","itemListElement":[{"@type":"ListItem","position":1,"name":"Home","item":"https:\/\/casinocrashgames.com\/cs\/casino-crash-games\/"},{"@type":"ListItem","position":2,"name":"Z\u00e1sady ochrany osobn\u00edch \u00fadaj\u016f"}]},{"@type":"WebSite","@id":"https:\/\/casinocrashgames.com\/cs\/#website","url":"https:\/\/casinocrashgames.com\/cs\/","name":"Casino Crash Games","description":"CASH BEFORE YOU CRASH","publisher":{"@id":"https:\/\/casinocrashgames.com\/cs\/#organization"},"potentialAction":[{"@type":"SearchAction","target":{"@type":"EntryPoint","urlTemplate":"https:\/\/casinocrashgames.com\/cs\/?s={search_term_string}"},"query-input":{"@type":"PropertyValueSpecification","valueRequired":true,"valueName":"search_term_string"}}],"inLanguage":"cs"},{"@type":"Organization","@id":"https:\/\/casinocrashgames.com\/cs\/#organization","name":"Casino Crash Games","url":"https:\/\/casinocrashgames.com\/cs\/","logo":{"@type":"ImageObject","inLanguage":"cs","@id":"https:\/\/casinocrashgames.com\/cs\/#\/schema\/logo\/image\/","url":"https:\/\/casinocrashgames.com\/wp-content\/uploads\/2025\/03\/cropped-Casino-Crash-Games-Logo-.webp","contentUrl":"https:\/\/casinocrashgames.com\/wp-content\/uploads\/2025\/03\/cropped-Casino-Crash-Games-Logo-.webp","width":1045,"height":606,"caption":"Casino Crash Games"},"image":{"@id":"https:\/\/casinocrashgames.com\/cs\/#\/schema\/logo\/image\/"}}]}},"_links":{"self":[{"href":"https:\/\/casinocrashgames.com\/cs\/wp-json\/wp\/v2\/pages\/1091","targetHints":{"allow":["GET"]}}],"collection":[{"href":"https:\/\/casinocrashgames.com\/cs\/wp-json\/wp\/v2\/pages"}],"about":[{"href":"https:\/\/casinocrashgames.com\/cs\/wp-json\/wp\/v2\/types\/page"}],"author":[{"embeddable":true,"href":"https:\/\/casinocrashgames.com\/cs\/wp-json\/wp\/v2\/users\/1"}],"replies":[{"embeddable":true,"href":"https:\/\/casinocrashgames.com\/cs\/wp-json\/wp\/v2\/comments?post=1091"}],"version-history":[{"count":1,"href":"https:\/\/casinocrashgames.com\/cs\/wp-json\/wp\/v2\/pages\/1091\/revisions"}],"predecessor-version":[{"id":1169,"href":"https:\/\/casinocrashgames.com\/cs\/wp-json\/wp\/v2\/pages\/1091\/revisions\/1169"}],"wp:attachment":[{"href":"https:\/\/casinocrashgames.com\/cs\/wp-json\/wp\/v2\/media?parent=1091"}],"curies":[{"name":"wp","href":"https:\/\/api.w.org\/{rel}","templated":true}]}}