{"id":1047,"date":"2025-02-06T13:15:55","date_gmt":"2025-02-06T13:15:55","guid":{"rendered":"https:\/\/casinocrashgames.com\/funkce\/multiplikator\/"},"modified":"2025-06-18T10:50:50","modified_gmt":"2025-06-18T10:50:50","slug":"multiplikator","status":"publish","type":"page","link":"https:\/\/casinocrashgames.com\/cs\/funkce\/multiplikator\/","title":{"rendered":"Multiplik\u00e1tor"},"content":{"rendered":"<div class=\"wpb-content-wrapper\"><p>[vc_row full_width=&#8220;stretch_row&#8220; content_placement=&#8220;middle&#8220; css=&#8220;.vc_custom_1744576968878{margin-bottom: 50px !important;padding-top: 10% !important;padding-bottom: 5% !important;background: #1D0D4E url(https:\/\/casinocrashgames.com\/wp-content\/uploads\/2025\/04\/Background-Img.webp?id=219) !important;}&#8220;][vc_column width=&#8220;1\/2&#8243;][vc_single_image image=&#8220;755&#8243; img_size=&#8220;400&#8243; alignment=&#8220;center&#8220; css=&#8220;&#8220;][\/vc_column][vc_column width=&#8220;1\/2&#8243;][vc_column_text css=&#8220;&#8220;]<\/p>\n<h1><span style=\"color: #fcc500;\">Porozum\u011bn\u00ed multiplik\u00e1toru<\/span><\/h1>\n<p><span style=\"color: #ffffff;\">Srdcem t\u00e9m\u011b\u0159 ka\u017ed\u00e9 Crash hry je n\u00e1sobitel. Za\u010d\u00edn\u00e1 na hodnot\u011b 1,0x a d\u00e1le se zvy\u0161uje. Trik spo\u010d\u00edv\u00e1 v tom, abyste vybrali pen\u00edze d\u0159\u00edve, ne\u017e se zhrout\u00ed! \u010c\u00edm vy\u0161\u0161\u00ed je, t\u00edm v\u00edce m\u016f\u017eete vyhr\u00e1t, ale z\u00e1rove\u0148 se zvy\u0161uje riziko.   <\/span>[\/vc_column_text][\/vc_column][\/vc_row][vc_section][vc_row][vc_column][vc_column_text css=&#8220;&#8220;]<\/p>\n<h2>Multiplik\u00e1tory<\/h2>\n<p><span style=\"font-weight: 400;\">Ur\u010duje, kolik m\u016f\u017ee hr\u00e1\u010d vyhr\u00e1t. Ka\u017ed\u00e9 kolo za\u010d\u00edn\u00e1 s n\u00e1sobitelem 1,0x a s postupem hry se zvy\u0161uje. Potenci\u00e1ln\u00ed v\u00fdhry hr\u00e1\u010d\u016f rostou spolu s n\u00e1sobitelem, pokud si pen\u00edze vyplat\u00ed d\u0159\u00edve, ne\u017e dojde k p\u00e1du.  <\/span><\/p>\n<p><span style=\"font-weight: 400;\">N\u00e1sobitel je kl\u00ed\u010dov\u00fdm ukazatelem, kter\u00fd ur\u010duje, kolik m\u016f\u017ee hr\u00e1\u010d ve dan\u00e9 h\u0159e vyhr\u00e1t.<\/span>[\/vc_column_text][\/vc_column][\/vc_row][vc_row][vc_column][vc_column_text css=&#8220;&#8220;]<\/p>\n<h2>Jak funguje multiplik\u00e1tor:<\/h2>\n<ul>\n<li><span style=\"font-weight: 400;\">Ka\u017ed\u00e9 kolo za\u010d\u00edn\u00e1 s n\u00e1sobitelem 1,0x.<\/span><\/li>\n<li><span style=\"font-weight: 400;\">V pr\u016fb\u011bhu hry se n\u00e1sobitel postupn\u011b zvy\u0161uje.  <\/span><\/li>\n<li><span style=\"font-weight: 400;\">(nap\u0159. 1,5x, 2,0x, 3,0x atd.)<\/span><\/li>\n<li><span style=\"font-weight: 400;\">Hr\u00e1\u010di se mus\u00ed rozhodnout, kdy vyplatit pen\u00edze. \u010c\u00edm d\u00e9le \u010dekaj\u00ed, t\u00edm vy\u0161\u0161\u00ed je potenci\u00e1ln\u00ed v\u00fdhra, ale tak\u00e9 t\u00edm v\u011bt\u0161\u00ed je riziko p\u00e1du.<\/span><\/li>\n<li><span style=\"font-weight: 400;\">Pokud hra spadne d\u0159\u00edve, ne\u017e hr\u00e1\u010d vyplat\u00ed pen\u00edze, svou s\u00e1zku zcela prohraje.<\/span><\/li>\n<\/ul>\n<h3>P\u0159\u00edklady sc\u00e9n\u00e1\u0159\u016f<span style=\"font-weight: 400;\">:<\/span><\/h3>\n<p><b>V\u00fdhra<\/b><span style=\"font-weight: 400;\">: Hr\u00e1\u010d vsad\u00ed 1000 K\u010d, dos\u00e1hne n\u00e1sobitele 5,0x a vyhraje 5000 K\u010d.<\/span><\/p>\n<p data-sourcepos=\"9:1-9:43\"><strong>Prohra<\/strong><span style=\"font-weight: 400;\"><strong>:<\/strong> Hr\u00e1\u010d \u010dek\u00e1 p\u0159\u00edli\u0161 dlouho a hra se zhrout\u00ed p\u0159i 3,2n\u00e1sobku p\u0159ed vyplacen\u00edm pen\u011bz, \u010d\u00edm\u017e p\u0159ijde o celou s\u00e1zku.<\/span><\/p>\n<p>[\/vc_column_text][\/vc_column][\/vc_row][vc_row][vc_column][vc_column_text css=&#8220;&#8220;]<\/p>\n<h2>Limity multiplik\u00e1toru:<\/h2>\n<ul>\n<li><span style=\"font-weight: 400;\">N\u011bkter\u00e9 Crash hry maj\u00ed p\u0159ednastaven\u00e9 maxim\u00e1ln\u00ed n\u00e1sobitele. <\/span><span style=\"font-weight: 400;\">(nap\u0159. 10 000x nebo 25 000x).<\/span><\/li>\n<li><span style=\"font-weight: 400;\">Ostatn\u00ed jsou n\u00e1hodn\u00e9 a mohou kdykoli spadnout, a to i p\u0159i 1,01x. <\/span><span style=\"font-weight: 400;\">(t\u00e9m\u011b\u0159 okam\u017eit\u011b).<\/span><\/li>\n<li><span style=\"font-weight: 400;\">Kl\u00ed\u010dem k vyv\u00e1\u017een\u00ed rizika a odm\u011bny v crash hr\u00e1ch je pochopit, kdy je t\u0159eba vyplatit pen\u00edze.<\/span><\/li>\n<\/ul>\n<p>[\/vc_column_text][\/vc_column][\/vc_row][vc_row][vc_column][vc_column_text css=&#8220;&#8220;]<\/p>\n<h2 data-sourcepos=\"9:1-9:48\">Jak vypad\u00e1 n\u00e1sobitel v Crash hr\u00e1ch<\/h2>\n<p data-sourcepos=\"11:1-11:190\">Vizu\u00e1ln\u00ed prezentace n\u00e1sobitele je hlavn\u00edm prvkem z\u00e1\u017eitku z Crash her, vytv\u00e1\u0159\u00ed nap\u011bt\u00ed a informuje hr\u00e1\u010de o jeho rozhodnut\u00edch. Zde se pod\u00edvejte, jak se tento kl\u00ed\u010dov\u00fd prvek objevuje v p\u0159edn\u00edch hr\u00e1ch: <\/p>\n<p>[\/vc_column_text][\/vc_column][\/vc_row][vc_row content_placement=&#8220;middle&#8220;][vc_column width=&#8220;1\/2&#8243;][vc_single_image image=&#8220;765&#8243; img_size=&#8220;large&#8220; onclick=&#8220;custom_link&#8220; css=&#8220;&#8220; link=&#8220;https:\/\/casinocrashgames.com\/cs\/aviator\/aviator-volna-hra\/&#8220;][\/vc_column][vc_column width=&#8220;1\/2&#8243;][vc_column_text css=&#8220;&#8220;]<\/p>\n<h3>Aviator<\/h3>\n<p>Aktu\u00e1ln\u00ed n\u00e1sobitel dominuje st\u0159edu obrazovky a je zobrazen velk\u00fdmi tu\u010dn\u00fdmi \u010d\u00edsly, kter\u00e1 \u010dasto p\u0159ekr\u00fdvaj\u00ed animovanou dr\u00e1hu letu ikonick\u00e9ho \u010derven\u00e9ho letadla. Toto \u010d\u00edslo za\u010d\u00edn\u00e1 na hodnot\u011b 1,00x a p\u0159i stoup\u00e1n\u00ed letadla se rychle a plynule zvy\u0161uje, tak\u017ee je jasn\u00fdm \u00fast\u0159edn\u00edm bodem pro hr\u00e1\u010de, kte\u0159\u00ed se rozhoduj\u00ed, kdy stisknout tla\u010d\u00edtko cash-out. Pod\u00edvejte se na to v akci a dozv\u00edte se v\u00edce informac\u00ed o <a href=\"https:\/\/casinocrashgames.com\/cs\/aviator\/\">Aviator.<\/a>[\/vc_column_text][\/vc_column][\/vc_row][vc_row content_placement=&#8220;middle&#8220;][vc_column width=&#8220;1\/2&#8243;][vc_single_image image=&#8220;770&#8243; img_size=&#8220;large&#8220; onclick=&#8220;custom_link&#8220; css=&#8220;&#8220; link=&#8220;https:\/\/casinocrashgames.com\/cs\/jetx\/jetx-volna-hra\/&#8220;][\/vc_column][vc_column width=&#8220;1\/2&#8243;][vc_column_text css=&#8220;&#8220;]<\/p>\n<h3>JetX<\/h3>\n<p>Podobn\u011b je i ve h\u0159e JetX, od spole\u010dnosti Smartsoft Gaming, takto viditeln\u00fd \u010d\u00edseln\u00fd n\u00e1sobitel. Jak trysk\u00e1\u010d stoup\u00e1 na galaktick\u00e9m pozad\u00ed v\u00fd\u0161, hodnota n\u00e1sobitele, obvykle um\u00edst\u011bn\u00e1 uprost\u0159ed nebo bl\u00edzko horn\u00edho okraje, se rychle zvy\u0161uje. Jeho jasn\u00e1 viditelnost je pro hr\u00e1\u010de z\u00e1sadn\u00ed pro sledov\u00e1n\u00ed potenci\u00e1ln\u00edch v\u00fdher a na\u010dasov\u00e1n\u00ed jejich vyplacen\u00ed v\u00fdhry, ne\u017e trysk\u00e1\u010d exploduje. Prozkoumejte specifick\u00e9 rozhran\u00ed a hratelnost hry <a href=\"https:\/\/casinocrashgames.com\/cs\/jetx\/\">JetX<\/a>.[\/vc_column_text][\/vc_column][\/vc_row][vc_row content_placement=&#8220;middle&#8220;][vc_column width=&#8220;1\/2&#8243;][vc_single_image image=&#8220;775&#8243; img_size=&#8220;large&#8220; onclick=&#8220;custom_link&#8220; css=&#8220;&#8220; link=&#8220;https:\/\/casinocrashgames.com\/cs\/crash-x\/crash-x-volna-hra\/&#8220;][\/vc_column][vc_column width=&#8220;1\/2&#8243;][vc_column_text css=&#8220;&#8220;]<\/p>\n<h3>Crash X<\/h3>\n<p>Ve h\u0159e Crash X od Turbo Games se n\u00e1sobitel dynamicky zobrazuje, obvykle v bl\u00edzkosti stoupaj\u00edc\u00ed kosmick\u00e9 lodi nebo rakety. Za\u010d\u00edn\u00e1 na hodnot\u011b 1,00x a b\u011bhem letov\u00e9 f\u00e1ze rychle stoup\u00e1. Vzhledem k tomu, \u017ee na str\u00e1nk\u00e1ch Crash X je funkce dvoj\u00ed s\u00e1zky, hr\u00e1\u010di pozorn\u011b sleduj\u00ed tento jedin\u00fd, stoupaj\u00edc\u00ed n\u00e1sobitel, aby mohli sou\u010dasn\u011b vyhodnotit potenci\u00e1ln\u00ed v\u00fdplatu obou sv\u00fdch aktivn\u00edch s\u00e1zek p\u0159ed p\u00e1dem. Pod\u00edvejte se, jak n\u00e1sobitel vypad\u00e1 v <a href=\"https:\/\/casinocrashgames.com\/cs\/crash-x\/\">Crash X<\/a>.[\/vc_column_text][\/vc_column][\/vc_row][vc_row][vc_column][vc_column_text css=&#8220;&#8220;]<\/p>\n<h2 data-sourcepos=\"22:1-22:43\">Pou\u017eit\u00ed n\u00e1sobi\u010de s Auto Cash Out<\/h2>\n<p data-sourcepos=\"24:1-24:894\">Ru\u010dn\u00ed vyb\u00edr\u00e1n\u00ed pen\u011bz na z\u00e1klad\u011b rostouc\u00edho n\u00e1sobitele sice p\u0159in\u00e1\u0161\u00ed vrcholn\u00e9 vzru\u0161en\u00ed, ale vy\u017eaduje tak\u00e9 dokonal\u00e9 na\u010dasov\u00e1n\u00ed a m\u016f\u017ee b\u00fdt ovlivn\u011bno emocemi. Pro strategi\u010dt\u011bj\u0161\u00ed p\u0159\u00edstup mohou hr\u00e1\u010di vyu\u017e\u00edt funkci <a href=\"https:\/\/casinocrashgames.com\/cs\/funkce\/auto-cash-out\/\">Auto Cash Out<\/a>. Tato funkce p\u0159\u00edmo spolupracuje s hern\u00edm n\u00e1sobitelem. Pou\u017eit\u00edm Auto Cash Out, si p\u0159ed <em>zah\u00e1jen\u00edm<\/em> kola p\u0159edem ur\u010d\u00edte konkr\u00e9tn\u00ed <strong>hodnotu n\u00e1sobitele<\/strong> (nap\u0159. 2,0x, 5,5x). Pokud hern\u00ed n\u00e1sobitel b\u011bhem kola dos\u00e1hne nebo p\u0159ekro\u010d\u00ed tuto c\u00edlovou hodnotu, syst\u00e9m automaticky vyplat\u00ed va\u0161i s\u00e1zku p\u0159esn\u011b v t\u00e9to p\u0159edem nastaven\u00e9 hodnot\u011b n\u00e1sobitele, \u010d\u00edm\u017e v\u00e1m zajist\u00ed v\u00fdhru bez nutnosti ru\u010dn\u00edho z\u00e1sahu. D\u00edky tomu m\u016f\u017eete d\u016fsledn\u011b uplat\u0148ovat strategie zalo\u017een\u00e9 na dosa\u017een\u00ed konkr\u00e9tn\u00edch c\u00edl\u016f n\u00e1sobitele.     <\/p>\n<p>[\/vc_column_text][\/vc_column][\/vc_row][\/vc_section]<\/p>\n<\/div>","protected":false},"excerpt":{"rendered":"<p>[vc_row full_width=&#8220;stretch_row&#8220; content_placement=&#8220;middle&#8220; css=&#8220;.vc_custom_1744576968878{margin-bottom: 50px !important;padding-top: 10% !important;padding-bottom: 5% !important;background: #1D0D4E url(https:\/\/casinocrashgames.com\/wp-content\/uploads\/2025\/04\/Background-Img.webp?id=219) !important;}&#8220;][vc_column width=&#8220;1\/2&#8243;][vc_single_image image=&#8220;755&#8243; img_size=&#8220;400&#8243; alignment=&#8220;center&#8220; css=&#8220;&#8220;][\/vc_column][vc_column width=&#8220;1\/2&#8243;][vc_column_text css=&#8220;&#8220;] [&hellip;]<\/p>\n","protected":false},"author":1,"featured_media":755,"parent":1044,"menu_order":0,"comment_status":"closed","ping_status":"closed","template":"","meta":{"site-sidebar-layout":"no-sidebar","site-content-layout":"plain-container","ast-site-content-layout":"default","site-content-style":"default","site-sidebar-style":"default","ast-global-header-display":"","ast-banner-title-visibility":"","ast-main-header-display":"","ast-hfb-above-header-display":"","ast-hfb-below-header-display":"","ast-hfb-mobile-header-display":"","site-post-title":"disabled","ast-breadcrumbs-content":"","ast-featured-img":"disabled","footer-sml-layout":"","theme-transparent-header-meta":"default","adv-header-id-meta":"","stick-header-meta":"default","header-above-stick-meta":"","header-main-stick-meta":"","header-below-stick-meta":"","astra-migrate-meta-layouts":"default","ast-page-background-enabled":"default","ast-page-background-meta":{"desktop":{"background-color":"var(--ast-global-color-5)","background-image":"","background-repeat":"repeat","background-position":"center center","background-size":"auto","background-attachment":"scroll","background-type":"","background-media":"","overlay-type":"","overlay-color":"","overlay-opacity":"","overlay-gradient":""},"tablet":{"background-color":"","background-image":"","background-repeat":"repeat","background-position":"center center","background-size":"auto","background-attachment":"scroll","background-type":"","background-media":"","overlay-type":"","overlay-color":"","overlay-opacity":"","overlay-gradient":""},"mobile":{"background-color":"","background-image":"","background-repeat":"repeat","background-position":"center center","background-size":"auto","background-attachment":"scroll","background-type":"","background-media":"","overlay-type":"","overlay-color":"","overlay-opacity":"","overlay-gradient":""}},"ast-content-background-meta":{"desktop":{"background-color":"var(--ast-global-color-4)","background-image":"","background-repeat":"repeat","background-position":"center center","background-size":"auto","background-attachment":"scroll","background-type":"","background-media":"","overlay-type":"","overlay-color":"","overlay-opacity":"","overlay-gradient":""},"tablet":{"background-color":"var(--ast-global-color-4)","background-image":"","background-repeat":"repeat","background-position":"center center","background-size":"auto","background-attachment":"scroll","background-type":"","background-media":"","overlay-type":"","overlay-color":"","overlay-opacity":"","overlay-gradient":""},"mobile":{"background-color":"var(--ast-global-color-4)","background-image":"","background-repeat":"repeat","background-position":"center center","background-size":"auto","background-attachment":"scroll","background-type":"","background-media":"","overlay-type":"","overlay-color":"","overlay-opacity":"","overlay-gradient":""}},"footnotes":""},"class_list":["post-1047","page","type-page","status-publish","has-post-thumbnail","hentry"],"yoast_head":"<!-- This site is optimized with the Yoast SEO plugin v25.2 - https:\/\/yoast.com\/wordpress\/plugins\/seo\/ -->\n<title>Pochopen\u00ed n\u00e1sobitele v Crash hr\u00e1ch - maximalizujte sv\u00e9 v\u00fdhry<\/title>\n<meta name=\"description\" content=\"Zjist\u011bte, jak funguje n\u00e1sobitel v Crash hr\u00e1ch, jako jsou Aviator, JetX a Crash X. Objevte strategie, p\u0159\u00edklady a tipy, jak vyplatit pen\u00edze ve spr\u00e1vn\u00fd okam\u017eik a zv\u00fd\u0161it sv\u00e9 v\u00fdhry a sou\u010dasn\u011b \u0159\u00eddit riziko.\" \/>\n<meta name=\"robots\" content=\"index, follow, max-snippet:-1, max-image-preview:large, max-video-preview:-1\" \/>\n<link rel=\"canonical\" href=\"https:\/\/casinocrashgames.com\/cs\/funkce\/multiplikator\/\" \/>\n<meta property=\"og:locale\" content=\"cs_CZ\" \/>\n<meta property=\"og:type\" content=\"article\" \/>\n<meta property=\"og:title\" content=\"Pochopen\u00ed n\u00e1sobitele v Crash hr\u00e1ch - maximalizujte sv\u00e9 v\u00fdhry\" \/>\n<meta property=\"og:description\" content=\"Zjist\u011bte, jak funguje n\u00e1sobitel v Crash hr\u00e1ch, jako jsou Aviator, JetX a Crash X. Objevte strategie, p\u0159\u00edklady a tipy, jak vyplatit pen\u00edze ve spr\u00e1vn\u00fd okam\u017eik a zv\u00fd\u0161it sv\u00e9 v\u00fdhry a sou\u010dasn\u011b \u0159\u00eddit riziko.\" \/>\n<meta property=\"og:url\" content=\"https:\/\/casinocrashgames.com\/cs\/funkce\/multiplikator\/\" \/>\n<meta property=\"og:site_name\" content=\"Casino Crash Games\" \/>\n<meta property=\"article:modified_time\" content=\"2025-06-18T10:50:50+00:00\" \/>\n<meta property=\"og:image\" content=\"https:\/\/casinocrashgames.com\/wp-content\/uploads\/2025\/05\/Multiplier.webp\" \/>\n\t<meta property=\"og:image:width\" content=\"400\" \/>\n\t<meta property=\"og:image:height\" content=\"400\" \/>\n\t<meta property=\"og:image:type\" content=\"image\/webp\" \/>\n<meta name=\"twitter:card\" content=\"summary_large_image\" \/>\n<meta name=\"twitter:label1\" content=\"Odhadovan\u00e1 doba \u010dten\u00ed\" \/>\n\t<meta name=\"twitter:data1\" content=\"5 minut\" \/>\n<script type=\"application\/ld+json\" class=\"yoast-schema-graph\">{\"@context\":\"https:\/\/schema.org\",\"@graph\":[{\"@type\":\"WebPage\",\"@id\":\"https:\/\/casinocrashgames.com\/cs\/funkce\/multiplikator\/\",\"url\":\"https:\/\/casinocrashgames.com\/cs\/funkce\/multiplikator\/\",\"name\":\"Pochopen\u00ed n\u00e1sobitele v Crash hr\u00e1ch - maximalizujte sv\u00e9 v\u00fdhry\",\"isPartOf\":{\"@id\":\"https:\/\/casinocrashgames.com\/cs\/#website\"},\"primaryImageOfPage\":{\"@id\":\"https:\/\/casinocrashgames.com\/cs\/funkce\/multiplikator\/#primaryimage\"},\"image\":{\"@id\":\"https:\/\/casinocrashgames.com\/cs\/funkce\/multiplikator\/#primaryimage\"},\"thumbnailUrl\":\"https:\/\/casinocrashgames.com\/wp-content\/uploads\/2025\/05\/Multiplier.webp\",\"datePublished\":\"2025-02-06T13:15:55+00:00\",\"dateModified\":\"2025-06-18T10:50:50+00:00\",\"description\":\"Zjist\u011bte, jak funguje n\u00e1sobitel v Crash hr\u00e1ch, jako jsou Aviator, JetX a Crash X. Objevte strategie, p\u0159\u00edklady a tipy, jak vyplatit pen\u00edze ve spr\u00e1vn\u00fd okam\u017eik a zv\u00fd\u0161it sv\u00e9 v\u00fdhry a sou\u010dasn\u011b \u0159\u00eddit riziko.\",\"breadcrumb\":{\"@id\":\"https:\/\/casinocrashgames.com\/cs\/funkce\/multiplikator\/#breadcrumb\"},\"inLanguage\":\"cs\",\"potentialAction\":[{\"@type\":\"ReadAction\",\"target\":[\"https:\/\/casinocrashgames.com\/cs\/funkce\/multiplikator\/\"]}]},{\"@type\":\"ImageObject\",\"inLanguage\":\"cs\",\"@id\":\"https:\/\/casinocrashgames.com\/cs\/funkce\/multiplikator\/#primaryimage\",\"url\":\"https:\/\/casinocrashgames.com\/wp-content\/uploads\/2025\/05\/Multiplier.webp\",\"contentUrl\":\"https:\/\/casinocrashgames.com\/wp-content\/uploads\/2025\/05\/Multiplier.webp\",\"width\":400,\"height\":400,\"caption\":\"Multiplier\"},{\"@type\":\"BreadcrumbList\",\"@id\":\"https:\/\/casinocrashgames.com\/cs\/funkce\/multiplikator\/#breadcrumb\",\"itemListElement\":[{\"@type\":\"ListItem\",\"position\":1,\"name\":\"Home\",\"item\":\"https:\/\/casinocrashgames.com\/cs\/casino-crash-games\/\"},{\"@type\":\"ListItem\",\"position\":2,\"name\":\"Funkce\",\"item\":\"https:\/\/casinocrashgames.com\/cs\/funkce\/\"},{\"@type\":\"ListItem\",\"position\":3,\"name\":\"Multiplik\u00e1tor\"}]},{\"@type\":\"WebSite\",\"@id\":\"https:\/\/casinocrashgames.com\/cs\/#website\",\"url\":\"https:\/\/casinocrashgames.com\/cs\/\",\"name\":\"Casino Crash Games\",\"description\":\"CASH BEFORE YOU CRASH\",\"publisher\":{\"@id\":\"https:\/\/casinocrashgames.com\/cs\/#organization\"},\"potentialAction\":[{\"@type\":\"SearchAction\",\"target\":{\"@type\":\"EntryPoint\",\"urlTemplate\":\"https:\/\/casinocrashgames.com\/cs\/?s={search_term_string}\"},\"query-input\":{\"@type\":\"PropertyValueSpecification\",\"valueRequired\":true,\"valueName\":\"search_term_string\"}}],\"inLanguage\":\"cs\"},{\"@type\":\"Organization\",\"@id\":\"https:\/\/casinocrashgames.com\/cs\/#organization\",\"name\":\"Casino Crash Games\",\"url\":\"https:\/\/casinocrashgames.com\/cs\/\",\"logo\":{\"@type\":\"ImageObject\",\"inLanguage\":\"cs\",\"@id\":\"https:\/\/casinocrashgames.com\/cs\/#\/schema\/logo\/image\/\",\"url\":\"https:\/\/casinocrashgames.com\/wp-content\/uploads\/2025\/03\/cropped-Casino-Crash-Games-Logo-.webp\",\"contentUrl\":\"https:\/\/casinocrashgames.com\/wp-content\/uploads\/2025\/03\/cropped-Casino-Crash-Games-Logo-.webp\",\"width\":1045,\"height\":606,\"caption\":\"Casino Crash Games\"},\"image\":{\"@id\":\"https:\/\/casinocrashgames.com\/cs\/#\/schema\/logo\/image\/\"}}]}<\/script>\n<!-- \/ Yoast SEO plugin. -->","yoast_head_json":{"title":"Pochopen\u00ed n\u00e1sobitele v Crash hr\u00e1ch - maximalizujte sv\u00e9 v\u00fdhry","description":"Zjist\u011bte, jak funguje n\u00e1sobitel v Crash hr\u00e1ch, jako jsou Aviator, JetX a Crash X. Objevte strategie, p\u0159\u00edklady a tipy, jak vyplatit pen\u00edze ve spr\u00e1vn\u00fd okam\u017eik a zv\u00fd\u0161it sv\u00e9 v\u00fdhry a sou\u010dasn\u011b \u0159\u00eddit riziko.","robots":{"index":"index","follow":"follow","max-snippet":"max-snippet:-1","max-image-preview":"max-image-preview:large","max-video-preview":"max-video-preview:-1"},"canonical":"https:\/\/casinocrashgames.com\/cs\/funkce\/multiplikator\/","og_locale":"cs_CZ","og_type":"article","og_title":"Pochopen\u00ed n\u00e1sobitele v Crash hr\u00e1ch - maximalizujte sv\u00e9 v\u00fdhry","og_description":"Zjist\u011bte, jak funguje n\u00e1sobitel v Crash hr\u00e1ch, jako jsou Aviator, JetX a Crash X. Objevte strategie, p\u0159\u00edklady a tipy, jak vyplatit pen\u00edze ve spr\u00e1vn\u00fd okam\u017eik a zv\u00fd\u0161it sv\u00e9 v\u00fdhry a sou\u010dasn\u011b \u0159\u00eddit riziko.","og_url":"https:\/\/casinocrashgames.com\/cs\/funkce\/multiplikator\/","og_site_name":"Casino Crash Games","article_modified_time":"2025-06-18T10:50:50+00:00","og_image":[{"width":400,"height":400,"url":"https:\/\/casinocrashgames.com\/wp-content\/uploads\/2025\/05\/Multiplier.webp","type":"image\/webp"}],"twitter_card":"summary_large_image","twitter_misc":{"Odhadovan\u00e1 doba \u010dten\u00ed":"5 minut"},"schema":{"@context":"https:\/\/schema.org","@graph":[{"@type":"WebPage","@id":"https:\/\/casinocrashgames.com\/cs\/funkce\/multiplikator\/","url":"https:\/\/casinocrashgames.com\/cs\/funkce\/multiplikator\/","name":"Pochopen\u00ed n\u00e1sobitele v Crash hr\u00e1ch - maximalizujte sv\u00e9 v\u00fdhry","isPartOf":{"@id":"https:\/\/casinocrashgames.com\/cs\/#website"},"primaryImageOfPage":{"@id":"https:\/\/casinocrashgames.com\/cs\/funkce\/multiplikator\/#primaryimage"},"image":{"@id":"https:\/\/casinocrashgames.com\/cs\/funkce\/multiplikator\/#primaryimage"},"thumbnailUrl":"https:\/\/casinocrashgames.com\/wp-content\/uploads\/2025\/05\/Multiplier.webp","datePublished":"2025-02-06T13:15:55+00:00","dateModified":"2025-06-18T10:50:50+00:00","description":"Zjist\u011bte, jak funguje n\u00e1sobitel v Crash hr\u00e1ch, jako jsou Aviator, JetX a Crash X. Objevte strategie, p\u0159\u00edklady a tipy, jak vyplatit pen\u00edze ve spr\u00e1vn\u00fd okam\u017eik a zv\u00fd\u0161it sv\u00e9 v\u00fdhry a sou\u010dasn\u011b \u0159\u00eddit riziko.","breadcrumb":{"@id":"https:\/\/casinocrashgames.com\/cs\/funkce\/multiplikator\/#breadcrumb"},"inLanguage":"cs","potentialAction":[{"@type":"ReadAction","target":["https:\/\/casinocrashgames.com\/cs\/funkce\/multiplikator\/"]}]},{"@type":"ImageObject","inLanguage":"cs","@id":"https:\/\/casinocrashgames.com\/cs\/funkce\/multiplikator\/#primaryimage","url":"https:\/\/casinocrashgames.com\/wp-content\/uploads\/2025\/05\/Multiplier.webp","contentUrl":"https:\/\/casinocrashgames.com\/wp-content\/uploads\/2025\/05\/Multiplier.webp","width":400,"height":400,"caption":"Multiplier"},{"@type":"BreadcrumbList","@id":"https:\/\/casinocrashgames.com\/cs\/funkce\/multiplikator\/#breadcrumb","itemListElement":[{"@type":"ListItem","position":1,"name":"Home","item":"https:\/\/casinocrashgames.com\/cs\/casino-crash-games\/"},{"@type":"ListItem","position":2,"name":"Funkce","item":"https:\/\/casinocrashgames.com\/cs\/funkce\/"},{"@type":"ListItem","position":3,"name":"Multiplik\u00e1tor"}]},{"@type":"WebSite","@id":"https:\/\/casinocrashgames.com\/cs\/#website","url":"https:\/\/casinocrashgames.com\/cs\/","name":"Casino Crash Games","description":"CASH BEFORE YOU CRASH","publisher":{"@id":"https:\/\/casinocrashgames.com\/cs\/#organization"},"potentialAction":[{"@type":"SearchAction","target":{"@type":"EntryPoint","urlTemplate":"https:\/\/casinocrashgames.com\/cs\/?s={search_term_string}"},"query-input":{"@type":"PropertyValueSpecification","valueRequired":true,"valueName":"search_term_string"}}],"inLanguage":"cs"},{"@type":"Organization","@id":"https:\/\/casinocrashgames.com\/cs\/#organization","name":"Casino Crash Games","url":"https:\/\/casinocrashgames.com\/cs\/","logo":{"@type":"ImageObject","inLanguage":"cs","@id":"https:\/\/casinocrashgames.com\/cs\/#\/schema\/logo\/image\/","url":"https:\/\/casinocrashgames.com\/wp-content\/uploads\/2025\/03\/cropped-Casino-Crash-Games-Logo-.webp","contentUrl":"https:\/\/casinocrashgames.com\/wp-content\/uploads\/2025\/03\/cropped-Casino-Crash-Games-Logo-.webp","width":1045,"height":606,"caption":"Casino Crash Games"},"image":{"@id":"https:\/\/casinocrashgames.com\/cs\/#\/schema\/logo\/image\/"}}]}},"_links":{"self":[{"href":"https:\/\/casinocrashgames.com\/cs\/wp-json\/wp\/v2\/pages\/1047","targetHints":{"allow":["GET"]}}],"collection":[{"href":"https:\/\/casinocrashgames.com\/cs\/wp-json\/wp\/v2\/pages"}],"about":[{"href":"https:\/\/casinocrashgames.com\/cs\/wp-json\/wp\/v2\/types\/page"}],"author":[{"embeddable":true,"href":"https:\/\/casinocrashgames.com\/cs\/wp-json\/wp\/v2\/users\/1"}],"replies":[{"embeddable":true,"href":"https:\/\/casinocrashgames.com\/cs\/wp-json\/wp\/v2\/comments?post=1047"}],"version-history":[{"count":6,"href":"https:\/\/casinocrashgames.com\/cs\/wp-json\/wp\/v2\/pages\/1047\/revisions"}],"predecessor-version":[{"id":1155,"href":"https:\/\/casinocrashgames.com\/cs\/wp-json\/wp\/v2\/pages\/1047\/revisions\/1155"}],"up":[{"embeddable":true,"href":"https:\/\/casinocrashgames.com\/cs\/wp-json\/wp\/v2\/pages\/1044"}],"wp:featuredmedia":[{"embeddable":true,"href":"https:\/\/casinocrashgames.com\/cs\/wp-json\/wp\/v2\/media\/755"}],"wp:attachment":[{"href":"https:\/\/casinocrashgames.com\/cs\/wp-json\/wp\/v2\/media?parent=1047"}],"curies":[{"name":"wp","href":"https:\/\/api.w.org\/{rel}","templated":true}]}}